{"id":11866,"date":"2024-02-29T19:44:47","date_gmt":"2024-02-29T19:44:47","guid":{"rendered":"https:\/\/www.alyors.com\/?page_id=11866"},"modified":"2025-03-25T10:13:24","modified_gmt":"2025-03-25T10:13:24","slug":"mensaje-del-ceo","status":"publish","type":"page","link":"https:\/\/www.alyors.com\/es\/corporativo\/mensaje-del-ceo\/","title":{"rendered":"Mensaje del CEO"},"content":{"rendered":"\t\t<div data-elementor-type=\"wp-page\" data-elementor-id=\"11866\" class=\"elementor elementor-11866 elementor-1407\" data-elementor-post-type=\"page\">\n\t\t\t\t<div class=\"elementor-element elementor-element-b684315 e-flex e-con-boxed e-con e-parent\" data-id=\"b684315\" data-element_type=\"container\" data-e-type=\"container\">\n\t\t\t\t\t<div class=\"e-con-inner\">\n\t\t\t\t<div class=\"elementor-element elementor-element-3d7658e elementor-widget elementor-widget-heading\" data-id=\"3d7658e\" data-element_type=\"widget\" data-e-type=\"widget\" data-widget_type=\"heading.default\">\n\t\t\t\t<div class=\"elementor-widget-container\">\n\t\t\t\t\t<h4 class=\"elementor-heading-title elementor-size-default\">La innovaci\u00f3n est\u00e1 en nuestros genes<\/h4>\t\t\t\t<\/div>\n\t\t\t\t<\/div>\n\t\t\t\t<div class=\"elementor-element elementor-element-6fb221c elementor-widget elementor-widget-text-editor\" data-id=\"6fb221c\" data-element_type=\"widget\" data-e-type=\"widget\" data-widget_type=\"text-editor.default\">\n\t\t\t\t<div class=\"elementor-widget-container\">\n\t\t\t\t\t\t\t\t\t<p>Nuestra historia comenz\u00f3 en 2004. Debido a la industrializaci\u00f3n en el mundo, al deterioro de los h\u00e1bitos alimentarios, a la manipulaci\u00f3n de las estructuras de los alimentos para aumentar la eficiencia en la producci\u00f3n, al debilitamiento del contenido nutricional de los alimentos por el procesamiento de los productos de muchas maneras y razones similares, no podemos acceder a los micronutrientes y alimentos necesarios para el funcionamiento saludable del metabolismo humano. Llegados a este punto, nuestros fundadores, que son profesionales de la salud, se propusieron actuar sobre los micronutrientes, esenciales para el metabolismo humano, con el fin de llevar una vida m\u00e1s sana.<\/p><p>Con la responsabilidad de tocar la salud humana, hemos llegado a este d\u00eda desarrollando nuestras actividades para evolucionar cada d\u00eda mejor dentro de los principios determinados el primer d\u00eda sin sacrificar la perspectiva cient\u00edfica y la calidad.<br \/>Como familia Alyors, prepar\u00e1ndonos para celebrar nuestro 20 aniversario, hemos conseguido convertirnos en poco tiempo en un actor que marca tendencia en el sector gracias a su enfoque cient\u00edfico e innovador desde su creaci\u00f3n. Fabricamos productos para la salud humana y la innovaci\u00f3n est\u00e1 en el ADN de nuestro negocio. Hemos logrado un \u00e9xito sostenible siendo m\u00e1s \u00e1giles y valientes en el \u00e1mbito de la I+D. Por supuesto, este \u00e9xito se ha logrado con la fuerza de nuestros colegas, que han contribuido con gran devoci\u00f3n.<\/p><p>Nuestra prioridad es ofrecer f\u00f3rmulas de mayor calidad en el entorno m\u00e1s saludable, con el sentido de responsabilidad que sentimos hacia nuestros consumidores. Seguimos aumentando nuestras inversiones en innovaci\u00f3n y tecnolog\u00eda, y continuamos nuestro desarrollo elaborando productos pioneros en l\u00ednea con nuestros principios de sostenibilidad y eficiencia.<br \/>A lo largo de los a\u00f1os, con el fin de aumentar a\u00fan m\u00e1s nuestro \u00e9xito y tocar la vida de m\u00e1s personas, hemos emprendido iniciativas para producir materias primas utilizadas en complementos alimenticios, la producci\u00f3n de productos cosm\u00e9ticos sobre salud y belleza, la producci\u00f3n de productos en la categor\u00eda de dispositivos m\u00e9dicos que tocan la salud humana, y la producci\u00f3n de productos que tocan la salud animal.<\/p><p>Seguimos nuestro trabajo con la ilusi\u00f3n del primer d\u00eda que nos pusimos en camino, y continuamos nuestra andadura con la confianza de los profesionales de la salud y los consumidores. Como familia Alyors, aspiramos a seguir aumentando nuestras inversiones orientadas a la salud.<\/p>\t\t\t\t\t\t\t\t<\/div>\n\t\t\t\t<\/div>\n\t\t\t\t<div class=\"elementor-element elementor-element-cbe8513 elementor-widget elementor-widget-heading\" data-id=\"cbe8513\" data-element_type=\"widget\" data-e-type=\"widget\" data-widget_type=\"heading.default\">\n\t\t\t\t<div class=\"elementor-widget-container\">\n\t\t\t\t\t<h2 class=\"elementor-heading-title elementor-size-default\">Yunus Emre Alimo\u011flu<\/h2>\t\t\t\t<\/div>\n\t\t\t\t<\/div>\n\t\t\t\t<div class=\"elementor-element elementor-element-12b0dd6 elementor-widget elementor-widget-heading\" data-id=\"12b0dd6\" data-element_type=\"widget\" data-e-type=\"widget\" data-widget_type=\"heading.default\">\n\t\t\t\t<div class=\"elementor-widget-container\">\n\t\t\t\t\t<h2 class=\"elementor-heading-title elementor-size-default\">CEO<\/h2>\t\t\t\t<\/div>\n\t\t\t\t<\/div>\n\t\t\t\t\t<\/div>\n\t\t\t\t<\/div>\n\t\t\t\t<\/div>\n\t\t","protected":false},"excerpt":{"rendered":"<p>La innovaci\u00f3n est\u00e1 en nuestros genes Nuestra historia comenz\u00f3 en 2004. Debido a la industrializaci\u00f3n en el mundo, al deterioro de los h\u00e1bitos alimentarios, a la manipulaci\u00f3n de las estructuras de los alimentos para aumentar la eficiencia en la producci\u00f3n, al debilitamiento del contenido nutricional de los alimentos por el procesamiento de los productos de [&hellip;]<\/p>\n","protected":false},"author":1,"featured_media":11867,"parent":11817,"menu_order":0,"comment_status":"closed","ping_status":"closed","template":"","meta":{"_acf_changed":false,"inline_featured_image":false,"footnotes":""},"class_list":["post-11866","page","type-page","status-publish","has-post-thumbnail","hentry"],"acf":[],"_links":{"self":[{"href":"https:\/\/www.alyors.com\/es\/wp-json\/wp\/v2\/pages\/11866","targetHints":{"allow":["GET"]}}],"collection":[{"href":"https:\/\/www.alyors.com\/es\/wp-json\/wp\/v2\/pages"}],"about":[{"href":"https:\/\/www.alyors.com\/es\/wp-json\/wp\/v2\/types\/page"}],"author":[{"embeddable":true,"href":"https:\/\/www.alyors.com\/es\/wp-json\/wp\/v2\/users\/1"}],"replies":[{"embeddable":true,"href":"https:\/\/www.alyors.com\/es\/wp-json\/wp\/v2\/comments?post=11866"}],"version-history":[{"count":4,"href":"https:\/\/www.alyors.com\/es\/wp-json\/wp\/v2\/pages\/11866\/revisions"}],"predecessor-version":[{"id":11871,"href":"https:\/\/www.alyors.com\/es\/wp-json\/wp\/v2\/pages\/11866\/revisions\/11871"}],"up":[{"embeddable":true,"href":"https:\/\/www.alyors.com\/es\/wp-json\/wp\/v2\/pages\/11817"}],"wp:featuredmedia":[{"embeddable":true,"href":"https:\/\/www.alyors.com\/es\/wp-json\/wp\/v2\/media\/11867"}],"wp:attachment":[{"href":"https:\/\/www.alyors.com\/es\/wp-json\/wp\/v2\/media?parent=11866"}],"curies":[{"name":"wp","href":"https:\/\/api.w.org\/{rel}","templated":true}]}}