{"id":11872,"date":"2024-02-29T19:44:31","date_gmt":"2024-02-29T19:44:31","guid":{"rendered":"https:\/\/www.alyors.com\/?page_id=11872"},"modified":"2025-03-25T10:14:57","modified_gmt":"2025-03-25T10:14:57","slug":"mensaje-del-presidente","status":"publish","type":"page","link":"https:\/\/www.alyors.com\/es\/corporativo\/mensaje-del-presidente\/","title":{"rendered":"Mensaje del Presidente"},"content":{"rendered":"\t\t<div data-elementor-type=\"wp-page\" data-elementor-id=\"11872\" class=\"elementor elementor-11872 elementor-1405\" data-elementor-post-type=\"page\">\n\t\t\t\t<div class=\"elementor-element elementor-element-20fdbe8 e-flex e-con-boxed e-con e-parent\" data-id=\"20fdbe8\" data-element_type=\"container\" data-e-type=\"container\">\n\t\t\t\t\t<div class=\"e-con-inner\">\n\t\t\t\t<div class=\"elementor-element elementor-element-abedaec elementor-widget elementor-widget-heading\" data-id=\"abedaec\" data-element_type=\"widget\" data-e-type=\"widget\" data-widget_type=\"heading.default\">\n\t\t\t\t<div class=\"elementor-widget-container\">\n\t\t\t\t\t<h4 class=\"elementor-heading-title elementor-size-default\">El secreto de nuestro \u00e9xito es hacer lo que mejor sabemos hacer<\/h4>\t\t\t\t<\/div>\n\t\t\t\t<\/div>\n\t\t\t\t<div class=\"elementor-element elementor-element-5574056 elementor-widget elementor-widget-text-editor\" data-id=\"5574056\" data-element_type=\"widget\" data-e-type=\"widget\" data-widget_type=\"text-editor.default\">\n\t\t\t\t<div class=\"elementor-widget-container\">\n\t\t\t\t\t\t\t\t\tEn el \u00faltimo siglo, los cient\u00edficos han hecho muchos avances importantes para proteger la salud humana. Hoy, gracias a estos descubrimientos, tenemos la oportunidad de vivir una vida m\u00e1s c\u00f3moda y larga. Sin embargo, todav\u00eda hay muchos factores que amenazan nuestra salud por diferentes motivos. El trabajo de los cient\u00edficos en este sentido nos abre nuevos horizontes. Como resultado de estos estudios, podemos afirmar con datos cient\u00edficos que es posible que los humanos vivamos una vida m\u00e1s c\u00f3moda cuando procesamos los recursos naturales con las posibilidades de la ciencia moderna. En otras palabras, ahora tenemos m\u00e1s datos que demuestran que la naturaleza contiene en s\u00ed misma el potencial para hacer frente a una parte importante de las causas que perjudican la salud humana. Con esta gran visi\u00f3n y objetivo fundamos el Grupo Alyors.\n\nComo joven farmac\u00e9utico, fund\u00e9 el Grupo Alyors hace 21 a\u00f1os con un grupo de m\u00e9dicos y amigos inversores con el objetivo de ofrecer a la gente productos de salud naturales y no adulterados, y ha crecido a lo largo de los a\u00f1os hasta convertirse hoy en el l\u00edder del sector OTC. \nPuedo afirmar que nuestros tres principios b\u00e1sicos han desempe\u00f1ado un papel fundamental a la hora de ganarnos la confianza de millones de usuarios:\n&#8211; Estricto cumplimiento de la \u00e9tica profesional,\n&#8211; Compromiso con el desarrollo de productos originales y funcionales,\n&#8211; Continuidad en la tecnolog\u00eda de producci\u00f3n avanzada,\n\n\nMe gustar\u00eda compartir con orgullo que el n\u00famero de productos que producimos a la luz de los principios mencionados con nuestro lema \u00abRegalo para la salud\u00bb ha alcanzado los 750. Junto con el n\u00famero de nuestros productos, aumenta r\u00e1pidamente el n\u00famero de usuarios que conf\u00edan en nosotros en distintas partes del mundo.  Trabajamos con entusiasmo para ampliar nuestra red de distribuci\u00f3n en m\u00e1s de 50 pa\u00edses. \nConsideramos que es nuestro deber aumentar la capacidad de empleo que aportamos a la econom\u00eda nacional y la entrada de divisas a trav\u00e9s de las exportaciones, al menos tanto como mantener el valor que producimos en el campo de la salud. \nMarcando la diferencia en los sectores en los que operamos, continuaremos con pasi\u00f3n nuestros esfuerzos para proteger la salud humana y contribuir al desarrollo de nuestra industria.\n\nReciban un cordial saludo,\t\t\t\t\t\t\t\t<\/div>\n\t\t\t\t<\/div>\n\t\t\t\t<div class=\"elementor-element elementor-element-9d3cbb0 elementor-widget elementor-widget-heading\" data-id=\"9d3cbb0\" data-element_type=\"widget\" data-e-type=\"widget\" data-widget_type=\"heading.default\">\n\t\t\t\t<div class=\"elementor-widget-container\">\n\t\t\t\t\t<h2 class=\"elementor-heading-title elementor-size-default\">Selman Alimo\u011flu<\/h2>\t\t\t\t<\/div>\n\t\t\t\t<\/div>\n\t\t\t\t<div class=\"elementor-element elementor-element-dcfeff8 elementor-widget elementor-widget-heading\" data-id=\"dcfeff8\" data-element_type=\"widget\" data-e-type=\"widget\" data-widget_type=\"heading.default\">\n\t\t\t\t<div class=\"elementor-widget-container\">\n\t\t\t\t\t<h2 class=\"elementor-heading-title elementor-size-default\">Chairman<\/h2>\t\t\t\t<\/div>\n\t\t\t\t<\/div>\n\t\t\t\t\t<\/div>\n\t\t\t\t<\/div>\n\t\t\t\t<\/div>\n\t\t","protected":false},"excerpt":{"rendered":"<p>El secreto de nuestro \u00e9xito es hacer lo que mejor sabemos hacer En el \u00faltimo siglo, los cient\u00edficos han hecho muchos avances importantes para proteger la salud humana. Hoy, gracias a estos descubrimientos, tenemos la oportunidad de vivir una vida m\u00e1s c\u00f3moda y larga. Sin embargo, todav\u00eda hay muchos factores que amenazan nuestra salud por [&hellip;]<\/p>\n","protected":false},"author":1,"featured_media":11873,"parent":11817,"menu_order":0,"comment_status":"closed","ping_status":"closed","template":"","meta":{"_acf_changed":false,"inline_featured_image":false,"footnotes":""},"class_list":["post-11872","page","type-page","status-publish","has-post-thumbnail","hentry"],"acf":[],"_links":{"self":[{"href":"https:\/\/www.alyors.com\/es\/wp-json\/wp\/v2\/pages\/11872","targetHints":{"allow":["GET"]}}],"collection":[{"href":"https:\/\/www.alyors.com\/es\/wp-json\/wp\/v2\/pages"}],"about":[{"href":"https:\/\/www.alyors.com\/es\/wp-json\/wp\/v2\/types\/page"}],"author":[{"embeddable":true,"href":"https:\/\/www.alyors.com\/es\/wp-json\/wp\/v2\/users\/1"}],"replies":[{"embeddable":true,"href":"https:\/\/www.alyors.com\/es\/wp-json\/wp\/v2\/comments?post=11872"}],"version-history":[{"count":4,"href":"https:\/\/www.alyors.com\/es\/wp-json\/wp\/v2\/pages\/11872\/revisions"}],"predecessor-version":[{"id":11877,"href":"https:\/\/www.alyors.com\/es\/wp-json\/wp\/v2\/pages\/11872\/revisions\/11877"}],"up":[{"embeddable":true,"href":"https:\/\/www.alyors.com\/es\/wp-json\/wp\/v2\/pages\/11817"}],"wp:featuredmedia":[{"embeddable":true,"href":"https:\/\/www.alyors.com\/es\/wp-json\/wp\/v2\/media\/11873"}],"wp:attachment":[{"href":"https:\/\/www.alyors.com\/es\/wp-json\/wp\/v2\/media?parent=11872"}],"curies":[{"name":"wp","href":"https:\/\/api.w.org\/{rel}","templated":true}]}}