{"id":11878,"date":"2024-02-29T19:45:37","date_gmt":"2024-02-29T19:45:37","guid":{"rendered":"https:\/\/www.alyors.com\/?page_id=11878"},"modified":"2025-03-25T10:33:45","modified_gmt":"2025-03-25T10:33:45","slug":"valores-corporativos","status":"publish","type":"page","link":"https:\/\/www.alyors.com\/es\/corporativo\/valores-corporativos\/","title":{"rendered":"Valores Corporativos"},"content":{"rendered":"\t\t<div data-elementor-type=\"wp-page\" data-elementor-id=\"11878\" class=\"elementor elementor-11878 elementor-1414\" data-elementor-post-type=\"page\">\n\t\t\t\t<div class=\"elementor-element elementor-element-98f9b24 e-flex e-con-boxed e-con e-parent\" data-id=\"98f9b24\" data-element_type=\"container\" data-e-type=\"container\">\n\t\t\t\t\t<div class=\"e-con-inner\">\n\t\t<div class=\"elementor-element elementor-element-7617726 e-con-full e-flex e-con e-child\" data-id=\"7617726\" data-element_type=\"container\" data-e-type=\"container\" data-settings=\"{&quot;background_background&quot;:&quot;classic&quot;}\">\n\t\t\t\t<div class=\"elementor-element elementor-element-46fcafb elementor-widget elementor-widget-heading\" data-id=\"46fcafb\" data-element_type=\"widget\" data-e-type=\"widget\" data-widget_type=\"heading.default\">\n\t\t\t\t<div class=\"elementor-widget-container\">\n\t\t\t\t\t<h2 class=\"elementor-heading-title elementor-size-default\">VISI\u00d3N<\/h2>\t\t\t\t<\/div>\n\t\t\t\t<\/div>\n\t\t\t\t<div class=\"elementor-element elementor-element-4f6a6bf elementor-widget elementor-widget-text-editor\" data-id=\"4f6a6bf\" data-element_type=\"widget\" data-e-type=\"widget\" data-widget_type=\"text-editor.default\">\n\t\t\t\t<div class=\"elementor-widget-container\">\n\t\t\t\t\t\t\t\t\t<p>Como Grupo Corporativo Alyors, reunimos 50 a\u00f1os de experiencia combinada en los campos de las tecnolog\u00edas sanitarias y de fabricaci\u00f3n y nos dedicamos a servir a la salud y el bienestar humanos mediante productos innovadores. Desde el principio, nuestro objetivo ha sido el mismo: seguir la evoluci\u00f3n de las tendencias del sector y aprovechar el potencial de la naturaleza y la tecnolog\u00eda para ser pioneros en la creaci\u00f3n de productos innovadores y atractivos. Nuestro compromiso se extiende a mantener nuestro liderazgo en el mercado nacional como empresario y fabricante, al tiempo que nos convertimos en un actor global a escala internacional.<\/p>\t\t\t\t\t\t\t\t<\/div>\n\t\t\t\t<\/div>\n\t\t\t\t<\/div>\n\t\t<div class=\"elementor-element elementor-element-e91cda0 e-con-full e-flex e-con e-child\" data-id=\"e91cda0\" data-element_type=\"container\" data-e-type=\"container\" data-settings=\"{&quot;background_background&quot;:&quot;classic&quot;}\">\n\t\t\t\t<div class=\"elementor-element elementor-element-abffa3d elementor-widget elementor-widget-heading\" data-id=\"abffa3d\" data-element_type=\"widget\" data-e-type=\"widget\" data-widget_type=\"heading.default\">\n\t\t\t\t<div class=\"elementor-widget-container\">\n\t\t\t\t\t<h2 class=\"elementor-heading-title elementor-size-default\">MISI\u00d3N<\/h2>\t\t\t\t<\/div>\n\t\t\t\t<\/div>\n\t\t\t\t<div class=\"elementor-element elementor-element-5948a51 elementor-widget elementor-widget-text-editor\" data-id=\"5948a51\" data-element_type=\"widget\" data-e-type=\"widget\" data-widget_type=\"text-editor.default\">\n\t\t\t\t<div class=\"elementor-widget-container\">\n\t\t\t\t\t\t\t\t\t<p>En Alyors Corporate Group, a la vez que cumplimos con nuestro compromiso de servir a la comunidad en el \u00e1mbito de la asistencia sanitaria, \u00abcuidamos m\u00e1s\u00bb dando prioridad al servicio de la salud humana, as\u00ed como a\u00f1adiendo valor al medio ambiente a trav\u00e9s de principios de sostenibilidad, \u00abinnovamos m\u00e1s\u00bb trabajando con expertos reconocidos y utilizando equipos tecnol\u00f3gicos de vanguardia, \u00abinspiramos m\u00e1s\u00bb produciendo, empezando por las materias primas hasta la entrega de los productos acabados, y fomentamos a los j\u00f3venes profesionales como empresa l\u00edder. Todas las empresas del Grupo Corporativo Alyors act\u00faan en consonancia con objetivos y principios compartidos, trabajando juntas con una misi\u00f3n com\u00fan de confianza, innovaci\u00f3n y sostenibilidad.<\/p>\t\t\t\t\t\t\t\t<\/div>\n\t\t\t\t<\/div>\n\t\t\t\t<\/div>\n\t\t\t\t\t<\/div>\n\t\t\t\t<\/div>\n\t\t<div class=\"elementor-element elementor-element-8264983 e-flex e-con-boxed e-con e-parent\" data-id=\"8264983\" data-element_type=\"container\" data-e-type=\"container\">\n\t\t\t\t\t<div class=\"e-con-inner\">\n\t\t\t\t<div class=\"elementor-element elementor-element-290cb16 section-title section-title--centered elementor-widget elementor-widget-heading\" data-id=\"290cb16\" data-element_type=\"widget\" data-e-type=\"widget\" data-widget_type=\"heading.default\">\n\t\t\t\t<div class=\"elementor-widget-container\">\n\t\t\t\t\t<h2 class=\"elementor-heading-title elementor-size-default\">NUESTROS VALORES<\/h2>\t\t\t\t<\/div>\n\t\t\t\t<\/div>\n\t\t\t\t\t<\/div>\n\t\t\t\t<\/div>\n\t\t<div class=\"elementor-element elementor-element-8f5e938 e-flex e-con-boxed e-con e-parent\" data-id=\"8f5e938\" data-element_type=\"container\" data-e-type=\"container\">\n\t\t\t\t\t<div class=\"e-con-inner\">\n\t\t<div class=\"elementor-element elementor-element-419b143 e-con-full e-flex e-con e-child\" data-id=\"419b143\" data-element_type=\"container\" data-e-type=\"container\" data-settings=\"{&quot;background_background&quot;:&quot;classic&quot;}\">\n\t\t\t\t<div class=\"elementor-element elementor-element-62603a1 elementor-widget elementor-widget-image\" data-id=\"62603a1\" data-element_type=\"widget\" data-e-type=\"widget\" data-widget_type=\"image.default\">\n\t\t\t\t<div class=\"elementor-widget-container\">\n\t\t\t\t\t\t\t\t\t\t\t\t\t\t\t<img fetchpriority=\"high\" decoding=\"async\" width=\"800\" height=\"748\" src=\"https:\/\/www.alyors.com\/wp-content\/uploads\/2024\/03\/integrity.svg\" class=\"attachment-large size-large wp-image-11880\" alt=\"\" \/>\t\t\t\t\t\t\t\t\t\t\t\t\t\t\t<\/div>\n\t\t\t\t<\/div>\n\t\t\t\t<\/div>\n\t\t<div class=\"elementor-element elementor-element-aab5e6c e-con-full e-flex e-con e-child\" data-id=\"aab5e6c\" data-element_type=\"container\" data-e-type=\"container\">\n\t\t\t\t<div class=\"elementor-element elementor-element-e92bde2 elementor-widget elementor-widget-heading\" data-id=\"e92bde2\" data-element_type=\"widget\" data-e-type=\"widget\" data-widget_type=\"heading.default\">\n\t\t\t\t<div class=\"elementor-widget-container\">\n\t\t\t\t\t<h2 class=\"elementor-heading-title elementor-size-default\">Integridad <\/h2>\t\t\t\t<\/div>\n\t\t\t\t<\/div>\n\t\t\t\t<div class=\"elementor-element elementor-element-f573484 elementor-widget elementor-widget-text-editor\" data-id=\"f573484\" data-element_type=\"widget\" data-e-type=\"widget\" data-widget_type=\"text-editor.default\">\n\t\t\t\t<div class=\"elementor-widget-container\">\n\t\t\t\t\t\t\t\t\t<p>La integridad, la honradez, la transparencia y la dedicaci\u00f3n a hacer lo correcto son la base de nuestra relaci\u00f3n con todos nuestros socios. Siempre nos mantenemos fieles a nuestra creencia fundamental de respetar a las personas, el medio ambiente y la sociedad. Cada miembro de nuestra familia act\u00faa en consonancia con estas normas y construye relaciones en el altar del respeto y la confianza mutuos.<\/p>\t\t\t\t\t\t\t\t<\/div>\n\t\t\t\t<\/div>\n\t\t\t\t<\/div>\n\t\t\t\t\t<\/div>\n\t\t\t\t<\/div>\n\t\t<div class=\"elementor-element elementor-element-a38a449 e-flex e-con-boxed e-con e-parent\" data-id=\"a38a449\" data-element_type=\"container\" data-e-type=\"container\">\n\t\t\t\t\t<div class=\"e-con-inner\">\n\t\t<div class=\"elementor-element elementor-element-ebf0ab8 e-con-full e-flex e-con e-child\" data-id=\"ebf0ab8\" data-element_type=\"container\" data-e-type=\"container\">\n\t\t\t\t<div class=\"elementor-element elementor-element-23b9116 elementor-widget elementor-widget-heading\" data-id=\"23b9116\" data-element_type=\"widget\" data-e-type=\"widget\" data-widget_type=\"heading.default\">\n\t\t\t\t<div class=\"elementor-widget-container\">\n\t\t\t\t\t<h2 class=\"elementor-heading-title elementor-size-default\">Esp\u00edritu empresarial<\/h2>\t\t\t\t<\/div>\n\t\t\t\t<\/div>\n\t\t\t\t<div class=\"elementor-element elementor-element-c5e2681 elementor-widget elementor-widget-text-editor\" data-id=\"c5e2681\" data-element_type=\"widget\" data-e-type=\"widget\" data-widget_type=\"text-editor.default\">\n\t\t\t\t<div class=\"elementor-widget-container\">\n\t\t\t\t\t\t\t\t\t<p>Para caminar hacia nuestros objetivos de ser un actor clave mundial, nuestra energ\u00eda procede del esp\u00edritu emprendedor. Nos entusiasma descubrir nuevos campos e ideas en el mercado sanitario con nuestra experiencia. Las ideas y acciones que aporten un nuevo sabor y creen crecimiento y valor son siempre apreciadas.<\/p>\t\t\t\t\t\t\t\t<\/div>\n\t\t\t\t<\/div>\n\t\t\t\t<\/div>\n\t\t<div class=\"elementor-element elementor-element-575e6a9 e-con-full e-flex e-con e-child\" data-id=\"575e6a9\" data-element_type=\"container\" data-e-type=\"container\" data-settings=\"{&quot;background_background&quot;:&quot;classic&quot;}\">\n\t\t\t\t<div class=\"elementor-element elementor-element-79b8071 elementor-widget elementor-widget-image\" data-id=\"79b8071\" data-element_type=\"widget\" data-e-type=\"widget\" data-widget_type=\"image.default\">\n\t\t\t\t<div class=\"elementor-widget-container\">\n\t\t\t\t\t\t\t\t\t\t\t\t\t\t\t<img decoding=\"async\" width=\"800\" height=\"800\" src=\"https:\/\/www.alyors.com\/wp-content\/uploads\/2024\/03\/enterpreneurship.svg\" class=\"attachment-large size-large wp-image-11881\" alt=\"\" \/>\t\t\t\t\t\t\t\t\t\t\t\t\t\t\t<\/div>\n\t\t\t\t<\/div>\n\t\t\t\t<\/div>\n\t\t\t\t\t<\/div>\n\t\t\t\t<\/div>\n\t\t<div class=\"elementor-element elementor-element-1bafe5c e-flex e-con-boxed e-con e-parent\" data-id=\"1bafe5c\" data-element_type=\"container\" data-e-type=\"container\">\n\t\t\t\t\t<div class=\"e-con-inner\">\n\t\t<div class=\"elementor-element elementor-element-9166b3b e-con-full e-flex e-con e-child\" data-id=\"9166b3b\" data-element_type=\"container\" data-e-type=\"container\" data-settings=\"{&quot;background_background&quot;:&quot;classic&quot;}\">\n\t\t\t\t<div class=\"elementor-element elementor-element-fc613ee elementor-widget elementor-widget-image\" data-id=\"fc613ee\" data-element_type=\"widget\" data-e-type=\"widget\" data-widget_type=\"image.default\">\n\t\t\t\t<div class=\"elementor-widget-container\">\n\t\t\t\t\t\t\t\t\t\t\t\t\t\t\t<img decoding=\"async\" width=\"800\" height=\"800\" src=\"https:\/\/www.alyors.com\/wp-content\/uploads\/2024\/03\/innovation.svg\" class=\"attachment-large size-large wp-image-11882\" alt=\"\" \/>\t\t\t\t\t\t\t\t\t\t\t\t\t\t\t<\/div>\n\t\t\t\t<\/div>\n\t\t\t\t<\/div>\n\t\t<div class=\"elementor-element elementor-element-0a4ecac e-con-full e-flex e-con e-child\" data-id=\"0a4ecac\" data-element_type=\"container\" data-e-type=\"container\">\n\t\t\t\t<div class=\"elementor-element elementor-element-6f7c873 elementor-widget elementor-widget-heading\" data-id=\"6f7c873\" data-element_type=\"widget\" data-e-type=\"widget\" data-widget_type=\"heading.default\">\n\t\t\t\t<div class=\"elementor-widget-container\">\n\t\t\t\t\t<h2 class=\"elementor-heading-title elementor-size-default\">Innovaci\u00f3n<\/h2>\t\t\t\t<\/div>\n\t\t\t\t<\/div>\n\t\t\t\t<div class=\"elementor-element elementor-element-e0b8490 elementor-widget elementor-widget-text-editor\" data-id=\"e0b8490\" data-element_type=\"widget\" data-e-type=\"widget\" data-widget_type=\"text-editor.default\">\n\t\t\t\t<div class=\"elementor-widget-container\">\n\t\t\t\t\t\t\t\t\t<p>Celebramos el pensamiento innovador para desarrollar soluciones \u00fanicas a retos complejos y servir mejor a nuestros socios.\u00a0 Nuestro objetivo es marcar tendencias y ofrecer nuevos productos que mejoren la vida de las personas.<\/p>\t\t\t\t\t\t\t\t<\/div>\n\t\t\t\t<\/div>\n\t\t\t\t<\/div>\n\t\t\t\t\t<\/div>\n\t\t\t\t<\/div>\n\t\t<div class=\"elementor-element elementor-element-02af792 e-flex e-con-boxed e-con e-parent\" data-id=\"02af792\" data-element_type=\"container\" data-e-type=\"container\">\n\t\t\t\t\t<div class=\"e-con-inner\">\n\t\t<div class=\"elementor-element elementor-element-ca9d0db e-con-full e-flex e-con e-child\" data-id=\"ca9d0db\" data-element_type=\"container\" data-e-type=\"container\">\n\t\t\t\t<div class=\"elementor-element elementor-element-aab274c elementor-widget elementor-widget-heading\" data-id=\"aab274c\" data-element_type=\"widget\" data-e-type=\"widget\" data-widget_type=\"heading.default\">\n\t\t\t\t<div class=\"elementor-widget-container\">\n\t\t\t\t\t<h2 class=\"elementor-heading-title elementor-size-default\">Colaboraci\u00f3n<\/h2>\t\t\t\t<\/div>\n\t\t\t\t<\/div>\n\t\t\t\t<div class=\"elementor-element elementor-element-95ec69e elementor-widget elementor-widget-text-editor\" data-id=\"95ec69e\" data-element_type=\"widget\" data-e-type=\"widget\" data-widget_type=\"text-editor.default\">\n\t\t\t\t<div class=\"elementor-widget-container\">\n\t\t\t\t\t\t\t\t\t<p>La colaboraci\u00f3n aumenta espectacularmente la creatividad y la productividad, dos de los factores clave que influyen en el \u00e9xito empresarial hoy en d\u00eda. Los objetivos comunes y el apoyo mutuo nos ayudan a trabajar codo con codo para alcanzar las metas. Este valor tambi\u00e9n crea relaciones eficientes con nuestros socios, ya que nuestras acciones se orientan hacia el apoyo, la fiabilidad y el ir m\u00e1s all\u00e1.<\/p>\t\t\t\t\t\t\t\t<\/div>\n\t\t\t\t<\/div>\n\t\t\t\t<\/div>\n\t\t<div class=\"elementor-element elementor-element-06d9e27 e-con-full e-flex e-con e-child\" data-id=\"06d9e27\" data-element_type=\"container\" data-e-type=\"container\" data-settings=\"{&quot;background_background&quot;:&quot;classic&quot;}\">\n\t\t\t\t<div class=\"elementor-element elementor-element-f124bec elementor-widget elementor-widget-image\" data-id=\"f124bec\" data-element_type=\"widget\" data-e-type=\"widget\" data-widget_type=\"image.default\">\n\t\t\t\t<div class=\"elementor-widget-container\">\n\t\t\t\t\t\t\t\t\t\t\t\t\t\t\t<img loading=\"lazy\" decoding=\"async\" width=\"800\" height=\"800\" src=\"https:\/\/www.alyors.com\/wp-content\/uploads\/2024\/03\/collaboration.svg\" class=\"attachment-large size-large wp-image-11883\" alt=\"\" \/>\t\t\t\t\t\t\t\t\t\t\t\t\t\t\t<\/div>\n\t\t\t\t<\/div>\n\t\t\t\t<\/div>\n\t\t\t\t\t<\/div>\n\t\t\t\t<\/div>\n\t\t<div class=\"elementor-element elementor-element-ad6927e e-flex e-con-boxed e-con e-parent\" data-id=\"ad6927e\" data-element_type=\"container\" data-e-type=\"container\">\n\t\t\t\t\t<div class=\"e-con-inner\">\n\t\t<div class=\"elementor-element elementor-element-643cca9 e-con-full e-flex e-con e-child\" data-id=\"643cca9\" data-element_type=\"container\" data-e-type=\"container\">\n\t\t\t\t<\/div>\n\t\t<div class=\"elementor-element elementor-element-232743d e-con-full e-flex e-con e-child\" data-id=\"232743d\" data-element_type=\"container\" data-e-type=\"container\">\n\t\t\t\t<div class=\"elementor-element elementor-element-3121faa elementor-widget elementor-widget-image\" data-id=\"3121faa\" data-element_type=\"widget\" data-e-type=\"widget\" data-widget_type=\"image.default\">\n\t\t\t\t<div class=\"elementor-widget-container\">\n\t\t\t\t\t\t\t\t\t\t\t\t\t\t\t<img loading=\"lazy\" decoding=\"async\" width=\"413\" height=\"249\" src=\"https:\/\/www.alyors.com\/wp-content\/uploads\/2024\/03\/the-one-alyors.svg\" class=\"attachment-full size-full wp-image-11884\" alt=\"\" \/>\t\t\t\t\t\t\t\t\t\t\t\t\t\t\t<\/div>\n\t\t\t\t<\/div>\n\t\t\t\t<div class=\"elementor-element elementor-element-e1599ab elementor-widget elementor-widget-text-editor\" data-id=\"e1599ab\" data-element_type=\"widget\" data-e-type=\"widget\" data-widget_type=\"text-editor.default\">\n\t\t\t\t<div class=\"elementor-widget-container\">\n\t\t\t\t\t\t\t\t\t<p>Estamos muy orgullosos de que todos y cada uno de nosotros se dedique al inter\u00e9s superior de unos Alyors m\u00e1s exitosos y mejores.<\/p>\t\t\t\t\t\t\t\t<\/div>\n\t\t\t\t<\/div>\n\t\t\t\t<\/div>\n\t\t<div class=\"elementor-element elementor-element-8472258 e-con-full e-flex e-con e-child\" data-id=\"8472258\" data-element_type=\"container\" data-e-type=\"container\">\n\t\t\t\t<\/div>\n\t\t\t\t\t<\/div>\n\t\t\t\t<\/div>\n\t\t\t\t<\/div>\n\t\t","protected":false},"excerpt":{"rendered":"<p>VISI\u00d3N Como Grupo Corporativo Alyors, reunimos 50 a\u00f1os de experiencia combinada en los campos de las tecnolog\u00edas sanitarias y de fabricaci\u00f3n y nos dedicamos a servir a la salud y el bienestar humanos mediante productos innovadores. Desde el principio, nuestro objetivo ha sido el mismo: seguir la evoluci\u00f3n de las tendencias del sector y aprovechar [&hellip;]<\/p>\n","protected":false},"author":1,"featured_media":11879,"parent":11817,"menu_order":0,"comment_status":"closed","ping_status":"closed","template":"","meta":{"_acf_changed":false,"inline_featured_image":false,"footnotes":""},"class_list":["post-11878","page","type-page","status-publish","has-post-thumbnail","hentry"],"acf":[],"_links":{"self":[{"href":"https:\/\/www.alyors.com\/es\/wp-json\/wp\/v2\/pages\/11878","targetHints":{"allow":["GET"]}}],"collection":[{"href":"https:\/\/www.alyors.com\/es\/wp-json\/wp\/v2\/pages"}],"about":[{"href":"https:\/\/www.alyors.com\/es\/wp-json\/wp\/v2\/types\/page"}],"author":[{"embeddable":true,"href":"https:\/\/www.alyors.com\/es\/wp-json\/wp\/v2\/users\/1"}],"replies":[{"embeddable":true,"href":"https:\/\/www.alyors.com\/es\/wp-json\/wp\/v2\/comments?post=11878"}],"version-history":[{"count":7,"href":"https:\/\/www.alyors.com\/es\/wp-json\/wp\/v2\/pages\/11878\/revisions"}],"predecessor-version":[{"id":11892,"href":"https:\/\/www.alyors.com\/es\/wp-json\/wp\/v2\/pages\/11878\/revisions\/11892"}],"up":[{"embeddable":true,"href":"https:\/\/www.alyors.com\/es\/wp-json\/wp\/v2\/pages\/11817"}],"wp:featuredmedia":[{"embeddable":true,"href":"https:\/\/www.alyors.com\/es\/wp-json\/wp\/v2\/media\/11879"}],"wp:attachment":[{"href":"https:\/\/www.alyors.com\/es\/wp-json\/wp\/v2\/media?parent=11878"}],"curies":[{"name":"wp","href":"https:\/\/api.w.org\/{rel}","templated":true}]}}