{"id":11915,"date":"2024-02-29T19:45:50","date_gmt":"2024-02-29T19:45:50","guid":{"rendered":"https:\/\/www.alyors.com\/?page_id=11915"},"modified":"2025-10-22T13:15:14","modified_gmt":"2025-10-22T13:15:14","slug":"instalaciones-de-fabricacion","status":"publish","type":"page","link":"https:\/\/www.alyors.com\/es\/corporativo\/instalaciones-de-fabricacion\/","title":{"rendered":"Instalaciones de Fabricaci\u00f3n"},"content":{"rendered":"\t\t<div data-elementor-type=\"wp-page\" data-elementor-id=\"11915\" class=\"elementor elementor-11915 elementor-1416\" data-elementor-post-type=\"page\">\n\t\t\t\t<div class=\"elementor-element elementor-element-274db52 manufacturing-facility e-flex e-con-boxed e-con e-parent\" data-id=\"274db52\" data-element_type=\"container\" data-e-type=\"container\">\n\t\t\t\t\t<div class=\"e-con-inner\">\n\t\t<a class=\"elementor-element elementor-element-1addbf4 e-con-full image e-flex e-con e-child\" data-id=\"1addbf4\" data-element_type=\"container\" data-e-type=\"container\" data-settings=\"{&quot;background_background&quot;:&quot;classic&quot;}\" href=\"https:\/\/www.alyors.com\/corporate\/manufacturing-facilities\/nuvita-pharmaceuticals\/\">\n\t\t\t\t<div class=\"elementor-element elementor-element-f812376 section-title section-title--alt elementor-widget elementor-widget-heading\" data-id=\"f812376\" data-element_type=\"widget\" data-e-type=\"widget\" data-widget_type=\"heading.default\">\n\t\t\t\t<div class=\"elementor-widget-container\">\n\t\t\t\t\t<h2 class=\"elementor-heading-title elementor-size-default\">Nuvita Pharmaceuticals<\/h2>\t\t\t\t<\/div>\n\t\t\t\t<\/div>\n\t\t\t\t<div class=\"elementor-element elementor-element-23beb11 elementor-widget elementor-widget-text-editor\" data-id=\"23beb11\" data-element_type=\"widget\" data-e-type=\"widget\" data-widget_type=\"text-editor.default\">\n\t\t\t\t<div class=\"elementor-widget-container\">\n\t\t\t\t\t\t\t\t\t<p>Descubra Nuvita Pharmaceuticals, uno de los principales fabricantes de complementos alimenticios de Turqu\u00eda.<\/p>\t\t\t\t\t\t\t\t<\/div>\n\t\t\t\t<\/div>\n\t\t\t\t<div class=\"elementor-element elementor-element-3ba3ebb elementor-absolute elementor-widget elementor-widget-html\" data-id=\"3ba3ebb\" data-element_type=\"widget\" data-e-type=\"widget\" data-settings=\"{&quot;_position&quot;:&quot;absolute&quot;}\" data-widget_type=\"html.default\">\n\t\t\t\t<div class=\"elementor-widget-container\">\n\t\t\t\t\t<span class=\"btn btn-default\">M\u00c1S INFORMACI\u00d3N<\/span>\t\t\t\t<\/div>\n\t\t\t\t<\/div>\n\t\t\t\t<\/a>\n\t\t<div class=\"elementor-element elementor-element-50183b7 e-con-full e-flex e-con e-child\" data-id=\"50183b7\" data-element_type=\"container\" data-e-type=\"container\" data-settings=\"{&quot;background_background&quot;:&quot;classic&quot;}\">\n\t\t\t\t<div class=\"elementor-element elementor-element-f34219a elementor-widget elementor-widget-image\" data-id=\"f34219a\" data-element_type=\"widget\" data-e-type=\"widget\" data-widget_type=\"image.default\">\n\t\t\t\t<div class=\"elementor-widget-container\">\n\t\t\t\t\t\t\t\t\t\t\t\t\t\t\t<img fetchpriority=\"high\" decoding=\"async\" width=\"800\" height=\"254\" src=\"https:\/\/www.alyors.com\/wp-content\/uploads\/2024\/02\/nuvitasvg.svg\" class=\"attachment-large size-large wp-image-12090\" alt=\"\" \/>\t\t\t\t\t\t\t\t\t\t\t\t\t\t\t<\/div>\n\t\t\t\t<\/div>\n\t\t\t\t<\/div>\n\t\t\t\t\t<\/div>\n\t\t\t\t<\/div>\n\t\t<div class=\"elementor-element elementor-element-6cc1290 manufacturing-facility e-flex e-con-boxed e-con e-parent\" data-id=\"6cc1290\" data-element_type=\"container\" data-e-type=\"container\">\n\t\t\t\t\t<div class=\"e-con-inner\">\n\t\t<div class=\"elementor-element elementor-element-3df45cf e-con-full e-flex e-con e-child\" data-id=\"3df45cf\" data-element_type=\"container\" data-e-type=\"container\" data-settings=\"{&quot;background_background&quot;:&quot;classic&quot;}\">\n\t\t\t\t<div class=\"elementor-element elementor-element-391f858 elementor-widget elementor-widget-image\" data-id=\"391f858\" data-element_type=\"widget\" data-e-type=\"widget\" data-widget_type=\"image.default\">\n\t\t\t\t<div class=\"elementor-widget-container\">\n\t\t\t\t\t\t\t\t\t\t\t\t\t\t\t<img decoding=\"async\" width=\"800\" height=\"596\" src=\"https:\/\/www.alyors.com\/wp-content\/uploads\/2024\/03\/IYON-LOGO-4-3-1024x763.png\" class=\"attachment-large size-large wp-image-7455\" alt=\"\" srcset=\"https:\/\/www.alyors.com\/wp-content\/uploads\/2024\/03\/IYON-LOGO-4-3-1024x763.png 1024w, https:\/\/www.alyors.com\/wp-content\/uploads\/2024\/03\/IYON-LOGO-4-3-300x224.png 300w, https:\/\/www.alyors.com\/wp-content\/uploads\/2024\/03\/IYON-LOGO-4-3-768x573.png 768w, https:\/\/www.alyors.com\/wp-content\/uploads\/2024\/03\/IYON-LOGO-4-3-1536x1145.png 1536w, https:\/\/www.alyors.com\/wp-content\/uploads\/2024\/03\/IYON-LOGO-4-3.png 1729w\" sizes=\"(max-width: 800px) 100vw, 800px\" \/>\t\t\t\t\t\t\t\t\t\t\t\t\t\t\t<\/div>\n\t\t\t\t<\/div>\n\t\t\t\t<\/div>\n\t\t<a class=\"elementor-element elementor-element-420ee24 e-con-full image e-flex e-con e-child\" data-id=\"420ee24\" data-element_type=\"container\" data-e-type=\"container\" data-settings=\"{&quot;background_background&quot;:&quot;classic&quot;}\" href=\"https:\/\/www.alyors.com\/corporate\/manufacturing-facilities\/iyon\/\">\n\t\t\t\t<div class=\"elementor-element elementor-element-2e6e800 section-title section-title--alt elementor-widget elementor-widget-heading\" data-id=\"2e6e800\" data-element_type=\"widget\" data-e-type=\"widget\" data-widget_type=\"heading.default\">\n\t\t\t\t<div class=\"elementor-widget-container\">\n\t\t\t\t\t<h2 class=\"elementor-heading-title elementor-size-default\">\u0130yon<\/h2>\t\t\t\t<\/div>\n\t\t\t\t<\/div>\n\t\t\t\t<div class=\"elementor-element elementor-element-848467d elementor-widget elementor-widget-text-editor\" data-id=\"848467d\" data-element_type=\"widget\" data-e-type=\"widget\" data-widget_type=\"text-editor.default\">\n\t\t\t\t<div class=\"elementor-widget-container\">\n\t\t\t\t\t\t\t\t\t<p>Explore la experiencia y las soluciones innovadoras de la asociaci\u00f3n entre IYON y D&#8217;S Health en la fabricaci\u00f3n de dispositivos m\u00e9dicos y consumibles.<\/p>\t\t\t\t\t\t\t\t<\/div>\n\t\t\t\t<\/div>\n\t\t\t\t<div class=\"elementor-element elementor-element-c61c30d elementor-absolute elementor-widget elementor-widget-html\" data-id=\"c61c30d\" data-element_type=\"widget\" data-e-type=\"widget\" data-settings=\"{&quot;_position&quot;:&quot;absolute&quot;}\" data-widget_type=\"html.default\">\n\t\t\t\t<div class=\"elementor-widget-container\">\n\t\t\t\t\t<span class=\"btn btn-default\">M\u00c1S INFORMACI\u00d3N<\/span>\t\t\t\t<\/div>\n\t\t\t\t<\/div>\n\t\t\t\t<\/a>\n\t\t\t\t\t<\/div>\n\t\t\t\t<\/div>\n\t\t<div class=\"elementor-element elementor-element-6facd4e manufacturing-facility e-flex e-con-boxed e-con e-parent\" data-id=\"6facd4e\" data-element_type=\"container\" data-e-type=\"container\">\n\t\t\t\t\t<div class=\"e-con-inner\">\n\t\t<a class=\"elementor-element elementor-element-87da25a e-con-full image e-flex e-con e-child\" data-id=\"87da25a\" data-element_type=\"container\" data-e-type=\"container\" data-settings=\"{&quot;background_background&quot;:&quot;classic&quot;}\" href=\"https:\/\/www.alyors.com\/corporate\/manufacturing-facilities\/gummy-worlds\/\">\n\t\t\t\t<div class=\"elementor-element elementor-element-22a83f9 section-title section-title--alt elementor-widget elementor-widget-heading\" data-id=\"22a83f9\" data-element_type=\"widget\" data-e-type=\"widget\" data-widget_type=\"heading.default\">\n\t\t\t\t<div class=\"elementor-widget-container\">\n\t\t\t\t\t<h2 class=\"elementor-heading-title elementor-size-default\">Gummy Worlds<\/h2>\t\t\t\t<\/div>\n\t\t\t\t<\/div>\n\t\t\t\t<div class=\"elementor-element elementor-element-a14c800 elementor-widget elementor-widget-text-editor\" data-id=\"a14c800\" data-element_type=\"widget\" data-e-type=\"widget\" data-widget_type=\"text-editor.default\">\n\t\t\t\t<div class=\"elementor-widget-container\">\n\t\t\t\t\t\t\t\t\t<p>Nos comprometemos a ampliar su \u00bb GUMMY WORLD \u00bb con opciones de gominolas nutritivas, innovadoras y divertidas.<\/p>\t\t\t\t\t\t\t\t<\/div>\n\t\t\t\t<\/div>\n\t\t\t\t<div class=\"elementor-element elementor-element-7c670df elementor-absolute elementor-widget elementor-widget-html\" data-id=\"7c670df\" data-element_type=\"widget\" data-e-type=\"widget\" data-settings=\"{&quot;_position&quot;:&quot;absolute&quot;}\" data-widget_type=\"html.default\">\n\t\t\t\t<div class=\"elementor-widget-container\">\n\t\t\t\t\t<span class=\"btn btn-default\">M\u00c1S INFORMACI\u00d3N<\/span>\t\t\t\t<\/div>\n\t\t\t\t<\/div>\n\t\t\t\t<\/a>\n\t\t<div class=\"elementor-element elementor-element-930a669 e-con-full e-flex e-con e-child\" data-id=\"930a669\" data-element_type=\"container\" data-e-type=\"container\" data-settings=\"{&quot;background_background&quot;:&quot;classic&quot;}\">\n\t\t\t\t<div class=\"elementor-element elementor-element-f3b19a3 elementor-widget elementor-widget-image\" data-id=\"f3b19a3\" data-element_type=\"widget\" data-e-type=\"widget\" data-widget_type=\"image.default\">\n\t\t\t\t<div class=\"elementor-widget-container\">\n\t\t\t\t\t\t\t\t\t\t\t\t\t\t\t<img decoding=\"async\" width=\"800\" height=\"800\" src=\"https:\/\/www.alyors.com\/wp-content\/uploads\/2024\/02\/your-gummie-logo.svg\" class=\"attachment-large size-large wp-image-12213\" alt=\"\" \/>\t\t\t\t\t\t\t\t\t\t\t\t\t\t\t<\/div>\n\t\t\t\t<\/div>\n\t\t\t\t<\/div>\n\t\t\t\t\t<\/div>\n\t\t\t\t<\/div>\n\t\t<div class=\"elementor-element elementor-element-8556632 manufacturing-facility e-flex e-con-boxed e-con e-parent\" data-id=\"8556632\" data-element_type=\"container\" data-e-type=\"container\">\n\t\t\t\t\t<div class=\"e-con-inner\">\n\t\t<div class=\"elementor-element elementor-element-c3c66ba e-con-full e-flex e-con e-child\" data-id=\"c3c66ba\" data-element_type=\"container\" data-e-type=\"container\" data-settings=\"{&quot;background_background&quot;:&quot;classic&quot;}\">\n\t\t\t\t<div class=\"elementor-element elementor-element-4b4c1d0 elementor-widget elementor-widget-image\" data-id=\"4b4c1d0\" data-element_type=\"widget\" data-e-type=\"widget\" data-widget_type=\"image.default\">\n\t\t\t\t<div class=\"elementor-widget-container\">\n\t\t\t\t\t\t\t\t\t\t\t\t\t\t\t<img loading=\"lazy\" decoding=\"async\" width=\"800\" height=\"800\" src=\"https:\/\/www.alyors.com\/wp-content\/uploads\/2024\/06\/Mossi_Black-1024x1024.png\" class=\"attachment-large size-large wp-image-12136\" alt=\"\" srcset=\"https:\/\/www.alyors.com\/wp-content\/uploads\/2024\/06\/Mossi_Black-1024x1024.png 1024w, https:\/\/www.alyors.com\/wp-content\/uploads\/2024\/06\/Mossi_Black-300x300.png 300w, https:\/\/www.alyors.com\/wp-content\/uploads\/2024\/06\/Mossi_Black-150x150.png 150w, https:\/\/www.alyors.com\/wp-content\/uploads\/2024\/06\/Mossi_Black-768x768.png 768w, https:\/\/www.alyors.com\/wp-content\/uploads\/2024\/06\/Mossi_Black.png 1205w\" sizes=\"(max-width: 800px) 100vw, 800px\" \/>\t\t\t\t\t\t\t\t\t\t\t\t\t\t\t<\/div>\n\t\t\t\t<\/div>\n\t\t\t\t<\/div>\n\t\t<a class=\"elementor-element elementor-element-547ee4e e-con-full image e-flex e-con e-child\" data-id=\"547ee4e\" data-element_type=\"container\" data-e-type=\"container\" data-settings=\"{&quot;background_background&quot;:&quot;classic&quot;}\" href=\"https:\/\/www.alyors.com\/corporate\/manufacturing-facilities\/the-mossi\/\">\n\t\t\t\t<div class=\"elementor-element elementor-element-c23f0c2 section-title section-title--alt elementor-widget elementor-widget-heading\" data-id=\"c23f0c2\" data-element_type=\"widget\" data-e-type=\"widget\" data-widget_type=\"heading.default\">\n\t\t\t\t<div class=\"elementor-widget-container\">\n\t\t\t\t\t<h2 class=\"elementor-heading-title elementor-size-default\">The Mossi<\/h2>\t\t\t\t<\/div>\n\t\t\t\t<\/div>\n\t\t\t\t<div class=\"elementor-element elementor-element-1880371 elementor-widget elementor-widget-text-editor\" data-id=\"1880371\" data-element_type=\"widget\" data-e-type=\"widget\" data-widget_type=\"text-editor.default\">\n\t\t\t\t<div class=\"elementor-widget-container\">\n\t\t\t\t\t\t\t\t\t<p>Bienvenido a The Mossi London, donde la belleza se une a la innovaci\u00f3n.<\/p>\t\t\t\t\t\t\t\t<\/div>\n\t\t\t\t<\/div>\n\t\t\t\t<div class=\"elementor-element elementor-element-0ab9ffa elementor-absolute elementor-widget elementor-widget-html\" data-id=\"0ab9ffa\" data-element_type=\"widget\" data-e-type=\"widget\" data-settings=\"{&quot;_position&quot;:&quot;absolute&quot;}\" data-widget_type=\"html.default\">\n\t\t\t\t<div class=\"elementor-widget-container\">\n\t\t\t\t\t<span class=\"btn btn-default\">M\u00c1S INFORMACI\u00d3N<\/span>\t\t\t\t<\/div>\n\t\t\t\t<\/div>\n\t\t\t\t<\/a>\n\t\t\t\t\t<\/div>\n\t\t\t\t<\/div>\n\t\t<div class=\"elementor-element elementor-element-3a0979e manufacturing-facility e-flex e-con-boxed e-con e-parent\" data-id=\"3a0979e\" data-element_type=\"container\" data-e-type=\"container\">\n\t\t\t\t\t<div class=\"e-con-inner\">\n\t\t<a class=\"elementor-element elementor-element-d1d9b6c e-con-full image e-flex e-con e-child\" data-id=\"d1d9b6c\" data-element_type=\"container\" data-e-type=\"container\" data-settings=\"{&quot;background_background&quot;:&quot;classic&quot;}\" href=\"https:\/\/www.alyors.com\/corporate\/manufacturing-facilities\/biocell\/\">\n\t\t\t\t<div class=\"elementor-element elementor-element-f28c463 section-title section-title--alt elementor-widget elementor-widget-heading\" data-id=\"f28c463\" data-element_type=\"widget\" data-e-type=\"widget\" data-widget_type=\"heading.default\">\n\t\t\t\t<div class=\"elementor-widget-container\">\n\t\t\t\t\t<h2 class=\"elementor-heading-title elementor-size-default\">Biocell<\/h2>\t\t\t\t<\/div>\n\t\t\t\t<\/div>\n\t\t\t\t<div class=\"elementor-element elementor-element-8eef915 elementor-widget elementor-widget-text-editor\" data-id=\"8eef915\" data-element_type=\"widget\" data-e-type=\"widget\" data-widget_type=\"text-editor.default\">\n\t\t\t\t<div class=\"elementor-widget-container\">\n\t\t\t\t\t\t\t\t\t<p>Su principal fuente de materias primas vegetales de alta calidad, que satisfacen las diversas necesidades del mercado.<\/p>\t\t\t\t\t\t\t\t<\/div>\n\t\t\t\t<\/div>\n\t\t\t\t<div class=\"elementor-element elementor-element-de3b894 elementor-absolute elementor-widget elementor-widget-html\" data-id=\"de3b894\" data-element_type=\"widget\" data-e-type=\"widget\" data-settings=\"{&quot;_position&quot;:&quot;absolute&quot;}\" data-widget_type=\"html.default\">\n\t\t\t\t<div class=\"elementor-widget-container\">\n\t\t\t\t\t<span class=\"btn btn-default\">M\u00c1S INFORMACI\u00d3N<\/span>\t\t\t\t<\/div>\n\t\t\t\t<\/div>\n\t\t\t\t<\/a>\n\t\t<div class=\"elementor-element elementor-element-ab21c1f e-con-full e-flex e-con e-child\" data-id=\"ab21c1f\" data-element_type=\"container\" data-e-type=\"container\" data-settings=\"{&quot;background_background&quot;:&quot;classic&quot;}\">\n\t\t\t\t<div class=\"elementor-element elementor-element-303f1e8 elementor-widget elementor-widget-image\" data-id=\"303f1e8\" data-element_type=\"widget\" data-e-type=\"widget\" data-widget_type=\"image.default\">\n\t\t\t\t<div class=\"elementor-widget-container\">\n\t\t\t\t\t\t\t\t\t\t\t\t\t\t\t<img loading=\"lazy\" decoding=\"async\" width=\"800\" height=\"142\" src=\"https:\/\/www.alyors.com\/wp-content\/uploads\/2024\/03\/biocell-logo.svg\" class=\"attachment-large size-large wp-image-11922\" alt=\"\" \/>\t\t\t\t\t\t\t\t\t\t\t\t\t\t\t<\/div>\n\t\t\t\t<\/div>\n\t\t\t\t<\/div>\n\t\t\t\t\t<\/div>\n\t\t\t\t<\/div>\n\t\t\t\t<\/div>\n\t\t","protected":false},"excerpt":{"rendered":"<p>Nuvita Pharmaceuticals Descubra Nuvita Pharmaceuticals, uno de los principales fabricantes de complementos alimenticios de Turqu\u00eda. M\u00c1S INFORMACI\u00d3N \u0130yon Explore la experiencia y las soluciones innovadoras de la asociaci\u00f3n entre IYON y D&#8217;S Health en la fabricaci\u00f3n de dispositivos m\u00e9dicos y consumibles. M\u00c1S INFORMACI\u00d3N Gummy Worlds Nos comprometemos a ampliar su \u00bb GUMMY WORLD \u00bb con [&hellip;]<\/p>\n","protected":false},"author":1,"featured_media":11916,"parent":11817,"menu_order":0,"comment_status":"closed","ping_status":"closed","template":"","meta":{"_acf_changed":false,"inline_featured_image":false,"footnotes":""},"class_list":["post-11915","page","type-page","status-publish","has-post-thumbnail","hentry"],"acf":[],"_links":{"self":[{"href":"https:\/\/www.alyors.com\/es\/wp-json\/wp\/v2\/pages\/11915","targetHints":{"allow":["GET"]}}],"collection":[{"href":"https:\/\/www.alyors.com\/es\/wp-json\/wp\/v2\/pages"}],"about":[{"href":"https:\/\/www.alyors.com\/es\/wp-json\/wp\/v2\/types\/page"}],"author":[{"embeddable":true,"href":"https:\/\/www.alyors.com\/es\/wp-json\/wp\/v2\/users\/1"}],"replies":[{"embeddable":true,"href":"https:\/\/www.alyors.com\/es\/wp-json\/wp\/v2\/comments?post=11915"}],"version-history":[{"count":10,"href":"https:\/\/www.alyors.com\/es\/wp-json\/wp\/v2\/pages\/11915\/revisions"}],"predecessor-version":[{"id":12695,"href":"https:\/\/www.alyors.com\/es\/wp-json\/wp\/v2\/pages\/11915\/revisions\/12695"}],"up":[{"embeddable":true,"href":"https:\/\/www.alyors.com\/es\/wp-json\/wp\/v2\/pages\/11817"}],"wp:featuredmedia":[{"embeddable":true,"href":"https:\/\/www.alyors.com\/es\/wp-json\/wp\/v2\/media\/11916"}],"wp:attachment":[{"href":"https:\/\/www.alyors.com\/es\/wp-json\/wp\/v2\/media?parent=11915"}],"curies":[{"name":"wp","href":"https:\/\/api.w.org\/{rel}","templated":true}]}}