{"id":11927,"date":"2024-03-12T12:56:15","date_gmt":"2024-03-12T12:56:15","guid":{"rendered":"https:\/\/www.alyors.com\/?page_id=11927"},"modified":"2025-03-26T06:48:16","modified_gmt":"2025-03-26T06:48:16","slug":"biocell","status":"publish","type":"page","link":"https:\/\/www.alyors.com\/es\/corporativo\/instalaciones-de-fabricacion\/biocell\/","title":{"rendered":"Biocell"},"content":{"rendered":"\t\t<div data-elementor-type=\"wp-page\" data-elementor-id=\"11927\" class=\"elementor elementor-11927 elementor-3591\" data-elementor-post-type=\"page\">\n\t\t\t\t<div class=\"elementor-element elementor-element-42b1462c e-flex e-con-boxed e-con e-parent\" data-id=\"42b1462c\" data-element_type=\"container\" data-e-type=\"container\">\n\t\t\t\t\t<div class=\"e-con-inner\">\n\t\t\t\t<div class=\"elementor-element elementor-element-3c37ebe2 section-title section-title--centered elementor-widget elementor-widget-heading\" data-id=\"3c37ebe2\" data-element_type=\"widget\" data-e-type=\"widget\" data-widget_type=\"heading.default\">\n\t\t\t\t<div class=\"elementor-widget-container\">\n\t\t\t\t\t<h2 class=\"elementor-heading-title elementor-size-default\">Biocell<\/h2>\t\t\t\t<\/div>\n\t\t\t\t<\/div>\n\t\t\t\t<div class=\"elementor-element elementor-element-34b0dfe9 elementor-widget elementor-widget-heading\" data-id=\"34b0dfe9\" data-element_type=\"widget\" data-e-type=\"widget\" data-widget_type=\"heading.default\">\n\t\t\t\t<div class=\"elementor-widget-container\">\n\t\t\t\t\t<h2 class=\"elementor-heading-title elementor-size-default\">Su principal fuente de materias primas vegetales de alta calidad, que satisfacen las diversas necesidades del mercado.<\/h2>\t\t\t\t<\/div>\n\t\t\t\t<\/div>\n\t\t\t\t<div class=\"elementor-element elementor-element-247e3f7f elementor-widget elementor-widget-text-editor\" data-id=\"247e3f7f\" data-element_type=\"widget\" data-e-type=\"widget\" data-widget_type=\"text-editor.default\">\n\t\t\t\t<div class=\"elementor-widget-container\">\n\t\t\t\t\t\t\t\t\t<p>Nuestras instalaciones son el epicentro de nuestras ambiciosas actividades de desarrollo y comercializaci\u00f3n de productos, destinados a una amplia gama de sectores, como plantas medicinales, productos farmac\u00e9uticos, alimentos complementarios, alimentos y bebidas, cosm\u00e9ticos y piensos. Centrada en la utilizaci\u00f3n de la rica diversidad de plantas end\u00e9micas de nuestra regi\u00f3n, Biocell opera seg\u00fan el principio de producci\u00f3n local para satisfacer las necesidades globales.<\/p><p>La clave de nuestro \u00e9xito es el establecimiento de una cadena de suministro fiable de productos bot\u00e1nicos esenciales, como sa\u00faco negro, romero, melisa y cilantro. Estas plantas se han sometido a un meticuloso desarrollo del producto, lo que ha dado lugar a la creaci\u00f3n de extractos herbales locales de primera calidad que constituyen la base de nuestra cartera de productos.<\/p><p>El compromiso de Biocell con la innovaci\u00f3n es evidente en nuestros continuos desarrollos, en los que participamos activamente en la producci\u00f3n de otros extractos de hierbas como el extracto de uva, la serpiente de Blake, el hayit, el l\u00fapulo, el comino negro, el tomillo, la hierba de San Juan y la menta medicinal. Estas iniciativas, combinadas con nuestro \u00e9nfasis en los estudios de I+D, las colaboraciones universitarias y la adhesi\u00f3n a los principios cient\u00edficos, refuerzan nuestra posici\u00f3n de liderazgo en la fabricaci\u00f3n de extractos de hierbas.<\/p><p>A medida que continuamos ampliando y diversificando nuestra oferta de productos, la planta de fabricaci\u00f3n de Biocell sigue estando a la vanguardia de nuestras operaciones, garantizando el suministro constante de materias primas de alta calidad para impulsar el crecimiento y el \u00e9xito de nuestro grupo holding y empresas afiliadas a escala mundial.<\/p>\t\t\t\t\t\t\t\t<\/div>\n\t\t\t\t<\/div>\n\t\t\t\t\t<\/div>\n\t\t\t\t<\/div>\n\t\t<div class=\"elementor-element elementor-element-2eedfbd8 e-flex e-con-boxed e-con e-parent\" data-id=\"2eedfbd8\" data-element_type=\"container\" data-e-type=\"container\">\n\t\t\t\t\t<div class=\"e-con-inner\">\n\t\t\t\t<div class=\"elementor-element elementor-element-588e2e93 elementor-widget elementor-widget-image\" data-id=\"588e2e93\" data-element_type=\"widget\" data-e-type=\"widget\" data-widget_type=\"image.default\">\n\t\t\t\t<div class=\"elementor-widget-container\">\n\t\t\t\t\t\t\t\t\t\t\t\t\t\t\t<img fetchpriority=\"high\" decoding=\"async\" width=\"800\" height=\"142\" src=\"https:\/\/www.alyors.com\/wp-content\/uploads\/2024\/03\/biocell-logo.svg\" class=\"attachment-large size-large wp-image-11922\" alt=\"\" \/>\t\t\t\t\t\t\t\t\t\t\t\t\t\t\t<\/div>\n\t\t\t\t<\/div>\n\t\t\t\t<div class=\"elementor-element elementor-element-20b99712 elementor-align-center elementor-widget elementor-widget-button\" data-id=\"20b99712\" data-element_type=\"widget\" data-e-type=\"widget\" data-widget_type=\"button.default\">\n\t\t\t\t<div class=\"elementor-widget-container\">\n\t\t\t\t\t\t\t\t\t<div class=\"elementor-button-wrapper\">\n\t\t\t\t\t<a class=\"elementor-button elementor-button-link elementor-size-md\" href=\"https:\/\/biocell.com.tr\/en\/\" target=\"_blank\" rel=\"nofollow noopener\">\n\t\t\t\t\t\t<span class=\"elementor-button-content-wrapper\">\n\t\t\t\t\t\t\t\t\t<span class=\"elementor-button-text\">IR AL SITIO WEB DE LA EMPRESA<\/span>\n\t\t\t\t\t<\/span>\n\t\t\t\t\t<\/a>\n\t\t\t\t<\/div>\n\t\t\t\t\t\t\t\t<\/div>\n\t\t\t\t<\/div>\n\t\t\t\t\t<\/div>\n\t\t\t\t<\/div>\n\t\t\t\t<\/div>\n\t\t","protected":false},"excerpt":{"rendered":"<p>Su principal fuente de materias primas vegetales de alta calidad, que satisfacen las diversas necesidades del mercado. Nuestras instalaciones son el epicentro de nuestras ambiciosas actividades de desarrollo y comercializaci\u00f3n de productos, destinados a una amplia gama de sectores, como plantas medicinales, productos farmac\u00e9uticos, alimentos complementarios, alimentos y bebidas, cosm\u00e9ticos y piensos. Centrada en la [&hellip;]<\/p>\n","protected":false},"author":1,"featured_media":11928,"parent":11915,"menu_order":0,"comment_status":"closed","ping_status":"closed","template":"","meta":{"_acf_changed":false,"inline_featured_image":false,"footnotes":""},"class_list":["post-11927","page","type-page","status-publish","has-post-thumbnail","hentry"],"acf":[],"_links":{"self":[{"href":"https:\/\/www.alyors.com\/es\/wp-json\/wp\/v2\/pages\/11927","targetHints":{"allow":["GET"]}}],"collection":[{"href":"https:\/\/www.alyors.com\/es\/wp-json\/wp\/v2\/pages"}],"about":[{"href":"https:\/\/www.alyors.com\/es\/wp-json\/wp\/v2\/types\/page"}],"author":[{"embeddable":true,"href":"https:\/\/www.alyors.com\/es\/wp-json\/wp\/v2\/users\/1"}],"replies":[{"embeddable":true,"href":"https:\/\/www.alyors.com\/es\/wp-json\/wp\/v2\/comments?post=11927"}],"version-history":[{"count":7,"href":"https:\/\/www.alyors.com\/es\/wp-json\/wp\/v2\/pages\/11927\/revisions"}],"predecessor-version":[{"id":11935,"href":"https:\/\/www.alyors.com\/es\/wp-json\/wp\/v2\/pages\/11927\/revisions\/11935"}],"up":[{"embeddable":true,"href":"https:\/\/www.alyors.com\/es\/wp-json\/wp\/v2\/pages\/11915"}],"wp:featuredmedia":[{"embeddable":true,"href":"https:\/\/www.alyors.com\/es\/wp-json\/wp\/v2\/media\/11928"}],"wp:attachment":[{"href":"https:\/\/www.alyors.com\/es\/wp-json\/wp\/v2\/media?parent=11927"}],"curies":[{"name":"wp","href":"https:\/\/api.w.org\/{rel}","templated":true}]}}