{"id":11939,"date":"2024-03-12T12:16:23","date_gmt":"2024-03-12T12:16:23","guid":{"rendered":"https:\/\/www.alyors.com\/?page_id=11939"},"modified":"2025-03-26T06:50:23","modified_gmt":"2025-03-26T06:50:23","slug":"gummy-worlds","status":"publish","type":"page","link":"https:\/\/www.alyors.com\/es\/corporativo\/instalaciones-de-fabricacion\/gummy-worlds\/","title":{"rendered":"Gummy Worlds"},"content":{"rendered":"\t\t<div data-elementor-type=\"wp-page\" data-elementor-id=\"11939\" class=\"elementor elementor-11939 elementor-3574\" data-elementor-post-type=\"page\">\n\t\t\t\t<div class=\"elementor-element elementor-element-2dca985e e-flex e-con-boxed e-con e-parent\" data-id=\"2dca985e\" data-element_type=\"container\" data-e-type=\"container\">\n\t\t\t\t\t<div class=\"e-con-inner\">\n\t\t\t\t<div class=\"elementor-element elementor-element-451955e1 section-title section-title--centered elementor-widget elementor-widget-heading\" data-id=\"451955e1\" data-element_type=\"widget\" data-e-type=\"widget\" data-widget_type=\"heading.default\">\n\t\t\t\t<div class=\"elementor-widget-container\">\n\t\t\t\t\t<h2 class=\"elementor-heading-title elementor-size-default\">Gummy Worlds<\/h2>\t\t\t\t<\/div>\n\t\t\t\t<\/div>\n\t\t\t\t<div class=\"elementor-element elementor-element-187699f8 elementor-widget elementor-widget-heading\" data-id=\"187699f8\" data-element_type=\"widget\" data-e-type=\"widget\" data-widget_type=\"heading.default\">\n\t\t\t\t<div class=\"elementor-widget-container\">\n\t\t\t\t\t<h2 class=\"elementor-heading-title elementor-size-default\">\u00a1Gominolas producidas con la \u00faltima tecnolog\u00eda y normas de calidad mundiales!<\/h2>\t\t\t\t<\/div>\n\t\t\t\t<\/div>\n\t\t\t\t<div class=\"elementor-element elementor-element-358e850f elementor-widget elementor-widget-text-editor\" data-id=\"358e850f\" data-element_type=\"widget\" data-e-type=\"widget\" data-widget_type=\"text-editor.default\">\n\t\t\t\t<div class=\"elementor-widget-container\">\n\t\t\t\t\t\t\t\t\tGominolas producidas con la \u00faltima tecnolog\u00eda y normas de calidad mundiales.\nGummy Worlds, donde salud y placer chocan en un vibrante mundo de deliciosos suplementos de gominola.\n\nNos dedicamos a transformar la forma en que las personas mejoran su bienestar creando f\u00f3rmulas de gominolas de alta calidad que hacen que tomar suplementos sea una experiencia deliciosa.\t\t\t\t\t\t\t\t<\/div>\n\t\t\t\t<\/div>\n\t\t\t\t\t<\/div>\n\t\t\t\t<\/div>\n\t\t<div class=\"elementor-element elementor-element-1ca57873 e-flex e-con-boxed e-con e-parent\" data-id=\"1ca57873\" data-element_type=\"container\" data-e-type=\"container\">\n\t\t\t\t\t<div class=\"e-con-inner\">\n\t\t\t\t<div class=\"elementor-element elementor-element-266877a9 elementor-widget elementor-widget-image\" data-id=\"266877a9\" data-element_type=\"widget\" data-e-type=\"widget\" data-widget_type=\"image.default\">\n\t\t\t\t<div class=\"elementor-widget-container\">\n\t\t\t\t\t\t\t\t\t\t\t\t\t\t\t<img fetchpriority=\"high\" decoding=\"async\" width=\"800\" height=\"800\" src=\"https:\/\/www.alyors.com\/wp-content\/uploads\/2024\/03\/gummy-worlds-logo.svg\" class=\"attachment-large size-large wp-image-12077\" alt=\"\" \/>\t\t\t\t\t\t\t\t\t\t\t\t\t\t\t<\/div>\n\t\t\t\t<\/div>\n\t\t\t\t\t<\/div>\n\t\t\t\t<\/div>\n\t\t\t\t<\/div>\n\t\t","protected":false},"excerpt":{"rendered":"<p>\u00a1Gominolas producidas con la \u00faltima tecnolog\u00eda y normas de calidad mundiales! Gominolas producidas con la \u00faltima tecnolog\u00eda y normas de calidad mundiales. Gummy Worlds, donde salud y placer chocan en un vibrante mundo de deliciosos suplementos de gominola. Nos dedicamos a transformar la forma en que las personas mejoran su bienestar creando f\u00f3rmulas de gominolas [&hellip;]<\/p>\n","protected":false},"author":1,"featured_media":11940,"parent":11915,"menu_order":0,"comment_status":"closed","ping_status":"closed","template":"","meta":{"_acf_changed":false,"inline_featured_image":false,"footnotes":""},"class_list":["post-11939","page","type-page","status-publish","has-post-thumbnail","hentry"],"acf":[],"_links":{"self":[{"href":"https:\/\/www.alyors.com\/es\/wp-json\/wp\/v2\/pages\/11939","targetHints":{"allow":["GET"]}}],"collection":[{"href":"https:\/\/www.alyors.com\/es\/wp-json\/wp\/v2\/pages"}],"about":[{"href":"https:\/\/www.alyors.com\/es\/wp-json\/wp\/v2\/types\/page"}],"author":[{"embeddable":true,"href":"https:\/\/www.alyors.com\/es\/wp-json\/wp\/v2\/users\/1"}],"replies":[{"embeddable":true,"href":"https:\/\/www.alyors.com\/es\/wp-json\/wp\/v2\/comments?post=11939"}],"version-history":[{"count":4,"href":"https:\/\/www.alyors.com\/es\/wp-json\/wp\/v2\/pages\/11939\/revisions"}],"predecessor-version":[{"id":11944,"href":"https:\/\/www.alyors.com\/es\/wp-json\/wp\/v2\/pages\/11939\/revisions\/11944"}],"up":[{"embeddable":true,"href":"https:\/\/www.alyors.com\/es\/wp-json\/wp\/v2\/pages\/11915"}],"wp:featuredmedia":[{"embeddable":true,"href":"https:\/\/www.alyors.com\/es\/wp-json\/wp\/v2\/media\/11940"}],"wp:attachment":[{"href":"https:\/\/www.alyors.com\/es\/wp-json\/wp\/v2\/media?parent=11939"}],"curies":[{"name":"wp","href":"https:\/\/api.w.org\/{rel}","templated":true}]}}