{"id":11945,"date":"2024-03-12T12:08:46","date_gmt":"2024-03-12T12:08:46","guid":{"rendered":"https:\/\/www.alyors.com\/?page_id=11945"},"modified":"2025-03-26T06:54:46","modified_gmt":"2025-03-26T06:54:46","slug":"iyon","status":"publish","type":"page","link":"https:\/\/www.alyors.com\/es\/corporativo\/instalaciones-de-fabricacion\/iyon\/","title":{"rendered":"\u0130yon"},"content":{"rendered":"\t\t<div data-elementor-type=\"wp-page\" data-elementor-id=\"11945\" class=\"elementor elementor-11945 elementor-3551\" data-elementor-post-type=\"page\">\n\t\t\t\t<div class=\"elementor-element elementor-element-11739fde e-flex e-con-boxed e-con e-parent\" data-id=\"11739fde\" data-element_type=\"container\" data-e-type=\"container\">\n\t\t\t\t\t<div class=\"e-con-inner\">\n\t\t\t\t<div class=\"elementor-element elementor-element-1ccc0d2e section-title section-title--centered elementor-widget elementor-widget-heading\" data-id=\"1ccc0d2e\" data-element_type=\"widget\" data-e-type=\"widget\" data-widget_type=\"heading.default\">\n\t\t\t\t<div class=\"elementor-widget-container\">\n\t\t\t\t\t<h2 class=\"elementor-heading-title elementor-size-default\">\u0130yon<\/h2>\t\t\t\t<\/div>\n\t\t\t\t<\/div>\n\t\t\t\t<div class=\"elementor-element elementor-element-40555dc8 elementor-widget elementor-widget-text-editor\" data-id=\"40555dc8\" data-element_type=\"widget\" data-e-type=\"widget\" data-widget_type=\"text-editor.default\">\n\t\t\t\t<div class=\"elementor-widget-container\">\n\t\t\t\t\t\t\t\t\t<p>Nuestra planta de Estambul fabrica una variada gama de productos que cumplen y superan las normas internacionales m\u00e1s exigentes, incluidas las certificaciones CE e ISO. Nuestra gama de productos incluye puntas de insulina, botiquines de primeros auxilios, parches, almohadillas y vendas oculares, gasas y vendas, vendas y compresas de gel, compresas de gas y almohadillas de algod\u00f3n, cors\u00e9s y rodilleras, nebulizadores, Bittox, inyecci\u00f3n intra-rodilla (Genum), aguja para pluma de insulina, agua de mar\/agua de mar, spray para piojos, spray\/gota fisiol\u00f3gica de suero, vial fisiol\u00f3gico de suero, aspirador y punta nasal y enjuague sinusal.<br \/>En IYON, estamos orgullosos de nuestro compromiso con la fabricaci\u00f3n y la investigaci\u00f3n y el desarrollo de alta calidad. Nuestra tecnolog\u00eda y equipos de vanguardia garantizan que cada producto se fabrique con precisi\u00f3n y excelencia. Nuestro equipo de profesionales cualificados trabaja incansablemente para crear productos eficaces y asequibles que satisfagan las necesidades siempre cambiantes de la industria m\u00e9dica. Nos dedicamos a la I+D, explorando constantemente nuevas ideas y conceptos para crear productos que no s\u00f3lo cumplan las expectativas, sino que las superen.<br \/>Entendemos que cada cliente tiene necesidades \u00fanicas, por lo que ofrecemos servicios de fabricaci\u00f3n de marca propia. Trabajamos en estrecha colaboraci\u00f3n con nuestros clientes para crear productos personalizados que cumplan sus requisitos espec\u00edficos. Nos encargamos de todo, desde el desarrollo del producto hasta su fabricaci\u00f3n y envasado, garantizando que nuestros clientes reciban un producto personalizado de alta calidad que refleje su marca.<\/p><p>En IYON estamos comprometidos con la sostenibilidad y la responsabilidad medioambiental. Nuestros productos se dise\u00f1an pensando en el medio ambiente, y tenemos mucho cuidado de minimizar nuestro impacto en el planeta. Estamos orgullosos de ofrecer productos respetuosos con el medio ambiente que son eficaces y asequibles.<br \/>En conclusi\u00f3n, IYON Manufacturing es el socio ideal para cualquiera que busque suministros y dispositivos m\u00e9dicos de alta calidad. Nuestro compromiso con la calidad, la innovaci\u00f3n y la personalizaci\u00f3n se refleja en todo lo que hacemos&#8230;<\/p>\t\t\t\t\t\t\t\t<\/div>\n\t\t\t\t<\/div>\n\t\t\t\t<div class=\"elementor-element elementor-element-a6d02de elementor-widget elementor-widget-heading\" data-id=\"a6d02de\" data-element_type=\"widget\" data-e-type=\"widget\" data-widget_type=\"heading.default\">\n\t\t\t\t<div class=\"elementor-widget-container\">\n\t\t\t\t\t<h2 class=\"elementor-heading-title elementor-size-default\">Galer\u00eda<\/h2>\t\t\t\t<\/div>\n\t\t\t\t<\/div>\n\t\t\t\t<div class=\"elementor-element elementor-element-a0b3c24 elementor-widget elementor-widget-gallery\" data-id=\"a0b3c24\" data-element_type=\"widget\" data-e-type=\"widget\" data-settings=\"{&quot;gap&quot;:{&quot;unit&quot;:&quot;px&quot;,&quot;size&quot;:30,&quot;sizes&quot;:[]},&quot;aspect_ratio&quot;:&quot;1:1&quot;,&quot;lazyload&quot;:&quot;yes&quot;,&quot;gallery_layout&quot;:&quot;grid&quot;,&quot;columns&quot;:4,&quot;columns_tablet&quot;:2,&quot;columns_mobile&quot;:1,&quot;gap_widescreen&quot;:{&quot;unit&quot;:&quot;px&quot;,&quot;size&quot;:&quot;&quot;,&quot;sizes&quot;:[]},&quot;gap_laptop&quot;:{&quot;unit&quot;:&quot;px&quot;,&quot;size&quot;:10,&quot;sizes&quot;:[]},&quot;gap_tablet_extra&quot;:{&quot;unit&quot;:&quot;px&quot;,&quot;size&quot;:10,&quot;sizes&quot;:[]},&quot;gap_tablet&quot;:{&quot;unit&quot;:&quot;px&quot;,&quot;size&quot;:10,&quot;sizes&quot;:[]},&quot;gap_mobile&quot;:{&quot;unit&quot;:&quot;px&quot;,&quot;size&quot;:10,&quot;sizes&quot;:[]},&quot;link_to&quot;:&quot;file&quot;,&quot;overlay_background&quot;:&quot;yes&quot;,&quot;content_hover_animation&quot;:&quot;fade-in&quot;}\" data-widget_type=\"gallery.default\">\n\t\t\t\t<div class=\"elementor-widget-container\">\n\t\t\t\t\t\t\t<div class=\"elementor-gallery__container\">\n\t\t\t\t\t\t\t<a class=\"e-gallery-item elementor-gallery-item elementor-animated-content\" href=\"https:\/\/www.alyors.com\/wp-content\/uploads\/2024\/03\/gallery-img-1115.webp\" data-elementor-open-lightbox=\"yes\" data-elementor-lightbox-slideshow=\"a0b3c24\" data-elementor-lightbox-title=\"Alyors | Private Label &amp; Contract Manufacturing of Health &amp; Wellness Products\" data-e-action-hash=\"#elementor-action%3Aaction%3Dlightbox%26settings%3DeyJpZCI6MzU2MSwidXJsIjoiaHR0cHM6XC9cL3d3dy5hbHlvcnMuY29tXC93cC1jb250ZW50XC91cGxvYWRzXC8yMDI0XC8wM1wvZ2FsbGVyeS1pbWctMTExNS53ZWJwIiwic2xpZGVzaG93IjoiYTBiM2MyNCJ9\">\n\t\t\t\t\t<div class=\"e-gallery-image elementor-gallery-item__image\" data-thumbnail=\"https:\/\/www.alyors.com\/wp-content\/uploads\/2024\/03\/gallery-img-1115-300x225.webp\" data-width=\"300\" data-height=\"225\" aria-label=\"Alyors | Private Label &amp; Contract Manufacturing of Health &amp; Wellness Products\" role=\"img\" ><\/div>\n\t\t\t\t\t\t\t\t\t\t\t<div class=\"elementor-gallery-item__overlay\"><\/div>\n\t\t\t\t\t\t\t\t\t\t\t\t\t\t<\/a>\n\t\t\t\t\t\t\t<a class=\"e-gallery-item elementor-gallery-item elementor-animated-content\" href=\"https:\/\/www.alyors.com\/wp-content\/uploads\/2024\/03\/gallery-img-2116.webp\" data-elementor-open-lightbox=\"yes\" data-elementor-lightbox-slideshow=\"a0b3c24\" data-elementor-lightbox-title=\"Alyors | Private Label &amp; Contract Manufacturing of Health &amp; Wellness Products\" data-e-action-hash=\"#elementor-action%3Aaction%3Dlightbox%26settings%3DeyJpZCI6MzU2MywidXJsIjoiaHR0cHM6XC9cL3d3dy5hbHlvcnMuY29tXC93cC1jb250ZW50XC91cGxvYWRzXC8yMDI0XC8wM1wvZ2FsbGVyeS1pbWctMjExNi53ZWJwIiwic2xpZGVzaG93IjoiYTBiM2MyNCJ9\">\n\t\t\t\t\t<div class=\"e-gallery-image elementor-gallery-item__image\" data-thumbnail=\"https:\/\/www.alyors.com\/wp-content\/uploads\/2024\/03\/gallery-img-2116-300x225.webp\" data-width=\"300\" data-height=\"225\" aria-label=\"Alyors | Private Label &amp; Contract Manufacturing of Health &amp; Wellness Products\" role=\"img\" ><\/div>\n\t\t\t\t\t\t\t\t\t\t\t<div class=\"elementor-gallery-item__overlay\"><\/div>\n\t\t\t\t\t\t\t\t\t\t\t\t\t\t<\/a>\n\t\t\t\t\t\t\t<a class=\"e-gallery-item elementor-gallery-item elementor-animated-content\" href=\"https:\/\/www.alyors.com\/wp-content\/uploads\/2024\/03\/gallery-img-3117.webp\" data-elementor-open-lightbox=\"yes\" data-elementor-lightbox-slideshow=\"a0b3c24\" data-elementor-lightbox-title=\"Alyors | Private Label &amp; Contract Manufacturing of Health &amp; Wellness Products\" data-e-action-hash=\"#elementor-action%3Aaction%3Dlightbox%26settings%3DeyJpZCI6MzU2NSwidXJsIjoiaHR0cHM6XC9cL3d3dy5hbHlvcnMuY29tXC93cC1jb250ZW50XC91cGxvYWRzXC8yMDI0XC8wM1wvZ2FsbGVyeS1pbWctMzExNy53ZWJwIiwic2xpZGVzaG93IjoiYTBiM2MyNCJ9\">\n\t\t\t\t\t<div class=\"e-gallery-image elementor-gallery-item__image\" data-thumbnail=\"https:\/\/www.alyors.com\/wp-content\/uploads\/2024\/03\/gallery-img-3117-225x300.webp\" data-width=\"225\" data-height=\"300\" aria-label=\"Alyors | Private Label &amp; Contract Manufacturing of Health &amp; Wellness Products\" role=\"img\" ><\/div>\n\t\t\t\t\t\t\t\t\t\t\t<div class=\"elementor-gallery-item__overlay\"><\/div>\n\t\t\t\t\t\t\t\t\t\t\t\t\t\t<\/a>\n\t\t\t\t\t\t\t<a class=\"e-gallery-item elementor-gallery-item elementor-animated-content\" href=\"https:\/\/www.alyors.com\/wp-content\/uploads\/2024\/03\/gallery-img-4118.webp\" data-elementor-open-lightbox=\"yes\" data-elementor-lightbox-slideshow=\"a0b3c24\" data-elementor-lightbox-title=\"Alyors | Private Label &amp; Contract Manufacturing of Health &amp; Wellness Products\" data-e-action-hash=\"#elementor-action%3Aaction%3Dlightbox%26settings%3DeyJpZCI6MzU1OSwidXJsIjoiaHR0cHM6XC9cL3d3dy5hbHlvcnMuY29tXC93cC1jb250ZW50XC91cGxvYWRzXC8yMDI0XC8wM1wvZ2FsbGVyeS1pbWctNDExOC53ZWJwIiwic2xpZGVzaG93IjoiYTBiM2MyNCJ9\">\n\t\t\t\t\t<div class=\"e-gallery-image elementor-gallery-item__image\" data-thumbnail=\"https:\/\/www.alyors.com\/wp-content\/uploads\/2024\/03\/gallery-img-4118-225x300.webp\" data-width=\"225\" data-height=\"300\" aria-label=\"Alyors | Private Label &amp; Contract Manufacturing of Health &amp; Wellness Products\" role=\"img\" ><\/div>\n\t\t\t\t\t\t\t\t\t\t\t<div class=\"elementor-gallery-item__overlay\"><\/div>\n\t\t\t\t\t\t\t\t\t\t\t\t\t\t<\/a>\n\t\t\t\t\t<\/div>\n\t\t\t\t\t<\/div>\n\t\t\t\t<\/div>\n\t\t\t\t\t<\/div>\n\t\t\t\t<\/div>\n\t\t<div class=\"elementor-element elementor-element-1b635103 e-flex e-con-boxed e-con e-parent\" data-id=\"1b635103\" data-element_type=\"container\" data-e-type=\"container\">\n\t\t\t\t\t<div class=\"e-con-inner\">\n\t\t\t\t<div class=\"elementor-element elementor-element-5135cad3 elementor-widget elementor-widget-image\" data-id=\"5135cad3\" data-element_type=\"widget\" data-e-type=\"widget\" data-widget_type=\"image.default\">\n\t\t\t\t<div class=\"elementor-widget-container\">\n\t\t\t\t\t\t\t\t\t\t\t\t\t\t\t<img fetchpriority=\"high\" decoding=\"async\" width=\"800\" height=\"596\" src=\"https:\/\/www.alyors.com\/wp-content\/uploads\/2024\/03\/IYON-LOGO-4-3-1024x763.png\" class=\"attachment-large size-large wp-image-7455\" alt=\"\" srcset=\"https:\/\/www.alyors.com\/wp-content\/uploads\/2024\/03\/IYON-LOGO-4-3-1024x763.png 1024w, https:\/\/www.alyors.com\/wp-content\/uploads\/2024\/03\/IYON-LOGO-4-3-300x224.png 300w, https:\/\/www.alyors.com\/wp-content\/uploads\/2024\/03\/IYON-LOGO-4-3-768x573.png 768w, https:\/\/www.alyors.com\/wp-content\/uploads\/2024\/03\/IYON-LOGO-4-3-1536x1145.png 1536w, https:\/\/www.alyors.com\/wp-content\/uploads\/2024\/03\/IYON-LOGO-4-3.png 1729w\" sizes=\"(max-width: 800px) 100vw, 800px\" \/>\t\t\t\t\t\t\t\t\t\t\t\t\t\t\t<\/div>\n\t\t\t\t<\/div>\n\t\t\t\t\t<\/div>\n\t\t\t\t<\/div>\n\t\t\t\t<\/div>\n\t\t","protected":false},"excerpt":{"rendered":"<p>Nuestra planta de Estambul fabrica una variada gama de productos que cumplen y superan las normas internacionales m\u00e1s exigentes, incluidas las certificaciones CE e ISO. Nuestra gama de productos incluye puntas de insulina, botiquines de primeros auxilios, parches, almohadillas y vendas oculares, gasas y vendas, vendas y compresas de gel, compresas de gas y almohadillas [&hellip;]<\/p>\n","protected":false},"author":1,"featured_media":11946,"parent":11915,"menu_order":0,"comment_status":"closed","ping_status":"closed","template":"","meta":{"_acf_changed":false,"inline_featured_image":false,"footnotes":""},"class_list":["post-11945","page","type-page","status-publish","has-post-thumbnail","hentry"],"acf":[],"_links":{"self":[{"href":"https:\/\/www.alyors.com\/es\/wp-json\/wp\/v2\/pages\/11945","targetHints":{"allow":["GET"]}}],"collection":[{"href":"https:\/\/www.alyors.com\/es\/wp-json\/wp\/v2\/pages"}],"about":[{"href":"https:\/\/www.alyors.com\/es\/wp-json\/wp\/v2\/types\/page"}],"author":[{"embeddable":true,"href":"https:\/\/www.alyors.com\/es\/wp-json\/wp\/v2\/users\/1"}],"replies":[{"embeddable":true,"href":"https:\/\/www.alyors.com\/es\/wp-json\/wp\/v2\/comments?post=11945"}],"version-history":[{"count":7,"href":"https:\/\/www.alyors.com\/es\/wp-json\/wp\/v2\/pages\/11945\/revisions"}],"predecessor-version":[{"id":11957,"href":"https:\/\/www.alyors.com\/es\/wp-json\/wp\/v2\/pages\/11945\/revisions\/11957"}],"up":[{"embeddable":true,"href":"https:\/\/www.alyors.com\/es\/wp-json\/wp\/v2\/pages\/11915"}],"wp:featuredmedia":[{"embeddable":true,"href":"https:\/\/www.alyors.com\/es\/wp-json\/wp\/v2\/media\/11946"}],"wp:attachment":[{"href":"https:\/\/www.alyors.com\/es\/wp-json\/wp\/v2\/media?parent=11945"}],"curies":[{"name":"wp","href":"https:\/\/api.w.org\/{rel}","templated":true}]}}