{"id":11980,"date":"2024-03-12T12:21:07","date_gmt":"2024-03-12T12:21:07","guid":{"rendered":"https:\/\/www.alyors.com\/?page_id=11980"},"modified":"2025-03-26T07:07:37","modified_gmt":"2025-03-26T07:07:37","slug":"the-mossi","status":"publish","type":"page","link":"https:\/\/www.alyors.com\/es\/corporativo\/instalaciones-de-fabricacion\/the-mossi\/","title":{"rendered":"The Mossi"},"content":{"rendered":"\t\t<div data-elementor-type=\"wp-page\" data-elementor-id=\"11980\" class=\"elementor elementor-11980 elementor-3583\" data-elementor-post-type=\"page\">\n\t\t\t\t<div class=\"elementor-element elementor-element-70248d02 e-flex e-con-boxed e-con e-parent\" data-id=\"70248d02\" data-element_type=\"container\" data-e-type=\"container\">\n\t\t\t\t\t<div class=\"e-con-inner\">\n\t\t\t\t<div class=\"elementor-element elementor-element-498e65cb section-title section-title--centered elementor-widget elementor-widget-heading\" data-id=\"498e65cb\" data-element_type=\"widget\" data-e-type=\"widget\" data-widget_type=\"heading.default\">\n\t\t\t\t<div class=\"elementor-widget-container\">\n\t\t\t\t\t<h2 class=\"elementor-heading-title elementor-size-default\">The Mossi<\/h2>\t\t\t\t<\/div>\n\t\t\t\t<\/div>\n\t\t\t\t<div class=\"elementor-element elementor-element-4507972b elementor-widget elementor-widget-heading\" data-id=\"4507972b\" data-element_type=\"widget\" data-e-type=\"widget\" data-widget_type=\"heading.default\">\n\t\t\t\t<div class=\"elementor-widget-container\">\n\t\t\t\t\t<h2 class=\"elementor-heading-title elementor-size-default\">Bienvenido a The Mossi London, donde la belleza se une a la innovaci\u00f3n. <\/h2>\t\t\t\t<\/div>\n\t\t\t\t<\/div>\n\t\t\t\t<div class=\"elementor-element elementor-element-63c5155f elementor-widget elementor-widget-text-editor\" data-id=\"63c5155f\" data-element_type=\"widget\" data-e-type=\"widget\" data-widget_type=\"text-editor.default\">\n\t\t\t\t<div class=\"elementor-widget-container\">\n\t\t\t\t\t\t\t\t\t<p>Nuestra vanguardista planta de fabricaci\u00f3n est\u00e1 especializada en la producci\u00f3n de dermocosm\u00e9ticos de alta calidad, incluidos productos en gel y peeling, champ\u00fas y espumas, sueros para el cuidado del cabello y el rostro, cremas, t\u00f3nicos y lociones para el cuidado de la piel, complejos oleosos y protectores solares UVA y UVB.<\/p><p>Nuestras instalaciones de fabricaci\u00f3n ocupan m\u00e1s de 3.000 m\u00b2 de superficie cerrada, incluyendo un almac\u00e9n de producci\u00f3n, pesaje y envasado, y un laboratorio de I+D\/Control de Calidad de aproximadamente 750 m\u00b2. Hemos establecido zonas est\u00e1ndar para el pesaje, la fabricaci\u00f3n, el llenado y el envasado, en consonancia con la legislaci\u00f3n sobre producci\u00f3n de productos cosm\u00e9ticos y los requisitos GMP.<\/p><p>Nuestro equipo de expertos se dedica a fabricar productos que cumplen y superan las normas internacionales, garantizando que todos nuestros productos sean de la m\u00e1xima calidad y seguros de usar. Estamos constantemente superando los l\u00edmites de la innovaci\u00f3n, utilizando las \u00faltimas tecnolog\u00edas para desarrollar productos nuevos y emocionantes.<br \/>En The Mossi London somos conscientes de la importancia de la investigaci\u00f3n y el desarrollo, y por eso contamos con un equipo dedicado a la mejora y el desarrollo constantes de nuestros productos. Nos comprometemos a mantenernos a la vanguardia del sector y a garantizar que nuestros clientes tengan acceso a los productos m\u00e1s recientes e innovadores del mercado.<\/p><p>Nos enorgullece ofrecer a nuestros clientes servicios de fabricaci\u00f3n de marcas propias, desde el desarrollo del producto y el apoyo a la formulaci\u00f3n hasta la producci\u00f3n y el envasado. Nos comprometemos a ofrecer a nuestros clientes el m\u00e1ximo nivel de calidad y servicio.<br \/>Estamos orgullosos de nuestro compromiso con la calidad, la innovaci\u00f3n y la sostenibilidad. Nuestro proceso de fabricaci\u00f3n est\u00e1 dise\u00f1ado teniendo en cuenta la sostenibilidad, y ponemos gran cuidado en minimizar nuestro impacto en el medio ambiente. Creemos que la belleza y la sostenibilidad pueden coexistir, y nos esforzamos por crear productos que sean eficaces y respetuosos con el medio ambiente.<\/p>\t\t\t\t\t\t\t\t<\/div>\n\t\t\t\t<\/div>\n\t\t\t\t\t<\/div>\n\t\t\t\t<\/div>\n\t\t<div class=\"elementor-element elementor-element-17ca86a9 e-flex e-con-boxed e-con e-parent\" data-id=\"17ca86a9\" data-element_type=\"container\" data-e-type=\"container\">\n\t\t\t\t\t<div class=\"e-con-inner\">\n\t\t\t\t<div class=\"elementor-element elementor-element-6851dfe4 elementor-widget elementor-widget-image\" data-id=\"6851dfe4\" data-element_type=\"widget\" data-e-type=\"widget\" data-widget_type=\"image.default\">\n\t\t\t\t<div class=\"elementor-widget-container\">\n\t\t\t\t\t\t\t\t\t\t\t\t\t\t\t<img fetchpriority=\"high\" decoding=\"async\" width=\"800\" height=\"800\" src=\"https:\/\/www.alyors.com\/wp-content\/uploads\/2024\/09\/mossi_logo.svg\" class=\"attachment-large size-large wp-image-7747\" alt=\"\" \/>\t\t\t\t\t\t\t\t\t\t\t\t\t\t\t<\/div>\n\t\t\t\t<\/div>\n\t\t\t\t\t<\/div>\n\t\t\t\t<\/div>\n\t\t\t\t<\/div>\n\t\t","protected":false},"excerpt":{"rendered":"<p>Bienvenido a The Mossi London, donde la belleza se une a la innovaci\u00f3n. Nuestra vanguardista planta de fabricaci\u00f3n est\u00e1 especializada en la producci\u00f3n de dermocosm\u00e9ticos de alta calidad, incluidos productos en gel y peeling, champ\u00fas y espumas, sueros para el cuidado del cabello y el rostro, cremas, t\u00f3nicos y lociones para el cuidado de la [&hellip;]<\/p>\n","protected":false},"author":1,"featured_media":11981,"parent":11915,"menu_order":0,"comment_status":"closed","ping_status":"closed","template":"","meta":{"_acf_changed":false,"inline_featured_image":false,"footnotes":""},"class_list":["post-11980","page","type-page","status-publish","has-post-thumbnail","hentry"],"acf":[],"_links":{"self":[{"href":"https:\/\/www.alyors.com\/es\/wp-json\/wp\/v2\/pages\/11980","targetHints":{"allow":["GET"]}}],"collection":[{"href":"https:\/\/www.alyors.com\/es\/wp-json\/wp\/v2\/pages"}],"about":[{"href":"https:\/\/www.alyors.com\/es\/wp-json\/wp\/v2\/types\/page"}],"author":[{"embeddable":true,"href":"https:\/\/www.alyors.com\/es\/wp-json\/wp\/v2\/users\/1"}],"replies":[{"embeddable":true,"href":"https:\/\/www.alyors.com\/es\/wp-json\/wp\/v2\/comments?post=11980"}],"version-history":[{"count":7,"href":"https:\/\/www.alyors.com\/es\/wp-json\/wp\/v2\/pages\/11980\/revisions"}],"predecessor-version":[{"id":11988,"href":"https:\/\/www.alyors.com\/es\/wp-json\/wp\/v2\/pages\/11980\/revisions\/11988"}],"up":[{"embeddable":true,"href":"https:\/\/www.alyors.com\/es\/wp-json\/wp\/v2\/pages\/11915"}],"wp:featuredmedia":[{"embeddable":true,"href":"https:\/\/www.alyors.com\/es\/wp-json\/wp\/v2\/media\/11981"}],"wp:attachment":[{"href":"https:\/\/www.alyors.com\/es\/wp-json\/wp\/v2\/media?parent=11980"}],"curies":[{"name":"wp","href":"https:\/\/api.w.org\/{rel}","templated":true}]}}