{"id":12071,"date":"2024-03-06T10:50:37","date_gmt":"2024-03-06T10:50:37","guid":{"rendered":"https:\/\/www.alyors.com\/?page_id=12071"},"modified":"2025-03-26T10:32:15","modified_gmt":"2025-03-26T10:32:15","slug":"biocell","status":"publish","type":"page","link":"https:\/\/www.alyors.com\/es\/corporativo\/filiales\/biocell\/","title":{"rendered":"Biocell"},"content":{"rendered":"\t\t<div data-elementor-type=\"wp-page\" data-elementor-id=\"12071\" class=\"elementor elementor-12071 elementor-2909\" data-elementor-post-type=\"page\">\n\t\t\t\t<div class=\"elementor-element elementor-element-4d92409c e-flex e-con-boxed e-con e-parent\" data-id=\"4d92409c\" data-element_type=\"container\" data-e-type=\"container\">\n\t\t\t\t\t<div class=\"e-con-inner\">\n\t\t\t\t<div class=\"elementor-element elementor-element-1719427e section-title section-title--centered elementor-widget elementor-widget-heading\" data-id=\"1719427e\" data-element_type=\"widget\" data-e-type=\"widget\" data-widget_type=\"heading.default\">\n\t\t\t\t<div class=\"elementor-widget-container\">\n\t\t\t\t\t<h1 class=\"elementor-heading-title elementor-size-default\">Biocell<\/h1>\t\t\t\t<\/div>\n\t\t\t\t<\/div>\n\t\t\t\t<div class=\"elementor-element elementor-element-1102186f elementor-widget elementor-widget-heading\" data-id=\"1102186f\" data-element_type=\"widget\" data-e-type=\"widget\" data-widget_type=\"heading.default\">\n\t\t\t\t<div class=\"elementor-widget-container\">\n\t\t\t\t\t<h2 class=\"elementor-heading-title elementor-size-default\">Biocell es una empresa de fabricaci\u00f3n de plantas medicinales y materias primas a base de plantas para satisfacer la necesidad del mercado de materias primas de calidad.<\/h2>\t\t\t\t<\/div>\n\t\t\t\t<\/div>\n\t\t\t\t<div class=\"elementor-element elementor-element-1ff2421 elementor-widget elementor-widget-text-editor\" data-id=\"1ff2421\" data-element_type=\"widget\" data-e-type=\"widget\" data-widget_type=\"text-editor.default\">\n\t\t\t\t<div class=\"elementor-widget-container\">\n\t\t\t\t\t\t\t\t\t<p>Biocell fue fundada en Estambul en 2020 por l\u00edderes experimentados del sector de la salud con la visi\u00f3n com\u00fan de satisfacer la demanda del mercado de extractos de hierbas de alta calidad. Estamos orgullosos de nuestro compromiso con el desarrollo y la comercializaci\u00f3n de productos en diversos sectores, como plantas medicinales, productos farmac\u00e9uticos, alimentos complementarios, alimentos y bebidas, cosm\u00e9ticos y piensos.<\/p><p>Impulsada por una filosof\u00eda fundacional, Biocell pretende tender un puente entre la rica diversidad de plantas end\u00e9micas de nuestro pa\u00eds y la dependencia predominante de las importaciones. Nuestra misi\u00f3n es satisfacer las necesidades de nuestras empresas afiliadas produciendo materias primas localmente y utiliz\u00e1ndolas para crear productos aptos para la exportaci\u00f3n destinados al mercado mundial. En la actualidad, nos centramos en la producci\u00f3n de 20 extractos de hierbas, y seguimos trabajando para ampliar nuestra cartera.<\/p><p>En Biocell, nuestras instalaciones de vanguardia, nuestras s\u00f3lidas iniciativas de I+D, nuestras colaboraciones con las principales universidades y nuestra adhesi\u00f3n a los principios cient\u00edficos nos distinguen. Nos dedicamos a respaldar nuestros objetivos de producci\u00f3n mediante una cadena de suministro fiable, haciendo hincapi\u00e9 en el cultivo y la extracci\u00f3n de productos bot\u00e1nicos clave como la baya del sa\u00faco negro, el romero, la melisa y el cilantro. Estas plantas se han sometido a un amplio desarrollo del producto, lo que ha dado lugar a la producci\u00f3n de extractos herbales locales de alta calidad.<\/p><p>A medida que avanzamos, nuestro compromiso se extiende a los continuos desarrollos en extractos de plantas, incluyendo Extracto de Uva, Blakesnake, Hayit, L\u00fapulo, Comino Negro, Tomillo, Hierba de San Juan y Menta Medicinal. A trav\u00e9s de estos esfuerzos, Biocell sigue contribuyendo al crecimiento y la sostenibilidad de Alyors, estableci\u00e9ndose como un nombre de confianza en el campo de la fabricaci\u00f3n de extractos de hierbas.<\/p>\t\t\t\t\t\t\t\t<\/div>\n\t\t\t\t<\/div>\n\t\t\t\t\t<\/div>\n\t\t\t\t<\/div>\n\t\t<div class=\"elementor-element elementor-element-10f8867c e-flex e-con-boxed e-con e-parent\" data-id=\"10f8867c\" data-element_type=\"container\" data-e-type=\"container\">\n\t\t\t\t\t<div class=\"e-con-inner\">\n\t\t\t\t<div class=\"elementor-element elementor-element-505e4bdf elementor-widget elementor-widget-image\" data-id=\"505e4bdf\" data-element_type=\"widget\" data-e-type=\"widget\" data-widget_type=\"image.default\">\n\t\t\t\t<div class=\"elementor-widget-container\">\n\t\t\t\t\t\t\t\t\t\t\t\t\t\t\t<img fetchpriority=\"high\" decoding=\"async\" width=\"800\" height=\"142\" src=\"https:\/\/www.alyors.com\/wp-content\/uploads\/2024\/03\/biocell-logo.svg\" class=\"attachment-large size-large wp-image-11922\" alt=\"\" \/>\t\t\t\t\t\t\t\t\t\t\t\t\t\t\t<\/div>\n\t\t\t\t<\/div>\n\t\t\t\t<div class=\"elementor-element elementor-element-59899660 elementor-align-center elementor-widget elementor-widget-button\" data-id=\"59899660\" data-element_type=\"widget\" data-e-type=\"widget\" data-widget_type=\"button.default\">\n\t\t\t\t<div class=\"elementor-widget-container\">\n\t\t\t\t\t\t\t\t\t<div class=\"elementor-button-wrapper\">\n\t\t\t\t\t<a class=\"elementor-button elementor-button-link elementor-size-md\" href=\"https:\/\/biocell.com.tr\/en\/\" target=\"_blank\" rel=\"nofollow noopener\">\n\t\t\t\t\t\t<span class=\"elementor-button-content-wrapper\">\n\t\t\t\t\t\t\t\t\t<span class=\"elementor-button-text\">IR AL SITIO WEB DE LA EMPRESA<\/span>\n\t\t\t\t\t<\/span>\n\t\t\t\t\t<\/a>\n\t\t\t\t<\/div>\n\t\t\t\t\t\t\t\t<\/div>\n\t\t\t\t<\/div>\n\t\t\t\t\t<\/div>\n\t\t\t\t<\/div>\n\t\t<div class=\"elementor-element elementor-element-3ee65a94 e-flex e-con-boxed e-con e-parent\" data-id=\"3ee65a94\" data-element_type=\"container\" data-e-type=\"container\">\n\t\t\t\t\t<div class=\"e-con-inner\">\n\t\t\t\t<div class=\"elementor-element elementor-element-4e2a13a0 elementor-widget elementor-widget-heading\" data-id=\"4e2a13a0\" data-element_type=\"widget\" data-e-type=\"widget\" data-widget_type=\"heading.default\">\n\t\t\t\t<div class=\"elementor-widget-container\">\n\t\t\t\t\t<h2 class=\"elementor-heading-title elementor-size-default\">Productos<\/h2>\t\t\t\t<\/div>\n\t\t\t\t<\/div>\n\t\t\t\t\t<\/div>\n\t\t\t\t<\/div>\n\t\t<div class=\"elementor-element elementor-element-150342b6 e-flex e-con-boxed e-con e-parent\" data-id=\"150342b6\" data-element_type=\"container\" data-e-type=\"container\">\n\t\t\t\t\t<div class=\"e-con-inner\">\n\t\t\t\t<div class=\"elementor-element elementor-element-76bbb5d0 products-list elementor-widget elementor-widget-ucaddon_post_grid\" data-id=\"76bbb5d0\" data-element_type=\"widget\" data-e-type=\"widget\" data-widget_type=\"ucaddon_post_grid.default\">\n\t\t\t\t<div class=\"elementor-widget-container\">\n\t\t\t\t\t\n<!-- start Post Grid -->\n\t\t<link id='font-awesome-css' href='https:\/\/www.alyors.com\/wp-content\/plugins\/unlimited-elements-for-elementor-premium\/assets_libraries\/font-awesome6\/fontawesome-all.min.css' type='text\/css' rel='stylesheet' >\n\t\t<link id='font-awesome-4-shim-css' href='https:\/\/www.alyors.com\/wp-content\/plugins\/unlimited-elements-for-elementor-premium\/assets_libraries\/font-awesome6\/fontawesome-v4-shims.min.css' type='text\/css' rel='stylesheet' >\n\n<style>\/* widget: Post Grid *\/\n\n\r\n@keyframes uc_post_grid_elementor_76bbb5d0__item-animation {\r\n  0% {\r\n            transform: translateY(50px);\r\n        \t        \tfilter: blur(4px);\r\n\t\t\t\r\n    \t    opacity: 0;\r\n  }\r\n  100% {\r\n            transform: translateY(0px);\r\n        \t            filter: blur(0px);\r\n            \r\n    \t\topacity: 1;\r\n  }\r\n}\r\n\r\n\r\n#uc_post_grid_elementor_76bbb5d0 .ue-item{\r\n\topacity:0;\r\n}\r\n\r\n\r\n#uc_post_grid_elementor_76bbb5d0 .uc-entrance-animate {\r\n  opacity:1;\r\n}\r\n\r\n#uc_post_grid_elementor_76bbb5d0 .uc-entrance-animate {\r\n\tanimation: uc_post_grid_elementor_76bbb5d0__item-animation 0.6s cubic-bezier(0.470, 0.000, 0.745, 0.715) both;\r\n}\r\n\r\n\t\t\t\n\n#uc_post_grid_elementor_76bbb5d0.uc_post_grid_style_one .uc_post_grid_style_one_wrap {\n   display:grid;\n}\n\n\n#uc_post_grid_elementor_76bbb5d0 .uc_post_grid_style_one_item\n{\n  position:relative;\n}\n\n#uc_post_grid_elementor_76bbb5d0 .uc_post_image\n{\n  transition:0.3s;\n  position:relative;\n  overflow:hidden;\n}\n\n#uc_post_grid_elementor_76bbb5d0 .uc_post_image img\n{\n  width:100%;\n  display:block;\n  transition:0.3s;\n}\n\n\n\t\n\n\n\n\n\n\n#uc_post_grid_elementor_76bbb5d0 .uc_post_image_overlay\n{\n  position:absolute;\n  top:0px;\n  left:0px;\n  height:100%;\n  width:100%;\n  transition:0.3s;\n}\n\n#uc_post_grid_elementor_76bbb5d0 .uc_more_btn-custom-field\n{\n  display:inline-block;\n  text-align:center;\n  text-decoration:none;\n  transition:0.3s;\n}\n\n#uc_post_grid_elementor_76bbb5d0 .uc_more_btn\n{\n  display:inline-block;\n  text-align:center;\n  text-decoration:none;\n  transition:0.3s;\n}\n\n.ue-grid-item-category a\n{\n  display:inline-block;\n  font-size:10px;\n  \n}\n#uc_post_grid_elementor_76bbb5d0 .ue-grid-item-category a{\n    cursor: text;\n  }\n.uc_post_title\n{\n  font-size:21px;\n}\n\n\n\n#uc_post_grid_elementor_76bbb5d0 .ue_post_grid_item\n{\n  display:flex;\n  flex-direction:column;\n}\n\n#uc_post_grid_elementor_76bbb5d0.uc_post_grid_style_one .uc_content{\n flex-grow:1;\n}\n\n#uc_post_grid_elementor_76bbb5d0.uc_post_grid_style_one .uc_content > div\n{\n  height:100%;\n  display:flex;\n  flex-direction:column;\n  justify-content: space-between;}\n\n    #uc_post_grid_elementor_76bbb5d0 .uc_post_button\n   {\n     margin-top:auto;\n   }\n  \n\n\n\n\n\n\n\n\n\n\n\n\n\n\n\n\n\n\n\n\n\n\n#uc_post_grid_elementor_76bbb5d0 .ue-meta-data\n{\n  \n  display:flex;\n\n  flex-wrap: wrap;\n  line-height:1em;\n}\n\n#uc_post_grid_elementor_76bbb5d0 .ue-grid-item-meta-data\n{\n      display:inline-flex;\n      align-items:center;\n}\n\n#uc_post_grid_elementor_76bbb5d0 .ue-grid-item-meta-data a{\n  color:inherit;\n}\n\n.ue-grid-item-meta-data\n{\n  font-size:12px;\n}\n\n#uc_post_grid_elementor_76bbb5d0 .ue-grid-item-meta-data-icon\n{\n  line-height:1em;\n}\n\n#uc_post_grid_elementor_76bbb5d0 .ue-grid-item-meta-data-icon svg\n{\n  width:1em;\n  height:1em;\n}\n\n#uc_post_grid_elementor_76bbb5d0 .ue-debug-meta\n{\n  padding:10px;\n  border:1px solid red;\n  position:relative;\n  line-height:1.5em;\n  font-size:11px;\n  width:100%;\n}\n\n#uc_post_grid_elementor_76bbb5d0 .uc_btn_inner\n{\n  display:inline-flex;\n  align-items:center;\n}\n\n#uc_post_grid_elementor_76bbb5d0 .uc_btn_inner svg\n{\n  width:1em;\n  height:1em;\n}\n\n  #uc_post_grid_elementor_76bbb5d0 .ue_post_full_link{\n    position:absolute;\n    width:100%;\n    height:100%;\n    top:0;\n    left:0;\n  }\n\n\n\n<\/style>\n\n<div class=\"uc_post_grid_style_one uc-filterable-grid \" id=\"uc_post_grid_elementor_76bbb5d0\"  data-ajax='true'  data-filterbehave='ajax'  querydata='{&quot;count_posts&quot;:0,&quot;total_posts&quot;:0,&quot;page&quot;:1,&quot;num_pages&quot;:1}' >\n\t\t<div class=\"uc_post_grid_style_one_wrap ue_post_grid uc-items-wrapper\">\n\t\t\t\n\t\t<\/div>\n\t<\/div>\n\n\n\n  <div id=\"uc_post_grid_elementor_76bbb5d0_empty_message\" class=\"ue-no-posts-found\" >No products found<\/div>\n\n\n<!-- end Post Grid -->\t\t\t\t<\/div>\n\t\t\t\t<\/div>\n\t\t\t\t<div class=\"elementor-element elementor-element-45ff486f elementor-align-center elementor-widget elementor-widget-button\" data-id=\"45ff486f\" data-element_type=\"widget\" data-e-type=\"widget\" data-widget_type=\"button.default\">\n\t\t\t\t<div class=\"elementor-widget-container\">\n\t\t\t\t\t\t\t\t\t<div class=\"elementor-button-wrapper\">\n\t\t\t\t\t<a class=\"elementor-button elementor-button-link elementor-size-md\" href=\"https:\/\/www.alyors.com\/es\/brand\/dr-thomson-jones\/\">\n\t\t\t\t\t\t<span class=\"elementor-button-content-wrapper\">\n\t\t\t\t\t\t\t\t\t<span class=\"elementor-button-text\">Ver todo<\/span>\n\t\t\t\t\t<\/span>\n\t\t\t\t\t<\/a>\n\t\t\t\t<\/div>\n\t\t\t\t\t\t\t\t<\/div>\n\t\t\t\t<\/div>\n\t\t\t\t\t<\/div>\n\t\t\t\t<\/div>\n\t\t\t\t<\/div>\n\t\t","protected":false},"excerpt":{"rendered":"<p>Biocell es una empresa de fabricaci\u00f3n de plantas medicinales y materias primas a base de plantas para satisfacer la necesidad del mercado de materias primas de calidad. Biocell fue fundada en Estambul en 2020 por l\u00edderes experimentados del sector de la salud con la visi\u00f3n com\u00fan de satisfacer la demanda del mercado de extractos de [&hellip;]<\/p>\n","protected":false},"author":1,"featured_media":11928,"parent":12060,"menu_order":0,"comment_status":"closed","ping_status":"closed","template":"","meta":{"_acf_changed":false,"inline_featured_image":false,"footnotes":""},"class_list":["post-12071","page","type-page","status-publish","has-post-thumbnail","hentry"],"acf":[],"_links":{"self":[{"href":"https:\/\/www.alyors.com\/es\/wp-json\/wp\/v2\/pages\/12071","targetHints":{"allow":["GET"]}}],"collection":[{"href":"https:\/\/www.alyors.com\/es\/wp-json\/wp\/v2\/pages"}],"about":[{"href":"https:\/\/www.alyors.com\/es\/wp-json\/wp\/v2\/types\/page"}],"author":[{"embeddable":true,"href":"https:\/\/www.alyors.com\/es\/wp-json\/wp\/v2\/users\/1"}],"replies":[{"embeddable":true,"href":"https:\/\/www.alyors.com\/es\/wp-json\/wp\/v2\/comments?post=12071"}],"version-history":[{"count":4,"href":"https:\/\/www.alyors.com\/es\/wp-json\/wp\/v2\/pages\/12071\/revisions"}],"predecessor-version":[{"id":12075,"href":"https:\/\/www.alyors.com\/es\/wp-json\/wp\/v2\/pages\/12071\/revisions\/12075"}],"up":[{"embeddable":true,"href":"https:\/\/www.alyors.com\/es\/wp-json\/wp\/v2\/pages\/12060"}],"wp:featuredmedia":[{"embeddable":true,"href":"https:\/\/www.alyors.com\/es\/wp-json\/wp\/v2\/media\/11928"}],"wp:attachment":[{"href":"https:\/\/www.alyors.com\/es\/wp-json\/wp\/v2\/media?parent=12071"}],"curies":[{"name":"wp","href":"https:\/\/api.w.org\/{rel}","templated":true}]}}