{"id":12089,"date":"2024-03-06T10:52:31","date_gmt":"2024-03-06T10:52:31","guid":{"rendered":"https:\/\/www.alyors.com\/?page_id=12089"},"modified":"2025-03-26T10:38:55","modified_gmt":"2025-03-26T10:38:55","slug":"nuvita-pharmaceuticals","status":"publish","type":"page","link":"https:\/\/www.alyors.com\/es\/corporativo\/filiales\/nuvita-pharmaceuticals\/","title":{"rendered":"Nuvita Pharmaceuticals"},"content":{"rendered":"\t\t<div data-elementor-type=\"wp-page\" data-elementor-id=\"12089\" class=\"elementor elementor-12089 elementor-2919\" data-elementor-post-type=\"page\">\n\t\t\t\t<div class=\"elementor-element elementor-element-1112398b e-flex e-con-boxed e-con e-parent\" data-id=\"1112398b\" data-element_type=\"container\" data-e-type=\"container\">\n\t\t\t\t\t<div class=\"e-con-inner\">\n\t\t\t\t<div class=\"elementor-element elementor-element-4f9d7f1f section-title section-title--centered elementor-widget elementor-widget-heading\" data-id=\"4f9d7f1f\" data-element_type=\"widget\" data-e-type=\"widget\" data-widget_type=\"heading.default\">\n\t\t\t\t<div class=\"elementor-widget-container\">\n\t\t\t\t\t<h1 class=\"elementor-heading-title elementor-size-default\">Nuvita Pharmaceuticals<\/h1>\t\t\t\t<\/div>\n\t\t\t\t<\/div>\n\t\t\t\t<div class=\"elementor-element elementor-element-7682f51 elementor-widget elementor-widget-heading\" data-id=\"7682f51\" data-element_type=\"widget\" data-e-type=\"widget\" data-widget_type=\"heading.default\">\n\t\t\t\t<div class=\"elementor-widget-container\">\n\t\t\t\t\t<h2 class=\"elementor-heading-title elementor-size-default\">De la ciencia a la vida<\/h2>\t\t\t\t<\/div>\n\t\t\t\t<\/div>\n\t\t\t\t<div class=\"elementor-element elementor-element-297f72f4 elementor-widget elementor-widget-text-editor\" data-id=\"297f72f4\" data-element_type=\"widget\" data-e-type=\"widget\" data-widget_type=\"text-editor.default\">\n\t\t\t\t<div class=\"elementor-widget-container\">\n\t\t\t\t\t\t\t\t\t<p>Nuvita Pharmaceuticals, uno de los principales fabricantes de complementos alimenticios del mercado nacional, se rige por tres valores fundamentales: abastecerse de materias primas de calidad, mantener unas buenas condiciones de fabricaci\u00f3n y defender pr\u00e1cticas de marketing \u00e9ticas.<\/p><p>Nuestra moderna planta de fabricaci\u00f3n ofrece servicios de fabricaci\u00f3n por contrato para una amplia gama de productos, como l\u00edquidos, sobres, c\u00e1psulas de gelatina blanda, c\u00e1psulas y comprimidos, adaptados a las necesidades de nuestros valiosos clientes. Todos nuestros procesos de fabricaci\u00f3n se ajustan a las normas internacionales m\u00e1s estrictas, incluidas las GMP, ISO 9001, ISO 22000 Normas de Calidad de Seguridad Alimentaria y Certificaci\u00f3n Halal.<\/p><p>\u00a0<\/p><p>En Nuvita Pharmaceuticals, nos mantenemos a la vanguardia de los avances tecnol\u00f3gicos, esforz\u00e1ndonos constantemente por compartir nuestro compromiso con la excelencia con nuestros socios y ganarnos la confianza inquebrantable de nuestros clientes. Nos enorgullecemos de ser un socio comercial preferente en el sector, con unas instalaciones de producci\u00f3n y unos est\u00e1ndares de calidad incomparables que nos diferencian de la competencia.<\/p><p>As\u00ed como nos aseguramos de que sus suplementos se elaboren con la mejor maquinaria disponible actualmente para los productores de suplementos, tambi\u00e9n somos conscientes de lo importante que es la calidad de los ingredientes y nos aseguramos de emplear \u00fanicamente las mejores materias primas.<\/p><p>Mediante el desarrollo de f\u00f3rmulas especializadas que aprovechan nuestra considerable experiencia en abastecimiento y nuestros conocimientos de I+D, podemos ayudar a diferenciar sus productos. Nos complace nuestra trayectoria de coherencia, fiabilidad y franqueza en todos los aspectos del desarrollo, la fabricaci\u00f3n, la entrega y el cumplimiento de los productos. Construimos nuestra l\u00ednea de innovaci\u00f3n con productos que impulsan el crecimiento de su marca privada combinando nuestras d\u00e9cadas de experiencia en el sector de la salud y el bienestar con soluciones basadas en datos.<\/p><p>Como empresa, estamos comprometidos con el desarrollo continuo a trav\u00e9s de inversiones estrat\u00e9gicas en nuestras operaciones, equipos y la contrataci\u00f3n y formaci\u00f3n de recursos humanos altamente cualificados. En Nuvita Pharmaceuticals, creemos que la clave de nuestro \u00e9xito reside en nuestra inquebrantable dedicaci\u00f3n a nuestros valores fundamentales y en la b\u00fasqueda incesante de la excelencia.<\/p>\t\t\t\t\t\t\t\t<\/div>\n\t\t\t\t<\/div>\n\t\t\t\t<div class=\"elementor-element elementor-element-4dcf4f59 elementor-widget elementor-widget-heading\" data-id=\"4dcf4f59\" data-element_type=\"widget\" data-e-type=\"widget\" data-widget_type=\"heading.default\">\n\t\t\t\t<div class=\"elementor-widget-container\">\n\t\t\t\t\t<h2 class=\"elementor-heading-title elementor-size-default\">Certificados Internacionales<\/h2>\t\t\t\t<\/div>\n\t\t\t\t<\/div>\n\t\t\t\t\t<\/div>\n\t\t\t\t<\/div>\n\t\t<div class=\"elementor-element elementor-element-6a78e3d0 e-flex e-con-boxed e-con e-parent\" data-id=\"6a78e3d0\" data-element_type=\"container\" data-e-type=\"container\">\n\t\t\t\t\t<div class=\"e-con-inner\">\n\t\t\t\t<div class=\"elementor-element elementor-element-664c5360 elementor-widget elementor-widget-image\" data-id=\"664c5360\" data-element_type=\"widget\" data-e-type=\"widget\" data-widget_type=\"image.default\">\n\t\t\t\t<div class=\"elementor-widget-container\">\n\t\t\t\t\t\t\t\t\t\t\t\t\t\t\t<img decoding=\"async\" width=\"150\" height=\"149\" src=\"https:\/\/www.alyors.com\/wp-content\/uploads\/2024\/03\/gmp96.svg\" class=\"attachment-thumbnail size-thumbnail wp-image-3016\" alt=\"\" \/>\t\t\t\t\t\t\t\t\t\t\t\t\t\t\t<\/div>\n\t\t\t\t<\/div>\n\t\t\t\t<div class=\"elementor-element elementor-element-932b288 elementor-widget elementor-widget-image\" data-id=\"932b288\" data-element_type=\"widget\" data-e-type=\"widget\" data-widget_type=\"image.default\">\n\t\t\t\t<div class=\"elementor-widget-container\">\n\t\t\t\t\t\t\t\t\t\t\t\t\t\t\t<img decoding=\"async\" width=\"150\" height=\"135\" src=\"https:\/\/www.alyors.com\/wp-content\/uploads\/2024\/03\/is2200097.svg\" class=\"attachment-thumbnail size-thumbnail wp-image-3014\" alt=\"\" \/>\t\t\t\t\t\t\t\t\t\t\t\t\t\t\t<\/div>\n\t\t\t\t<\/div>\n\t\t\t\t<div class=\"elementor-element elementor-element-6478d1c8 elementor-widget elementor-widget-image\" data-id=\"6478d1c8\" data-element_type=\"widget\" data-e-type=\"widget\" data-widget_type=\"image.default\">\n\t\t\t\t<div class=\"elementor-widget-container\">\n\t\t\t\t\t\t\t\t\t\t\t\t\t\t\t<img decoding=\"async\" width=\"150\" height=\"135\" src=\"https:\/\/www.alyors.com\/wp-content\/uploads\/2024\/03\/iso900198-172.svg\" class=\"attachment-thumbnail size-thumbnail wp-image-12132\" alt=\"\" \/>\t\t\t\t\t\t\t\t\t\t\t\t\t\t\t<\/div>\n\t\t\t\t<\/div>\n\t\t\t\t\t<\/div>\n\t\t\t\t<\/div>\n\t\t<div class=\"elementor-element elementor-element-4fdfc6c7 e-flex e-con-boxed e-con e-parent\" data-id=\"4fdfc6c7\" data-element_type=\"container\" data-e-type=\"container\">\n\t\t\t\t\t<div class=\"e-con-inner\">\n\t\t\t\t<div class=\"elementor-element elementor-element-2637c3ec elementor-widget elementor-widget-image\" data-id=\"2637c3ec\" data-element_type=\"widget\" data-e-type=\"widget\" data-widget_type=\"image.default\">\n\t\t\t\t<div class=\"elementor-widget-container\">\n\t\t\t\t\t\t\t\t\t\t\t\t\t\t\t<img loading=\"lazy\" decoding=\"async\" width=\"800\" height=\"254\" src=\"https:\/\/www.alyors.com\/wp-content\/uploads\/2024\/02\/nuvitasvg.svg\" class=\"attachment-large size-large wp-image-12090\" alt=\"\" \/>\t\t\t\t\t\t\t\t\t\t\t\t\t\t\t<\/div>\n\t\t\t\t<\/div>\n\t\t\t\t<div class=\"elementor-element elementor-element-7c92c1e7 elementor-align-center elementor-widget elementor-widget-button\" data-id=\"7c92c1e7\" data-element_type=\"widget\" data-e-type=\"widget\" data-widget_type=\"button.default\">\n\t\t\t\t<div class=\"elementor-widget-container\">\n\t\t\t\t\t\t\t\t\t<div class=\"elementor-button-wrapper\">\n\t\t\t\t\t<a class=\"elementor-button elementor-button-link elementor-size-md\" href=\"https:\/\/nuvita.com.tr\/\" target=\"_blank\" rel=\"nofollow noopener\">\n\t\t\t\t\t\t<span class=\"elementor-button-content-wrapper\">\n\t\t\t\t\t\t\t\t\t<span class=\"elementor-button-text\">IR AL SITIO WEB DE LA EMPRESA<\/span>\n\t\t\t\t\t<\/span>\n\t\t\t\t\t<\/a>\n\t\t\t\t<\/div>\n\t\t\t\t\t\t\t\t<\/div>\n\t\t\t\t<\/div>\n\t\t\t\t\t<\/div>\n\t\t\t\t<\/div>\n\t\t<div class=\"elementor-element elementor-element-54f240e4 e-flex e-con-boxed e-con e-parent\" data-id=\"54f240e4\" data-element_type=\"container\" data-e-type=\"container\">\n\t\t\t\t\t<div class=\"e-con-inner\">\n\t\t\t\t<div class=\"elementor-element elementor-element-2ec2373c elementor-widget elementor-widget-heading\" data-id=\"2ec2373c\" data-element_type=\"widget\" data-e-type=\"widget\" data-widget_type=\"heading.default\">\n\t\t\t\t<div class=\"elementor-widget-container\">\n\t\t\t\t\t<h2 class=\"elementor-heading-title elementor-size-default\">Productos<\/h2>\t\t\t\t<\/div>\n\t\t\t\t<\/div>\n\t\t\t\t\t<\/div>\n\t\t\t\t<\/div>\n\t\t<div class=\"elementor-element elementor-element-108f76cc e-flex e-con-boxed e-con e-parent\" data-id=\"108f76cc\" data-element_type=\"container\" data-e-type=\"container\">\n\t\t\t\t\t<div class=\"e-con-inner\">\n\t\t\t\t<div class=\"elementor-element elementor-element-6e72942a products-list elementor-widget elementor-widget-ucaddon_post_grid\" data-id=\"6e72942a\" data-element_type=\"widget\" data-e-type=\"widget\" data-widget_type=\"ucaddon_post_grid.default\">\n\t\t\t\t<div class=\"elementor-widget-container\">\n\t\t\t\t\t\n<!-- start Post Grid -->\n\t\t<link id='font-awesome-css' href='https:\/\/www.alyors.com\/wp-content\/plugins\/unlimited-elements-for-elementor-premium\/assets_libraries\/font-awesome6\/fontawesome-all.min.css' type='text\/css' rel='stylesheet' >\n\t\t<link id='font-awesome-4-shim-css' href='https:\/\/www.alyors.com\/wp-content\/plugins\/unlimited-elements-for-elementor-premium\/assets_libraries\/font-awesome6\/fontawesome-v4-shims.min.css' type='text\/css' rel='stylesheet' >\n\n<style>\/* widget: Post Grid *\/\n\n\r\n@keyframes uc_post_grid_elementor_6e72942a__item-animation {\r\n  0% {\r\n            transform: translateY(50px);\r\n        \t        \tfilter: blur(4px);\r\n\t\t\t\r\n    \t    opacity: 0;\r\n  }\r\n  100% {\r\n            transform: translateY(0px);\r\n        \t            filter: blur(0px);\r\n            \r\n    \t\topacity: 1;\r\n  }\r\n}\r\n\r\n\r\n#uc_post_grid_elementor_6e72942a .ue-item{\r\n\topacity:0;\r\n}\r\n\r\n\r\n#uc_post_grid_elementor_6e72942a .uc-entrance-animate {\r\n  opacity:1;\r\n}\r\n\r\n#uc_post_grid_elementor_6e72942a .uc-entrance-animate {\r\n\tanimation: uc_post_grid_elementor_6e72942a__item-animation 0.6s cubic-bezier(0.470, 0.000, 0.745, 0.715) both;\r\n}\r\n\r\n\t\t\t\n\n#uc_post_grid_elementor_6e72942a.uc_post_grid_style_one .uc_post_grid_style_one_wrap {\n   display:grid;\n}\n\n\n#uc_post_grid_elementor_6e72942a .uc_post_grid_style_one_item\n{\n  position:relative;\n}\n\n#uc_post_grid_elementor_6e72942a .uc_post_image\n{\n  transition:0.3s;\n  position:relative;\n  overflow:hidden;\n}\n\n#uc_post_grid_elementor_6e72942a .uc_post_image img\n{\n  width:100%;\n  display:block;\n  transition:0.3s;\n}\n\n\n\t\n\n\n\n\n\n\n#uc_post_grid_elementor_6e72942a .uc_post_image_overlay\n{\n  position:absolute;\n  top:0px;\n  left:0px;\n  height:100%;\n  width:100%;\n  transition:0.3s;\n}\n\n#uc_post_grid_elementor_6e72942a .uc_more_btn-custom-field\n{\n  display:inline-block;\n  text-align:center;\n  text-decoration:none;\n  transition:0.3s;\n}\n\n#uc_post_grid_elementor_6e72942a .uc_more_btn\n{\n  display:inline-block;\n  text-align:center;\n  text-decoration:none;\n  transition:0.3s;\n}\n\n.ue-grid-item-category a\n{\n  display:inline-block;\n  font-size:10px;\n  \n}\n#uc_post_grid_elementor_6e72942a .ue-grid-item-category a{\n    cursor: text;\n  }\n.uc_post_title\n{\n  font-size:21px;\n}\n\n\n\n#uc_post_grid_elementor_6e72942a .ue_post_grid_item\n{\n  display:flex;\n  flex-direction:column;\n}\n\n#uc_post_grid_elementor_6e72942a.uc_post_grid_style_one .uc_content{\n flex-grow:1;\n}\n\n#uc_post_grid_elementor_6e72942a.uc_post_grid_style_one .uc_content > div\n{\n  height:100%;\n  display:flex;\n  flex-direction:column;\n  justify-content: space-between;}\n\n    #uc_post_grid_elementor_6e72942a .uc_post_button\n   {\n     margin-top:auto;\n   }\n  \n\n\n\n\n\n\n\n\n\n\n\n\n\n\n\n\n\n\n\n\n\n\n#uc_post_grid_elementor_6e72942a .ue-meta-data\n{\n  \n  display:flex;\n\n  flex-wrap: wrap;\n  line-height:1em;\n}\n\n#uc_post_grid_elementor_6e72942a .ue-grid-item-meta-data\n{\n      display:inline-flex;\n      align-items:center;\n}\n\n#uc_post_grid_elementor_6e72942a .ue-grid-item-meta-data a{\n  color:inherit;\n}\n\n.ue-grid-item-meta-data\n{\n  font-size:12px;\n}\n\n#uc_post_grid_elementor_6e72942a .ue-grid-item-meta-data-icon\n{\n  line-height:1em;\n}\n\n#uc_post_grid_elementor_6e72942a .ue-grid-item-meta-data-icon svg\n{\n  width:1em;\n  height:1em;\n}\n\n#uc_post_grid_elementor_6e72942a .ue-debug-meta\n{\n  padding:10px;\n  border:1px solid red;\n  position:relative;\n  line-height:1.5em;\n  font-size:11px;\n  width:100%;\n}\n\n#uc_post_grid_elementor_6e72942a .uc_btn_inner\n{\n  display:inline-flex;\n  align-items:center;\n}\n\n#uc_post_grid_elementor_6e72942a .uc_btn_inner svg\n{\n  width:1em;\n  height:1em;\n}\n\n  #uc_post_grid_elementor_6e72942a .ue_post_full_link{\n    position:absolute;\n    width:100%;\n    height:100%;\n    top:0;\n    left:0;\n  }\n\n\n\n<\/style>\n\n<div class=\"uc_post_grid_style_one uc-filterable-grid \" id=\"uc_post_grid_elementor_6e72942a\"  data-ajax='true'  data-filterbehave='ajax'  querydata='{&quot;count_posts&quot;:0,&quot;total_posts&quot;:0,&quot;page&quot;:1,&quot;num_pages&quot;:1}' >\n\t\t<div class=\"uc_post_grid_style_one_wrap ue_post_grid uc-items-wrapper\">\n\t\t\t\n\t\t<\/div>\n\t<\/div>\n\n\n\n  <div id=\"uc_post_grid_elementor_6e72942a_empty_message\" class=\"ue-no-posts-found\" >No posts found<\/div>\n\n\n<!-- end Post Grid -->\t\t\t\t<\/div>\n\t\t\t\t<\/div>\n\t\t\t\t<div class=\"elementor-element elementor-element-6fcd6aee elementor-align-center elementor-widget elementor-widget-button\" data-id=\"6fcd6aee\" data-element_type=\"widget\" data-e-type=\"widget\" data-widget_type=\"button.default\">\n\t\t\t\t<div class=\"elementor-widget-container\">\n\t\t\t\t\t\t\t\t\t<div class=\"elementor-button-wrapper\">\n\t\t\t\t\t<a class=\"elementor-button elementor-button-link elementor-size-md\" href=\"https:\/\/www.alyors.com\/es\/brand\/naturalnest\/\">\n\t\t\t\t\t\t<span class=\"elementor-button-content-wrapper\">\n\t\t\t\t\t\t\t\t\t<span class=\"elementor-button-text\">Ver todo<\/span>\n\t\t\t\t\t<\/span>\n\t\t\t\t\t<\/a>\n\t\t\t\t<\/div>\n\t\t\t\t\t\t\t\t<\/div>\n\t\t\t\t<\/div>\n\t\t\t\t\t<\/div>\n\t\t\t\t<\/div>\n\t\t\t\t<\/div>\n\t\t","protected":false},"excerpt":{"rendered":"<p>De la ciencia a la vida Nuvita Pharmaceuticals, uno de los principales fabricantes de complementos alimenticios del mercado nacional, se rige por tres valores fundamentales: abastecerse de materias primas de calidad, mantener unas buenas condiciones de fabricaci\u00f3n y defender pr\u00e1cticas de marketing \u00e9ticas. Nuestra moderna planta de fabricaci\u00f3n ofrece servicios de fabricaci\u00f3n por contrato para [&hellip;]<\/p>\n","protected":false},"author":1,"featured_media":9257,"parent":12060,"menu_order":0,"comment_status":"closed","ping_status":"closed","template":"","meta":{"_acf_changed":false,"inline_featured_image":false,"footnotes":""},"class_list":["post-12089","page","type-page","status-publish","has-post-thumbnail","hentry"],"acf":[],"_links":{"self":[{"href":"https:\/\/www.alyors.com\/es\/wp-json\/wp\/v2\/pages\/12089","targetHints":{"allow":["GET"]}}],"collection":[{"href":"https:\/\/www.alyors.com\/es\/wp-json\/wp\/v2\/pages"}],"about":[{"href":"https:\/\/www.alyors.com\/es\/wp-json\/wp\/v2\/types\/page"}],"author":[{"embeddable":true,"href":"https:\/\/www.alyors.com\/es\/wp-json\/wp\/v2\/users\/1"}],"replies":[{"embeddable":true,"href":"https:\/\/www.alyors.com\/es\/wp-json\/wp\/v2\/comments?post=12089"}],"version-history":[{"count":7,"href":"https:\/\/www.alyors.com\/es\/wp-json\/wp\/v2\/pages\/12089\/revisions"}],"predecessor-version":[{"id":12097,"href":"https:\/\/www.alyors.com\/es\/wp-json\/wp\/v2\/pages\/12089\/revisions\/12097"}],"up":[{"embeddable":true,"href":"https:\/\/www.alyors.com\/es\/wp-json\/wp\/v2\/pages\/12060"}],"wp:featuredmedia":[{"embeddable":true,"href":"https:\/\/www.alyors.com\/es\/wp-json\/wp\/v2\/media\/9257"}],"wp:attachment":[{"href":"https:\/\/www.alyors.com\/es\/wp-json\/wp\/v2\/media?parent=12089"}],"curies":[{"name":"wp","href":"https:\/\/api.w.org\/{rel}","templated":true}]}}