{"id":12103,"date":"2024-03-06T10:53:07","date_gmt":"2024-03-06T10:53:07","guid":{"rendered":"https:\/\/www.alyors.com\/?page_id=12103"},"modified":"2025-03-26T10:41:39","modified_gmt":"2025-03-26T10:41:39","slug":"palmiye-pharmaceuticals","status":"publish","type":"page","link":"https:\/\/www.alyors.com\/es\/corporativo\/filiales\/palmiye-pharmaceuticals\/","title":{"rendered":"Palmiye Pharmaceuticals"},"content":{"rendered":"\t\t<div data-elementor-type=\"wp-page\" data-elementor-id=\"12103\" class=\"elementor elementor-12103 elementor-2923\" data-elementor-post-type=\"page\">\n\t\t\t\t<div class=\"elementor-element elementor-element-b78e96b e-flex e-con-boxed e-con e-parent\" data-id=\"b78e96b\" data-element_type=\"container\" data-e-type=\"container\">\n\t\t\t\t\t<div class=\"e-con-inner\">\n\t\t\t\t<div class=\"elementor-element elementor-element-1cb4e91c section-title section-title--centered elementor-widget elementor-widget-heading\" data-id=\"1cb4e91c\" data-element_type=\"widget\" data-e-type=\"widget\" data-widget_type=\"heading.default\">\n\t\t\t\t<div class=\"elementor-widget-container\">\n\t\t\t\t\t<h1 class=\"elementor-heading-title elementor-size-default\">Palmiye Pharmaceuticals<\/h1>\t\t\t\t<\/div>\n\t\t\t\t<\/div>\n\t\t\t\t<div class=\"elementor-element elementor-element-571361cc elementor-widget elementor-widget-text-editor\" data-id=\"571361cc\" data-element_type=\"widget\" data-e-type=\"widget\" data-widget_type=\"text-editor.default\">\n\t\t\t\t<div class=\"elementor-widget-container\">\n\t\t\t\t\t\t\t\t\t<p>Nuestra empresa se fund\u00f3 en enero de 2005 en Estambul para operar en el sector de los complementos alimenticios y la industria farmac\u00e9utica. Se ha hecho un hueco en el sector con su fuerte visi\u00f3n y su estructura din\u00e1mica, con el objetivo de unir a nuestro pa\u00eds con productos de calidad y cualificados.<\/p><p>Palmiye \u0130la\u00e7 ha desarrollado su propia marca Dr. Thomson, con la que ha presentado al sector una marca innovadora en 2020. Los productos Dr. Thomson son una gama de suplementos de farmacia formulados con la filosof\u00eda de alta calidad, precio asequible y m\u00e1ximo beneficio. Con esta marca, planea acuerdos de representaci\u00f3n de sus productos de calidad para el mercado extranjero.<\/p><p>\u00a0<\/p><p>Palmiye \u0130la\u00e7, que entr\u00f3 en 2021 con estos objetivos, busc\u00f3 un socio inversor con l\u00ednea de producci\u00f3n de alta calidad y experiencia en el pa\u00eds y que adem\u00e1s pudiera ser una luz en el sector. Al final de esta b\u00fasqueda, Palmiye \u0130la\u00e7 ha llegado a un acuerdo con ALYORS, una de las empresas l\u00edderes de Turqu\u00eda en OTC, con una aportaci\u00f3n de potencia de producci\u00f3n y experiencia sobre el terreno superior a la nuestra, para la venta del 75% de las acciones. Esperamos que Orzax logre un r\u00e1pido impulso de crecimiento mediante la creaci\u00f3n de sinergias con su poder de producci\u00f3n de alta calidad, el amplio conocimiento de la marca y la experiencia de los inversores extranjeros del pasado de Palmiye \u0130la\u00e7.<\/p><p>Nuestra empresa contin\u00faa sus actividades en el sector fortaleci\u00e9ndose con ALYORS junto con las marcas que representa y el contenido eficaz y los productos de calidad que ofrece al sector.<\/p>\t\t\t\t\t\t\t\t<\/div>\n\t\t\t\t<\/div>\n\t\t\t\t\t<\/div>\n\t\t\t\t<\/div>\n\t\t<div class=\"elementor-element elementor-element-5e9ba578 e-flex e-con-boxed e-con e-parent\" data-id=\"5e9ba578\" data-element_type=\"container\" data-e-type=\"container\">\n\t\t\t\t\t<div class=\"e-con-inner\">\n\t\t\t\t<div class=\"elementor-element elementor-element-72d9168a elementor-widget elementor-widget-image\" data-id=\"72d9168a\" data-element_type=\"widget\" data-e-type=\"widget\" data-widget_type=\"image.default\">\n\t\t\t\t<div class=\"elementor-widget-container\">\n\t\t\t\t\t\t\t\t\t\t\t\t\t\t\t<img fetchpriority=\"high\" decoding=\"async\" width=\"800\" height=\"248\" src=\"https:\/\/www.alyors.com\/wp-content\/uploads\/2024\/03\/palmiye-ilac.svg\" class=\"attachment-large size-large wp-image-12063\" alt=\"\" \/>\t\t\t\t\t\t\t\t\t\t\t\t\t\t\t<\/div>\n\t\t\t\t<\/div>\n\t\t\t\t\t<\/div>\n\t\t\t\t<\/div>\n\t\t<div class=\"elementor-element elementor-element-4b193479 e-flex e-con-boxed e-con e-parent\" data-id=\"4b193479\" data-element_type=\"container\" data-e-type=\"container\">\n\t\t\t\t\t<div class=\"e-con-inner\">\n\t\t\t\t<div class=\"elementor-element elementor-element-6856f42b elementor-widget elementor-widget-heading\" data-id=\"6856f42b\" data-element_type=\"widget\" data-e-type=\"widget\" data-widget_type=\"heading.default\">\n\t\t\t\t<div class=\"elementor-widget-container\">\n\t\t\t\t\t<h2 class=\"elementor-heading-title elementor-size-default\">Productos<\/h2>\t\t\t\t<\/div>\n\t\t\t\t<\/div>\n\t\t\t\t\t<\/div>\n\t\t\t\t<\/div>\n\t\t<div class=\"elementor-element elementor-element-7a891d9b e-flex e-con-boxed e-con e-parent\" data-id=\"7a891d9b\" data-element_type=\"container\" data-e-type=\"container\">\n\t\t\t\t\t<div class=\"e-con-inner\">\n\t\t\t\t<div class=\"elementor-element elementor-element-28449b2d products-list elementor-widget elementor-widget-ucaddon_post_grid\" data-id=\"28449b2d\" data-element_type=\"widget\" data-e-type=\"widget\" data-widget_type=\"ucaddon_post_grid.default\">\n\t\t\t\t<div class=\"elementor-widget-container\">\n\t\t\t\t\t\n<!-- start Post Grid -->\n\t\t<link id='font-awesome-css' href='https:\/\/www.alyors.com\/wp-content\/plugins\/unlimited-elements-for-elementor-premium\/assets_libraries\/font-awesome6\/fontawesome-all.min.css' type='text\/css' rel='stylesheet' >\n\t\t<link id='font-awesome-4-shim-css' href='https:\/\/www.alyors.com\/wp-content\/plugins\/unlimited-elements-for-elementor-premium\/assets_libraries\/font-awesome6\/fontawesome-v4-shims.min.css' type='text\/css' rel='stylesheet' >\n\n<style>\/* widget: Post Grid *\/\n\n\r\n@keyframes uc_post_grid_elementor_28449b2d__item-animation {\r\n  0% {\r\n            transform: translateY(50px);\r\n        \t        \tfilter: blur(4px);\r\n\t\t\t\r\n    \t    opacity: 0;\r\n  }\r\n  100% {\r\n            transform: translateY(0px);\r\n        \t            filter: blur(0px);\r\n            \r\n    \t\topacity: 1;\r\n  }\r\n}\r\n\r\n\r\n#uc_post_grid_elementor_28449b2d .ue-item{\r\n\topacity:0;\r\n}\r\n\r\n\r\n#uc_post_grid_elementor_28449b2d .uc-entrance-animate {\r\n  opacity:1;\r\n}\r\n\r\n#uc_post_grid_elementor_28449b2d .uc-entrance-animate {\r\n\tanimation: uc_post_grid_elementor_28449b2d__item-animation 0.6s cubic-bezier(0.470, 0.000, 0.745, 0.715) both;\r\n}\r\n\r\n\t\t\t\n\n#uc_post_grid_elementor_28449b2d.uc_post_grid_style_one .uc_post_grid_style_one_wrap {\n   display:grid;\n}\n\n\n#uc_post_grid_elementor_28449b2d .uc_post_grid_style_one_item\n{\n  position:relative;\n}\n\n#uc_post_grid_elementor_28449b2d .uc_post_image\n{\n  transition:0.3s;\n  position:relative;\n  overflow:hidden;\n}\n\n#uc_post_grid_elementor_28449b2d .uc_post_image img\n{\n  width:100%;\n  display:block;\n  transition:0.3s;\n}\n\n\n\t\n\n\n\n\n\n\n#uc_post_grid_elementor_28449b2d .uc_post_image_overlay\n{\n  position:absolute;\n  top:0px;\n  left:0px;\n  height:100%;\n  width:100%;\n  transition:0.3s;\n}\n\n#uc_post_grid_elementor_28449b2d .uc_more_btn-custom-field\n{\n  display:inline-block;\n  text-align:center;\n  text-decoration:none;\n  transition:0.3s;\n}\n\n#uc_post_grid_elementor_28449b2d .uc_more_btn\n{\n  display:inline-block;\n  text-align:center;\n  text-decoration:none;\n  transition:0.3s;\n}\n\n.ue-grid-item-category a\n{\n  display:inline-block;\n  font-size:10px;\n  \n}\n#uc_post_grid_elementor_28449b2d .ue-grid-item-category a{\n    cursor: text;\n  }\n.uc_post_title\n{\n  font-size:21px;\n}\n\n\n\n#uc_post_grid_elementor_28449b2d .ue_post_grid_item\n{\n  display:flex;\n  flex-direction:column;\n}\n\n#uc_post_grid_elementor_28449b2d.uc_post_grid_style_one .uc_content{\n flex-grow:1;\n}\n\n#uc_post_grid_elementor_28449b2d.uc_post_grid_style_one .uc_content > div\n{\n  height:100%;\n  display:flex;\n  flex-direction:column;\n  justify-content: space-between;}\n\n    #uc_post_grid_elementor_28449b2d .uc_post_button\n   {\n     margin-top:auto;\n   }\n  \n\n\n\n\n\n\n\n\n\n\n\n\n\n\n\n\n\n\n\n\n\n\n#uc_post_grid_elementor_28449b2d .ue-meta-data\n{\n  \n  display:flex;\n\n  flex-wrap: wrap;\n  line-height:1em;\n}\n\n#uc_post_grid_elementor_28449b2d .ue-grid-item-meta-data\n{\n      display:inline-flex;\n      align-items:center;\n}\n\n#uc_post_grid_elementor_28449b2d .ue-grid-item-meta-data a{\n  color:inherit;\n}\n\n.ue-grid-item-meta-data\n{\n  font-size:12px;\n}\n\n#uc_post_grid_elementor_28449b2d .ue-grid-item-meta-data-icon\n{\n  line-height:1em;\n}\n\n#uc_post_grid_elementor_28449b2d .ue-grid-item-meta-data-icon svg\n{\n  width:1em;\n  height:1em;\n}\n\n#uc_post_grid_elementor_28449b2d .ue-debug-meta\n{\n  padding:10px;\n  border:1px solid red;\n  position:relative;\n  line-height:1.5em;\n  font-size:11px;\n  width:100%;\n}\n\n#uc_post_grid_elementor_28449b2d .uc_btn_inner\n{\n  display:inline-flex;\n  align-items:center;\n}\n\n#uc_post_grid_elementor_28449b2d .uc_btn_inner svg\n{\n  width:1em;\n  height:1em;\n}\n\n  #uc_post_grid_elementor_28449b2d .ue_post_full_link{\n    position:absolute;\n    width:100%;\n    height:100%;\n    top:0;\n    left:0;\n  }\n\n\n\n<\/style>\n\n<div class=\"uc_post_grid_style_one uc-filterable-grid \" id=\"uc_post_grid_elementor_28449b2d\"  data-ajax='true'  data-filterbehave='ajax'  querydata='{&quot;count_posts&quot;:0,&quot;total_posts&quot;:0,&quot;page&quot;:1,&quot;num_pages&quot;:1}' >\n\t\t<div class=\"uc_post_grid_style_one_wrap ue_post_grid uc-items-wrapper\">\n\t\t\t\n\t\t<\/div>\n\t<\/div>\n\n\n\n  <div id=\"uc_post_grid_elementor_28449b2d_empty_message\" class=\"ue-no-posts-found\" >No posts found<\/div>\n\n\n<!-- end Post Grid -->\t\t\t\t<\/div>\n\t\t\t\t<\/div>\n\t\t\t\t<div class=\"elementor-element elementor-element-cdeeefe elementor-align-center elementor-widget elementor-widget-button\" data-id=\"cdeeefe\" data-element_type=\"widget\" data-e-type=\"widget\" data-widget_type=\"button.default\">\n\t\t\t\t<div class=\"elementor-widget-container\">\n\t\t\t\t\t\t\t\t\t<div class=\"elementor-button-wrapper\">\n\t\t\t\t\t<a class=\"elementor-button elementor-button-link elementor-size-md\" href=\"https:\/\/www.alyors.com\/es\/brand\/dr-thomson-jones\/\">\n\t\t\t\t\t\t<span class=\"elementor-button-content-wrapper\">\n\t\t\t\t\t\t\t\t\t<span class=\"elementor-button-text\">Ver todo<\/span>\n\t\t\t\t\t<\/span>\n\t\t\t\t\t<\/a>\n\t\t\t\t<\/div>\n\t\t\t\t\t\t\t\t<\/div>\n\t\t\t\t<\/div>\n\t\t\t\t\t<\/div>\n\t\t\t\t<\/div>\n\t\t\t\t<\/div>\n\t\t","protected":false},"excerpt":{"rendered":"<p>Nuestra empresa se fund\u00f3 en enero de 2005 en Estambul para operar en el sector de los complementos alimenticios y la industria farmac\u00e9utica. Se ha hecho un hueco en el sector con su fuerte visi\u00f3n y su estructura din\u00e1mica, con el objetivo de unir a nuestro pa\u00eds con productos de calidad y cualificados. Palmiye \u0130la\u00e7 [&hellip;]<\/p>\n","protected":false},"author":1,"featured_media":9257,"parent":12060,"menu_order":0,"comment_status":"closed","ping_status":"closed","template":"","meta":{"_acf_changed":false,"inline_featured_image":false,"footnotes":""},"class_list":["post-12103","page","type-page","status-publish","has-post-thumbnail","hentry"],"acf":[],"_links":{"self":[{"href":"https:\/\/www.alyors.com\/es\/wp-json\/wp\/v2\/pages\/12103","targetHints":{"allow":["GET"]}}],"collection":[{"href":"https:\/\/www.alyors.com\/es\/wp-json\/wp\/v2\/pages"}],"about":[{"href":"https:\/\/www.alyors.com\/es\/wp-json\/wp\/v2\/types\/page"}],"author":[{"embeddable":true,"href":"https:\/\/www.alyors.com\/es\/wp-json\/wp\/v2\/users\/1"}],"replies":[{"embeddable":true,"href":"https:\/\/www.alyors.com\/es\/wp-json\/wp\/v2\/comments?post=12103"}],"version-history":[{"count":4,"href":"https:\/\/www.alyors.com\/es\/wp-json\/wp\/v2\/pages\/12103\/revisions"}],"predecessor-version":[{"id":12107,"href":"https:\/\/www.alyors.com\/es\/wp-json\/wp\/v2\/pages\/12103\/revisions\/12107"}],"up":[{"embeddable":true,"href":"https:\/\/www.alyors.com\/es\/wp-json\/wp\/v2\/pages\/12060"}],"wp:featuredmedia":[{"embeddable":true,"href":"https:\/\/www.alyors.com\/es\/wp-json\/wp\/v2\/media\/9257"}],"wp:attachment":[{"href":"https:\/\/www.alyors.com\/es\/wp-json\/wp\/v2\/media?parent=12103"}],"curies":[{"name":"wp","href":"https:\/\/api.w.org\/{rel}","templated":true}]}}