{"id":12116,"date":"2024-02-29T19:46:22","date_gmt":"2024-02-29T19:46:22","guid":{"rendered":"https:\/\/www.alyors.com\/?page_id=12116"},"modified":"2025-03-26T11:00:08","modified_gmt":"2025-03-26T11:00:08","slug":"sostenibilidad","status":"publish","type":"page","link":"https:\/\/www.alyors.com\/es\/corporativo\/sostenibilidad\/","title":{"rendered":"Sostenibilidad"},"content":{"rendered":"\t\t<div data-elementor-type=\"wp-page\" data-elementor-id=\"12116\" class=\"elementor elementor-12116 elementor-1422\" data-elementor-post-type=\"page\">\n\t\t\t\t<div class=\"elementor-element elementor-element-b3f733b e-flex e-con-boxed e-con e-parent\" data-id=\"b3f733b\" data-element_type=\"container\" data-e-type=\"container\">\n\t\t\t\t\t<div class=\"e-con-inner\">\n\t\t\t\t<div class=\"elementor-element elementor-element-b89a49f elementor-widget elementor-widget-text-editor\" data-id=\"b89a49f\" data-element_type=\"widget\" data-e-type=\"widget\" data-widget_type=\"text-editor.default\">\n\t\t\t\t<div class=\"elementor-widget-container\">\n\t\t\t\t\t\t\t\t\t<p>En Alyors no solo reconocemos la importancia de la sostenibilidad, sino tambi\u00e9n la de ser conscientes de las cuestiones medioambientales, sociales y de gobernanza. Nuestro equipo y nosotros hemos tomado medidas proactivas para incorporar los principios ESG a nuestras operaciones.<\/p><p>Para abordar nuestra huella digital y nuestra huella de carbono global a nivel personal, hemos establecido indicadores clave de rendimiento (KPI) ESG espec\u00edficos. Estos KPI sirven como puntos de referencia para medir nuestro progreso en la reducci\u00f3n de nuestro impacto medioambiental. Adem\u00e1s, hemos impartido formaci\u00f3n a nuestro personal para ayudarle a adoptar medidas personales que se ajusten a nuestros objetivos de sostenibilidad en su vida diaria.<\/p><p>La sostenibilidad es un pilar central de nuestra estrategia de \u00e9xito a largo plazo. Estamos plenamente comprometidos a minimizar nuestro impacto medioambiental, manteniendo al mismo tiempo los m\u00e1s altos niveles de calidad y seguridad de nuestros productos. Nuestro enfoque de la sostenibilidad gira en torno a tres \u00e1reas fundamentales:<\/p>\t\t\t\t\t\t\t\t<\/div>\n\t\t\t\t<\/div>\n\t\t\t\t<div class=\"elementor-element elementor-element-94d266f elementor-widget elementor-widget-heading\" data-id=\"94d266f\" data-element_type=\"widget\" data-e-type=\"widget\" data-widget_type=\"heading.default\">\n\t\t\t\t<div class=\"elementor-widget-container\">\n\t\t\t\t\t<h2 class=\"elementor-heading-title elementor-size-default\">Reducir nuestra huella de carbono<\/h2>\t\t\t\t<\/div>\n\t\t\t\t<\/div>\n\t\t\t\t<div class=\"elementor-element elementor-element-f51272e elementor-widget elementor-widget-text-editor\" data-id=\"f51272e\" data-element_type=\"widget\" data-e-type=\"widget\" data-widget_type=\"text-editor.default\">\n\t\t\t\t<div class=\"elementor-widget-container\">\n\t\t\t\t\t\t\t\t\t<p>Hemos emprendido varias iniciativas para reducir nuestro consumo de energ\u00eda y mejorar la eficiencia de nuestra cadena de suministro. La adopci\u00f3n de energ\u00edas renovables es un aspecto clave de esta estrategia. Nos hemos fijado objetivos ambiciosos para reducir nuestras emisiones de gases de efecto invernadero y hemos invertido en tecnolog\u00edas energ\u00e9ticamente eficientes, como iluminaci\u00f3n LED y paneles solares, para alcanzar estas metas. Adem\u00e1s, optimizamos continuamente nuestras rutas de transporte para minimizar las emisiones de carbono y reducir nuestra dependencia de los combustibles f\u00f3siles.<\/p>\t\t\t\t\t\t\t\t<\/div>\n\t\t\t\t<\/div>\n\t\t\t\t<div class=\"elementor-element elementor-element-0eed93e elementor-widget elementor-widget-heading\" data-id=\"0eed93e\" data-element_type=\"widget\" data-e-type=\"widget\" data-widget_type=\"heading.default\">\n\t\t\t\t<div class=\"elementor-widget-container\">\n\t\t\t\t\t<h2 class=\"elementor-heading-title elementor-size-default\">Fomento del abastecimiento responsable<\/h2>\t\t\t\t<\/div>\n\t\t\t\t<\/div>\n\t\t\t\t<div class=\"elementor-element elementor-element-fae5da3 elementor-widget elementor-widget-text-editor\" data-id=\"fae5da3\" data-element_type=\"widget\" data-e-type=\"widget\" data-widget_type=\"text-editor.default\">\n\t\t\t\t<div class=\"elementor-widget-container\">\n\t\t\t\t\t\t\t\t\t<p>Somos conscientes de la importancia del abastecimiento responsable para promover la sostenibilidad. Para ello, colaboramos activamente con proveedores que comparten nuestro compromiso con la sostenibilidad. Nuestros proveedores est\u00e1n obligados a cumplir nuestras normas de sostenibilidad, que incluyen la reducci\u00f3n de residuos, la conservaci\u00f3n de recursos y esfuerzos para minimizar su impacto ambiental.<\/p>\t\t\t\t\t\t\t\t<\/div>\n\t\t\t\t<\/div>\n\t\t\t\t<div class=\"elementor-element elementor-element-8b535b7 elementor-widget elementor-widget-heading\" data-id=\"8b535b7\" data-element_type=\"widget\" data-e-type=\"widget\" data-widget_type=\"heading.default\">\n\t\t\t\t<div class=\"elementor-widget-container\">\n\t\t\t\t\t<h2 class=\"elementor-heading-title elementor-size-default\">Fomentar una cultura de innovaci\u00f3n y mejora continua<\/h2>\t\t\t\t<\/div>\n\t\t\t\t<\/div>\n\t\t\t\t<div class=\"elementor-element elementor-element-fc80f54 elementor-widget elementor-widget-text-editor\" data-id=\"fc80f54\" data-element_type=\"widget\" data-e-type=\"widget\" data-widget_type=\"text-editor.default\">\n\t\t\t\t<div class=\"elementor-widget-container\">\n\t\t\t\t\t\t\t\t\t<p>La innovaci\u00f3n es crucial para impulsar la sostenibilidad en toda nuestra organizaci\u00f3n. Asignamos recursos a la investigaci\u00f3n y el desarrollo para crear productos y materiales de envasado nuevos y m\u00e1s sostenibles. Adem\u00e1s, evaluamos peri\u00f3dicamente nuestras operaciones para identificar oportunidades de mejora y mejores pr\u00e1cticas sostenibles.<\/p><p>\u00a0<\/p><p>\u00a0<\/p><p>En conclusi\u00f3n, la sostenibilidad no es s\u00f3lo una palabra de moda en Alyors; est\u00e1 en el coraz\u00f3n de nuestro negocio. Gracias a nuestros esfuerzos por reducir nuestra huella de carbono, promover el abastecimiento responsable y fomentar la innovaci\u00f3n y la mejora continua, confiamos en alcanzar nuestros objetivos de sostenibilidad y contribuir a un futuro m\u00e1s sostenible tanto para nuestra empresa como para nuestro planeta.<\/p>\t\t\t\t\t\t\t\t<\/div>\n\t\t\t\t<\/div>\n\t\t\t\t\t<\/div>\n\t\t\t\t<\/div>\n\t\t\t\t<\/div>\n\t\t","protected":false},"excerpt":{"rendered":"<p>En Alyors no solo reconocemos la importancia de la sostenibilidad, sino tambi\u00e9n la de ser conscientes de las cuestiones medioambientales, sociales y de gobernanza. Nuestro equipo y nosotros hemos tomado medidas proactivas para incorporar los principios ESG a nuestras operaciones. Para abordar nuestra huella digital y nuestra huella de carbono global a nivel personal, hemos [&hellip;]<\/p>\n","protected":false},"author":1,"featured_media":12117,"parent":11817,"menu_order":0,"comment_status":"closed","ping_status":"closed","template":"","meta":{"_acf_changed":false,"inline_featured_image":false,"footnotes":""},"class_list":["post-12116","page","type-page","status-publish","has-post-thumbnail","hentry"],"acf":[],"_links":{"self":[{"href":"https:\/\/www.alyors.com\/es\/wp-json\/wp\/v2\/pages\/12116","targetHints":{"allow":["GET"]}}],"collection":[{"href":"https:\/\/www.alyors.com\/es\/wp-json\/wp\/v2\/pages"}],"about":[{"href":"https:\/\/www.alyors.com\/es\/wp-json\/wp\/v2\/types\/page"}],"author":[{"embeddable":true,"href":"https:\/\/www.alyors.com\/es\/wp-json\/wp\/v2\/users\/1"}],"replies":[{"embeddable":true,"href":"https:\/\/www.alyors.com\/es\/wp-json\/wp\/v2\/comments?post=12116"}],"version-history":[{"count":4,"href":"https:\/\/www.alyors.com\/es\/wp-json\/wp\/v2\/pages\/12116\/revisions"}],"predecessor-version":[{"id":12121,"href":"https:\/\/www.alyors.com\/es\/wp-json\/wp\/v2\/pages\/12116\/revisions\/12121"}],"up":[{"embeddable":true,"href":"https:\/\/www.alyors.com\/es\/wp-json\/wp\/v2\/pages\/11817"}],"wp:featuredmedia":[{"embeddable":true,"href":"https:\/\/www.alyors.com\/es\/wp-json\/wp\/v2\/media\/12117"}],"wp:attachment":[{"href":"https:\/\/www.alyors.com\/es\/wp-json\/wp\/v2\/media?parent=12116"}],"curies":[{"name":"wp","href":"https:\/\/api.w.org\/{rel}","templated":true}]}}