{"id":12122,"date":"2024-03-04T13:55:29","date_gmt":"2024-03-04T13:55:29","guid":{"rendered":"https:\/\/www.alyors.com\/?page_id=12122"},"modified":"2025-03-26T11:03:51","modified_gmt":"2025-03-26T11:03:51","slug":"faq","status":"publish","type":"page","link":"https:\/\/www.alyors.com\/es\/faq\/","title":{"rendered":"FAQ"},"content":{"rendered":"\t\t<div data-elementor-type=\"wp-page\" data-elementor-id=\"12122\" class=\"elementor elementor-12122 elementor-2586\" data-elementor-post-type=\"page\">\n\t\t\t\t<div class=\"elementor-element elementor-element-4386952 e-flex e-con-boxed e-con e-parent\" data-id=\"4386952\" data-element_type=\"container\" data-e-type=\"container\">\n\t\t\t\t\t<div class=\"e-con-inner\">\n\t\t\t\t<div class=\"elementor-element elementor-element-328a056 elementor-widget elementor-widget-text-editor\" data-id=\"328a056\" data-element_type=\"widget\" data-e-type=\"widget\" data-widget_type=\"text-editor.default\">\n\t\t\t\t<div class=\"elementor-widget-container\">\n\t\t\t\t\t\t\t\t\t<p><strong>1. \u00bfC\u00f3mo garantizan la calidad de sus productos?<\/strong><\/p><p>La calidad es nuestra m\u00e1xima prioridad. Aplicamos estrictas medidas de control de calidad en todo el proceso de fabricaci\u00f3n. Nuestras instalaciones cumplen las normas del sector y realizamos pruebas rigurosas para garantizar la pureza y potencia de cada producto. Nos adherimos a las normas internacionales m\u00e1s exigentes, incluidas las normas de calidad ISO 9001, ISO 22000 de seguridad alimentaria, GMP, ISO 13485 de sistema de gesti\u00f3n de calidad de dispositivos m\u00e9dicos y certificaci\u00f3n Halal.<\/p><p><strong>2. \u00bfSus productos se someten a pruebas de terceros?<\/strong><\/p><p>S\u00ed, todos nuestros productos se someten a pruebas internas y externas para validar su calidad y potencia.<\/p><p><strong>3. \u00bfQu\u00e9 certificaciones posee su empresa?<\/strong><\/p><p>Contamos con varias certificaciones del sector, como ISO 9001, ISO 22000 Normas de calidad de seguridad alimentaria, GMP, ISO 13485 Sistema de gesti\u00f3n de calidad de productos sanitarios y certificaci\u00f3n Halal. Estas certificaciones demuestran nuestro compromiso con la calidad, la seguridad y el cumplimiento de las normas del sector.<\/p><p><strong>4. \u00bfC\u00f3mo mantienen la conciencia medioambiental en sus procesos de fabricaci\u00f3n?<\/strong><\/p><p>Estamos comprometidos con la sostenibilidad medioambiental. Nuestros procesos de fabricaci\u00f3n incorporan pr\u00e1cticas respetuosas con el medio ambiente y buscamos activamente formas de reducir nuestra huella de carbono, minimizar los residuos y abastecernos de forma responsable.<\/p><p><strong>5. \u00bfC\u00f3mo puedo hacer un pedido de sus productos?<\/strong><\/p><p>Puede realizar f\u00e1cilmente un pedido o consultas sobre marcas blancas a trav\u00e9s de nuestro sitio web o poni\u00e9ndose en contacto directamente con nuestro equipo de ventas.<\/p><p><strong>6. \u00bfC\u00f3mo puedo solicitar informaci\u00f3n sobre oportunidades de marca blanca con su empresa?<\/strong><\/p><p>Puede ponerse en contacto con nuestro equipo especializado visitando la secci\u00f3n \u00abFabricaci\u00f3n por contrato\u00bb de nuestro sitio web. Estaremos encantados de estudiar sus necesidades espec\u00edficas y ofrecerle soluciones a medida para su marca.<\/p><p><strong>7. \u00bfPuedo colaborar con su empresa en el desarrollo de productos?<\/strong><\/p><p>Por supuesto. Agradecemos las oportunidades de colaboraci\u00f3n. Tanto si tiene una idea concreta para un producto como si necesita personalizarlo, nuestro equipo de desarrollo de productos est\u00e1 dispuesto a trabajar con usted. P\u00f3ngase en contacto con nosotros para hablar de su visi\u00f3n y sus requisitos.<\/p><p><strong>8. \u00bfPuedo personalizar la formulaci\u00f3n de un producto para mi marca blanca?<\/strong><\/p><p>S\u00ed, nuestros servicios de marca blanca incluyen la opci\u00f3n de personalizar las formulaciones. Nuestro equipo colaborar\u00e1 estrechamente con usted para crear un producto que se ajuste a la visi\u00f3n de su marca y cumpla sus requisitos espec\u00edficos.<\/p>\t\t\t\t\t\t\t\t<\/div>\n\t\t\t\t<\/div>\n\t\t\t\t\t<\/div>\n\t\t\t\t<\/div>\n\t\t\t\t<\/div>\n\t\t","protected":false},"excerpt":{"rendered":"<p>1. \u00bfC\u00f3mo garantizan la calidad de sus productos? La calidad es nuestra m\u00e1xima prioridad. Aplicamos estrictas medidas de control de calidad en todo el proceso de fabricaci\u00f3n. Nuestras instalaciones cumplen las normas del sector y realizamos pruebas rigurosas para garantizar la pureza y potencia de cada producto. Nos adherimos a las normas internacionales m\u00e1s exigentes, [&hellip;]<\/p>\n","protected":false},"author":1,"featured_media":12123,"parent":0,"menu_order":0,"comment_status":"closed","ping_status":"closed","template":"","meta":{"_acf_changed":false,"inline_featured_image":false,"footnotes":""},"class_list":["post-12122","page","type-page","status-publish","has-post-thumbnail","hentry"],"acf":[],"_links":{"self":[{"href":"https:\/\/www.alyors.com\/es\/wp-json\/wp\/v2\/pages\/12122","targetHints":{"allow":["GET"]}}],"collection":[{"href":"https:\/\/www.alyors.com\/es\/wp-json\/wp\/v2\/pages"}],"about":[{"href":"https:\/\/www.alyors.com\/es\/wp-json\/wp\/v2\/types\/page"}],"author":[{"embeddable":true,"href":"https:\/\/www.alyors.com\/es\/wp-json\/wp\/v2\/users\/1"}],"replies":[{"embeddable":true,"href":"https:\/\/www.alyors.com\/es\/wp-json\/wp\/v2\/comments?post=12122"}],"version-history":[{"count":4,"href":"https:\/\/www.alyors.com\/es\/wp-json\/wp\/v2\/pages\/12122\/revisions"}],"predecessor-version":[{"id":12127,"href":"https:\/\/www.alyors.com\/es\/wp-json\/wp\/v2\/pages\/12122\/revisions\/12127"}],"wp:featuredmedia":[{"embeddable":true,"href":"https:\/\/www.alyors.com\/es\/wp-json\/wp\/v2\/media\/12123"}],"wp:attachment":[{"href":"https:\/\/www.alyors.com\/es\/wp-json\/wp\/v2\/media?parent=12122"}],"curies":[{"name":"wp","href":"https:\/\/api.w.org\/{rel}","templated":true}]}}