{"id":12154,"date":"2024-02-29T19:53:08","date_gmt":"2024-02-29T19:53:08","guid":{"rendered":"https:\/\/www.alyors.com\/?page_id=12154"},"modified":"2025-03-26T11:17:54","modified_gmt":"2025-03-26T11:17:54","slug":"dr-thomson-jones","status":"publish","type":"page","link":"https:\/\/www.alyors.com\/es\/nuestras-marcas\/dr-thomson-jones\/","title":{"rendered":"Dr. Thomson Jones"},"content":{"rendered":"\t\t<div data-elementor-type=\"wp-page\" data-elementor-id=\"12154\" class=\"elementor elementor-12154 elementor-1432\" data-elementor-post-type=\"page\">\n\t\t\t\t<div class=\"elementor-element elementor-element-352fcf68 e-flex e-con-boxed e-con e-parent\" data-id=\"352fcf68\" data-element_type=\"container\" data-e-type=\"container\">\n\t\t\t\t\t<div class=\"e-con-inner\">\n\t\t\t\t<div class=\"elementor-element elementor-element-e091e61 section-title section-title--centered elementor-widget elementor-widget-heading\" data-id=\"e091e61\" data-element_type=\"widget\" data-e-type=\"widget\" data-widget_type=\"heading.default\">\n\t\t\t\t<div class=\"elementor-widget-container\">\n\t\t\t\t\t<h1 class=\"elementor-heading-title elementor-size-default\">Dr. Thomson Jones<\/h1>\t\t\t\t<\/div>\n\t\t\t\t<\/div>\n\t\t\t\t<div class=\"elementor-element elementor-element-78a3f40 elementor-widget elementor-widget-heading\" data-id=\"78a3f40\" data-element_type=\"widget\" data-e-type=\"widget\" data-widget_type=\"heading.default\">\n\t\t\t\t<div class=\"elementor-widget-container\">\n\t\t\t\t\t<h2 class=\"elementor-heading-title elementor-size-default\">Complementos Alimenticios<\/h2>\t\t\t\t<\/div>\n\t\t\t\t<\/div>\n\t\t\t\t<div class=\"elementor-element elementor-element-16795757 elementor-widget elementor-widget-text-editor\" data-id=\"16795757\" data-element_type=\"widget\" data-e-type=\"widget\" data-widget_type=\"text-editor.default\">\n\t\t\t\t<div class=\"elementor-widget-container\">\n\t\t\t\t\t\t\t\t\t<p>El Dr. Samuel Thomson fue un herborista y bot\u00e1nico del siglo XVIII conocido por su curiosidad por los misteriosos secretos de las plantas y su dedicaci\u00f3n a la salud humana.<br \/>Durante muchos a\u00f1os investig\u00f3 los sorprendentes efectos de las plantas y los recursos naturales en el cuerpo humano. Durante todo este tiempo, desarroll\u00f3 f\u00f3rmulas \u00fanicas con los conocimientos que obtuvo de la naturaleza, sentando las bases de la medicina alternativa.<br \/>La historia del Dr. Thomson se bas\u00f3 en el deseo de convertir el equilibrio \u00fanico entre salud y naturaleza en una marca. La visi\u00f3n nacida siglos atr\u00e1s y las soluciones que armonizaban con los poderes curativos que nos ha regalado la naturaleza se dise\u00f1aron para que las personas tuvieran una vida sana. La gama de complementos alimenticios Dr. Thomson ofrece f\u00f3rmulas \u00fanicas inspiradas en la naturaleza que utilizan ingredientes naturales.<br \/>La herencia de Dr. Thomson se fusiona con soluciones de \u00faltima generaci\u00f3n y cobra vida en la marca \u00abDr.Thomson\u00bb, que anima a los seres humanos a vivir en armon\u00eda con la naturaleza. Cada producto se gu\u00eda por la ciencia y se combina con maravillosos ingredientes naturales especialmente seleccionados para garantizar una vida sana.<br \/>La gama de complementos alimenticios Dr. Thomson ofrece f\u00f3rmulas \u00fanicas inspiradas en la naturaleza que utilizan ingredientes naturales.<br \/>La herencia de Dr. Thomson se fusiona con soluciones de \u00faltima generaci\u00f3n y cobra vida en la marca \u00abDr.Thomson\u00bb, que anima a los seres humanos a vivir en armon\u00eda con la naturaleza. Cada producto se gu\u00eda por la ciencia y se combina con maravillosos ingredientes naturales especialmente seleccionados para garantizar una vida sana.<\/p>\t\t\t\t\t\t\t\t<\/div>\n\t\t\t\t<\/div>\n\t\t\t\t\t<\/div>\n\t\t\t\t<\/div>\n\t\t<div class=\"elementor-element elementor-element-66250614 e-flex e-con-boxed e-con e-parent\" data-id=\"66250614\" data-element_type=\"container\" data-e-type=\"container\">\n\t\t\t\t\t<div class=\"e-con-inner\">\n\t\t\t\t<div class=\"elementor-element elementor-element-78c28d2b elementor-widget elementor-widget-image\" data-id=\"78c28d2b\" data-element_type=\"widget\" data-e-type=\"widget\" data-widget_type=\"image.default\">\n\t\t\t\t<div class=\"elementor-widget-container\">\n\t\t\t\t\t\t\t\t\t\t\t\t\t\t\t<img fetchpriority=\"high\" decoding=\"async\" width=\"800\" height=\"349\" src=\"https:\/\/www.alyors.com\/wp-content\/uploads\/2024\/02\/dr-thomson-jones.svg\" class=\"attachment-large size-large wp-image-12155\" alt=\"\" \/>\t\t\t\t\t\t\t\t\t\t\t\t\t\t\t<\/div>\n\t\t\t\t<\/div>\n\t\t\t\t<div class=\"elementor-element elementor-element-4aee88b2 elementor-align-center elementor-widget elementor-widget-button\" data-id=\"4aee88b2\" data-element_type=\"widget\" data-e-type=\"widget\" data-widget_type=\"button.default\">\n\t\t\t\t<div class=\"elementor-widget-container\">\n\t\t\t\t\t\t\t\t\t<div class=\"elementor-button-wrapper\">\n\t\t\t\t\t<a class=\"elementor-button elementor-button-link elementor-size-md\" href=\"https:\/\/dr-thomson.com\/en\" target=\"_blank\" rel=\"nofollow noopener\">\n\t\t\t\t\t\t<span class=\"elementor-button-content-wrapper\">\n\t\t\t\t\t\t\t\t\t<span class=\"elementor-button-text\">IR AL SITIO WEB DE LA EMPRESA<\/span>\n\t\t\t\t\t<\/span>\n\t\t\t\t\t<\/a>\n\t\t\t\t<\/div>\n\t\t\t\t\t\t\t\t<\/div>\n\t\t\t\t<\/div>\n\t\t\t\t\t<\/div>\n\t\t\t\t<\/div>\n\t\t<div class=\"elementor-element elementor-element-6de6b0f2 e-flex e-con-boxed e-con e-parent\" data-id=\"6de6b0f2\" data-element_type=\"container\" data-e-type=\"container\">\n\t\t\t\t\t<div class=\"e-con-inner\">\n\t\t\t\t<div class=\"elementor-element elementor-element-471f7b50 elementor-widget elementor-widget-heading\" data-id=\"471f7b50\" data-element_type=\"widget\" data-e-type=\"widget\" data-widget_type=\"heading.default\">\n\t\t\t\t<div class=\"elementor-widget-container\">\n\t\t\t\t\t<h2 class=\"elementor-heading-title elementor-size-default\">Productos<\/h2>\t\t\t\t<\/div>\n\t\t\t\t<\/div>\n\t\t\t\t\t<\/div>\n\t\t\t\t<\/div>\n\t\t<div class=\"elementor-element elementor-element-8ed1ba0 e-flex e-con-boxed e-con e-parent\" data-id=\"8ed1ba0\" data-element_type=\"container\" data-e-type=\"container\">\n\t\t\t\t\t<div class=\"e-con-inner\">\n\t\t\t\t<div class=\"elementor-element elementor-element-6a675fbd products-list elementor-widget elementor-widget-ucaddon_post_grid\" data-id=\"6a675fbd\" data-element_type=\"widget\" data-e-type=\"widget\" data-widget_type=\"ucaddon_post_grid.default\">\n\t\t\t\t<div class=\"elementor-widget-container\">\n\t\t\t\t\t\n<!-- start Post Grid -->\n\t\t<link id='font-awesome-css' href='https:\/\/www.alyors.com\/wp-content\/plugins\/unlimited-elements-for-elementor-premium\/assets_libraries\/font-awesome6\/fontawesome-all.min.css' type='text\/css' rel='stylesheet' >\n\t\t<link id='font-awesome-4-shim-css' href='https:\/\/www.alyors.com\/wp-content\/plugins\/unlimited-elements-for-elementor-premium\/assets_libraries\/font-awesome6\/fontawesome-v4-shims.min.css' type='text\/css' rel='stylesheet' >\n\n<style>\/* widget: Post Grid *\/\n\n\r\n@keyframes uc_post_grid_elementor_6a675fbd__item-animation {\r\n  0% {\r\n            transform: translateY(50px);\r\n        \t        \tfilter: blur(4px);\r\n\t\t\t\r\n    \t    opacity: 0;\r\n  }\r\n  100% {\r\n            transform: translateY(0px);\r\n        \t            filter: blur(0px);\r\n            \r\n    \t\topacity: 1;\r\n  }\r\n}\r\n\r\n\r\n#uc_post_grid_elementor_6a675fbd .ue-item{\r\n\topacity:0;\r\n}\r\n\r\n\r\n#uc_post_grid_elementor_6a675fbd .uc-entrance-animate {\r\n  opacity:1;\r\n}\r\n\r\n#uc_post_grid_elementor_6a675fbd .uc-entrance-animate {\r\n\tanimation: uc_post_grid_elementor_6a675fbd__item-animation 0.6s cubic-bezier(0.470, 0.000, 0.745, 0.715) both;\r\n}\r\n\r\n\t\t\t\n\n#uc_post_grid_elementor_6a675fbd.uc_post_grid_style_one .uc_post_grid_style_one_wrap {\n   display:grid;\n}\n\n\n#uc_post_grid_elementor_6a675fbd .uc_post_grid_style_one_item\n{\n  position:relative;\n}\n\n#uc_post_grid_elementor_6a675fbd .uc_post_image\n{\n  transition:0.3s;\n  position:relative;\n  overflow:hidden;\n}\n\n#uc_post_grid_elementor_6a675fbd .uc_post_image img\n{\n  width:100%;\n  display:block;\n  transition:0.3s;\n}\n\n\n\t\n\n\n\n\n\n\n#uc_post_grid_elementor_6a675fbd .uc_post_image_overlay\n{\n  position:absolute;\n  top:0px;\n  left:0px;\n  height:100%;\n  width:100%;\n  transition:0.3s;\n}\n\n#uc_post_grid_elementor_6a675fbd .uc_more_btn-custom-field\n{\n  display:inline-block;\n  text-align:center;\n  text-decoration:none;\n  transition:0.3s;\n}\n\n#uc_post_grid_elementor_6a675fbd .uc_more_btn\n{\n  display:inline-block;\n  text-align:center;\n  text-decoration:none;\n  transition:0.3s;\n}\n\n.ue-grid-item-category a\n{\n  display:inline-block;\n  font-size:10px;\n  \n}\n#uc_post_grid_elementor_6a675fbd .ue-grid-item-category a{\n    cursor: text;\n  }\n.uc_post_title\n{\n  font-size:21px;\n}\n\n\n\n#uc_post_grid_elementor_6a675fbd .ue_post_grid_item\n{\n  display:flex;\n  flex-direction:column;\n}\n\n#uc_post_grid_elementor_6a675fbd.uc_post_grid_style_one .uc_content{\n flex-grow:1;\n}\n\n#uc_post_grid_elementor_6a675fbd.uc_post_grid_style_one .uc_content > div\n{\n  height:100%;\n  display:flex;\n  flex-direction:column;\n  justify-content: space-between;}\n\n    #uc_post_grid_elementor_6a675fbd .uc_post_button\n   {\n     margin-top:auto;\n   }\n  \n\n\n\n\n\n\n\n\n\n\n\n\n\n\n\n\n\n\n\n\n\n\n#uc_post_grid_elementor_6a675fbd .ue-meta-data\n{\n  \n  display:flex;\n\n  flex-wrap: wrap;\n  line-height:1em;\n}\n\n#uc_post_grid_elementor_6a675fbd .ue-grid-item-meta-data\n{\n      display:inline-flex;\n      align-items:center;\n}\n\n#uc_post_grid_elementor_6a675fbd .ue-grid-item-meta-data a{\n  color:inherit;\n}\n\n.ue-grid-item-meta-data\n{\n  font-size:12px;\n}\n\n#uc_post_grid_elementor_6a675fbd .ue-grid-item-meta-data-icon\n{\n  line-height:1em;\n}\n\n#uc_post_grid_elementor_6a675fbd .ue-grid-item-meta-data-icon svg\n{\n  width:1em;\n  height:1em;\n}\n\n#uc_post_grid_elementor_6a675fbd .ue-debug-meta\n{\n  padding:10px;\n  border:1px solid red;\n  position:relative;\n  line-height:1.5em;\n  font-size:11px;\n  width:100%;\n}\n\n#uc_post_grid_elementor_6a675fbd .uc_btn_inner\n{\n  display:inline-flex;\n  align-items:center;\n}\n\n#uc_post_grid_elementor_6a675fbd .uc_btn_inner svg\n{\n  width:1em;\n  height:1em;\n}\n\n  #uc_post_grid_elementor_6a675fbd .ue_post_full_link{\n    position:absolute;\n    width:100%;\n    height:100%;\n    top:0;\n    left:0;\n  }\n\n\n\n<\/style>\n\n<div class=\"uc_post_grid_style_one uc-filterable-grid \" id=\"uc_post_grid_elementor_6a675fbd\"  data-ajax='true'  data-filterbehave='ajax'  querydata='{&quot;count_posts&quot;:0,&quot;total_posts&quot;:0,&quot;page&quot;:1,&quot;num_pages&quot;:1}' >\n\t\t<div class=\"uc_post_grid_style_one_wrap ue_post_grid uc-items-wrapper\">\n\t\t\t\n\t\t<\/div>\n\t<\/div>\n\n\n\n  <div id=\"uc_post_grid_elementor_6a675fbd_empty_message\" class=\"ue-no-posts-found\" >No posts found<\/div>\n\n\n<!-- end Post Grid -->\t\t\t\t<\/div>\n\t\t\t\t<\/div>\n\t\t\t\t<div class=\"elementor-element elementor-element-762630bf elementor-align-center elementor-widget elementor-widget-button\" data-id=\"762630bf\" data-element_type=\"widget\" data-e-type=\"widget\" data-widget_type=\"button.default\">\n\t\t\t\t<div class=\"elementor-widget-container\">\n\t\t\t\t\t\t\t\t\t<div class=\"elementor-button-wrapper\">\n\t\t\t\t\t<a class=\"elementor-button elementor-button-link elementor-size-md\" href=\"https:\/\/www.alyors.com\/es\/brand\/dr-thomson-jones\/\">\n\t\t\t\t\t\t<span class=\"elementor-button-content-wrapper\">\n\t\t\t\t\t\t\t\t\t<span class=\"elementor-button-text\">Ver todo<\/span>\n\t\t\t\t\t<\/span>\n\t\t\t\t\t<\/a>\n\t\t\t\t<\/div>\n\t\t\t\t\t\t\t\t<\/div>\n\t\t\t\t<\/div>\n\t\t\t\t\t<\/div>\n\t\t\t\t<\/div>\n\t\t\t\t<\/div>\n\t\t","protected":false},"excerpt":{"rendered":"<p>Complementos Alimenticios El Dr. Samuel Thomson fue un herborista y bot\u00e1nico del siglo XVIII conocido por su curiosidad por los misteriosos secretos de las plantas y su dedicaci\u00f3n a la salud humana.Durante muchos a\u00f1os investig\u00f3 los sorprendentes efectos de las plantas y los recursos naturales en el cuerpo humano. Durante todo este tiempo, desarroll\u00f3 f\u00f3rmulas [&hellip;]<\/p>\n","protected":false},"author":1,"featured_media":12156,"parent":12128,"menu_order":0,"comment_status":"closed","ping_status":"closed","template":"","meta":{"_acf_changed":false,"inline_featured_image":false,"footnotes":""},"class_list":["post-12154","page","type-page","status-publish","has-post-thumbnail","hentry"],"acf":[],"_links":{"self":[{"href":"https:\/\/www.alyors.com\/es\/wp-json\/wp\/v2\/pages\/12154","targetHints":{"allow":["GET"]}}],"collection":[{"href":"https:\/\/www.alyors.com\/es\/wp-json\/wp\/v2\/pages"}],"about":[{"href":"https:\/\/www.alyors.com\/es\/wp-json\/wp\/v2\/types\/page"}],"author":[{"embeddable":true,"href":"https:\/\/www.alyors.com\/es\/wp-json\/wp\/v2\/users\/1"}],"replies":[{"embeddable":true,"href":"https:\/\/www.alyors.com\/es\/wp-json\/wp\/v2\/comments?post=12154"}],"version-history":[{"count":4,"href":"https:\/\/www.alyors.com\/es\/wp-json\/wp\/v2\/pages\/12154\/revisions"}],"predecessor-version":[{"id":12161,"href":"https:\/\/www.alyors.com\/es\/wp-json\/wp\/v2\/pages\/12154\/revisions\/12161"}],"up":[{"embeddable":true,"href":"https:\/\/www.alyors.com\/es\/wp-json\/wp\/v2\/pages\/12128"}],"wp:featuredmedia":[{"embeddable":true,"href":"https:\/\/www.alyors.com\/es\/wp-json\/wp\/v2\/media\/12156"}],"wp:attachment":[{"href":"https:\/\/www.alyors.com\/es\/wp-json\/wp\/v2\/media?parent=12154"}],"curies":[{"name":"wp","href":"https:\/\/api.w.org\/{rel}","templated":true}]}}