{"id":12228,"date":"2024-02-18T19:15:16","date_gmt":"2024-02-18T19:15:16","guid":{"rendered":"https:\/\/www.alyors.com\/?page_id=12228"},"modified":"2025-03-27T08:00:01","modified_gmt":"2025-03-27T08:00:01","slug":"politica-de-calidad","status":"publish","type":"page","link":"https:\/\/www.alyors.com\/es\/politica-de-calidad\/","title":{"rendered":"Pol\u00edtica de Calidad"},"content":{"rendered":"\t\t<div data-elementor-type=\"wp-page\" data-elementor-id=\"12228\" class=\"elementor elementor-12228 elementor-358\" data-elementor-post-type=\"page\">\n\t\t\t\t<div class=\"elementor-element elementor-element-41d9103 e-flex e-con-boxed e-con e-parent\" data-id=\"41d9103\" data-element_type=\"container\" data-e-type=\"container\">\n\t\t\t\t\t<div class=\"e-con-inner\">\n\t\t\t\t<div class=\"elementor-element elementor-element-654225c elementor-widget elementor-widget-text-editor\" data-id=\"654225c\" data-element_type=\"widget\" data-e-type=\"widget\" data-widget_type=\"text-editor.default\">\n\t\t\t\t<div class=\"elementor-widget-container\">\n\t\t\t\t\t\t\t\t\t<p><strong>Como Alyors, adoptamos los siguientes principios como nuestra pol\u00edtica de Calidad, Seguridad Alimentaria y Alimentaci\u00f3n Halal junto con todos nuestros empleados.<\/strong><\/p><p>Nuestro principio b\u00e1sico es \u00abla excelencia en la satisfacci\u00f3n del cliente\u00bb con la m\u00e1s alta calidad, los productos m\u00e1s innovadores mediante el cumplimiento de todos los requisitos de la norma ISO 9001 Sistema de Gesti\u00f3n de Calidad, ISO 22000 Sistema de Gesti\u00f3n de Seguridad Alimentaria y GMP.<\/p><p>Garantizamos la continuidad de la seguridad alimentaria aplicando las normas establecidas por las autoridades legales y reglamentarias (ISO 9001, ISO 22000, GMP) y las normas halal en todas nuestras actividades.<\/p><p>Trabajamos con el principio del desarrollo continuo ofreciendo a nuestros empleados oportunidades de desarrollo individual y profesional.<\/p><p>Uno de nuestros principios m\u00e1s importantes es mantener la confianza en nuestra empresa trabajando con nuestros clientes, proveedores y empleados con un enfoque de \u00abasociaci\u00f3n empresarial\u00bb y dando prioridad a la excelencia en la satisfacci\u00f3n del cliente.<\/p><p>Trabajamos con el principio de desarrollo y mejora continuos, investigamos, invertimos y utilizamos las \u00faltimas tecnolog\u00edas para llevar la calidad de nuestros productos m\u00e1s all\u00e1 de las expectativas de los clientes.<\/p><p>Recompensamos el \u00e9xito y trabajamos con equipos de alto rendimiento mediante pr\u00e1cticas de recursos humanos que permiten a nuestros empleados centrarse en los objetivos de la empresa.<\/p><p>Producimos complementos alimenticios halal seguros cumpliendo plenamente todos los requisitos legales e isl\u00e1micos que son la base de la producci\u00f3n de alimentos de calidad, seguros y halal.<\/p><p>Nos aseguramos de que el sistema de gesti\u00f3n de alimentos halal sea eficaz en los procesos que comienzan desde el origen de la materia prima hasta que est\u00e1 lista para el consumo.<\/p><p>Utilizamos el logotipo de alimentos halal de acuerdo con los procedimientos legales.<\/p>\t\t\t\t\t\t\t\t<\/div>\n\t\t\t\t<\/div>\n\t\t\t\t\t<\/div>\n\t\t\t\t<\/div>\n\t\t\t\t<\/div>\n\t\t","protected":false},"excerpt":{"rendered":"<p>Como Alyors, adoptamos los siguientes principios como nuestra pol\u00edtica de Calidad, Seguridad Alimentaria y Alimentaci\u00f3n Halal junto con todos nuestros empleados. Nuestro principio b\u00e1sico es \u00abla excelencia en la satisfacci\u00f3n del cliente\u00bb con la m\u00e1s alta calidad, los productos m\u00e1s innovadores mediante el cumplimiento de todos los requisitos de la norma ISO 9001 Sistema de [&hellip;]<\/p>\n","protected":false},"author":1,"featured_media":12229,"parent":0,"menu_order":0,"comment_status":"closed","ping_status":"closed","template":"","meta":{"_acf_changed":false,"inline_featured_image":false,"footnotes":""},"class_list":["post-12228","page","type-page","status-publish","has-post-thumbnail","hentry"],"acf":[],"_links":{"self":[{"href":"https:\/\/www.alyors.com\/es\/wp-json\/wp\/v2\/pages\/12228","targetHints":{"allow":["GET"]}}],"collection":[{"href":"https:\/\/www.alyors.com\/es\/wp-json\/wp\/v2\/pages"}],"about":[{"href":"https:\/\/www.alyors.com\/es\/wp-json\/wp\/v2\/types\/page"}],"author":[{"embeddable":true,"href":"https:\/\/www.alyors.com\/es\/wp-json\/wp\/v2\/users\/1"}],"replies":[{"embeddable":true,"href":"https:\/\/www.alyors.com\/es\/wp-json\/wp\/v2\/comments?post=12228"}],"version-history":[{"count":10,"href":"https:\/\/www.alyors.com\/es\/wp-json\/wp\/v2\/pages\/12228\/revisions"}],"predecessor-version":[{"id":12239,"href":"https:\/\/www.alyors.com\/es\/wp-json\/wp\/v2\/pages\/12228\/revisions\/12239"}],"wp:featuredmedia":[{"embeddable":true,"href":"https:\/\/www.alyors.com\/es\/wp-json\/wp\/v2\/media\/12229"}],"wp:attachment":[{"href":"https:\/\/www.alyors.com\/es\/wp-json\/wp\/v2\/media?parent=12228"}],"curies":[{"name":"wp","href":"https:\/\/api.w.org\/{rel}","templated":true}]}}