{"id":12240,"date":"2024-10-18T19:12:40","date_gmt":"2024-10-18T19:12:40","guid":{"rendered":"https:\/\/www.alyors.com\/?page_id=12240"},"modified":"2025-03-27T08:02:26","modified_gmt":"2025-03-27T08:02:26","slug":"politica-de-privacidad","status":"publish","type":"page","link":"https:\/\/www.alyors.com\/es\/politica-de-privacidad\/","title":{"rendered":"Pol\u00edtica de privacidad"},"content":{"rendered":"\t\t<div data-elementor-type=\"wp-page\" data-elementor-id=\"12240\" class=\"elementor elementor-12240 elementor-8772\" data-elementor-post-type=\"page\">\n\t\t\t\t<div class=\"elementor-element elementor-element-ba5e906 e-flex e-con-boxed e-con e-parent\" data-id=\"ba5e906\" data-element_type=\"container\" data-e-type=\"container\">\n\t\t\t\t\t<div class=\"e-con-inner\">\n\t\t\t\t<div class=\"elementor-element elementor-element-0955694 elementor-widget elementor-widget-text-editor\" data-id=\"0955694\" data-element_type=\"widget\" data-e-type=\"widget\" data-widget_type=\"text-editor.default\">\n\t\t\t\t<div class=\"elementor-widget-container\">\n\t\t\t\t\t\t\t\t\t<p>ALYORS (colectivamente, \u00abEMPRESA\u00bb, \u00abnosotros\u00bb) se compromete a proteger la privacidad de los usuarios (\u00abusuario\u00bb, \u00abusted\u00bb o \u00absu\u00bb) de su sitio web. El sitio web se refiere al sitio web en h=ps:\/\/alyors.com, y dominios relacionados.<\/p><p>Esta Pol\u00edtica de Privacidad describe c\u00f3mo el sitio web y los dominios relacionados recogen y utilizan la informaci\u00f3n personal que usted proporciona a la empresa a trav\u00e9s de este sitio web, y\/o mediante el uso de otros servicios que pueden ser proporcionados por otros medios o soportes, incluyendo lo que se establece a continuaci\u00f3n y como se define en los T\u00e9rminos y Condiciones aplicables u otros t\u00e9rminos. Tambi\u00e9n describe las opciones disponibles para usted con respecto a nuestro uso de su informaci\u00f3n personal y c\u00f3mo puede acceder y actualizar esta informaci\u00f3n.<\/p><p>Al utilizar los productos o servicios de la empresa, usted acepta la recopilaci\u00f3n, uso y divulgaci\u00f3n de su informaci\u00f3n tal y como se describe en esta Pol\u00edtica de Privacidad. Dependiendo de c\u00f3mo interactuemos con usted, podemos recoger, utilizar, almacenar y transferir diferentes tipos de informaci\u00f3n personal sobre usted. Si decide no facilitarnos esta informaci\u00f3n, podr\u00e1 seguir accediendo y utilizando partes de los Sitios. Sin embargo, es posible que no pueda utilizar partes de los Sitios que requieren que proporcione informaci\u00f3n personal, como la p\u00e1gina de pago.<\/p><p>A los efectos de la presente Pol\u00edtica de privacidad, se entiende por informaci\u00f3n personal aquella que le identifica, se refiere a usted o le describe a primera vista, o que podr\u00eda relacionarse razonablemente, de forma directa o indirecta, con usted o su familia. Es posible que terceros puedan identificarle personalmente por otros medios, incluida la asociaci\u00f3n de informaci\u00f3n aparentemente an\u00f3nima sobre su actividad en Internet con otros registros. La informaci\u00f3n que podemos recopilar incluye<\/p><p>Identificadores, como su nombre y cargo<br \/>Su fecha de nacimiento o sexo (si decide compartirlos con nosotros)<br \/>Informaci\u00f3n de contacto, como su direcci\u00f3n postal, direcci\u00f3n de facturaci\u00f3n, direcci\u00f3n de correo electr\u00f3nico y n\u00famero(s) de tel\u00e9fono<br \/>Informaci\u00f3n del perfil de la cuenta, como su nombre de usuario o identificador similar<br \/>Contrase\u00f1a de la cuenta<br \/>Historial de compras\/pedidos<br \/>Informaci\u00f3n comercial, como tarjeta de cr\u00e9dito, tarjeta de d\u00e9bito y otra informaci\u00f3n financiera de pago<br \/>Informaci\u00f3n de correspondencia, incluyendo cualquier cosa que nos proporcione en sus comunicaciones con nosotros, como el uso previsto o real de nuestros productos, preguntas sobre nuestros productos y registros de sus comunicaciones con nosotros.<br \/>Informaci\u00f3n sanitaria, concretamente cualquier reacci\u00f3n adversa que pueda tener a uno de nuestros productos e informaci\u00f3n sanitaria relevante que decida compartir con nosotros.<br \/>Informaci\u00f3n sobre su actividad en Internet\/electr\u00f3nica, como su direcci\u00f3n de protocolo de Internet (\u00abIP\u00bb) El software y la versi\u00f3n de su navegador de Internet<br \/>Si ha llegado a los servicios a trav\u00e9s de un enlace desde otro sitio web, informaci\u00f3n sobre la p\u00e1gina de la que procede<br \/>Su identificador de dispositivo m\u00f3vil y otra informaci\u00f3n sobre los dispositivos que utiliza para acceder a los servicios<br \/>Informaci\u00f3n sobre la actividad en l\u00ednea, incluida la informaci\u00f3n que podemos recopilar mediante el uso de cookies, balizas web y otras herramientas similares que nos indican qu\u00e9 p\u00e1ginas elige ver y las consultas que realiza utilizando nuestra funci\u00f3n de \u00abb\u00fasqueda\u00bb.<br \/>Informaci\u00f3n de marketing y comunicaciones, como sus preferencias para recibir ofertas de marketing, promociones y ventas de nuestra parte, y fotograf\u00edas que contengan im\u00e1genes suyas cuando decida proporcion\u00e1rnoslas como parte de un sorteo o concurso.<br \/>Los productos y servicios ofrecidos a trav\u00e9s de los Sitios est\u00e1n destinados a ser adquiridos \u00fanicamente por usuarios que residan en Estados Unidos. Si utiliza los servicios desde fuera de Estados Unidos, incluida la Uni\u00f3n Europea o el Espacio Econ\u00f3mico Europeo, y nos proporciona informaci\u00f3n personal, tenga en cuenta que Estados Unidos tiene leyes de protecci\u00f3n de datos que pueden no coincidir con las de otros pa\u00edses. Su informaci\u00f3n personal ser\u00e1 transferida, almacenada y procesada en los Estados Unidos utilizando los mecanismos de transferencia apropiados seg\u00fan lo requiera la legislaci\u00f3n aplicable.<\/p><p>Esto se hace para garantizar que podamos prestarle nuestros servicios o, cuando no sea necesario para la prestaci\u00f3n de nuestros servicios (como en el caso de proporcionarle comunicaciones de marketing), s\u00f3lo se hace con su consentimiento. Sin embargo, no podemos prestar nuestros servicios sin tratar sus datos personales en Estados Unidos.<\/p><p>No compartimos sus datos, nombre, correo electr\u00f3nico, tel\u00e9fono ni ninguna informaci\u00f3n que nos facilite a trav\u00e9s de este sitio web, cuestionarios opttiin, cookies y\/o las fuentes que se indican a continuaci\u00f3n:<\/p><p>Proveedores de redes sociales<br \/>Agregadores de datos<br \/>Bases de datos p\u00fablicas<br \/>Tecnolog\u00edas de seguimiento, y<br \/>De usted directamente.<\/p><p>Utilizamos su informaci\u00f3n para los siguientes fines: Utilizamos informaci\u00f3n personal, como su Informaci\u00f3n de contacto, para responder a sus preguntas y comentarios cuando se comunica con nosotros a trav\u00e9s de enlaces o p\u00e1ginas proporcionadas por los servicios, como la funci\u00f3n \u00abCont\u00e1ctenos\u00bb.<\/p><p>Si nos compra productos, utilizamos informaci\u00f3n personal, como su Informaci\u00f3n de contacto e Informaci\u00f3n comercial, para procesar su compra, confirmar su pedido y entregarle los art\u00edculos. Tambi\u00e9n utilizamos cookies que son necesarias para completar el proceso de pago en l\u00ednea. Para m\u00e1s informaci\u00f3n sobre el uso que hacemos de las cookies, consulte la secci\u00f3n \u00abCookies y seguimiento\u00bb de esta Pol\u00edtica de Privacidad aqu\u00ed.<\/p><p>Utilizamos informaci\u00f3n personal para realizar an\u00e1lisis comerciales o para otros fines destinados a mejorar la calidad de nuestro negocio, nuestros servicios y los productos que ofrecemos. Tambi\u00e9n podemos utilizar informaci\u00f3n personal sobre usted para administrar nuestros servicios, incluida la investigaci\u00f3n de posibles infracciones y la aplicaci\u00f3n de nuestros contratos, incluidas las Condiciones de uso de nuestro sitio web aqu\u00ed y cualquier condici\u00f3n asociada a nuestros productos y servicios, y para cumplir con nuestras obligaciones legales.<br \/>Utilizamos su informaci\u00f3n personal, como sus identificadores, informaci\u00f3n de contacto e informaci\u00f3n sobre su actividad en Internet\/electr\u00f3nica, para ayudar a prevenir y detectar fraudes y otros delitos que pudieran cometerse utilizando nuestros servicios o contra ellos. Hacemos esto tanto para proteger nuestros intereses leg\u00edtimos en la protecci\u00f3n de nuestros activos comerciales como para cumplir con nuestras obligaciones legales.<br \/>Utilizamos su informaci\u00f3n personal, como su Informaci\u00f3n de Actividad Electr\u00f3nica\/Internet, para ayudarnos a proteger nuestros intereses leg\u00edtimos en la resoluci\u00f3n de problemas, pruebas, mantenimiento y protecci\u00f3n de nuestros sistemas inform\u00e1ticos, incluido este sitio web.<br \/>Utilizamos su informaci\u00f3n personal para cumplir con nuestras obligaciones legales y reglamentarias, que surgen de vez en cuando. Por ejemplo, podemos utilizar su Informaci\u00f3n de Contacto para avisarle si un producto es retirado del mercado.<br \/>Tambi\u00e9n podemos recopilar su Informaci\u00f3n de Salud para mantener registros de reacciones adversas a nuestros productos de suplementos diet\u00e9ticos cuando usted decida proporcion\u00e1rnosla.<br \/>Adem\u00e1s, si ha decidido optar por recibir informaci\u00f3n con fines de marketing, podemos utilizar su informaci\u00f3n personal para los siguientes fines:<\/p><p>Utilizamos su informaci\u00f3n personal, incluida su informaci\u00f3n de contacto, para enviarle nuestros boletines informativos, informaci\u00f3n sobre nuestro programa de fidelidad, ofertas y promociones exclusivas y noticias sobre productos por correo electr\u00f3nico, siempre que haya aceptado recibir dichas comunicaciones. Tambi\u00e9n podemos utilizar su informaci\u00f3n personal para administrar nuestras promociones y nuestro programa de fidelizaci\u00f3n.<br \/>Utilizamos informaci\u00f3n personal sobre usted, incluidos sus identificadores e informaci\u00f3n de contacto, para permitirle participar en funciones como encuestas, sondeos, sorteos y tablones de anuncios, siempre que usted lo haya aceptado. En ocasiones podemos recurrir a un proveedor de servicios externo para realizar estas encuestas o sorteos; en tal caso, dicha empresa tendr\u00e1 prohibido utilizar sus datos personales para cualquier otro fin.<br \/>Por \u00faltimo, podemos utilizar la informaci\u00f3n que nos proporcione para los siguientes fines adicionales:<\/p><p>Utilizamos la informaci\u00f3n que nos proporciona en relaci\u00f3n con nuestros productos y servicios para proporcionar comentarios sobre los productos a nuestros clientes de forma agregada a trav\u00e9s de los servicios. Podemos utilizar su informaci\u00f3n personal como se le describa en el momento de la recopilaci\u00f3n con su consentimiento.<br \/>Si tiene alguna pregunta sobre esta Pol\u00edtica de Privacidad o sobre c\u00f3mo tratamos su informaci\u00f3n personal, p\u00f3ngase en contacto con nosotros a trav\u00e9s de la informaci\u00f3n proporcionada en la secci\u00f3n \u00abContacto\u00bb.<\/p><p>Para m\u00e1s informaci\u00f3n sobre c\u00f3mo y cu\u00e1ndo recopilamos esta informaci\u00f3n y qu\u00e9 hacemos con ella, consulte la secci\u00f3n \u00abCookies y seguimiento\u00bb de esta Pol\u00edtica de privacidad.<\/p><p>Divulgaremos su informaci\u00f3n personal para los siguientes fines comerciales limitados:<\/p><p>Proveedores de servicios. Podemos compartir su informaci\u00f3n personal con proveedores de servicios que realizan ciertas funciones o servicios en nuestro nombre para cumplir con los servicios que usted nos solicita. Entre ellos se incluyen terceros que alojan nuestros sitios web, gestionan bases de datos, realizan an\u00e1lisis, env\u00edan comunicaciones por nosotros, procesan pagos en nuestro nombre (por ejemplo, Shopify), env\u00edan sus pedidos, le proporcionan servicio de chat en directo o proporcionan otros componentes determinados de nuestros sitios web. Los proveedores de servicios no est\u00e1n autorizados a utilizar o divulgar su informaci\u00f3n personal, salvo en la medida necesaria para prestar servicios en nuestro nombre.<br \/>Podemos permitir que terceros recopilen informaci\u00f3n para proporcionarnos an\u00e1lisis. Por ejemplo, los servicios utilizan herramientas anal\u00edticas proporcionadas por Google para ayudarnos a comprender c\u00f3mo utilizan los usuarios los servicios. Puede obtener m\u00e1s informaci\u00f3n sobre c\u00f3mo Google recopila y utiliza la informaci\u00f3n como parte de sus herramientas aqu\u00ed.<br \/>Protecci\u00f3n de nuestros servicios y usuarios. Podemos revelar su informaci\u00f3n personal a las autoridades gubernamentales si consideramos que dicha revelaci\u00f3n es necesaria o apropiada para evitar da\u00f1os f\u00edsicos o p\u00e9rdidas econ\u00f3micas, o en relaci\u00f3n con una investigaci\u00f3n de una actividad ilegal presunta o real, o de una infracci\u00f3n de las Condiciones de uso de nuestro sitio web u otros contratos.<br \/>Procesos legales. Podemos revelar su informaci\u00f3n personal en la medida en que sea necesario para responder a citaciones, \u00f3rdenes judiciales u otros procesos legales en respuesta a una solicitud de cooperaci\u00f3n de las fuerzas del orden o de una agencia gubernamental, con el fin de cumplir con nuestras dem\u00e1s obligaciones legales y reglamentarias.<br \/>Tambi\u00e9n compartiremos su informaci\u00f3n en las siguientes circunstancias adicionales:<\/p><p>A veces puede ser necesario para el avance de nuestros intereses comerciales leg\u00edtimos compartir su informaci\u00f3n personal con nuestros asesores profesionales en relaci\u00f3n con una transacci\u00f3n corporativa, como una venta, cesi\u00f3n, desinversi\u00f3n, fusi\u00f3n, quiebra, consolidaci\u00f3n, reorganizaci\u00f3n, liquidaci\u00f3n u otra transferencia del negocio o sus activos. Cuando hagamos esto, siempre tomaremos medidas para garantizar la protecci\u00f3n continua de su informaci\u00f3n personal. Otras circunstancias. Tambi\u00e9n podemos utilizar su informaci\u00f3n personal en otras circunstancias, pero tambi\u00e9n se las explicaremos en el momento de la recogida y, cuando sea necesario, obtendremos su permiso.<br \/>Es posible que de vez en cuando le enviemos ofertas o solicitudes de marketing por correo electr\u00f3nico.<\/p><p>Si prefiere no recibir nuestros correos electr\u00f3nicos comerciales, p\u00f3ngase en contacto con nosotros en support@alyors.com. Tenga en cuenta que estas solicitudes pueden tardar hasta 10 d\u00edas en hacerse efectivas.<\/p><p>Su solicitud de no recibir correos electr\u00f3nicos comerciales no se aplicar\u00e1 a los mensajes que usted solicite o que no sean de naturaleza comercial. Por ejemplo, podemos ponernos en contacto con usted en relaci\u00f3n con cualquier compra que haya realizado con nosotros, incluso si opta por no recibir correos electr\u00f3nicos de marketing.<\/p><p>Si ha creado una cuenta de usuario en relaci\u00f3n con uno de nuestros servicios, podr\u00e1 revisar y solicitar cambios en algunos datos que mantenemos sobre usted a trav\u00e9s de los sebngs de su cuenta o poni\u00e9ndose en contacto con nosotros en support@alyors.com. Si lo solicita, le facilitaremos informaci\u00f3n sobre si conservamos alguna informaci\u00f3n personal suya.<\/p><p>P\u00d3NGASE EN CONTACTO CON NOSOTROS<br \/>Si tiene alguna pregunta o comentario sobre esta Pol\u00edtica de Privacidad, o si desea que actualicemos la informaci\u00f3n que tenemos sobre usted o sus preferencias, p\u00f3ngase en contacto con nosotros a trav\u00e9s de support@alyors.com.<\/p>\t\t\t\t\t\t\t\t<\/div>\n\t\t\t\t<\/div>\n\t\t\t\t\t<\/div>\n\t\t\t\t<\/div>\n\t\t\t\t<\/div>\n\t\t","protected":false},"excerpt":{"rendered":"<p>ALYORS (colectivamente, \u00abEMPRESA\u00bb, \u00abnosotros\u00bb) se compromete a proteger la privacidad de los usuarios (\u00abusuario\u00bb, \u00abusted\u00bb o \u00absu\u00bb) de su sitio web. El sitio web se refiere al sitio web en h=ps:\/\/alyors.com, y dominios relacionados. Esta Pol\u00edtica de Privacidad describe c\u00f3mo el sitio web y los dominios relacionados recogen y utilizan la informaci\u00f3n personal que usted [&hellip;]<\/p>\n","protected":false},"author":1,"featured_media":0,"parent":0,"menu_order":0,"comment_status":"closed","ping_status":"closed","template":"","meta":{"_acf_changed":false,"inline_featured_image":false,"footnotes":""},"class_list":["post-12240","page","type-page","status-publish","hentry"],"acf":[],"_links":{"self":[{"href":"https:\/\/www.alyors.com\/es\/wp-json\/wp\/v2\/pages\/12240","targetHints":{"allow":["GET"]}}],"collection":[{"href":"https:\/\/www.alyors.com\/es\/wp-json\/wp\/v2\/pages"}],"about":[{"href":"https:\/\/www.alyors.com\/es\/wp-json\/wp\/v2\/types\/page"}],"author":[{"embeddable":true,"href":"https:\/\/www.alyors.com\/es\/wp-json\/wp\/v2\/users\/1"}],"replies":[{"embeddable":true,"href":"https:\/\/www.alyors.com\/es\/wp-json\/wp\/v2\/comments?post=12240"}],"version-history":[{"count":4,"href":"https:\/\/www.alyors.com\/es\/wp-json\/wp\/v2\/pages\/12240\/revisions"}],"predecessor-version":[{"id":12244,"href":"https:\/\/www.alyors.com\/es\/wp-json\/wp\/v2\/pages\/12240\/revisions\/12244"}],"wp:attachment":[{"href":"https:\/\/www.alyors.com\/es\/wp-json\/wp\/v2\/media?parent=12240"}],"curies":[{"name":"wp","href":"https:\/\/api.w.org\/{rel}","templated":true}]}}