{"id":12245,"date":"2024-03-02T17:52:22","date_gmt":"2024-03-02T17:52:22","guid":{"rendered":"https:\/\/www.alyors.com\/?page_id=12245"},"modified":"2025-03-27T08:04:08","modified_gmt":"2025-03-27T08:04:08","slug":"nuestras-normas-de-calidad","status":"publish","type":"page","link":"https:\/\/www.alyors.com\/es\/politica-de-calidad\/nuestras-normas-de-calidad\/","title":{"rendered":"Nuestras normas de calidad"},"content":{"rendered":"\t\t<div data-elementor-type=\"wp-page\" data-elementor-id=\"12245\" class=\"elementor elementor-12245 elementor-1564\" data-elementor-post-type=\"page\">\n\t\t\t\t<div class=\"elementor-element elementor-element-aa07106 e-flex e-con-boxed e-con e-parent\" data-id=\"aa07106\" data-element_type=\"container\" data-e-type=\"container\">\n\t\t\t\t\t<div class=\"e-con-inner\">\n\t\t\t\t<div class=\"elementor-element elementor-element-f4692a8 elementor-widget elementor-widget-heading\" data-id=\"f4692a8\" data-element_type=\"widget\" data-e-type=\"widget\" data-widget_type=\"heading.default\">\n\t\t\t\t<div class=\"elementor-widget-container\">\n\t\t\t\t\t<h2 class=\"elementor-heading-title elementor-size-default\">Nuestras normas de calidad<\/h2>\t\t\t\t<\/div>\n\t\t\t\t<\/div>\n\t\t\t\t<div class=\"elementor-element elementor-element-5401351 elementor-widget elementor-widget-text-editor\" data-id=\"5401351\" data-element_type=\"widget\" data-e-type=\"widget\" data-widget_type=\"text-editor.default\">\n\t\t\t\t<div class=\"elementor-widget-container\">\n\t\t\t\t\t\t\t\t\t<p>Somos conscientes de que nuestros clientes s\u00f3lo esperan lo mejor de nosotros, y por eso nos hemos propuesto mantener las m\u00e1s estrictas medidas de control y garant\u00eda de calidad en todo lo que hacemos.<br \/>Una de las principales formas de garantizar unos est\u00e1ndares de alta calidad es mediante el uso de tecnolog\u00eda y dise\u00f1o de vanguardia. Nuestra planta de producci\u00f3n cuenta con departamentos clave como I+D, planificaci\u00f3n, producci\u00f3n, control de calidad y garant\u00eda de calidad, as\u00ed como un almac\u00e9n y una oficina t\u00e9cnica. Hemos invertido mucho en estas \u00e1reas para asegurarnos de que podemos producir los mejores productos y servicios posibles.<br \/>Adem\u00e1s, cumplimos las normas internacionales m\u00e1s exigentes, como las normas de calidad ISO 9001, ISO 22000 de seguridad alimentaria, GMP, ISO 13485 de sistema de gesti\u00f3n de calidad de productos sanitarios y certificaci\u00f3n Halal. Nuestro compromiso con la calidad y la seguridad demuestra que nuestros productos cumplen las normas m\u00e1s exigentes del sector.<\/p><p>Tambi\u00e9n damos prioridad a la seguridad del producto en nuestros procesos de fabricaci\u00f3n. Hemos dise\u00f1ado un m\u00e9todo unidireccional y un flujo de materiales que ayuda a minimizar la contaminaci\u00f3n y a garantizar la pureza del producto. Supervisamos las \u00e1reas cr\u00edticas de producci\u00f3n con un sistema automatizado que nos alerta de cualquier problema que pueda surgir. Nuestros productos se controlan y analizan en todas las fases de producci\u00f3n, desde las materias primas hasta los materiales de envasado, para cumplir las normas internacionales.<br \/>En Alyors, creemos que nuestro compromiso con la calidad nos diferencia de nuestros competidores. Nos enorgullecemos de nuestras estrictas medidas de control y garant\u00eda de calidad y nos esforzamos constantemente por mejorar nuestros procesos y procedimientos. Por tanto, cuando elija Alyors, puede estar seguro de que est\u00e1 obteniendo lo mejor en t\u00e9rminos de calidad y seguridad.<\/p>\t\t\t\t\t\t\t\t<\/div>\n\t\t\t\t<\/div>\n\t\t\t\t\t<\/div>\n\t\t\t\t<\/div>\n\t\t\t\t<\/div>\n\t\t","protected":false},"excerpt":{"rendered":"<p>Nuestras normas de calidad Somos conscientes de que nuestros clientes s\u00f3lo esperan lo mejor de nosotros, y por eso nos hemos propuesto mantener las m\u00e1s estrictas medidas de control y garant\u00eda de calidad en todo lo que hacemos.Una de las principales formas de garantizar unos est\u00e1ndares de alta calidad es mediante el uso de tecnolog\u00eda [&hellip;]<\/p>\n","protected":false},"author":1,"featured_media":12246,"parent":12228,"menu_order":0,"comment_status":"closed","ping_status":"closed","template":"","meta":{"_acf_changed":false,"inline_featured_image":false,"footnotes":""},"class_list":["post-12245","page","type-page","status-publish","has-post-thumbnail","hentry"],"acf":[],"_links":{"self":[{"href":"https:\/\/www.alyors.com\/es\/wp-json\/wp\/v2\/pages\/12245","targetHints":{"allow":["GET"]}}],"collection":[{"href":"https:\/\/www.alyors.com\/es\/wp-json\/wp\/v2\/pages"}],"about":[{"href":"https:\/\/www.alyors.com\/es\/wp-json\/wp\/v2\/types\/page"}],"author":[{"embeddable":true,"href":"https:\/\/www.alyors.com\/es\/wp-json\/wp\/v2\/users\/1"}],"replies":[{"embeddable":true,"href":"https:\/\/www.alyors.com\/es\/wp-json\/wp\/v2\/comments?post=12245"}],"version-history":[{"count":4,"href":"https:\/\/www.alyors.com\/es\/wp-json\/wp\/v2\/pages\/12245\/revisions"}],"predecessor-version":[{"id":12250,"href":"https:\/\/www.alyors.com\/es\/wp-json\/wp\/v2\/pages\/12245\/revisions\/12250"}],"up":[{"embeddable":true,"href":"https:\/\/www.alyors.com\/es\/wp-json\/wp\/v2\/pages\/12228"}],"wp:featuredmedia":[{"embeddable":true,"href":"https:\/\/www.alyors.com\/es\/wp-json\/wp\/v2\/media\/12246"}],"wp:attachment":[{"href":"https:\/\/www.alyors.com\/es\/wp-json\/wp\/v2\/media?parent=12245"}],"curies":[{"name":"wp","href":"https:\/\/api.w.org\/{rel}","templated":true}]}}