{"id":12251,"date":"2024-03-02T17:54:28","date_gmt":"2024-03-02T17:54:28","guid":{"rendered":"https:\/\/www.alyors.com\/?page_id=12251"},"modified":"2025-03-27T08:06:27","modified_gmt":"2025-03-27T08:06:27","slug":"colaboraciones-cientificas","status":"publish","type":"page","link":"https:\/\/www.alyors.com\/es\/politica-de-calidad\/colaboraciones-cientificas\/","title":{"rendered":"Colaboraciones cient\u00edficas"},"content":{"rendered":"\t\t<div data-elementor-type=\"wp-page\" data-elementor-id=\"12251\" class=\"elementor elementor-12251 elementor-1572\" data-elementor-post-type=\"page\">\n\t\t\t\t<div class=\"elementor-element elementor-element-56774a5 e-flex e-con-boxed e-con e-parent\" data-id=\"56774a5\" data-element_type=\"container\" data-e-type=\"container\">\n\t\t\t\t\t<div class=\"e-con-inner\">\n\t\t<div class=\"elementor-element elementor-element-8abd379 e-con-full e-flex e-con e-child\" data-id=\"8abd379\" data-element_type=\"container\" data-e-type=\"container\">\n\t\t\t\t<div class=\"elementor-element elementor-element-a55394f elementor-widget elementor-widget-text-editor\" data-id=\"a55394f\" data-element_type=\"widget\" data-e-type=\"widget\" data-widget_type=\"text-editor.default\">\n\t\t\t\t<div class=\"elementor-widget-container\">\n\t\t\t\t\t\t\t\t\t<p><strong>Centro de Investigaci\u00f3n y Aplicaci\u00f3n de la Transferencia de Tecnolog\u00eda de la Universidad de Estambul<\/strong><\/p><p>Alyors Holding ha establecido una colaboraci\u00f3n duradera con el Centro de Aplicaci\u00f3n e Investigaci\u00f3n de Transferencia de Tecnolog\u00eda de la Universidad de Estambul. Esta colaboraci\u00f3n se alinea con nuestro compromiso de larga data con la creaci\u00f3n de valor sostenible y un enfoque innovador.<\/p><p>El Centro de Aplicaci\u00f3n e Investigaci\u00f3n de la Transferencia de Tecnolog\u00eda de la Universidad de Estambul ha sido reconocido mundialmente por su excelencia acad\u00e9mica. Esta asociaci\u00f3n nos permite aprovechar el potencial cient\u00edfico de la universidad y traducirlo en valor econ\u00f3mico. Tambi\u00e9n facilita nuestra participaci\u00f3n activa en actividades de investigaci\u00f3n y desarrollo que impulsan la innovaci\u00f3n y tienen un impacto duradero.<\/p><p>Nuestra colaboraci\u00f3n con el Centro de Aplicaci\u00f3n e Investigaci\u00f3n para la Transferencia de Tecnolog\u00eda de la Universidad de Estambul fomenta un entorno din\u00e1mico en el que se entrecruzan el mundo acad\u00e9mico y la industria. Esta iniciativa beneficia a ambas organizaciones y contribuye al crecimiento y desarrollo de nuestras comunidades locales y globales. Nos dedicamos a trabajar juntos para impulsar un cambio positivo, ampliar los l\u00edmites de lo posible y tener un impacto duradero en los campos de la tecnolog\u00eda, la investigaci\u00f3n y la creaci\u00f3n de valor sostenible.<\/p><p>Esta asociaci\u00f3n permanente con la Universidad de Estambul ejemplifica nuestro compromiso de forjar un futuro m\u00e1s brillante y sostenible a trav\u00e9s del conocimiento, la investigaci\u00f3n y la innovaci\u00f3n.<\/p><p><strong>L\u00edderes de opini\u00f3n clave (KOL)<\/strong><\/p><p>En Alyors Holding, reconocemos el papel fundamental que desempe\u00f1an los l\u00edderes de opini\u00f3n clave (KOL) a la hora de impulsar la innovaci\u00f3n y dar forma a las perspectivas del sector. Al trabajar estrechamente con expertos reconocidos, obtenemos informaci\u00f3n crucial, nos adelantamos a las tendencias del sector y garantizamos que nuestros productos y servicios satisfacen las necesidades del mundo real.<\/p><p>Nuestra colaboraci\u00f3n con expertos contribuye al aprendizaje y la mejora continuos en Alyors Holding. Estas colaboraciones nos ayudan a adaptarnos a los cambios tecnol\u00f3gicos, a las preferencias de los consumidores y a las mejores pr\u00e1cticas del sector, posicion\u00e1ndonos como una organizaci\u00f3n din\u00e1mica y con capacidad de respuesta.<\/p><p>Colaborar con l\u00edderes de opini\u00f3n clave tambi\u00e9n aumenta nuestra credibilidad y refuerza nuestro compromiso con la calidad y la innovaci\u00f3n. Sus avales y puntos de vista aportan una valiosa validaci\u00f3n a nuestras ofertas, generando confianza entre nuestros grupos de inter\u00e9s.<\/p><p>En esencia, Alyors Holding valora la aportaci\u00f3n estrat\u00e9gica de los l\u00edderes de opini\u00f3n clave como parte fundamental de nuestro enfoque de la innovaci\u00f3n y el liderazgo en el sector. Juntos, navegamos por el cambiante panorama empresarial, garantizando nuestro \u00e9xito continuado en el suministro de excelencia.<\/p>\t\t\t\t\t\t\t\t<\/div>\n\t\t\t\t<\/div>\n\t\t\t\t<\/div>\n\t\t<div class=\"elementor-element elementor-element-66c0329 e-con-full e-flex e-con e-child\" data-id=\"66c0329\" data-element_type=\"container\" data-e-type=\"container\">\n\t\t\t\t<div class=\"elementor-element elementor-element-b8782cf elementor-absolute scientific elementor-widget elementor-widget-image\" data-id=\"b8782cf\" data-element_type=\"widget\" data-e-type=\"widget\" data-settings=\"{&quot;_position&quot;:&quot;absolute&quot;}\" data-widget_type=\"image.default\">\n\t\t\t\t<div class=\"elementor-widget-container\">\n\t\t\t\t\t\t\t\t\t\t\t\t\t\t\t<img fetchpriority=\"high\" decoding=\"async\" width=\"229\" height=\"286\" src=\"https:\/\/www.alyors.com\/wp-content\/uploads\/2024\/03\/ist-uni-is-birligi-banner-1-new.jpeg\" class=\"attachment-large size-large wp-image-12253\" alt=\"\" \/>\t\t\t\t\t\t\t\t\t\t\t\t\t\t\t<\/div>\n\t\t\t\t<\/div>\n\t\t\t\t<\/div>\n\t\t\t\t\t<\/div>\n\t\t\t\t<\/div>\n\t\t\t\t<\/div>\n\t\t","protected":false},"excerpt":{"rendered":"<p>Centro de Investigaci\u00f3n y Aplicaci\u00f3n de la Transferencia de Tecnolog\u00eda de la Universidad de Estambul Alyors Holding ha establecido una colaboraci\u00f3n duradera con el Centro de Aplicaci\u00f3n e Investigaci\u00f3n de Transferencia de Tecnolog\u00eda de la Universidad de Estambul. Esta colaboraci\u00f3n se alinea con nuestro compromiso de larga data con la creaci\u00f3n de valor sostenible y [&hellip;]<\/p>\n","protected":false},"author":1,"featured_media":12252,"parent":12228,"menu_order":0,"comment_status":"closed","ping_status":"closed","template":"","meta":{"_acf_changed":false,"inline_featured_image":false,"footnotes":""},"class_list":["post-12251","page","type-page","status-publish","has-post-thumbnail","hentry"],"acf":[],"_links":{"self":[{"href":"https:\/\/www.alyors.com\/es\/wp-json\/wp\/v2\/pages\/12251","targetHints":{"allow":["GET"]}}],"collection":[{"href":"https:\/\/www.alyors.com\/es\/wp-json\/wp\/v2\/pages"}],"about":[{"href":"https:\/\/www.alyors.com\/es\/wp-json\/wp\/v2\/types\/page"}],"author":[{"embeddable":true,"href":"https:\/\/www.alyors.com\/es\/wp-json\/wp\/v2\/users\/1"}],"replies":[{"embeddable":true,"href":"https:\/\/www.alyors.com\/es\/wp-json\/wp\/v2\/comments?post=12251"}],"version-history":[{"count":7,"href":"https:\/\/www.alyors.com\/es\/wp-json\/wp\/v2\/pages\/12251\/revisions"}],"predecessor-version":[{"id":12260,"href":"https:\/\/www.alyors.com\/es\/wp-json\/wp\/v2\/pages\/12251\/revisions\/12260"}],"up":[{"embeddable":true,"href":"https:\/\/www.alyors.com\/es\/wp-json\/wp\/v2\/pages\/12228"}],"wp:featuredmedia":[{"embeddable":true,"href":"https:\/\/www.alyors.com\/es\/wp-json\/wp\/v2\/media\/12252"}],"wp:attachment":[{"href":"https:\/\/www.alyors.com\/es\/wp-json\/wp\/v2\/media?parent=12251"}],"curies":[{"name":"wp","href":"https:\/\/api.w.org\/{rel}","templated":true}]}}