{"id":12312,"date":"2024-03-02T17:53:54","date_gmt":"2024-03-02T17:53:54","guid":{"rendered":"https:\/\/www.alyors.com\/?page_id=12312"},"modified":"2025-03-27T08:28:44","modified_gmt":"2025-03-27T08:28:44","slug":"centro-de-bioinvestigacion-nuvita","status":"publish","type":"page","link":"https:\/\/www.alyors.com\/es\/politica-de-calidad\/centro-de-bioinvestigacion-nuvita\/","title":{"rendered":"Centro de bioinvestigaci\u00f3n Nuvita"},"content":{"rendered":"\t\t<div data-elementor-type=\"wp-page\" data-elementor-id=\"12312\" class=\"elementor elementor-12312 elementor-1570\" data-elementor-post-type=\"page\">\n\t\t\t\t<div class=\"elementor-element elementor-element-cc09757 e-flex e-con-boxed e-con e-parent\" data-id=\"cc09757\" data-element_type=\"container\" data-e-type=\"container\">\n\t\t\t\t\t<div class=\"e-con-inner\">\n\t\t<div class=\"elementor-element elementor-element-b9b0955 e-con-full e-flex e-con e-child\" data-id=\"b9b0955\" data-element_type=\"container\" data-e-type=\"container\">\n\t\t\t\t<div class=\"elementor-element elementor-element-0871a6f elementor-widget elementor-widget-text-editor\" data-id=\"0871a6f\" data-element_type=\"widget\" data-e-type=\"widget\" data-widget_type=\"text-editor.default\">\n\t\t\t\t<div class=\"elementor-widget-container\">\n\t\t\t\t\t\t\t\t\t<p>En Alyors Holding nos sentimos inmensamente orgullosos de nuestro compromiso con la innovaci\u00f3n, impulsado por la tecnolog\u00eda punta y la investigaci\u00f3n incesante. La inversi\u00f3n en Investigaci\u00f3n y Desarrollo (I+D) constituye el n\u00facleo de nuestra filosof\u00eda empresarial. Alyors Holding ha realizado importantes inversiones para fomentar un entorno en el que florezca la innovaci\u00f3n y las ideas se materialicen en tecnolog\u00edas de vanguardia. Esta inversi\u00f3n no s\u00f3lo impulsa nuestro negocio, sino que tambi\u00e9n nos posiciona como pioneros.<\/p><p>El Centro de Bioinvestigaci\u00f3n Nuvita, certificado por el Ministerio de Industria turco, es testimonio de nuestra inquebrantable dedicaci\u00f3n a superar los l\u00edmites de lo posible. Con un enfoque estrat\u00e9gico en la bioinvestigaci\u00f3n y aprovechando lo \u00faltimo en investigaci\u00f3n cient\u00edfica, canalizamos nuestros recursos para desarrollar soluciones revolucionarias que satisfagan las necesidades cambiantes de nuestros clientes.<\/p><p>Lo que nos diferencia es que somos el \u00fanico laboratorio de Turqu\u00eda que trabaja tanto con bacterias como con microalgas. Nuestras modernas instalaciones incluyen una planta piloto capaz de realizar todos los an\u00e1lisis gen\u00e9ticos, as\u00ed como un laboratorio tecnol\u00f3gico completo.<\/p><p>\u00danase a nosotros en Alyors Holding y Nuvita Biosearch Center para liderar el camino de las soluciones innovadoras y certificadas, destacando tanto en la investigaci\u00f3n de bacterias como de microalgas. Libere posibilidades con nosotros.<\/p><h4>Nuestros estudios de I+D:<\/h4><ol><li>Producci\u00f3n de materias primas probi\u00f3ticas a partir de bacterias aisladas de muestras de leche y heces de reci\u00e9n nacidos en Turqu\u00eda (30 tipos de probi\u00f3ticos).<\/li><li>Tecnolog\u00eda vegana de s\u00edntesis de omega 3, vitamina D, betacaroteno y astaxantina a partir de microalgas<\/li><li>El \u00fanico laboratorio de Turqu\u00eda que trabaja tanto con bacterias como con microalgas<\/li><li>Una instalaci\u00f3n piloto capaz de realizar todos los an\u00e1lisis gen\u00e9ticos<\/li><li>Un laboratorio tecnol\u00f3gico completo<\/li><\/ol><p>\u00a0<\/p><h4>I+D de nuevos productos:<\/h4><p>&#8211; Certificado de producci\u00f3n segura TSE COVID-19<\/p><p>&#8211; An\u00e1lisis y pruebas con dispositivos tecnol\u00f3gicos avanzados<\/p><p>o An\u00e1lisis de vitaminas en HPLC1 y UV2<\/p><p>o An\u00e1lisis de aceite de pescado EPA-DHA Omega 3 en GC3<\/p><p>o An\u00e1lisis de minerales y metales pesados en AAS4<\/p><p>o Prueba de identificaci\u00f3n de materias primas en FTIR5<\/p><p>&#8211; Todas las formulaciones determinadas por un equipo experto de m\u00e9dicos y farmac\u00e9uticos.<\/p><p>&#8211; Alrededor de 250 nuevos productos en desarrollo entre 2021-2025.<\/p>\t\t\t\t\t\t\t\t<\/div>\n\t\t\t\t<\/div>\n\t\t\t\t<\/div>\n\t\t<div class=\"elementor-element elementor-element-b080b60 e-con-full e-flex e-con e-child\" data-id=\"b080b60\" data-element_type=\"container\" data-e-type=\"container\">\n\t\t\t\t<div class=\"elementor-element elementor-element-88c9506 elementor-widget elementor-widget-image\" data-id=\"88c9506\" data-element_type=\"widget\" data-e-type=\"widget\" data-widget_type=\"image.default\">\n\t\t\t\t<div class=\"elementor-widget-container\">\n\t\t\t\t\t\t\t\t\t\t\t\t\t\t\t<img fetchpriority=\"high\" decoding=\"async\" width=\"683\" height=\"1024\" src=\"https:\/\/www.alyors.com\/wp-content\/uploads\/2024\/03\/nbc-genel-683x1024.jpg\" class=\"attachment-large size-large wp-image-12314\" alt=\"\" srcset=\"https:\/\/www.alyors.com\/wp-content\/uploads\/2024\/03\/nbc-genel-683x1024.jpg 683w, https:\/\/www.alyors.com\/wp-content\/uploads\/2024\/03\/nbc-genel-200x300.jpg 200w, https:\/\/www.alyors.com\/wp-content\/uploads\/2024\/03\/nbc-genel-768x1152.jpg 768w, https:\/\/www.alyors.com\/wp-content\/uploads\/2024\/03\/nbc-genel.jpg 780w\" sizes=\"(max-width: 683px) 100vw, 683px\" \/>\t\t\t\t\t\t\t\t\t\t\t\t\t\t\t<\/div>\n\t\t\t\t<\/div>\n\t\t\t\t<\/div>\n\t\t\t\t\t<\/div>\n\t\t\t\t<\/div>\n\t\t\t\t<\/div>\n\t\t","protected":false},"excerpt":{"rendered":"<p>En Alyors Holding nos sentimos inmensamente orgullosos de nuestro compromiso con la innovaci\u00f3n, impulsado por la tecnolog\u00eda punta y la investigaci\u00f3n incesante. La inversi\u00f3n en Investigaci\u00f3n y Desarrollo (I+D) constituye el n\u00facleo de nuestra filosof\u00eda empresarial. Alyors Holding ha realizado importantes inversiones para fomentar un entorno en el que florezca la innovaci\u00f3n y las ideas [&hellip;]<\/p>\n","protected":false},"author":1,"featured_media":12313,"parent":12228,"menu_order":0,"comment_status":"closed","ping_status":"closed","template":"","meta":{"_acf_changed":false,"inline_featured_image":false,"footnotes":""},"class_list":["post-12312","page","type-page","status-publish","has-post-thumbnail","hentry"],"acf":[],"_links":{"self":[{"href":"https:\/\/www.alyors.com\/es\/wp-json\/wp\/v2\/pages\/12312","targetHints":{"allow":["GET"]}}],"collection":[{"href":"https:\/\/www.alyors.com\/es\/wp-json\/wp\/v2\/pages"}],"about":[{"href":"https:\/\/www.alyors.com\/es\/wp-json\/wp\/v2\/types\/page"}],"author":[{"embeddable":true,"href":"https:\/\/www.alyors.com\/es\/wp-json\/wp\/v2\/users\/1"}],"replies":[{"embeddable":true,"href":"https:\/\/www.alyors.com\/es\/wp-json\/wp\/v2\/comments?post=12312"}],"version-history":[{"count":4,"href":"https:\/\/www.alyors.com\/es\/wp-json\/wp\/v2\/pages\/12312\/revisions"}],"predecessor-version":[{"id":12319,"href":"https:\/\/www.alyors.com\/es\/wp-json\/wp\/v2\/pages\/12312\/revisions\/12319"}],"up":[{"embeddable":true,"href":"https:\/\/www.alyors.com\/es\/wp-json\/wp\/v2\/pages\/12228"}],"wp:featuredmedia":[{"embeddable":true,"href":"https:\/\/www.alyors.com\/es\/wp-json\/wp\/v2\/media\/12313"}],"wp:attachment":[{"href":"https:\/\/www.alyors.com\/es\/wp-json\/wp\/v2\/media?parent=12312"}],"curies":[{"name":"wp","href":"https:\/\/api.w.org\/{rel}","templated":true}]}}