{"id":12320,"date":"2024-03-04T06:13:01","date_gmt":"2024-03-04T06:13:01","guid":{"rendered":"https:\/\/www.alyors.com\/?page_id=12320"},"modified":"2025-03-27T08:37:54","modified_gmt":"2025-03-27T08:37:54","slug":"alyors-en-el-mundo","status":"publish","type":"page","link":"https:\/\/www.alyors.com\/es\/servicios\/alyors-en-el-mundo\/","title":{"rendered":"Alyors En El Mundo"},"content":{"rendered":"\t\t<div data-elementor-type=\"wp-page\" data-elementor-id=\"12320\" class=\"elementor elementor-12320 elementor-2163\" data-elementor-post-type=\"page\">\n\t\t\t\t<div class=\"elementor-element elementor-element-37c408a e-flex e-con-boxed e-con e-parent\" data-id=\"37c408a\" data-element_type=\"container\" data-e-type=\"container\">\n\t\t\t\t\t<div class=\"e-con-inner\">\n\t\t\t\t<div class=\"elementor-element elementor-element-1f65e0a elementor-widget elementor-widget-heading\" data-id=\"1f65e0a\" data-element_type=\"widget\" data-e-type=\"widget\" data-widget_type=\"heading.default\">\n\t\t\t\t<div class=\"elementor-widget-container\">\n\t\t\t\t\t<h2 class=\"elementor-heading-title elementor-size-default\">Potenciando la asistencia sanitaria en todo el mundo<\/h2>\t\t\t\t<\/div>\n\t\t\t\t<\/div>\n\t\t\t\t<div class=\"elementor-element elementor-element-dd74611 elementor-widget elementor-widget-image\" data-id=\"dd74611\" data-element_type=\"widget\" data-e-type=\"widget\" data-widget_type=\"image.default\">\n\t\t\t\t<div class=\"elementor-widget-container\">\n\t\t\t\t\t\t\t\t\t\t\t\t\t\t\t<img fetchpriority=\"high\" decoding=\"async\" width=\"800\" height=\"480\" src=\"https:\/\/www.alyors.com\/wp-content\/uploads\/2024\/03\/ic_sayfa_gorselleri_countries_and_brands-1024x615.webp\" class=\"attachment-large size-large wp-image-12322\" alt=\"\" srcset=\"https:\/\/www.alyors.com\/wp-content\/uploads\/2024\/03\/ic_sayfa_gorselleri_countries_and_brands-1024x615.webp 1024w, https:\/\/www.alyors.com\/wp-content\/uploads\/2024\/03\/ic_sayfa_gorselleri_countries_and_brands-300x180.webp 300w, https:\/\/www.alyors.com\/wp-content\/uploads\/2024\/03\/ic_sayfa_gorselleri_countries_and_brands-768x461.webp 768w, https:\/\/www.alyors.com\/wp-content\/uploads\/2024\/03\/ic_sayfa_gorselleri_countries_and_brands-1536x922.webp 1536w, https:\/\/www.alyors.com\/wp-content\/uploads\/2024\/03\/ic_sayfa_gorselleri_countries_and_brands-2048x1230.webp 2048w\" sizes=\"(max-width: 800px) 100vw, 800px\" \/>\t\t\t\t\t\t\t\t\t\t\t\t\t\t\t<\/div>\n\t\t\t\t<\/div>\n\t\t\t\t<div class=\"elementor-element elementor-element-0347fe8 elementor-widget elementor-widget-text-editor\" data-id=\"0347fe8\" data-element_type=\"widget\" data-e-type=\"widget\" data-widget_type=\"text-editor.default\">\n\t\t\t\t<div class=\"elementor-widget-container\">\n\t\t\t\t\t\t\t\t\t<p>Alyors, una empresa global con operaciones en 53 pa\u00edses, invita a los distribuidores a solicitar la distribuci\u00f3n de marcas. Ofrecemos diferentes oportunidades de marca a diferentes empresas, asegurando un enfoque a medida para el \u00e9xito. Como distribuidores de Alyors, las empresas obtienen acceso a una cartera diversa de productos de alta calidad, apoyo integral y recursos de marketing exclusivos para prosperar en sus mercados locales.<\/p>\t\t\t\t\t\t\t\t<\/div>\n\t\t\t\t<\/div>\n\t\t\t\t<div class=\"elementor-element elementor-element-07e7a54 elementor-widget elementor-widget-heading\" data-id=\"07e7a54\" data-element_type=\"widget\" data-e-type=\"widget\" data-widget_type=\"heading.default\">\n\t\t\t\t<div class=\"elementor-widget-container\">\n\t\t\t\t\t<h2 class=\"elementor-heading-title elementor-size-default\">Operamos en m\u00e1s de 53 pa\u00edses<\/h2>\t\t\t\t<\/div>\n\t\t\t\t<\/div>\n\t\t\t\t\t<\/div>\n\t\t\t\t<\/div>\n\t\t\t\t<\/div>\n\t\t","protected":false},"excerpt":{"rendered":"<p>Potenciando la asistencia sanitaria en todo el mundo Alyors, una empresa global con operaciones en 53 pa\u00edses, invita a los distribuidores a solicitar la distribuci\u00f3n de marcas. Ofrecemos diferentes oportunidades de marca a diferentes empresas, asegurando un enfoque a medida para el \u00e9xito. Como distribuidores de Alyors, las empresas obtienen acceso a una cartera diversa [&hellip;]<\/p>\n","protected":false},"author":1,"featured_media":12321,"parent":12413,"menu_order":0,"comment_status":"closed","ping_status":"closed","template":"","meta":{"_acf_changed":false,"inline_featured_image":false,"footnotes":""},"class_list":["post-12320","page","type-page","status-publish","has-post-thumbnail","hentry"],"acf":[],"_links":{"self":[{"href":"https:\/\/www.alyors.com\/es\/wp-json\/wp\/v2\/pages\/12320","targetHints":{"allow":["GET"]}}],"collection":[{"href":"https:\/\/www.alyors.com\/es\/wp-json\/wp\/v2\/pages"}],"about":[{"href":"https:\/\/www.alyors.com\/es\/wp-json\/wp\/v2\/types\/page"}],"author":[{"embeddable":true,"href":"https:\/\/www.alyors.com\/es\/wp-json\/wp\/v2\/users\/1"}],"replies":[{"embeddable":true,"href":"https:\/\/www.alyors.com\/es\/wp-json\/wp\/v2\/comments?post=12320"}],"version-history":[{"count":4,"href":"https:\/\/www.alyors.com\/es\/wp-json\/wp\/v2\/pages\/12320\/revisions"}],"predecessor-version":[{"id":12326,"href":"https:\/\/www.alyors.com\/es\/wp-json\/wp\/v2\/pages\/12320\/revisions\/12326"}],"up":[{"embeddable":true,"href":"https:\/\/www.alyors.com\/es\/wp-json\/wp\/v2\/pages\/12413"}],"wp:featuredmedia":[{"embeddable":true,"href":"https:\/\/www.alyors.com\/es\/wp-json\/wp\/v2\/media\/12321"}],"wp:attachment":[{"href":"https:\/\/www.alyors.com\/es\/wp-json\/wp\/v2\/media?parent=12320"}],"curies":[{"name":"wp","href":"https:\/\/api.w.org\/{rel}","templated":true}]}}