{"id":12327,"date":"2024-03-04T06:49:16","date_gmt":"2024-03-04T06:49:16","guid":{"rendered":"https:\/\/www.alyors.com\/?page_id=12327"},"modified":"2025-03-27T08:44:18","modified_gmt":"2025-03-27T08:44:18","slug":"conviertase-en-distribuidor","status":"publish","type":"page","link":"https:\/\/www.alyors.com\/es\/servicios\/conviertase-en-distribuidor\/","title":{"rendered":"Convi\u00e9rtase en distribuidor"},"content":{"rendered":"\t\t<div data-elementor-type=\"wp-page\" data-elementor-id=\"12327\" class=\"elementor elementor-12327 elementor-2188\" data-elementor-post-type=\"page\">\n\t\t\t\t<div class=\"elementor-element elementor-element-a000e37 e-flex e-con-boxed e-con e-parent\" data-id=\"a000e37\" data-element_type=\"container\" data-e-type=\"container\">\n\t\t\t\t\t<div class=\"e-con-inner\">\n\t\t\t\t<div class=\"elementor-element elementor-element-07eac81 elementor-widget elementor-widget-text-editor\" data-id=\"07eac81\" data-element_type=\"widget\" data-e-type=\"widget\" data-widget_type=\"text-editor.default\">\n\t\t\t\t<div class=\"elementor-widget-container\">\n\t\t\t\t\t\t\t\t\t<p>\u00bfEst\u00e1 interesado en convertirse en distribuidor de Alyors, el fabricante l\u00edder de complementos alimenticios, dermocosm\u00e9tica, productos sanitarios y consumibles y productos para la salud animal? Disponemos de una amplia gama de m\u00e1s de 750 productos de alta calidad en los que conf\u00edan clientes de todo el mundo.<\/p><p>En Alyors, nos comprometemos a proporcionar a nuestros socios un servicio y una asistencia excepcionales de principio a fin. Ofrecemos formaci\u00f3n completa para ayudar a educar a su equipo acerca de nuestros productos, asegurando que usted tiene el conocimiento y los recursos que necesita para promover y vender con \u00e9xito nuestros productos.<\/p><p>Como distribuidor de Alyors, tendr\u00e1 acceso a apoyo de marketing para ayudarle a hacer crecer su negocio. Nuestro equipo de expertos trabajar\u00e1 estrechamente con usted para desarrollar estrategias de marketing eficaces adaptadas a sus necesidades espec\u00edficas, proporcion\u00e1ndole una ventaja competitiva en el mercado.<\/p><p>Estamos muy orgullosos de la calidad de nuestros productos y garantizamos que todos ellos cumplen los m\u00e1s altos est\u00e1ndares de excelencia. Cuando se asocia con nosotros, puede estar seguro de que trabaja con un l\u00edder del sector de confianza y comprometido con su \u00e9xito.<\/p><p>\u00bfEst\u00e1 listo para unirse a la familia Alyors como distribuidor? Rellene el siguiente formulario para empezar y dar el primer paso hacia una asociaci\u00f3n exitosa con una empresa que se dedica a su \u00e9xito.<\/p>\t\t\t\t\t\t\t\t<\/div>\n\t\t\t\t<\/div>\n\t\t\t\t\t<\/div>\n\t\t\t\t<\/div>\n\t\t<div class=\"elementor-element elementor-element-2dff8361 e-flex e-con-boxed e-con e-parent\" data-id=\"2dff8361\" data-element_type=\"container\" data-e-type=\"container\">\n\t\t\t\t\t<div class=\"e-con-inner\">\n\t\t<div class=\"elementor-element elementor-element-77cf39c4 e-flex e-con-boxed e-con e-child\" data-id=\"77cf39c4\" data-element_type=\"container\" data-e-type=\"container\" data-settings=\"{&quot;background_background&quot;:&quot;classic&quot;}\">\n\t\t\t\t\t<div class=\"e-con-inner\">\n\t\t\t\t<div class=\"elementor-element elementor-element-37cacccb elementor-widget elementor-widget-heading\" data-id=\"37cacccb\" data-element_type=\"widget\" data-e-type=\"widget\" data-widget_type=\"heading.default\">\n\t\t\t\t<div class=\"elementor-widget-container\">\n\t\t\t\t\t<h2 class=\"elementor-heading-title elementor-size-default\">Formulario de contacto<\/h2>\t\t\t\t<\/div>\n\t\t\t\t<\/div>\n\t\t\t\t<div class=\"elementor-element elementor-element-62fd9ebf elementor-button-align-center elementor-widget elementor-widget-form\" data-id=\"62fd9ebf\" data-element_type=\"widget\" data-e-type=\"widget\" data-settings=\"{&quot;step_next_label&quot;:&quot;Next&quot;,&quot;step_previous_label&quot;:&quot;Previous&quot;,&quot;step_type&quot;:&quot;number_text&quot;,&quot;step_icon_shape&quot;:&quot;circle&quot;}\" data-widget_type=\"form.default\">\n\t\t\t\t<div class=\"elementor-widget-container\">\n\t\t\t\t\t\t\t<form class=\"elementor-form\" method=\"post\" name=\"New Form\" aria-label=\"New Form\">\n\t\t\t<input type=\"hidden\" name=\"post_id\" value=\"12327\"\/>\n\t\t\t<input type=\"hidden\" name=\"form_id\" value=\"62fd9ebf\"\/>\n\t\t\t<input type=\"hidden\" name=\"referer_title\" value=\"Convi\u00e9rtase en distribuidor - Alyors\" \/>\n\n\t\t\t\t\t\t\t<input type=\"hidden\" name=\"queried_id\" value=\"12327\"\/>\n\t\t\t\n\t\t\t<div class=\"elementor-form-fields-wrapper elementor-labels-\">\n\t\t\t\t\t\t\t\t<div class=\"elementor-field-type-text elementor-field-group elementor-column elementor-field-group-name elementor-col-25 elementor-field-required\">\n\t\t\t\t\t\t\t\t\t\t\t\t<label for=\"form-field-name\" class=\"elementor-field-label elementor-screen-only\">\n\t\t\t\t\t\t\t\tNombre y apellidos*\t\t\t\t\t\t\t<\/label>\n\t\t\t\t\t\t\t\t\t\t\t\t\t\t<input size=\"1\" type=\"text\" name=\"form_fields[name]\" id=\"form-field-name\" class=\"elementor-field elementor-size-md  elementor-field-textual\" placeholder=\"Nombre y apellidos*\" required=\"required\">\n\t\t\t\t\t\t\t\t\t\t\t<\/div>\n\t\t\t\t\t\t\t\t<div class=\"elementor-field-type-text elementor-field-group elementor-column elementor-field-group-field_ee287e8 elementor-col-50 elementor-field-required\">\n\t\t\t\t\t\t\t\t\t\t\t\t<label for=\"form-field-field_ee287e8\" class=\"elementor-field-label elementor-screen-only\">\n\t\t\t\t\t\t\t\tEmpresa*\t\t\t\t\t\t\t<\/label>\n\t\t\t\t\t\t\t\t\t\t\t\t\t\t<input size=\"1\" type=\"text\" name=\"form_fields[field_ee287e8]\" id=\"form-field-field_ee287e8\" class=\"elementor-field elementor-size-md  elementor-field-textual\" placeholder=\"Empresa*\" required=\"required\">\n\t\t\t\t\t\t\t\t\t\t\t<\/div>\n\t\t\t\t\t\t\t\t<div class=\"elementor-field-type-text elementor-field-group elementor-column elementor-field-group-field_b5e644d elementor-col-25\">\n\t\t\t\t\t\t\t\t\t\t\t\t<label for=\"form-field-field_b5e644d\" class=\"elementor-field-label elementor-screen-only\">\n\t\t\t\t\t\t\t\tPa\u00eds*\t\t\t\t\t\t\t<\/label>\n\t\t\t\t\t\t\t\t\t\t\t\t\t\t<input size=\"1\" type=\"text\" name=\"form_fields[field_b5e644d]\" id=\"form-field-field_b5e644d\" class=\"elementor-field elementor-size-md  elementor-field-textual\" placeholder=\"Pa\u00eds*\">\n\t\t\t\t\t\t\t\t\t\t\t<\/div>\n\t\t\t\t\t\t\t\t<div class=\"elementor-field-type-email elementor-field-group elementor-column elementor-field-group-email elementor-col-50 elementor-field-required\">\n\t\t\t\t\t\t\t\t\t\t\t\t<label for=\"form-field-email\" class=\"elementor-field-label elementor-screen-only\">\n\t\t\t\t\t\t\t\tCorreo electr\u00f3nico\t\t\t\t\t\t\t<\/label>\n\t\t\t\t\t\t\t\t\t\t\t\t\t\t<input size=\"1\" type=\"email\" name=\"form_fields[email]\" id=\"form-field-email\" class=\"elementor-field elementor-size-md  elementor-field-textual\" placeholder=\"Correo electr\u00f3nico\" required=\"required\">\n\t\t\t\t\t\t\t\t\t\t\t<\/div>\n\t\t\t\t\t\t\t\t<div class=\"elementor-field-type-text elementor-field-group elementor-column elementor-field-group-field_4ff4910 elementor-col-50\">\n\t\t\t\t\t\t\t\t\t\t\t\t<label for=\"form-field-field_4ff4910\" class=\"elementor-field-label elementor-screen-only\">\n\t\t\t\t\t\t\t\tTel\u00e9fono\t\t\t\t\t\t\t<\/label>\n\t\t\t\t\t\t\t\t\t\t\t\t\t\t<input size=\"1\" type=\"text\" name=\"form_fields[field_4ff4910]\" id=\"form-field-field_4ff4910\" class=\"elementor-field elementor-size-md  elementor-field-textual\" placeholder=\"Tel\u00e9fono\">\n\t\t\t\t\t\t\t\t\t\t\t<\/div>\n\t\t\t\t\t\t\t\t<div class=\"elementor-field-type-textarea elementor-field-group elementor-column elementor-field-group-message elementor-col-100\">\n\t\t\t\t\t\t\t\t\t\t\t\t<label for=\"form-field-message\" class=\"elementor-field-label elementor-screen-only\">\n\t\t\t\t\t\t\t\tMensaje\t\t\t\t\t\t\t<\/label>\n\t\t\t\t\t\t<textarea class=\"elementor-field-textual elementor-field  elementor-size-md\" name=\"form_fields[message]\" id=\"form-field-message\" rows=\"4\" placeholder=\"Mensaje\"><\/textarea>\t\t\t\t<\/div>\n\t\t\t\t\t\t\t\t<div class=\"elementor-field-type-checkbox elementor-field-group elementor-column elementor-field-group-privacy_policy elementor-col-100\">\n\t\t\t\t\t\t\t\t\t\t\t\t<label for=\"form-field-privacy_policy\" class=\"elementor-field-label elementor-screen-only\">\n\t\t\t\t\t\t\t\tPrivacy Policy\t\t\t\t\t\t\t<\/label>\n\t\t\t\t\t\t<div class=\"elementor-field-subgroup  \"><span class=\"elementor-field-option\"><input type=\"checkbox\" value=\"Acepto que los datos personales s\u00f3lo se procesen de acuerdo con la pol\u00edtica de privacidad de Alyors. Puede acceder a las obligaciones de informaci\u00f3n sobre protecci\u00f3n de datos de conformidad con el Art. 13 GDPR aqu\u00ed.\" id=\"form-field-privacy_policy-0\" name=\"form_fields[privacy_policy]\"> <label for=\"form-field-privacy_policy-0\">Acepto que los datos personales s\u00f3lo se procesen de acuerdo con la pol\u00edtica de privacidad de Alyors. Puede acceder a las obligaciones de informaci\u00f3n sobre protecci\u00f3n de datos de conformidad con el Art. 13 GDPR aqu\u00ed.<\/label><\/span><\/div>\t\t\t\t<\/div>\n\t\t\t\t\t\t\t\t<div class=\"elementor-field-type-recaptcha_v3 elementor-field-group elementor-column elementor-field-group-field_52c377f elementor-col-100 recaptcha_v3-bottomleft\">\n\t\t\t\t\t<div class=\"elementor-field\" id=\"form-field-field_52c377f\"><div class=\"elementor-g-recaptcha\" data-sitekey=\"6LfBhoopAAAAAIF86GhwVudVDQIdoJ43GJP9p51Z\" data-type=\"v3\" data-action=\"Form\" data-badge=\"bottomleft\" data-size=\"invisible\"><\/div><\/div>\t\t\t\t<\/div>\n\t\t\t\t\t\t\t\t<div class=\"elementor-field-group elementor-column elementor-field-type-submit elementor-col-100 e-form__buttons\">\n\t\t\t\t\t<button class=\"elementor-button elementor-size-sm\" type=\"submit\">\n\t\t\t\t\t\t<span class=\"elementor-button-content-wrapper\">\n\t\t\t\t\t\t\t\t\t\t\t\t\t\t\t\t\t\t\t\t\t\t<span class=\"elementor-button-text\">ENVIAR<\/span>\n\t\t\t\t\t\t\t\t\t\t\t\t\t<\/span>\n\t\t\t\t\t<\/button>\n\t\t\t\t<\/div>\n\t\t\t<\/div>\n\t\t<\/form>\n\t\t\t\t\t\t<\/div>\n\t\t\t\t<\/div>\n\t\t\t\t\t<\/div>\n\t\t\t\t<\/div>\n\t\t\t\t\t<\/div>\n\t\t\t\t<\/div>\n\t\t\t\t<\/div>\n\t\t","protected":false},"excerpt":{"rendered":"<p>\u00bfEst\u00e1 interesado en convertirse en distribuidor de Alyors, el fabricante l\u00edder de complementos alimenticios, dermocosm\u00e9tica, productos sanitarios y consumibles y productos para la salud animal? Disponemos de una amplia gama de m\u00e1s de 750 productos de alta calidad en los que conf\u00edan clientes de todo el mundo. En Alyors, nos comprometemos a proporcionar a nuestros [&hellip;]<\/p>\n","protected":false},"author":1,"featured_media":12328,"parent":12413,"menu_order":0,"comment_status":"closed","ping_status":"closed","template":"","meta":{"_acf_changed":false,"inline_featured_image":false,"footnotes":""},"class_list":["post-12327","page","type-page","status-publish","has-post-thumbnail","hentry"],"acf":[],"_links":{"self":[{"href":"https:\/\/www.alyors.com\/es\/wp-json\/wp\/v2\/pages\/12327","targetHints":{"allow":["GET"]}}],"collection":[{"href":"https:\/\/www.alyors.com\/es\/wp-json\/wp\/v2\/pages"}],"about":[{"href":"https:\/\/www.alyors.com\/es\/wp-json\/wp\/v2\/types\/page"}],"author":[{"embeddable":true,"href":"https:\/\/www.alyors.com\/es\/wp-json\/wp\/v2\/users\/1"}],"replies":[{"embeddable":true,"href":"https:\/\/www.alyors.com\/es\/wp-json\/wp\/v2\/comments?post=12327"}],"version-history":[{"count":4,"href":"https:\/\/www.alyors.com\/es\/wp-json\/wp\/v2\/pages\/12327\/revisions"}],"predecessor-version":[{"id":12332,"href":"https:\/\/www.alyors.com\/es\/wp-json\/wp\/v2\/pages\/12327\/revisions\/12332"}],"up":[{"embeddable":true,"href":"https:\/\/www.alyors.com\/es\/wp-json\/wp\/v2\/pages\/12413"}],"wp:featuredmedia":[{"embeddable":true,"href":"https:\/\/www.alyors.com\/es\/wp-json\/wp\/v2\/media\/12328"}],"wp:attachment":[{"href":"https:\/\/www.alyors.com\/es\/wp-json\/wp\/v2\/media?parent=12327"}],"curies":[{"name":"wp","href":"https:\/\/api.w.org\/{rel}","templated":true}]}}