{"id":12333,"date":"2024-03-04T07:02:51","date_gmt":"2024-03-04T07:02:51","guid":{"rendered":"https:\/\/www.alyors.com\/?page_id=12333"},"modified":"2025-03-27T09:01:10","modified_gmt":"2025-03-27T09:01:10","slug":"fabricacion-por-contrato","status":"publish","type":"page","link":"https:\/\/www.alyors.com\/es\/servicios\/fabricacion-por-contrato\/","title":{"rendered":"Fabricaci\u00f3n Por Contrato"},"content":{"rendered":"\t\t<div data-elementor-type=\"wp-page\" data-elementor-id=\"12333\" class=\"elementor elementor-12333 elementor-2210\" data-elementor-post-type=\"page\">\n\t\t\t\t<div class=\"elementor-element elementor-element-70fb24b e-flex e-con-boxed e-con e-parent\" data-id=\"70fb24b\" data-element_type=\"container\" data-e-type=\"container\">\n\t\t\t\t\t<div class=\"e-con-inner\">\n\t\t<div class=\"elementor-element elementor-element-2541319 e-con-full e-flex e-con e-child\" data-id=\"2541319\" data-element_type=\"container\" data-e-type=\"container\">\n\t\t\t\t<div class=\"elementor-element elementor-element-fd0a590 elementor-widget elementor-widget-text-editor\" data-id=\"fd0a590\" data-element_type=\"widget\" data-e-type=\"widget\" data-widget_type=\"text-editor.default\">\n\t\t\t\t<div class=\"elementor-widget-container\">\n\t\t\t\t\t\t\t\t\t<p>Alyors es un fabricante l\u00edder de complementos alimenticios, dermocosm\u00e9ticos y productos sanitarios y consumibles de marca blanca. Con a\u00f1os de experiencia en el sector, nos hemos forjado una reputaci\u00f3n por ofrecer productos de alta calidad que satisfacen las necesidades exclusivas de nuestros clientes.<\/p><p>Nuestras instalaciones de \u00faltima generaci\u00f3n y nuestra avanzada tecnolog\u00eda nos permiten producir una amplia gama de productos en<\/p><h4>Complementos alimenticios<\/h4><p>Comprimidos, c\u00e1psulas, c\u00e1psulas blandas, gominolas, sobres, efervescentes, l\u00edquidos y en polvo de vitaminas, minerales, suplementos especiales y suplementos a base de hierbas.<\/p><h4>Dermocosm\u00e9tica<\/h4><p>Productos en gel y peeling, champ\u00fas y espumas, sueros para el cuidado del cabello y el rostro, cremas, t\u00f3nicos y lociones para el cuidado de la piel, complejos oleosos y protectores solares UVA y UVB,<\/p><h4>Dispositivos m\u00e9dicos y consumibles<\/h4><p>Puntas de insulina, botiquines de primeros auxilios, parches, almohadillas y vendas para los ojos, gasas y vendas, vendas y compresas de gel, compresas de gas y almohadillas de algod\u00f3n, cors\u00e9s y rodilleras, nebulizadores, Bittox, inyecci\u00f3n intra-rodilla (Genum), aguja para pluma de insulina, agua de mar\/agua marina, spray para piojos, spray\/gota de suero fisiol\u00f3gico, vial de suero fisiol\u00f3gico, aspirador nasal y punta, y formularios de enjuague sinusal.<\/p><p>Esto nos permite ofrecer una variada selecci\u00f3n de productos a nuestros clientes, que pueden elegir el formato que mejor se adapte a sus necesidades.<\/p><p>En Alyors entendemos que cada cliente tiene necesidades y requisitos \u00fanicos. Por eso ofrecemos servicios de marca blanca, que permiten a nuestros clientes personalizar sus productos para satisfacer sus necesidades espec\u00edficas. Nuestro equipo de expertos trabaja en estrecha colaboraci\u00f3n con cada cliente para garantizar que sus productos cumplan exactamente sus especificaciones, desde la formulaci\u00f3n hasta el envasado.<\/p><p>Estamos orgullosos de nuestro compromiso con la calidad y la seguridad, y s\u00f3lo utilizamos los mejores ingredientes en nuestros productos. Nuestro proceso de fabricaci\u00f3n est\u00e1 sujeto a rigurosas normas de control de calidad, y nuestros productos se someten a pruebas exhaustivas para garantizar su seguridad y eficacia.<\/p><p>Tanto si desea crear una nueva l\u00ednea de productos como ampliar la que ya tiene, Alyors es su socio de confianza para complementos alimenticios, dermocosm\u00e9ticos y productos sanitarios y consumibles de marca blanca. Rellene el formulario hoy mismo para obtener m\u00e1s informaci\u00f3n sobre nuestros servicios y c\u00f3mo podemos ayudarle a alcanzar sus objetivos.<\/p>\t\t\t\t\t\t\t\t<\/div>\n\t\t\t\t<\/div>\n\t\t\t\t<\/div>\n\t\t<div class=\"elementor-element elementor-element-9a82478 e-con-full e-flex e-con e-child\" data-id=\"9a82478\" data-element_type=\"container\" data-e-type=\"container\">\n\t\t\t\t<div class=\"elementor-element elementor-element-53def52 elementor-widget elementor-widget-image\" data-id=\"53def52\" data-element_type=\"widget\" data-e-type=\"widget\" data-widget_type=\"image.default\">\n\t\t\t\t<div class=\"elementor-widget-container\">\n\t\t\t\t\t\t\t\t\t\t\t\t\t\t\t<img fetchpriority=\"high\" decoding=\"async\" width=\"683\" height=\"1024\" src=\"https:\/\/www.alyors.com\/wp-content\/uploads\/2024\/03\/ar-ge-683x1024.webp\" class=\"attachment-large size-large wp-image-12335\" alt=\"\" srcset=\"https:\/\/www.alyors.com\/wp-content\/uploads\/2024\/03\/ar-ge-683x1024.webp 683w, https:\/\/www.alyors.com\/wp-content\/uploads\/2024\/03\/ar-ge-200x300.webp 200w, https:\/\/www.alyors.com\/wp-content\/uploads\/2024\/03\/ar-ge-768x1152.webp 768w, https:\/\/www.alyors.com\/wp-content\/uploads\/2024\/03\/ar-ge.webp 780w\" sizes=\"(max-width: 683px) 100vw, 683px\" \/>\t\t\t\t\t\t\t\t\t\t\t\t\t\t\t<\/div>\n\t\t\t\t<\/div>\n\t\t\t\t<\/div>\n\t\t\t\t\t<\/div>\n\t\t\t\t<\/div>\n\t\t<div class=\"elementor-element elementor-element-fc90a5e e-flex e-con-boxed e-con e-parent\" data-id=\"fc90a5e\" data-element_type=\"container\" data-e-type=\"container\">\n\t\t\t\t\t<div class=\"e-con-inner\">\n\t\t<div class=\"elementor-element elementor-element-5ba7e65 e-flex e-con-boxed e-con e-child\" data-id=\"5ba7e65\" data-element_type=\"container\" data-e-type=\"container\" data-settings=\"{&quot;background_background&quot;:&quot;classic&quot;}\">\n\t\t\t\t\t<div class=\"e-con-inner\">\n\t\t\t\t<div class=\"elementor-element elementor-element-2938891 elementor-widget elementor-widget-heading\" data-id=\"2938891\" data-element_type=\"widget\" data-e-type=\"widget\" data-widget_type=\"heading.default\">\n\t\t\t\t<div class=\"elementor-widget-container\">\n\t\t\t\t\t<h2 class=\"elementor-heading-title elementor-size-default\">Formulario de contacto<\/h2>\t\t\t\t<\/div>\n\t\t\t\t<\/div>\n\t\t\t\t<div class=\"elementor-element elementor-element-fda08f1 elementor-button-align-center elementor-widget elementor-widget-form\" data-id=\"fda08f1\" data-element_type=\"widget\" data-e-type=\"widget\" data-settings=\"{&quot;step_next_label&quot;:&quot;Next&quot;,&quot;step_previous_label&quot;:&quot;Previous&quot;,&quot;step_type&quot;:&quot;number_text&quot;,&quot;step_icon_shape&quot;:&quot;circle&quot;}\" data-widget_type=\"form.default\">\n\t\t\t\t<div class=\"elementor-widget-container\">\n\t\t\t\t\t\t\t<form class=\"elementor-form\" method=\"post\" name=\"New Form\" aria-label=\"New Form\">\n\t\t\t<input type=\"hidden\" name=\"post_id\" value=\"12333\"\/>\n\t\t\t<input type=\"hidden\" name=\"form_id\" value=\"fda08f1\"\/>\n\t\t\t<input type=\"hidden\" name=\"referer_title\" value=\"Fabricaci\u00f3n Por Contrato - Alyors\" \/>\n\n\t\t\t\t\t\t\t<input type=\"hidden\" name=\"queried_id\" value=\"12333\"\/>\n\t\t\t\n\t\t\t<div class=\"elementor-form-fields-wrapper elementor-labels-\">\n\t\t\t\t\t\t\t\t<div class=\"elementor-field-type-text elementor-field-group elementor-column elementor-field-group-name elementor-col-25 elementor-field-required\">\n\t\t\t\t\t\t\t\t\t\t\t\t<label for=\"form-field-name\" class=\"elementor-field-label elementor-screen-only\">\n\t\t\t\t\t\t\t\tNombre y apellidos*\t\t\t\t\t\t\t<\/label>\n\t\t\t\t\t\t\t\t\t\t\t\t\t\t<input size=\"1\" type=\"text\" name=\"form_fields[name]\" id=\"form-field-name\" class=\"elementor-field elementor-size-md  elementor-field-textual\" placeholder=\"Nombre y apellidos*\" required=\"required\">\n\t\t\t\t\t\t\t\t\t\t\t<\/div>\n\t\t\t\t\t\t\t\t<div class=\"elementor-field-type-text elementor-field-group elementor-column elementor-field-group-field_ee287e8 elementor-col-50 elementor-field-required\">\n\t\t\t\t\t\t\t\t\t\t\t\t<label for=\"form-field-field_ee287e8\" class=\"elementor-field-label elementor-screen-only\">\n\t\t\t\t\t\t\t\tEmpresa*\t\t\t\t\t\t\t<\/label>\n\t\t\t\t\t\t\t\t\t\t\t\t\t\t<input size=\"1\" type=\"text\" name=\"form_fields[field_ee287e8]\" id=\"form-field-field_ee287e8\" class=\"elementor-field elementor-size-md  elementor-field-textual\" placeholder=\"Empresa*\" required=\"required\">\n\t\t\t\t\t\t\t\t\t\t\t<\/div>\n\t\t\t\t\t\t\t\t<div class=\"elementor-field-type-text elementor-field-group elementor-column elementor-field-group-field_b5e644d elementor-col-25\">\n\t\t\t\t\t\t\t\t\t\t\t\t<label for=\"form-field-field_b5e644d\" class=\"elementor-field-label elementor-screen-only\">\n\t\t\t\t\t\t\t\tPa\u00eds*\t\t\t\t\t\t\t<\/label>\n\t\t\t\t\t\t\t\t\t\t\t\t\t\t<input size=\"1\" type=\"text\" name=\"form_fields[field_b5e644d]\" id=\"form-field-field_b5e644d\" class=\"elementor-field elementor-size-md  elementor-field-textual\" placeholder=\"Pa\u00eds*\">\n\t\t\t\t\t\t\t\t\t\t\t<\/div>\n\t\t\t\t\t\t\t\t<div class=\"elementor-field-type-email elementor-field-group elementor-column elementor-field-group-email elementor-col-50 elementor-field-required\">\n\t\t\t\t\t\t\t\t\t\t\t\t<label for=\"form-field-email\" class=\"elementor-field-label elementor-screen-only\">\n\t\t\t\t\t\t\t\tCorreo electr\u00f3nico\t\t\t\t\t\t\t<\/label>\n\t\t\t\t\t\t\t\t\t\t\t\t\t\t<input size=\"1\" type=\"email\" name=\"form_fields[email]\" id=\"form-field-email\" class=\"elementor-field elementor-size-md  elementor-field-textual\" placeholder=\"Correo electr\u00f3nico\" required=\"required\">\n\t\t\t\t\t\t\t\t\t\t\t<\/div>\n\t\t\t\t\t\t\t\t<div class=\"elementor-field-type-text elementor-field-group elementor-column elementor-field-group-field_4ff4910 elementor-col-50\">\n\t\t\t\t\t\t\t\t\t\t\t\t<label for=\"form-field-field_4ff4910\" class=\"elementor-field-label elementor-screen-only\">\n\t\t\t\t\t\t\t\tTel\u00e9fono\t\t\t\t\t\t\t<\/label>\n\t\t\t\t\t\t\t\t\t\t\t\t\t\t<input size=\"1\" type=\"text\" name=\"form_fields[field_4ff4910]\" id=\"form-field-field_4ff4910\" class=\"elementor-field elementor-size-md  elementor-field-textual\" placeholder=\"Tel\u00e9fono\">\n\t\t\t\t\t\t\t\t\t\t\t<\/div>\n\t\t\t\t\t\t\t\t<div class=\"elementor-field-type-textarea elementor-field-group elementor-column elementor-field-group-message elementor-col-100\">\n\t\t\t\t\t\t\t\t\t\t\t\t<label for=\"form-field-message\" class=\"elementor-field-label elementor-screen-only\">\n\t\t\t\t\t\t\t\tMensaje\t\t\t\t\t\t\t<\/label>\n\t\t\t\t\t\t<textarea class=\"elementor-field-textual elementor-field  elementor-size-md\" name=\"form_fields[message]\" id=\"form-field-message\" rows=\"4\" placeholder=\"Mensaje\"><\/textarea>\t\t\t\t<\/div>\n\t\t\t\t\t\t\t\t<div class=\"elementor-field-type-checkbox elementor-field-group elementor-column elementor-field-group-privacy_policy elementor-col-100\">\n\t\t\t\t\t\t\t\t\t\t\t\t<label for=\"form-field-privacy_policy\" class=\"elementor-field-label elementor-screen-only\">\n\t\t\t\t\t\t\t\tPrivacy Policy\t\t\t\t\t\t\t<\/label>\n\t\t\t\t\t\t<div class=\"elementor-field-subgroup  \"><span class=\"elementor-field-option\"><input type=\"checkbox\" value=\"Acepto que los datos personales s\u00f3lo se procesen de acuerdo con la pol\u00edtica de privacidad de Alyors. Puede acceder a las obligaciones de informaci\u00f3n sobre protecci\u00f3n de datos de conformidad con el Art. 13 GDPR aqu\u00ed.\" id=\"form-field-privacy_policy-0\" name=\"form_fields[privacy_policy]\"> <label for=\"form-field-privacy_policy-0\">Acepto que los datos personales s\u00f3lo se procesen de acuerdo con la pol\u00edtica de privacidad de Alyors. Puede acceder a las obligaciones de informaci\u00f3n sobre protecci\u00f3n de datos de conformidad con el Art. 13 GDPR aqu\u00ed.<\/label><\/span><\/div>\t\t\t\t<\/div>\n\t\t\t\t\t\t\t\t<div class=\"elementor-field-type-recaptcha_v3 elementor-field-group elementor-column elementor-field-group-field_52c377f elementor-col-100 recaptcha_v3-bottomleft\">\n\t\t\t\t\t<div class=\"elementor-field\" id=\"form-field-field_52c377f\"><div class=\"elementor-g-recaptcha\" data-sitekey=\"6LfBhoopAAAAAIF86GhwVudVDQIdoJ43GJP9p51Z\" data-type=\"v3\" data-action=\"Form\" data-badge=\"bottomleft\" data-size=\"invisible\"><\/div><\/div>\t\t\t\t<\/div>\n\t\t\t\t\t\t\t\t<div class=\"elementor-field-group elementor-column elementor-field-type-submit elementor-col-100 e-form__buttons\">\n\t\t\t\t\t<button class=\"elementor-button elementor-size-sm\" type=\"submit\">\n\t\t\t\t\t\t<span class=\"elementor-button-content-wrapper\">\n\t\t\t\t\t\t\t\t\t\t\t\t\t\t\t\t\t\t\t\t\t\t<span class=\"elementor-button-text\">ENVIAR<\/span>\n\t\t\t\t\t\t\t\t\t\t\t\t\t<\/span>\n\t\t\t\t\t<\/button>\n\t\t\t\t<\/div>\n\t\t\t<\/div>\n\t\t<\/form>\n\t\t\t\t\t\t<\/div>\n\t\t\t\t<\/div>\n\t\t\t\t\t<\/div>\n\t\t\t\t<\/div>\n\t\t\t\t\t<\/div>\n\t\t\t\t<\/div>\n\t\t\t\t<\/div>\n\t\t","protected":false},"excerpt":{"rendered":"<p>Alyors es un fabricante l\u00edder de complementos alimenticios, dermocosm\u00e9ticos y productos sanitarios y consumibles de marca blanca. Con a\u00f1os de experiencia en el sector, nos hemos forjado una reputaci\u00f3n por ofrecer productos de alta calidad que satisfacen las necesidades exclusivas de nuestros clientes. Nuestras instalaciones de \u00faltima generaci\u00f3n y nuestra avanzada tecnolog\u00eda nos permiten producir [&hellip;]<\/p>\n","protected":false},"author":1,"featured_media":12334,"parent":12413,"menu_order":0,"comment_status":"closed","ping_status":"closed","template":"","meta":{"_acf_changed":false,"inline_featured_image":false,"footnotes":""},"class_list":["post-12333","page","type-page","status-publish","has-post-thumbnail","hentry"],"acf":[],"_links":{"self":[{"href":"https:\/\/www.alyors.com\/es\/wp-json\/wp\/v2\/pages\/12333","targetHints":{"allow":["GET"]}}],"collection":[{"href":"https:\/\/www.alyors.com\/es\/wp-json\/wp\/v2\/pages"}],"about":[{"href":"https:\/\/www.alyors.com\/es\/wp-json\/wp\/v2\/types\/page"}],"author":[{"embeddable":true,"href":"https:\/\/www.alyors.com\/es\/wp-json\/wp\/v2\/users\/1"}],"replies":[{"embeddable":true,"href":"https:\/\/www.alyors.com\/es\/wp-json\/wp\/v2\/comments?post=12333"}],"version-history":[{"count":7,"href":"https:\/\/www.alyors.com\/es\/wp-json\/wp\/v2\/pages\/12333\/revisions"}],"predecessor-version":[{"id":12342,"href":"https:\/\/www.alyors.com\/es\/wp-json\/wp\/v2\/pages\/12333\/revisions\/12342"}],"up":[{"embeddable":true,"href":"https:\/\/www.alyors.com\/es\/wp-json\/wp\/v2\/pages\/12413"}],"wp:featuredmedia":[{"embeddable":true,"href":"https:\/\/www.alyors.com\/es\/wp-json\/wp\/v2\/media\/12334"}],"wp:attachment":[{"href":"https:\/\/www.alyors.com\/es\/wp-json\/wp\/v2\/media?parent=12333"}],"curies":[{"name":"wp","href":"https:\/\/api.w.org\/{rel}","templated":true}]}}