{"id":12343,"date":"2024-03-04T12:13:00","date_gmt":"2024-03-04T12:13:00","guid":{"rendered":"https:\/\/www.alyors.com\/?page_id=12343"},"modified":"2025-03-27T09:07:45","modified_gmt":"2025-03-27T09:07:45","slug":"categoria-de-productos","status":"publish","type":"page","link":"https:\/\/www.alyors.com\/es\/servicios\/fabricacion-por-contrato\/categoria-de-productos\/","title":{"rendered":"Categor\u00eda de productos"},"content":{"rendered":"\t\t<div data-elementor-type=\"wp-page\" data-elementor-id=\"12343\" class=\"elementor elementor-12343 elementor-2544\" data-elementor-post-type=\"page\">\n\t\t\t\t<div class=\"elementor-element elementor-element-6b683eb e-flex e-con-boxed e-con e-parent\" data-id=\"6b683eb\" data-element_type=\"container\" data-e-type=\"container\">\n\t\t\t\t\t<div class=\"e-con-inner\">\n\t\t<div class=\"elementor-element elementor-element-1310e5a e-flex e-con-boxed e-con e-child\" data-id=\"1310e5a\" data-element_type=\"container\" data-e-type=\"container\">\n\t\t\t\t\t<div class=\"e-con-inner\">\n\t\t\t\t<div class=\"elementor-element elementor-element-9b007fc section-title section-title--centered elementor-widget elementor-widget-heading\" data-id=\"9b007fc\" data-element_type=\"widget\" data-e-type=\"widget\" data-widget_type=\"heading.default\">\n\t\t\t\t<div class=\"elementor-widget-container\">\n\t\t\t\t\t<h2 class=\"elementor-heading-title elementor-size-default\">Categor\u00edas de Productos de Fabricaci\u00f3n por Contrato<\/h2>\t\t\t\t<\/div>\n\t\t\t\t<\/div>\n\t\t\t\t\t<\/div>\n\t\t\t\t<\/div>\n\t\t\t\t<div class=\"elementor-element elementor-element-5870d9a elementor-widget elementor-widget-text-editor\" data-id=\"5870d9a\" data-element_type=\"widget\" data-e-type=\"widget\" data-widget_type=\"text-editor.default\">\n\t\t\t\t<div class=\"elementor-widget-container\">\n\t\t\t\t\t\t\t\t\t<p>Alyors Holding ofrece servicios integrales de fabricaci\u00f3n por contrato en tres categor\u00edas principales de productos: suplementos alimenticios, dermocosm\u00e9ticos y dispositivos m\u00e9dicos y consumibles.<\/p><p>Nuestra experiencia en cada categor\u00eda garantiza que pueda encontrar la soluci\u00f3n perfecta para su marca.<\/p><p><strong>Suplementos Alimenticios:<\/strong> Producimos una amplia gama de suplementos alimenticios en diversos intereses de salud y formas, incluyendo tabletas, c\u00e1psulas, geles blandos, gomitas y polvos. Nuestras formulaciones incluyen vitaminas, minerales, extractos herbales y suplementos especializados dise\u00f1ados para satisfacer diversas necesidades de salud y bienestar. Haga clic aqu\u00ed para descubrir nuestras categor\u00edas de suplementos alimenticios para diferentes g\u00e9neros\/edades, intereses de salud y preferencias de uso de los consumidores.<\/p><p><strong>Dermocosm\u00e9ticos:<\/strong> Nuestros productos dermocosm\u00e9ticos abarcan una variedad de art\u00edculos para el cuidado de la piel y el cabello, desde cremas y sueros hasta champ\u00fas y exfoliantes. Utilizamos formulaciones avanzadas para ofrecer productos efectivos que se alineen con la visi\u00f3n de su marca. Haga clic aqu\u00ed para aprender m\u00e1s sobre nuestra producci\u00f3n de dermocosm\u00e9ticos para diferentes tipos de piel\/cabello.<\/p><p><strong>Dispositivos M\u00e9dicos y Consumibles:<\/strong> Alyors fabrica dispositivos m\u00e9dicos y consumibles, incluyendo puntas de insulina, kits de primeros auxilios, vendajes, gasas y m\u00e1s. Nuestros productos cumplen con estrictos est\u00e1ndares de calidad e higiene y est\u00e1n en conformidad con las certificaciones y regulaciones nacionales e internacionales. Haga clic aqu\u00ed para obtener detalles sobre productos m\u00e9dicos y consumibles.<\/p><p>Elija a Alyors como su socio de confianza para la fabricaci\u00f3n por contrato, y d\u00e9jenos ayudarle a crear productos de alta calidad en cualquiera de estas categor\u00edas. Haga clic en los enlaces a continuaci\u00f3n para explorar cada categor\u00eda con m\u00e1s detalle.<\/p>\t\t\t\t\t\t\t\t<\/div>\n\t\t\t\t<\/div>\n\t\t\t\t\t<\/div>\n\t\t\t\t<\/div>\n\t\t\t\t<\/div>\n\t\t","protected":false},"excerpt":{"rendered":"<p>Categor\u00edas de Productos de Fabricaci\u00f3n por Contrato Alyors Holding ofrece servicios integrales de fabricaci\u00f3n por contrato en tres categor\u00edas principales de productos: suplementos alimenticios, dermocosm\u00e9ticos y dispositivos m\u00e9dicos y consumibles. Nuestra experiencia en cada categor\u00eda garantiza que pueda encontrar la soluci\u00f3n perfecta para su marca. Suplementos Alimenticios: Producimos una amplia gama de suplementos alimenticios en [&hellip;]<\/p>\n","protected":false},"author":1,"featured_media":0,"parent":12333,"menu_order":0,"comment_status":"closed","ping_status":"closed","template":"","meta":{"_acf_changed":false,"inline_featured_image":false,"footnotes":""},"class_list":["post-12343","page","type-page","status-publish","hentry"],"acf":[],"_links":{"self":[{"href":"https:\/\/www.alyors.com\/es\/wp-json\/wp\/v2\/pages\/12343","targetHints":{"allow":["GET"]}}],"collection":[{"href":"https:\/\/www.alyors.com\/es\/wp-json\/wp\/v2\/pages"}],"about":[{"href":"https:\/\/www.alyors.com\/es\/wp-json\/wp\/v2\/types\/page"}],"author":[{"embeddable":true,"href":"https:\/\/www.alyors.com\/es\/wp-json\/wp\/v2\/users\/1"}],"replies":[{"embeddable":true,"href":"https:\/\/www.alyors.com\/es\/wp-json\/wp\/v2\/comments?post=12343"}],"version-history":[{"count":4,"href":"https:\/\/www.alyors.com\/es\/wp-json\/wp\/v2\/pages\/12343\/revisions"}],"predecessor-version":[{"id":12347,"href":"https:\/\/www.alyors.com\/es\/wp-json\/wp\/v2\/pages\/12343\/revisions\/12347"}],"up":[{"embeddable":true,"href":"https:\/\/www.alyors.com\/es\/wp-json\/wp\/v2\/pages\/12333"}],"wp:attachment":[{"href":"https:\/\/www.alyors.com\/es\/wp-json\/wp\/v2\/media?parent=12343"}],"curies":[{"name":"wp","href":"https:\/\/api.w.org\/{rel}","templated":true}]}}