{"id":12348,"date":"2024-03-04T12:12:14","date_gmt":"2024-03-04T12:12:14","guid":{"rendered":"https:\/\/www.alyors.com\/?page_id=12348"},"modified":"2025-03-27T09:11:54","modified_gmt":"2025-03-27T09:11:54","slug":"forma-del-producto","status":"publish","type":"page","link":"https:\/\/www.alyors.com\/es\/servicios\/fabricacion-por-contrato\/forma-del-producto\/","title":{"rendered":"Forma del producto"},"content":{"rendered":"\t\t<div data-elementor-type=\"wp-page\" data-elementor-id=\"12348\" class=\"elementor elementor-12348 elementor-2540\" data-elementor-post-type=\"page\">\n\t\t\t\t<div class=\"elementor-element elementor-element-c583466 e-flex e-con-boxed e-con e-parent\" data-id=\"c583466\" data-element_type=\"container\" data-e-type=\"container\">\n\t\t\t\t\t<div class=\"e-con-inner\">\n\t\t<div class=\"elementor-element elementor-element-617bd5f e-flex e-con-boxed e-con e-child\" data-id=\"617bd5f\" data-element_type=\"container\" data-e-type=\"container\">\n\t\t\t\t\t<div class=\"e-con-inner\">\n\t\t\t\t<div class=\"elementor-element elementor-element-cc15fed section-title section-title--centered elementor-widget elementor-widget-heading\" data-id=\"cc15fed\" data-element_type=\"widget\" data-e-type=\"widget\" data-widget_type=\"heading.default\">\n\t\t\t\t<div class=\"elementor-widget-container\">\n\t\t\t\t\t<h2 class=\"elementor-heading-title elementor-size-default\">Formes de Produits pour la Fabrication sous Marque Propre<\/h2>\t\t\t\t<\/div>\n\t\t\t\t<\/div>\n\t\t\t\t\t<\/div>\n\t\t\t\t<\/div>\n\t\t\t\t<div class=\"elementor-element elementor-element-b0b4603 elementor-widget elementor-widget-text-editor\" data-id=\"b0b4603\" data-element_type=\"widget\" data-e-type=\"widget\" data-widget_type=\"text-editor.default\">\n\t\t\t\t<div class=\"elementor-widget-container\">\n\t\t\t\t\t\t\t\t\t<p>Chez Alyors, nous sommes sp\u00e9cialis\u00e9s dans la production d&#8217;une large gamme de produits en vente libre (OTC) pour les compl\u00e9ments alimentaires sous marque propre. Que vous souhaitiez cr\u00e9er des comprim\u00e9s traditionnels ou des gommes innovantes, nous disposons de l&#8217;expertise et de la technologie de pointe pour r\u00e9pondre aux besoins de votre marque et de votre public cible.<\/p><p><strong>Nos Formes de Produits<\/strong><\/p><p>Nous comprenons que chaque consommateur a des pr\u00e9f\u00e9rences diff\u00e9rentes en ce qui concerne les formes de compl\u00e9ments alimentaires. Nous reconnaissons \u00e9galement l&#8217;importance de l&#8217;utilisation r\u00e9guli\u00e8re et de l&#8217;int\u00e9gration des compl\u00e9ments dans une routine quotidienne. Pour aider les consommateurs \u00e0 incorporer facilement les compl\u00e9ments alimentaires dans leur alimentation, nous offrons des solutions adapt\u00e9es \u00e0 chaque pr\u00e9f\u00e9rence de forme :<\/p><p><strong>Comprim\u00e9s :<\/strong> Une forme classique pour les vitamines et compl\u00e9ments, nos comprim\u00e9s sont con\u00e7us pour une consommation facile et une dose r\u00e9guli\u00e8re. Disponibles sous diff\u00e9rentes formes et tailles, les comprim\u00e9s peuvent \u00eatre personnalis\u00e9s pour r\u00e9pondre aux sp\u00e9cifications de votre marque.<\/p><p><strong>Comprim\u00e9s Effervescents :<\/strong> Id\u00e9als pour les compl\u00e9ments qui se dissolvent dans l&#8217;eau, les comprim\u00e9s effervescents offrent une mani\u00e8re pratique et agr\u00e9able de consommer des vitamines et des min\u00e9raux. De plus, ils se dissolvent facilement dans l&#8217;eau sans laisser de r\u00e9sidu. Nous pouvons cr\u00e9er des formulations uniques avec une vari\u00e9t\u00e9 de saveurs.<\/p><p><strong>Capsules :<\/strong> Notre production de capsules comprend des capsules dures et molles, offrant une flexibilit\u00e9 en termes d&#8217;ingr\u00e9dients et de dosages. Elles sont faciles \u00e0 avaler et conviennent \u00e0 une large gamme de compl\u00e9ments.<\/p><p><strong>Capsules Molles (Softgels) :<\/strong> Parfaites pour les compl\u00e9ments sous forme liquide, les capsules molles offrent un format lisse et facile \u00e0 dig\u00e9rer. Elles sont id\u00e9ales pour les huiles, les vitamines liposolubles et autres compl\u00e9ments liquides.<\/p><p><strong>Sachets :<\/strong> Pour les compl\u00e9ments \u00e0 dose unique, les sachets offrent une option pratique et portable. Faciles \u00e0 transporter et \u00e0 utiliser pour le consommateur, avec une gamme de saveurs et de formulations.<\/p><p><strong>Compl\u00e9ments Liquides :<\/strong> Nos compl\u00e9ments liquides sont disponibles dans divers formats de bouteilles et peuvent \u00eatre formul\u00e9s avec des ingr\u00e9dients uniques pour enrichir votre gamme de produits. Ils sont parfaits pour les enfants, les seniors, ou toute personne pr\u00e9f\u00e9rant les formats liquides tels que les sirops, ou les individus pr\u00e9f\u00e9rant les doses uniques comme les shots de collag\u00e8ne.<\/p><p><strong>Gommes :<\/strong> Un choix populaire et r\u00e9cent pour les compl\u00e9ments, les gommes offrent une mani\u00e8re amusante et savoureuse de consommer des vitamines et autres nutriments, non seulement pour les enfants mais aussi pour les adultes. Nous pouvons cr\u00e9er des gommes sous diff\u00e9rentes formes, saveurs et couleurs pour correspondre \u00e0 l&#8217;identit\u00e9 de votre marque.<\/p><p><strong>Engagement envers la Qualit\u00e9<\/strong><\/p><p>La qualit\u00e9 et la s\u00e9curit\u00e9 sont au c\u0153ur de tout ce que nous faisons chez Alyors. Nos installations de production sont certifi\u00e9es ISO 9001, GMP et enregistr\u00e9es aupr\u00e8s de la FDA, garantissant que chaque produit respecte des normes de qualit\u00e9 rigoureuses. Nous utilisons des ingr\u00e9dients de haute qualit\u00e9 et r\u00e9alisons des tests approfondis pour garantir la s\u00e9curit\u00e9 et l&#8217;efficacit\u00e9.<\/p><p><strong>Collaborez avec Alyors<\/strong><\/p><p>Que vous lanciez une nouvelle ligne de compl\u00e9ments alimentaires sous marque propre ou que vous souhaitiez \u00e9largir votre gamme existante, Alyors est votre partenaire id\u00e9al pour la fabrication de produits de haute qualit\u00e9. Avec nos services de fabrication de compl\u00e9ments alimentaires sous marque propre, vous pouvez choisir parmi des formulations semi-personnalis\u00e9es ou en cr\u00e9er une totalement sur mesure. Nous offrons un support complet en mati\u00e8re de packaging pour renforcer votre marque. (Nous fournissons des bouteilles et des emballages plastiques de diff\u00e9rentes tailles).<\/p><p>Le march\u00e9 des compl\u00e9ments alimentaires est en pleine croissance &#8211; votre marque peut faire partie de cette industrie avec le partenariat d&#8217;Alyors ! Contactez-nous d\u00e8s aujourd&#8217;hui pour discuter de vos besoins en mati\u00e8re de marque propre et d\u00e9couvrir comment nous pouvons vous aider \u00e0 cr\u00e9er les compl\u00e9ments alimentaires parfaits pour votre marque.<\/p>\t\t\t\t\t\t\t\t<\/div>\n\t\t\t\t<\/div>\n\t\t\t\t\t<\/div>\n\t\t\t\t<\/div>\n\t\t<div class=\"elementor-element elementor-element-f28d069 e-flex e-con-boxed e-con e-parent\" data-id=\"f28d069\" data-element_type=\"container\" data-e-type=\"container\">\n\t\t\t\t\t<div class=\"e-con-inner\">\n\t\t<div class=\"elementor-element elementor-element-64f67ff e-flex e-con-boxed e-con e-child\" data-id=\"64f67ff\" data-element_type=\"container\" data-e-type=\"container\" data-settings=\"{&quot;background_background&quot;:&quot;classic&quot;}\">\n\t\t\t\t\t<div class=\"e-con-inner\">\n\t\t\t\t<div class=\"elementor-element elementor-element-ad1eec7 elementor-widget elementor-widget-heading\" data-id=\"ad1eec7\" data-element_type=\"widget\" data-e-type=\"widget\" data-widget_type=\"heading.default\">\n\t\t\t\t<div class=\"elementor-widget-container\">\n\t\t\t\t\t<h2 class=\"elementor-heading-title elementor-size-default\">Formulario de contacto<\/h2>\t\t\t\t<\/div>\n\t\t\t\t<\/div>\n\t\t\t\t<div class=\"elementor-element elementor-element-41d4171 elementor-button-align-center elementor-widget elementor-widget-form\" data-id=\"41d4171\" data-element_type=\"widget\" data-e-type=\"widget\" data-settings=\"{&quot;step_next_label&quot;:&quot;Next&quot;,&quot;step_previous_label&quot;:&quot;Previous&quot;,&quot;step_type&quot;:&quot;number_text&quot;,&quot;step_icon_shape&quot;:&quot;circle&quot;}\" data-widget_type=\"form.default\">\n\t\t\t\t<div class=\"elementor-widget-container\">\n\t\t\t\t\t\t\t<form class=\"elementor-form\" method=\"post\" name=\"New Form\" aria-label=\"New Form\">\n\t\t\t<input type=\"hidden\" name=\"post_id\" value=\"12348\"\/>\n\t\t\t<input type=\"hidden\" name=\"form_id\" value=\"41d4171\"\/>\n\t\t\t<input type=\"hidden\" name=\"referer_title\" value=\"Forma del producto - Alyors\" \/>\n\n\t\t\t\t\t\t\t<input type=\"hidden\" name=\"queried_id\" value=\"12348\"\/>\n\t\t\t\n\t\t\t<div class=\"elementor-form-fields-wrapper elementor-labels-\">\n\t\t\t\t\t\t\t\t<div class=\"elementor-field-type-text elementor-field-group elementor-column elementor-field-group-name elementor-col-25 elementor-field-required\">\n\t\t\t\t\t\t\t\t\t\t\t\t<label for=\"form-field-name\" class=\"elementor-field-label elementor-screen-only\">\n\t\t\t\t\t\t\t\tNombre y apellidos*\t\t\t\t\t\t\t<\/label>\n\t\t\t\t\t\t\t\t\t\t\t\t\t\t<input size=\"1\" type=\"text\" name=\"form_fields[name]\" id=\"form-field-name\" class=\"elementor-field elementor-size-md  elementor-field-textual\" placeholder=\"Nombre y apellidos*\" required=\"required\">\n\t\t\t\t\t\t\t\t\t\t\t<\/div>\n\t\t\t\t\t\t\t\t<div class=\"elementor-field-type-text elementor-field-group elementor-column elementor-field-group-field_ee287e8 elementor-col-50 elementor-field-required\">\n\t\t\t\t\t\t\t\t\t\t\t\t<label for=\"form-field-field_ee287e8\" class=\"elementor-field-label elementor-screen-only\">\n\t\t\t\t\t\t\t\tEmpresa*\t\t\t\t\t\t\t<\/label>\n\t\t\t\t\t\t\t\t\t\t\t\t\t\t<input size=\"1\" type=\"text\" name=\"form_fields[field_ee287e8]\" id=\"form-field-field_ee287e8\" class=\"elementor-field elementor-size-md  elementor-field-textual\" placeholder=\"Empresa*\" required=\"required\">\n\t\t\t\t\t\t\t\t\t\t\t<\/div>\n\t\t\t\t\t\t\t\t<div class=\"elementor-field-type-text elementor-field-group elementor-column elementor-field-group-field_b5e644d elementor-col-25\">\n\t\t\t\t\t\t\t\t\t\t\t\t<label for=\"form-field-field_b5e644d\" class=\"elementor-field-label elementor-screen-only\">\n\t\t\t\t\t\t\t\tPa\u00eds*\t\t\t\t\t\t\t<\/label>\n\t\t\t\t\t\t\t\t\t\t\t\t\t\t<input size=\"1\" type=\"text\" name=\"form_fields[field_b5e644d]\" id=\"form-field-field_b5e644d\" class=\"elementor-field elementor-size-md  elementor-field-textual\" placeholder=\"Pa\u00eds*\">\n\t\t\t\t\t\t\t\t\t\t\t<\/div>\n\t\t\t\t\t\t\t\t<div class=\"elementor-field-type-email elementor-field-group elementor-column elementor-field-group-email elementor-col-50 elementor-field-required\">\n\t\t\t\t\t\t\t\t\t\t\t\t<label for=\"form-field-email\" class=\"elementor-field-label elementor-screen-only\">\n\t\t\t\t\t\t\t\tCorreo electr\u00f3nico\t\t\t\t\t\t\t<\/label>\n\t\t\t\t\t\t\t\t\t\t\t\t\t\t<input size=\"1\" type=\"email\" name=\"form_fields[email]\" id=\"form-field-email\" class=\"elementor-field elementor-size-md  elementor-field-textual\" placeholder=\"Correo electr\u00f3nico\" required=\"required\">\n\t\t\t\t\t\t\t\t\t\t\t<\/div>\n\t\t\t\t\t\t\t\t<div class=\"elementor-field-type-text elementor-field-group elementor-column elementor-field-group-field_4ff4910 elementor-col-50\">\n\t\t\t\t\t\t\t\t\t\t\t\t<label for=\"form-field-field_4ff4910\" class=\"elementor-field-label elementor-screen-only\">\n\t\t\t\t\t\t\t\tTel\u00e9fono\t\t\t\t\t\t\t<\/label>\n\t\t\t\t\t\t\t\t\t\t\t\t\t\t<input size=\"1\" type=\"text\" name=\"form_fields[field_4ff4910]\" id=\"form-field-field_4ff4910\" class=\"elementor-field elementor-size-md  elementor-field-textual\" placeholder=\"Tel\u00e9fono\">\n\t\t\t\t\t\t\t\t\t\t\t<\/div>\n\t\t\t\t\t\t\t\t<div class=\"elementor-field-type-textarea elementor-field-group elementor-column elementor-field-group-message elementor-col-100\">\n\t\t\t\t\t\t\t\t\t\t\t\t<label for=\"form-field-message\" class=\"elementor-field-label elementor-screen-only\">\n\t\t\t\t\t\t\t\tMensaje\t\t\t\t\t\t\t<\/label>\n\t\t\t\t\t\t<textarea class=\"elementor-field-textual elementor-field  elementor-size-md\" name=\"form_fields[message]\" id=\"form-field-message\" rows=\"4\" placeholder=\"Mensaje\"><\/textarea>\t\t\t\t<\/div>\n\t\t\t\t\t\t\t\t<div class=\"elementor-field-type-checkbox elementor-field-group elementor-column elementor-field-group-privacy_policy elementor-col-100\">\n\t\t\t\t\t\t\t\t\t\t\t\t<label for=\"form-field-privacy_policy\" class=\"elementor-field-label elementor-screen-only\">\n\t\t\t\t\t\t\t\tPrivacy Policy\t\t\t\t\t\t\t<\/label>\n\t\t\t\t\t\t<div class=\"elementor-field-subgroup  \"><span class=\"elementor-field-option\"><input type=\"checkbox\" value=\"Acepto que los datos personales s\u00f3lo se procesen de acuerdo con la pol\u00edtica de privacidad de Alyors. Puede acceder a las obligaciones de informaci\u00f3n sobre protecci\u00f3n de datos de conformidad con el Art. 13 GDPR aqu\u00ed.\" id=\"form-field-privacy_policy-0\" name=\"form_fields[privacy_policy]\"> <label for=\"form-field-privacy_policy-0\">Acepto que los datos personales s\u00f3lo se procesen de acuerdo con la pol\u00edtica de privacidad de Alyors. Puede acceder a las obligaciones de informaci\u00f3n sobre protecci\u00f3n de datos de conformidad con el Art. 13 GDPR aqu\u00ed.<\/label><\/span><\/div>\t\t\t\t<\/div>\n\t\t\t\t\t\t\t\t<div class=\"elementor-field-type-recaptcha_v3 elementor-field-group elementor-column elementor-field-group-field_52c377f elementor-col-100 recaptcha_v3-bottomleft\">\n\t\t\t\t\t<div class=\"elementor-field\" id=\"form-field-field_52c377f\"><div class=\"elementor-g-recaptcha\" data-sitekey=\"6LfBhoopAAAAAIF86GhwVudVDQIdoJ43GJP9p51Z\" data-type=\"v3\" data-action=\"Form\" data-badge=\"bottomleft\" data-size=\"invisible\"><\/div><\/div>\t\t\t\t<\/div>\n\t\t\t\t\t\t\t\t<div class=\"elementor-field-group elementor-column elementor-field-type-submit elementor-col-100 e-form__buttons\">\n\t\t\t\t\t<button class=\"elementor-button elementor-size-sm\" type=\"submit\">\n\t\t\t\t\t\t<span class=\"elementor-button-content-wrapper\">\n\t\t\t\t\t\t\t\t\t\t\t\t\t\t\t\t\t\t\t\t\t\t<span class=\"elementor-button-text\">ENVIAR<\/span>\n\t\t\t\t\t\t\t\t\t\t\t\t\t<\/span>\n\t\t\t\t\t<\/button>\n\t\t\t\t<\/div>\n\t\t\t<\/div>\n\t\t<\/form>\n\t\t\t\t\t\t<\/div>\n\t\t\t\t<\/div>\n\t\t\t\t\t<\/div>\n\t\t\t\t<\/div>\n\t\t\t\t\t<\/div>\n\t\t\t\t<\/div>\n\t\t\t\t<\/div>\n\t\t","protected":false},"excerpt":{"rendered":"<p>Formes de Produits pour la Fabrication sous Marque Propre Chez Alyors, nous sommes sp\u00e9cialis\u00e9s dans la production d&#8217;une large gamme de produits en vente libre (OTC) pour les compl\u00e9ments alimentaires sous marque propre. Que vous souhaitiez cr\u00e9er des comprim\u00e9s traditionnels ou des gommes innovantes, nous disposons de l&#8217;expertise et de la technologie de pointe pour [&hellip;]<\/p>\n","protected":false},"author":1,"featured_media":0,"parent":12333,"menu_order":0,"comment_status":"closed","ping_status":"closed","template":"","meta":{"_acf_changed":false,"inline_featured_image":false,"footnotes":""},"class_list":["post-12348","page","type-page","status-publish","hentry"],"acf":[],"_links":{"self":[{"href":"https:\/\/www.alyors.com\/es\/wp-json\/wp\/v2\/pages\/12348","targetHints":{"allow":["GET"]}}],"collection":[{"href":"https:\/\/www.alyors.com\/es\/wp-json\/wp\/v2\/pages"}],"about":[{"href":"https:\/\/www.alyors.com\/es\/wp-json\/wp\/v2\/types\/page"}],"author":[{"embeddable":true,"href":"https:\/\/www.alyors.com\/es\/wp-json\/wp\/v2\/users\/1"}],"replies":[{"embeddable":true,"href":"https:\/\/www.alyors.com\/es\/wp-json\/wp\/v2\/comments?post=12348"}],"version-history":[{"count":7,"href":"https:\/\/www.alyors.com\/es\/wp-json\/wp\/v2\/pages\/12348\/revisions"}],"predecessor-version":[{"id":12355,"href":"https:\/\/www.alyors.com\/es\/wp-json\/wp\/v2\/pages\/12348\/revisions\/12355"}],"up":[{"embeddable":true,"href":"https:\/\/www.alyors.com\/es\/wp-json\/wp\/v2\/pages\/12333"}],"wp:attachment":[{"href":"https:\/\/www.alyors.com\/es\/wp-json\/wp\/v2\/media?parent=12348"}],"curies":[{"name":"wp","href":"https:\/\/api.w.org\/{rel}","templated":true}]}}