{"id":12361,"date":"2024-03-04T12:11:32","date_gmt":"2024-03-04T12:11:32","guid":{"rendered":"https:\/\/www.alyors.com\/?page_id=12361"},"modified":"2025-03-27T09:30:29","modified_gmt":"2025-03-27T09:30:29","slug":"marca-blanca","status":"publish","type":"page","link":"https:\/\/www.alyors.com\/es\/servicios\/marca-blanca\/","title":{"rendered":"Marca blanca"},"content":{"rendered":"\t\t<div data-elementor-type=\"wp-page\" data-elementor-id=\"12361\" class=\"elementor elementor-12361 elementor-2536\" data-elementor-post-type=\"page\">\n\t\t\t\t<div class=\"elementor-element elementor-element-fb72413 e-flex e-con-boxed e-con e-parent\" data-id=\"fb72413\" data-element_type=\"container\" data-e-type=\"container\">\n\t\t\t\t\t<div class=\"e-con-inner\">\n\t\t<div class=\"elementor-element elementor-element-248f800 e-flex e-con-boxed e-con e-child\" data-id=\"248f800\" data-element_type=\"container\" data-e-type=\"container\">\n\t\t\t\t\t<div class=\"e-con-inner\">\n\t\t\t\t<div class=\"elementor-element elementor-element-3d2057c section-title section-title--centered elementor-widget elementor-widget-heading\" data-id=\"3d2057c\" data-element_type=\"widget\" data-e-type=\"widget\" data-widget_type=\"heading.default\">\n\t\t\t\t<div class=\"elementor-widget-container\">\n\t\t\t\t\t<h2 class=\"elementor-heading-title elementor-size-default\">Fabricaci\u00f3n de Marca Privada con Alyors<\/h2>\t\t\t\t<\/div>\n\t\t\t\t<\/div>\n\t\t\t\t\t<\/div>\n\t\t\t\t<\/div>\n\t\t\t\t<div class=\"elementor-element elementor-element-e777c9f elementor-widget elementor-widget-text-editor\" data-id=\"e777c9f\" data-element_type=\"widget\" data-e-type=\"widget\" data-widget_type=\"text-editor.default\">\n\t\t\t\t<div class=\"elementor-widget-container\">\n\t\t\t\t\t\t\t\t\t<p>\u00bfBuscas lanzar una l\u00ednea de marca privada en suplementos alimenticios, dermocosm\u00e9ticos o dispositivos m\u00e9dicos? Alyors es tu socio principal para la fabricaci\u00f3n de marcas privadas, con m\u00e1s de 30 a\u00f1os de experiencia en la industria de la salud y la producci\u00f3n.<\/p><p><strong>\u00bfPor qu\u00e9 elegir Alyors para la fabricaci\u00f3n de marcas privadas?<\/strong><\/p><p>En Alyors, nos especializamos en ayudar a las empresas a crear productos de marca privada \u00fanicos que se destacan en el mercado. Nuestra amplia experiencia, combinada con nuestras instalaciones de fabricaci\u00f3n de vanguardia, nos permite producir productos de alta calidad que cumplen con las especificaciones de tu empresa y su plan estrat\u00e9gico.<\/p><p><strong>Nuestros Servicios de Marca Privada<\/strong><\/p><p>En Alyors, ofrecemos una gama completa de servicios para apoyar tu camino en la creaci\u00f3n de marcas privadas:<\/p><p>Formulaciones Personalizadas: Nuestro equipo de I+D colabora contigo para desarrollar formulaciones personalizadas adaptadas a las necesidades de tu marca y del mercado.<\/p><p><strong>Variedad de Productos:<\/strong> Ofrecemos una amplia gama de tipos de productos, incluyendo tabletas, c\u00e1psulas, c\u00e1psulas blandas, gominolas, sobres, formas en polvo para suplementos alimenticios; geles, cremas, lociones, champ\u00fas para dermocosm\u00e9ticos y dispositivos m\u00e9dicos y consumibles.<\/p><p><strong>Calidad y Cumplimiento:<\/strong> Nuestras plantas de fabricaci\u00f3n cumplen con est\u00e1ndares rigurosos como ISO 9001, GMP, FDA, y certificaciones Halal. Nos aseguramos de que tus productos de marca privada cumplan con las normativas nacionales e internacionales.<\/p><p><strong>Empaque y Branding:<\/strong> Nuestros servicios de marca privada incluyen opciones de empaque personalizadas que se alinean con la est\u00e9tica de tu marca. Puedes elegir entre una variedad de estilos, materiales y dise\u00f1os de empaque.<\/p><p><strong>Soporte T\u00e9cnico:<\/strong> Brindamos orientaci\u00f3n experta durante todo el proceso de desarrollo de la marca privada, desde la formulaci\u00f3n hasta la entrega.<\/p><p><strong>Alcance Global:<\/strong> Podemos enviar tus productos de marca privada a destinos internacionales, proporcionando toda la documentaci\u00f3n y certificaciones necesarias.<\/p><p><strong>Colabora con Nosotros para el \u00c9xito de tu Marca Privada<\/strong><\/p><p>Ya sea que est\u00e9s lanzando una nueva l\u00ednea de marca privada o expandiendo tu portafolio de productos existente, Alyors es tu socio de confianza con m\u00e1s de 30 a\u00f1os de experiencia. Entendemos la importancia de la flexibilidad, la calidad y la entrega puntual en la fabricaci\u00f3n de marcas privadas. Nuestro compromiso con la satisfacci\u00f3n del cliente y nuestra amplia experiencia en la industria nos convierten en una elecci\u00f3n confiable.<\/p><p>Para obtener m\u00e1s informaci\u00f3n sobre nuestra amplia gama de productos, incluyendo las diferentes categor\u00edas y formas que ofrecemos, haz clic en los enlaces a continuaci\u00f3n. Descubre los tipos de productos perfectos para tu l\u00ednea de marca privada y perm\u00edtenos ayudarte a crear productos destacados.<\/p>\t\t\t\t\t\t\t\t<\/div>\n\t\t\t\t<\/div>\n\t\t\t\t\t<\/div>\n\t\t\t\t<\/div>\n\t\t<div class=\"elementor-element elementor-element-ac58c59 e-flex e-con-boxed e-con e-parent\" data-id=\"ac58c59\" data-element_type=\"container\" data-e-type=\"container\">\n\t\t\t\t\t<div class=\"e-con-inner\">\n\t\t<div class=\"elementor-element elementor-element-853a5e4 e-con-full e-flex e-con e-child\" data-id=\"853a5e4\" data-element_type=\"container\" data-e-type=\"container\">\n\t\t\t\t<div class=\"elementor-element elementor-element-a154b3b elementor-align-right elementor-widget elementor-widget-button\" data-id=\"a154b3b\" data-element_type=\"widget\" data-e-type=\"widget\" data-widget_type=\"button.default\">\n\t\t\t\t<div class=\"elementor-widget-container\">\n\t\t\t\t\t\t\t\t\t<div class=\"elementor-button-wrapper\">\n\t\t\t\t\t<a class=\"elementor-button elementor-button-link elementor-size-md\" href=\"https:\/\/www.alyors.com\/services\/private-label\/product-category\/\">\n\t\t\t\t\t\t<span class=\"elementor-button-content-wrapper\">\n\t\t\t\t\t\t\t\t\t<span class=\"elementor-button-text\">Categor\u00edas de productos<\/span>\n\t\t\t\t\t<\/span>\n\t\t\t\t\t<\/a>\n\t\t\t\t<\/div>\n\t\t\t\t\t\t\t\t<\/div>\n\t\t\t\t<\/div>\n\t\t\t\t<\/div>\n\t\t<div class=\"elementor-element elementor-element-65dc0bd e-con-full e-flex e-con e-child\" data-id=\"65dc0bd\" data-element_type=\"container\" data-e-type=\"container\">\n\t\t\t\t<div class=\"elementor-element elementor-element-173bde0 elementor-align-left elementor-widget elementor-widget-button\" data-id=\"173bde0\" data-element_type=\"widget\" data-e-type=\"widget\" data-widget_type=\"button.default\">\n\t\t\t\t<div class=\"elementor-widget-container\">\n\t\t\t\t\t\t\t\t\t<div class=\"elementor-button-wrapper\">\n\t\t\t\t\t<a class=\"elementor-button elementor-button-link elementor-size-md\" href=\"https:\/\/www.alyors.com\/services\/private-label\/product-form\/\">\n\t\t\t\t\t\t<span class=\"elementor-button-content-wrapper\">\n\t\t\t\t\t\t\t\t\t<span class=\"elementor-button-text\">Formularios de productos<\/span>\n\t\t\t\t\t<\/span>\n\t\t\t\t\t<\/a>\n\t\t\t\t<\/div>\n\t\t\t\t\t\t\t\t<\/div>\n\t\t\t\t<\/div>\n\t\t\t\t<\/div>\n\t\t\t\t\t<\/div>\n\t\t\t\t<\/div>\n\t\t<div class=\"elementor-element elementor-element-41040be e-flex e-con-boxed e-con e-parent\" data-id=\"41040be\" data-element_type=\"container\" data-e-type=\"container\">\n\t\t\t\t\t<div class=\"e-con-inner\">\n\t\t\t\t<div class=\"elementor-element elementor-element-5dcc840 elementor-widget elementor-widget-text-editor\" data-id=\"5dcc840\" data-element_type=\"widget\" data-e-type=\"widget\" data-widget_type=\"text-editor.default\">\n\t\t\t\t<div class=\"elementor-widget-container\">\n\t\t\t\t\t\t\t\t\t<p><strong>Get Started with Alyors<\/strong><\/p><p>Ready to discuss your private label project? Contact us today to learn more about our private label services and discover how Alyors can help you achieve your business goals.<\/p>\t\t\t\t\t\t\t\t<\/div>\n\t\t\t\t<\/div>\n\t\t\t\t\t<\/div>\n\t\t\t\t<\/div>\n\t\t<div class=\"elementor-element elementor-element-0c9d8ab e-flex e-con-boxed e-con e-parent\" data-id=\"0c9d8ab\" data-element_type=\"container\" data-e-type=\"container\">\n\t\t\t\t\t<div class=\"e-con-inner\">\n\t\t<div class=\"elementor-element elementor-element-77d457e e-flex e-con-boxed e-con e-child\" data-id=\"77d457e\" data-element_type=\"container\" data-e-type=\"container\" data-settings=\"{&quot;background_background&quot;:&quot;classic&quot;}\">\n\t\t\t\t\t<div class=\"e-con-inner\">\n\t\t\t\t<div class=\"elementor-element elementor-element-c6078b7 elementor-widget elementor-widget-heading\" data-id=\"c6078b7\" data-element_type=\"widget\" data-e-type=\"widget\" data-widget_type=\"heading.default\">\n\t\t\t\t<div class=\"elementor-widget-container\">\n\t\t\t\t\t<h2 class=\"elementor-heading-title elementor-size-default\">Formulario de contacto<\/h2>\t\t\t\t<\/div>\n\t\t\t\t<\/div>\n\t\t\t\t<div class=\"elementor-element elementor-element-b94bd81 elementor-button-align-center elementor-widget elementor-widget-form\" data-id=\"b94bd81\" data-element_type=\"widget\" data-e-type=\"widget\" data-settings=\"{&quot;step_next_label&quot;:&quot;Next&quot;,&quot;step_previous_label&quot;:&quot;Previous&quot;,&quot;step_type&quot;:&quot;number_text&quot;,&quot;step_icon_shape&quot;:&quot;circle&quot;}\" data-widget_type=\"form.default\">\n\t\t\t\t<div class=\"elementor-widget-container\">\n\t\t\t\t\t\t\t<form class=\"elementor-form\" method=\"post\" name=\"New Form\" aria-label=\"New Form\">\n\t\t\t<input type=\"hidden\" name=\"post_id\" value=\"12361\"\/>\n\t\t\t<input type=\"hidden\" name=\"form_id\" value=\"b94bd81\"\/>\n\t\t\t<input type=\"hidden\" name=\"referer_title\" value=\"Marca blanca - Alyors\" \/>\n\n\t\t\t\t\t\t\t<input type=\"hidden\" name=\"queried_id\" value=\"12361\"\/>\n\t\t\t\n\t\t\t<div class=\"elementor-form-fields-wrapper elementor-labels-\">\n\t\t\t\t\t\t\t\t<div class=\"elementor-field-type-text elementor-field-group elementor-column elementor-field-group-name elementor-col-25 elementor-field-required\">\n\t\t\t\t\t\t\t\t\t\t\t\t<label for=\"form-field-name\" class=\"elementor-field-label elementor-screen-only\">\n\t\t\t\t\t\t\t\tNombre y apellidos*\t\t\t\t\t\t\t<\/label>\n\t\t\t\t\t\t\t\t\t\t\t\t\t\t<input size=\"1\" type=\"text\" name=\"form_fields[name]\" id=\"form-field-name\" class=\"elementor-field elementor-size-md  elementor-field-textual\" placeholder=\"Nombre y apellidos*\" required=\"required\">\n\t\t\t\t\t\t\t\t\t\t\t<\/div>\n\t\t\t\t\t\t\t\t<div class=\"elementor-field-type-text elementor-field-group elementor-column elementor-field-group-field_ee287e8 elementor-col-50 elementor-field-required\">\n\t\t\t\t\t\t\t\t\t\t\t\t<label for=\"form-field-field_ee287e8\" class=\"elementor-field-label elementor-screen-only\">\n\t\t\t\t\t\t\t\tEmpresa*\t\t\t\t\t\t\t<\/label>\n\t\t\t\t\t\t\t\t\t\t\t\t\t\t<input size=\"1\" type=\"text\" name=\"form_fields[field_ee287e8]\" id=\"form-field-field_ee287e8\" class=\"elementor-field elementor-size-md  elementor-field-textual\" placeholder=\"Empresa*\" required=\"required\">\n\t\t\t\t\t\t\t\t\t\t\t<\/div>\n\t\t\t\t\t\t\t\t<div class=\"elementor-field-type-text elementor-field-group elementor-column elementor-field-group-field_b5e644d elementor-col-25\">\n\t\t\t\t\t\t\t\t\t\t\t\t<label for=\"form-field-field_b5e644d\" class=\"elementor-field-label elementor-screen-only\">\n\t\t\t\t\t\t\t\tPa\u00eds*\t\t\t\t\t\t\t<\/label>\n\t\t\t\t\t\t\t\t\t\t\t\t\t\t<input size=\"1\" type=\"text\" name=\"form_fields[field_b5e644d]\" id=\"form-field-field_b5e644d\" class=\"elementor-field elementor-size-md  elementor-field-textual\" placeholder=\"Pa\u00eds*\">\n\t\t\t\t\t\t\t\t\t\t\t<\/div>\n\t\t\t\t\t\t\t\t<div class=\"elementor-field-type-email elementor-field-group elementor-column elementor-field-group-email elementor-col-50 elementor-field-required\">\n\t\t\t\t\t\t\t\t\t\t\t\t<label for=\"form-field-email\" class=\"elementor-field-label elementor-screen-only\">\n\t\t\t\t\t\t\t\tCorreo electr\u00f3nico\t\t\t\t\t\t\t<\/label>\n\t\t\t\t\t\t\t\t\t\t\t\t\t\t<input size=\"1\" type=\"email\" name=\"form_fields[email]\" id=\"form-field-email\" class=\"elementor-field elementor-size-md  elementor-field-textual\" placeholder=\"Correo electr\u00f3nico\" required=\"required\">\n\t\t\t\t\t\t\t\t\t\t\t<\/div>\n\t\t\t\t\t\t\t\t<div class=\"elementor-field-type-text elementor-field-group elementor-column elementor-field-group-field_4ff4910 elementor-col-50\">\n\t\t\t\t\t\t\t\t\t\t\t\t<label for=\"form-field-field_4ff4910\" class=\"elementor-field-label elementor-screen-only\">\n\t\t\t\t\t\t\t\tTel\u00e9fono\t\t\t\t\t\t\t<\/label>\n\t\t\t\t\t\t\t\t\t\t\t\t\t\t<input size=\"1\" type=\"text\" name=\"form_fields[field_4ff4910]\" id=\"form-field-field_4ff4910\" class=\"elementor-field elementor-size-md  elementor-field-textual\" placeholder=\"Tel\u00e9fono\">\n\t\t\t\t\t\t\t\t\t\t\t<\/div>\n\t\t\t\t\t\t\t\t<div class=\"elementor-field-type-textarea elementor-field-group elementor-column elementor-field-group-message elementor-col-100\">\n\t\t\t\t\t\t\t\t\t\t\t\t<label for=\"form-field-message\" class=\"elementor-field-label elementor-screen-only\">\n\t\t\t\t\t\t\t\tMensaje\t\t\t\t\t\t\t<\/label>\n\t\t\t\t\t\t<textarea class=\"elementor-field-textual elementor-field  elementor-size-md\" name=\"form_fields[message]\" id=\"form-field-message\" rows=\"4\" placeholder=\"Mensaje\"><\/textarea>\t\t\t\t<\/div>\n\t\t\t\t\t\t\t\t<div class=\"elementor-field-type-checkbox elementor-field-group elementor-column elementor-field-group-privacy_policy elementor-col-100\">\n\t\t\t\t\t\t\t\t\t\t\t\t<label for=\"form-field-privacy_policy\" class=\"elementor-field-label elementor-screen-only\">\n\t\t\t\t\t\t\t\tPrivacy Policy\t\t\t\t\t\t\t<\/label>\n\t\t\t\t\t\t<div class=\"elementor-field-subgroup  \"><span class=\"elementor-field-option\"><input type=\"checkbox\" value=\"Acepto que los datos personales s\u00f3lo se procesen de acuerdo con la pol\u00edtica de privacidad de Alyors. Puede acceder a las obligaciones de informaci\u00f3n sobre protecci\u00f3n de datos de conformidad con el Art. 13 GDPR aqu\u00ed.\" id=\"form-field-privacy_policy-0\" name=\"form_fields[privacy_policy]\"> <label for=\"form-field-privacy_policy-0\">Acepto que los datos personales s\u00f3lo se procesen de acuerdo con la pol\u00edtica de privacidad de Alyors. Puede acceder a las obligaciones de informaci\u00f3n sobre protecci\u00f3n de datos de conformidad con el Art. 13 GDPR aqu\u00ed.<\/label><\/span><\/div>\t\t\t\t<\/div>\n\t\t\t\t\t\t\t\t<div class=\"elementor-field-type-recaptcha_v3 elementor-field-group elementor-column elementor-field-group-field_52c377f elementor-col-100 recaptcha_v3-bottomleft\">\n\t\t\t\t\t<div class=\"elementor-field\" id=\"form-field-field_52c377f\"><div class=\"elementor-g-recaptcha\" data-sitekey=\"6LfBhoopAAAAAIF86GhwVudVDQIdoJ43GJP9p51Z\" data-type=\"v3\" data-action=\"Form\" data-badge=\"bottomleft\" data-size=\"invisible\"><\/div><\/div>\t\t\t\t<\/div>\n\t\t\t\t\t\t\t\t<div class=\"elementor-field-group elementor-column elementor-field-type-submit elementor-col-100 e-form__buttons\">\n\t\t\t\t\t<button class=\"elementor-button elementor-size-sm\" type=\"submit\">\n\t\t\t\t\t\t<span class=\"elementor-button-content-wrapper\">\n\t\t\t\t\t\t\t\t\t\t\t\t\t\t\t\t\t\t\t\t\t\t<span class=\"elementor-button-text\">ENVIAR<\/span>\n\t\t\t\t\t\t\t\t\t\t\t\t\t<\/span>\n\t\t\t\t\t<\/button>\n\t\t\t\t<\/div>\n\t\t\t<\/div>\n\t\t<\/form>\n\t\t\t\t\t\t<\/div>\n\t\t\t\t<\/div>\n\t\t\t\t\t<\/div>\n\t\t\t\t<\/div>\n\t\t\t\t\t<\/div>\n\t\t\t\t<\/div>\n\t\t\t\t<\/div>\n\t\t","protected":false},"excerpt":{"rendered":"<p>Fabricaci\u00f3n de Marca Privada con Alyors \u00bfBuscas lanzar una l\u00ednea de marca privada en suplementos alimenticios, dermocosm\u00e9ticos o dispositivos m\u00e9dicos? Alyors es tu socio principal para la fabricaci\u00f3n de marcas privadas, con m\u00e1s de 30 a\u00f1os de experiencia en la industria de la salud y la producci\u00f3n. \u00bfPor qu\u00e9 elegir Alyors para la fabricaci\u00f3n de [&hellip;]<\/p>\n","protected":false},"author":1,"featured_media":0,"parent":12413,"menu_order":0,"comment_status":"closed","ping_status":"closed","template":"","meta":{"_acf_changed":false,"inline_featured_image":false,"footnotes":""},"class_list":["post-12361","page","type-page","status-publish","hentry"],"acf":[],"_links":{"self":[{"href":"https:\/\/www.alyors.com\/es\/wp-json\/wp\/v2\/pages\/12361","targetHints":{"allow":["GET"]}}],"collection":[{"href":"https:\/\/www.alyors.com\/es\/wp-json\/wp\/v2\/pages"}],"about":[{"href":"https:\/\/www.alyors.com\/es\/wp-json\/wp\/v2\/types\/page"}],"author":[{"embeddable":true,"href":"https:\/\/www.alyors.com\/es\/wp-json\/wp\/v2\/users\/1"}],"replies":[{"embeddable":true,"href":"https:\/\/www.alyors.com\/es\/wp-json\/wp\/v2\/comments?post=12361"}],"version-history":[{"count":7,"href":"https:\/\/www.alyors.com\/es\/wp-json\/wp\/v2\/pages\/12361\/revisions"}],"predecessor-version":[{"id":12369,"href":"https:\/\/www.alyors.com\/es\/wp-json\/wp\/v2\/pages\/12361\/revisions\/12369"}],"up":[{"embeddable":true,"href":"https:\/\/www.alyors.com\/es\/wp-json\/wp\/v2\/pages\/12413"}],"wp:attachment":[{"href":"https:\/\/www.alyors.com\/es\/wp-json\/wp\/v2\/media?parent=12361"}],"curies":[{"name":"wp","href":"https:\/\/api.w.org\/{rel}","templated":true}]}}