{"id":12378,"date":"2024-03-04T12:12:01","date_gmt":"2024-03-04T12:12:01","guid":{"rendered":"https:\/\/www.alyors.com\/?page_id=12378"},"modified":"2025-03-27T11:26:31","modified_gmt":"2025-03-27T11:26:31","slug":"forma-del-producto","status":"publish","type":"page","link":"https:\/\/www.alyors.com\/es\/servicios\/marca-blanca\/forma-del-producto\/","title":{"rendered":"Forma del producto"},"content":{"rendered":"\t\t<div data-elementor-type=\"wp-page\" data-elementor-id=\"12378\" class=\"elementor elementor-12378 elementor-2538\" data-elementor-post-type=\"page\">\n\t\t\t\t<div class=\"elementor-element elementor-element-eb9860a e-flex e-con-boxed e-con e-parent\" data-id=\"eb9860a\" data-element_type=\"container\" data-e-type=\"container\">\n\t\t\t\t\t<div class=\"e-con-inner\">\n\t\t<div class=\"elementor-element elementor-element-0d34df2 e-flex e-con-boxed e-con e-child\" data-id=\"0d34df2\" data-element_type=\"container\" data-e-type=\"container\">\n\t\t\t\t\t<div class=\"e-con-inner\">\n\t\t\t\t<div class=\"elementor-element elementor-element-69057d1 section-title section-title--centered elementor-widget elementor-widget-heading\" data-id=\"69057d1\" data-element_type=\"widget\" data-e-type=\"widget\" data-widget_type=\"heading.default\">\n\t\t\t\t<div class=\"elementor-widget-container\">\n\t\t\t\t\t<h2 class=\"elementor-heading-title elementor-size-default\">Product Forms for Private Label Supplements<\/h2>\t\t\t\t<\/div>\n\t\t\t\t<\/div>\n\t\t\t\t\t<\/div>\n\t\t\t\t<\/div>\n\t\t\t\t<div class=\"elementor-element elementor-element-7646c02 elementor-widget elementor-widget-text-editor\" data-id=\"7646c02\" data-element_type=\"widget\" data-e-type=\"widget\" data-widget_type=\"text-editor.default\">\n\t\t\t\t<div class=\"elementor-widget-container\">\n\t\t\t\t\t\t\t\t\t<p>Formas de Productos para Suplementos de Marca Privada<br \/>En Alyors, nos especializamos en la producci\u00f3n de una amplia gama de formas de productos de venta libre (OTC) para suplementos de marca privada. Ya sea que busques crear tabletas tradicionales o gominolas innovadoras, contamos con la experiencia y la tecnolog\u00eda de vanguardia para satisfacer las necesidades de tu marca y tu p\u00fablico objetivo.<\/p><p><strong>Nuestras Formas de Productos<\/strong><br \/>Entendemos que cada consumidor tiene una preferencia diferente cuando se trata de las formas de los suplementos alimenticios. Tambi\u00e9n reconocemos la importancia de un uso constante e integrar los suplementos en la rutina diaria. Para ayudar a los consumidores a incorporar f\u00e1cilmente los suplementos en su dieta, ofrecemos soluciones que se adaptan a todas las preferencias de forma:<\/p><p><strong>Tabletas:<\/strong> Una forma cl\u00e1sica para vitaminas y suplementos, nuestras tabletas est\u00e1n dise\u00f1adas para un consumo f\u00e1cil y una dosificaci\u00f3n constante. Disponibles en varias formas y tama\u00f1os, pueden personalizarse para cumplir con las especificaciones de tu marca.<\/p><p><strong>Tabletas Efervescentes:<\/strong> Ideales para suplementos que se disuelven en agua, las tabletas efervescentes ofrecen una forma conveniente y agradable de consumir vitaminas y minerales. Adem\u00e1s, se disuelven f\u00e1cilmente en agua y no dejan residuos. Podemos crear formulaciones \u00fanicas con una variedad de sabores.<\/p><p><strong>C\u00e1psulas:<\/strong> Nuestra fabricaci\u00f3n de c\u00e1psulas incluye c\u00e1psulas duras y blandas, proporcionando flexibilidad en t\u00e9rminos de ingredientes y dosis. Son f\u00e1ciles de tragar y adecuadas para una amplia gama de suplementos.<\/p><p><strong>C\u00e1psulas Blandas:<\/strong> Perfectas para suplementos a base de l\u00edquidos, las c\u00e1psulas blandas ofrecen un formato suave y f\u00e1cil de digerir. Son ideales para aceites, vitaminas liposolubles y otros suplementos l\u00edquidos.<\/p><p><strong>Sobres (Sachets):<\/strong> Para suplementos de una sola dosis, los sobres ofrecen una opci\u00f3n conveniente y port\u00e1til. Son f\u00e1ciles de llevar y de usar para el consumidor, con una variedad de sabores y formulaciones.<\/p><p><strong>Suplementos L\u00edquidos:<\/strong> Nuestros suplementos l\u00edquidos vienen en varios tama\u00f1os de botellas y pueden formularse con ingredientes \u00fanicos para adaptarse a tu l\u00ednea de productos. Son ideales para ni\u00f1os, personas mayores y cualquier persona que prefiera formatos l\u00edquidos como jarabes o quienes prefieran dosis individuales de col\u00e1geno.<\/p><p><strong>Gominolas:<\/strong> Una elecci\u00f3n nueva y popular para suplementos, las gominolas ofrecen una forma divertida y sabrosa de consumir vitaminas y otros nutrientes, no solo para ni\u00f1os, sino tambi\u00e9n para adultos. Podemos crear gominolas en varias formas, sabores y colores para que coincidan con la identidad de tu marca.<\/p><p><strong>Compromiso con la Calidad<\/strong><br \/>La calidad y la seguridad son el coraz\u00f3n de todo lo que hacemos en Alyors. Nuestras instalaciones de fabricaci\u00f3n est\u00e1n certificadas con ISO 9001, GMP y registros de la FDA, lo que garantiza que cada producto cumpla con estrictos est\u00e1ndares de calidad. Utilizamos ingredientes de alta calidad y realizamos pruebas exhaustivas para garantizar la seguridad y la eficacia.<\/p><p><strong>As\u00f3ciate con Alyors<\/strong><br \/>Ya sea que est\u00e9s lanzando una nueva l\u00ednea de suplementos de marca privada o ampliando una ya existente, Alyors es tu socio ideal para la fabricaci\u00f3n de formas de productos de alta calidad. Con nuestros servicios de fabricaci\u00f3n de suplementos alimenticios de marca privada, puedes elegir entre formulaciones semi-personalizadas o crear una completamente a medida. Ofrecemos soporte integral de empaque para mejorar tu marca. (Proveemos botellas y empaques pl\u00e1sticos en varios tama\u00f1os).<\/p><p>El mercado de suplementos alimenticios est\u00e1 en crecimiento \u2013 \u00a1tu marca puede ser parte de la industria con la asociaci\u00f3n de Alyors! Cont\u00e1ctanos hoy para discutir las necesidades de tu marca privada y descubre c\u00f3mo podemos ayudarte a crear los suplementos perfectos para tu marca.<\/p>\t\t\t\t\t\t\t\t<\/div>\n\t\t\t\t<\/div>\n\t\t\t\t\t<\/div>\n\t\t\t\t<\/div>\n\t\t<div class=\"elementor-element elementor-element-2362097 e-flex e-con-boxed e-con e-parent\" data-id=\"2362097\" data-element_type=\"container\" data-e-type=\"container\">\n\t\t\t\t\t<div class=\"e-con-inner\">\n\t\t<div class=\"elementor-element elementor-element-019a7fa e-flex e-con-boxed e-con e-child\" data-id=\"019a7fa\" data-element_type=\"container\" data-e-type=\"container\" data-settings=\"{&quot;background_background&quot;:&quot;classic&quot;}\">\n\t\t\t\t\t<div class=\"e-con-inner\">\n\t\t\t\t<div class=\"elementor-element elementor-element-9733d56 elementor-widget elementor-widget-heading\" data-id=\"9733d56\" data-element_type=\"widget\" data-e-type=\"widget\" data-widget_type=\"heading.default\">\n\t\t\t\t<div class=\"elementor-widget-container\">\n\t\t\t\t\t<h2 class=\"elementor-heading-title elementor-size-default\">Formulario de contacto<\/h2>\t\t\t\t<\/div>\n\t\t\t\t<\/div>\n\t\t\t\t<div class=\"elementor-element elementor-element-b1ddf44 elementor-button-align-center elementor-widget elementor-widget-form\" data-id=\"b1ddf44\" data-element_type=\"widget\" data-e-type=\"widget\" data-settings=\"{&quot;step_next_label&quot;:&quot;Next&quot;,&quot;step_previous_label&quot;:&quot;Previous&quot;,&quot;step_type&quot;:&quot;number_text&quot;,&quot;step_icon_shape&quot;:&quot;circle&quot;}\" data-widget_type=\"form.default\">\n\t\t\t\t<div class=\"elementor-widget-container\">\n\t\t\t\t\t\t\t<form class=\"elementor-form\" method=\"post\" name=\"New Form\" aria-label=\"New Form\">\n\t\t\t<input type=\"hidden\" name=\"post_id\" value=\"12378\"\/>\n\t\t\t<input type=\"hidden\" name=\"form_id\" value=\"b1ddf44\"\/>\n\t\t\t<input type=\"hidden\" name=\"referer_title\" value=\"Forma del producto - Alyors\" \/>\n\n\t\t\t\t\t\t\t<input type=\"hidden\" name=\"queried_id\" value=\"12378\"\/>\n\t\t\t\n\t\t\t<div class=\"elementor-form-fields-wrapper elementor-labels-\">\n\t\t\t\t\t\t\t\t<div class=\"elementor-field-type-text elementor-field-group elementor-column elementor-field-group-name elementor-col-25 elementor-field-required\">\n\t\t\t\t\t\t\t\t\t\t\t\t<label for=\"form-field-name\" class=\"elementor-field-label elementor-screen-only\">\n\t\t\t\t\t\t\t\tNombre y apellidos*\t\t\t\t\t\t\t<\/label>\n\t\t\t\t\t\t\t\t\t\t\t\t\t\t<input size=\"1\" type=\"text\" name=\"form_fields[name]\" id=\"form-field-name\" class=\"elementor-field elementor-size-md  elementor-field-textual\" placeholder=\"Nombre y apellidos*\" required=\"required\">\n\t\t\t\t\t\t\t\t\t\t\t<\/div>\n\t\t\t\t\t\t\t\t<div class=\"elementor-field-type-text elementor-field-group elementor-column elementor-field-group-field_ee287e8 elementor-col-50 elementor-field-required\">\n\t\t\t\t\t\t\t\t\t\t\t\t<label for=\"form-field-field_ee287e8\" class=\"elementor-field-label elementor-screen-only\">\n\t\t\t\t\t\t\t\tEmpresa*\t\t\t\t\t\t\t<\/label>\n\t\t\t\t\t\t\t\t\t\t\t\t\t\t<input size=\"1\" type=\"text\" name=\"form_fields[field_ee287e8]\" id=\"form-field-field_ee287e8\" class=\"elementor-field elementor-size-md  elementor-field-textual\" placeholder=\"Empresa*\" required=\"required\">\n\t\t\t\t\t\t\t\t\t\t\t<\/div>\n\t\t\t\t\t\t\t\t<div class=\"elementor-field-type-text elementor-field-group elementor-column elementor-field-group-field_b5e644d elementor-col-25\">\n\t\t\t\t\t\t\t\t\t\t\t\t<label for=\"form-field-field_b5e644d\" class=\"elementor-field-label elementor-screen-only\">\n\t\t\t\t\t\t\t\tPa\u00eds*\t\t\t\t\t\t\t<\/label>\n\t\t\t\t\t\t\t\t\t\t\t\t\t\t<input size=\"1\" type=\"text\" name=\"form_fields[field_b5e644d]\" id=\"form-field-field_b5e644d\" class=\"elementor-field elementor-size-md  elementor-field-textual\" placeholder=\"Pa\u00eds*\">\n\t\t\t\t\t\t\t\t\t\t\t<\/div>\n\t\t\t\t\t\t\t\t<div class=\"elementor-field-type-email elementor-field-group elementor-column elementor-field-group-email elementor-col-50 elementor-field-required\">\n\t\t\t\t\t\t\t\t\t\t\t\t<label for=\"form-field-email\" class=\"elementor-field-label elementor-screen-only\">\n\t\t\t\t\t\t\t\tCorreo electr\u00f3nico\t\t\t\t\t\t\t<\/label>\n\t\t\t\t\t\t\t\t\t\t\t\t\t\t<input size=\"1\" type=\"email\" name=\"form_fields[email]\" id=\"form-field-email\" class=\"elementor-field elementor-size-md  elementor-field-textual\" placeholder=\"Correo electr\u00f3nico\" required=\"required\">\n\t\t\t\t\t\t\t\t\t\t\t<\/div>\n\t\t\t\t\t\t\t\t<div class=\"elementor-field-type-text elementor-field-group elementor-column elementor-field-group-field_4ff4910 elementor-col-50\">\n\t\t\t\t\t\t\t\t\t\t\t\t<label for=\"form-field-field_4ff4910\" class=\"elementor-field-label elementor-screen-only\">\n\t\t\t\t\t\t\t\tTel\u00e9fono\t\t\t\t\t\t\t<\/label>\n\t\t\t\t\t\t\t\t\t\t\t\t\t\t<input size=\"1\" type=\"text\" name=\"form_fields[field_4ff4910]\" id=\"form-field-field_4ff4910\" class=\"elementor-field elementor-size-md  elementor-field-textual\" placeholder=\"Tel\u00e9fono\">\n\t\t\t\t\t\t\t\t\t\t\t<\/div>\n\t\t\t\t\t\t\t\t<div class=\"elementor-field-type-textarea elementor-field-group elementor-column elementor-field-group-message elementor-col-100\">\n\t\t\t\t\t\t\t\t\t\t\t\t<label for=\"form-field-message\" class=\"elementor-field-label elementor-screen-only\">\n\t\t\t\t\t\t\t\tMensaje\t\t\t\t\t\t\t<\/label>\n\t\t\t\t\t\t<textarea class=\"elementor-field-textual elementor-field  elementor-size-md\" name=\"form_fields[message]\" id=\"form-field-message\" rows=\"4\" placeholder=\"Mensaje\"><\/textarea>\t\t\t\t<\/div>\n\t\t\t\t\t\t\t\t<div class=\"elementor-field-type-checkbox elementor-field-group elementor-column elementor-field-group-privacy_policy elementor-col-100\">\n\t\t\t\t\t\t\t\t\t\t\t\t<label for=\"form-field-privacy_policy\" class=\"elementor-field-label elementor-screen-only\">\n\t\t\t\t\t\t\t\tPrivacy Policy\t\t\t\t\t\t\t<\/label>\n\t\t\t\t\t\t<div class=\"elementor-field-subgroup  \"><span class=\"elementor-field-option\"><input type=\"checkbox\" value=\"Acepto que los datos personales s\u00f3lo se procesen de acuerdo con la pol\u00edtica de privacidad de Alyors. Puede acceder a las obligaciones de informaci\u00f3n sobre protecci\u00f3n de datos de conformidad con el Art. 13 GDPR aqu\u00ed.\" id=\"form-field-privacy_policy-0\" name=\"form_fields[privacy_policy]\"> <label for=\"form-field-privacy_policy-0\">Acepto que los datos personales s\u00f3lo se procesen de acuerdo con la pol\u00edtica de privacidad de Alyors. Puede acceder a las obligaciones de informaci\u00f3n sobre protecci\u00f3n de datos de conformidad con el Art. 13 GDPR aqu\u00ed.<\/label><\/span><\/div>\t\t\t\t<\/div>\n\t\t\t\t\t\t\t\t<div class=\"elementor-field-type-recaptcha_v3 elementor-field-group elementor-column elementor-field-group-field_52c377f elementor-col-100 recaptcha_v3-bottomleft\">\n\t\t\t\t\t<div class=\"elementor-field\" id=\"form-field-field_52c377f\"><div class=\"elementor-g-recaptcha\" data-sitekey=\"6LfBhoopAAAAAIF86GhwVudVDQIdoJ43GJP9p51Z\" data-type=\"v3\" data-action=\"Form\" data-badge=\"bottomleft\" data-size=\"invisible\"><\/div><\/div>\t\t\t\t<\/div>\n\t\t\t\t\t\t\t\t<div class=\"elementor-field-group elementor-column elementor-field-type-submit elementor-col-100 e-form__buttons\">\n\t\t\t\t\t<button class=\"elementor-button elementor-size-sm\" type=\"submit\">\n\t\t\t\t\t\t<span class=\"elementor-button-content-wrapper\">\n\t\t\t\t\t\t\t\t\t\t\t\t\t\t\t\t\t\t\t\t\t\t<span class=\"elementor-button-text\">ENVIAR<\/span>\n\t\t\t\t\t\t\t\t\t\t\t\t\t<\/span>\n\t\t\t\t\t<\/button>\n\t\t\t\t<\/div>\n\t\t\t<\/div>\n\t\t<\/form>\n\t\t\t\t\t\t<\/div>\n\t\t\t\t<\/div>\n\t\t\t\t\t<\/div>\n\t\t\t\t<\/div>\n\t\t\t\t\t<\/div>\n\t\t\t\t<\/div>\n\t\t\t\t<\/div>\n\t\t","protected":false},"excerpt":{"rendered":"<p>Product Forms for Private Label Supplements Formas de Productos para Suplementos de Marca PrivadaEn Alyors, nos especializamos en la producci\u00f3n de una amplia gama de formas de productos de venta libre (OTC) para suplementos de marca privada. Ya sea que busques crear tabletas tradicionales o gominolas innovadoras, contamos con la experiencia y la tecnolog\u00eda de [&hellip;]<\/p>\n","protected":false},"author":1,"featured_media":0,"parent":12361,"menu_order":0,"comment_status":"closed","ping_status":"closed","template":"","meta":{"_acf_changed":false,"inline_featured_image":false,"footnotes":""},"class_list":["post-12378","page","type-page","status-publish","hentry"],"acf":[],"_links":{"self":[{"href":"https:\/\/www.alyors.com\/es\/wp-json\/wp\/v2\/pages\/12378","targetHints":{"allow":["GET"]}}],"collection":[{"href":"https:\/\/www.alyors.com\/es\/wp-json\/wp\/v2\/pages"}],"about":[{"href":"https:\/\/www.alyors.com\/es\/wp-json\/wp\/v2\/types\/page"}],"author":[{"embeddable":true,"href":"https:\/\/www.alyors.com\/es\/wp-json\/wp\/v2\/users\/1"}],"replies":[{"embeddable":true,"href":"https:\/\/www.alyors.com\/es\/wp-json\/wp\/v2\/comments?post=12378"}],"version-history":[{"count":7,"href":"https:\/\/www.alyors.com\/es\/wp-json\/wp\/v2\/pages\/12378\/revisions"}],"predecessor-version":[{"id":12396,"href":"https:\/\/www.alyors.com\/es\/wp-json\/wp\/v2\/pages\/12378\/revisions\/12396"}],"up":[{"embeddable":true,"href":"https:\/\/www.alyors.com\/es\/wp-json\/wp\/v2\/pages\/12361"}],"wp:attachment":[{"href":"https:\/\/www.alyors.com\/es\/wp-json\/wp\/v2\/media?parent=12378"}],"curies":[{"name":"wp","href":"https:\/\/api.w.org\/{rel}","templated":true}]}}