{"id":12404,"date":"2024-10-18T18:48:30","date_gmt":"2024-10-18T18:48:30","guid":{"rendered":"https:\/\/www.alyors.com\/?page_id=12404"},"modified":"2025-03-27T11:34:30","modified_gmt":"2025-03-27T11:34:30","slug":"politica-de-cookies","status":"publish","type":"page","link":"https:\/\/www.alyors.com\/es\/politica-de-cookies\/","title":{"rendered":"Pol\u00edtica de cookies"},"content":{"rendered":"\t\t<div data-elementor-type=\"wp-page\" data-elementor-id=\"12404\" class=\"elementor elementor-12404 elementor-8764\" data-elementor-post-type=\"page\">\n\t\t\t\t<div class=\"elementor-element elementor-element-9c714c7 e-flex e-con-boxed e-con e-parent\" data-id=\"9c714c7\" data-element_type=\"container\" data-e-type=\"container\">\n\t\t\t\t\t<div class=\"e-con-inner\">\n\t\t\t\t<div class=\"elementor-element elementor-element-2c4f0ea elementor-widget elementor-widget-text-editor\" data-id=\"2c4f0ea\" data-element_type=\"widget\" data-e-type=\"widget\" data-widget_type=\"text-editor.default\">\n\t\t\t\t<div class=\"elementor-widget-container\">\n\t\t\t\t\t\t\t\t\t<p>Utilizamos cookies o tecnolog\u00edas similares para analizar tendencias, administrar el sitio web, rastrear los movimientos de los usuarios por el sitio web y recopilar informaci\u00f3n demogr\u00e1fica sobre nuestra base de usuarios en su conjunto. Podemos recibir informes basados en el uso de estas tecnolog\u00edas por parte de estas empresas de forma individual (es decir, informes de su propia actividad), as\u00ed como de forma agregada (es decir, informes de toda la actividad de los usuarios o de la actividad de determinados usuarios como grupo).<\/p><p>Puede desactivar las cookies cambiando la configuraci\u00f3n de su navegador. Sin embargo, tenga en cuenta que sin cookies es posible que no pueda aprovechar plenamente todas las funciones de los servicios.<\/p><p>Si no desea que se utilice su informaci\u00f3n de navegaci\u00f3n para ofrecerle publicidad, puede darse de baja poni\u00e9ndose en contacto con nosotros en support@alyors.com. Tenga en cuenta que esto no le impide recibir publicidad. Seguir\u00e1 recibiendo anuncios gen\u00e9ricos.<\/p><p>Nuestros servicios pueden presentarse junto con funciones de redes sociales, como el bot\u00f3n \u00abMe gusta\u00bb de Facebook. Estas funciones pueden recopilar su direcci\u00f3n IP, la p\u00e1gina que est\u00e1 visitando en nuestro sitio y pueden establecer una cookie para permitir que la funci\u00f3n funcione correctamente. Las funciones de las redes sociales son alojadas por terceros o directamente en nuestros servicios. Sus interacciones con estas funciones se rigen por la pol\u00edtica de privacidad de la empresa que las proporciona.<\/p><p><strong>CONSERVACI\u00d3N DE DATOS<\/strong><\/p><p>S\u00f3lo conservaremos su informaci\u00f3n personal durante el tiempo necesario (generalmente 7 a\u00f1os) para cumplir los fines para los que la recopilamos, incluidos los fines de satisfacer cualquier requisito legal, contable o de presentaci\u00f3n de informes al que estemos sujetos, as\u00ed como para resolver disputas y hacer cumplir nuestros acuerdos.<\/p><p>Si desea cancelar su cuenta o solicitar que dejemos de utilizar sus datos para prestarle servicios, p\u00f3ngase en contacto con nosotros en support@alyors.com.<\/p><p><strong>SITIOS WEB DE TERCEROS<\/strong><\/p><p>Nuestros servicios pueden proporcionar enlaces a sitios web gestionados por terceros para su comodidad e informaci\u00f3n. Todos estos sitios web y aplicaciones operan independientemente de nosotros, y no controlamos sus pr\u00e1cticas de privacidad. Le recomendamos que consulte las pol\u00edticas de privacidad de los sitios web y aplicaciones de terceros que utilice para comprender mejor sus pr\u00e1cticas de privacidad.<\/p><p><strong>PROTECCI\u00d3N DE DATOS PERSONALES<\/strong><\/p><p>Mantenemos procedimientos de seguridad razonables para ayudar a proteger contra la p\u00e9rdida, mal uso o acceso no autorizado, divulgaci\u00f3n, alteraci\u00f3n o destrucci\u00f3n de la informaci\u00f3n que usted proporciona a trav\u00e9s de nuestros servicios. Adem\u00e1s, limitamos el acceso a sus datos personales a aquellos empleados, agentes, contratistas y otros terceros que tengan una necesidad comercial de conocerlos. S\u00f3lo tratar\u00e1n sus datos personales siguiendo nuestras instrucciones y est\u00e1n sujetos a un deber de confidencialidad.<\/p><p>Lamentablemente, no se puede garantizar al 100% la seguridad de ninguna transmisi\u00f3n de datos por Internet o almacenada en un servidor. Por ello, aunque nos esforzamos por proteger su informaci\u00f3n personal y su privacidad, no podemos garantizar la seguridad de ninguna informaci\u00f3n que nos revele o transmita por Internet y no podemos responsabilizarnos del robo, destrucci\u00f3n o revelaci\u00f3n involuntaria de su informaci\u00f3n personal. Si prefiere no transmitir su n\u00famero de tarjeta de cr\u00e9dito por Internet, puede ponerse en contacto con nosotros a trav\u00e9s del n\u00famero gratuito que aparece en el sitio web desde el que desea realizar el pedido. Si tiene alguna pregunta sobre seguridad, puede ponerse en contacto con nosotros en support@alyors.com.<\/p><p><strong>PRIVACIDAD DE LOS NI\u00d1OS<\/strong><\/p><p>Nuestros servicios no est\u00e1n dirigidos a menores de 18 a\u00f1os. No recopilamos conscientemente informaci\u00f3n personal identificable de menores de 18 a\u00f1os. Si un padre o tutor tiene conocimiento de que su hijo nos ha proporcionado dicha informaci\u00f3n sin su consentimiento, debe ponerse en contacto con nosotros a trav\u00e9s de los datos de contacto que figuran a continuaci\u00f3n. Si tenemos conocimiento de que un menor de 18 a\u00f1os nos ha proporcionado informaci\u00f3n personal, eliminaremos dicha informaci\u00f3n de nuestros archivos.<\/p><p><strong>INFORMACI\u00d3N RECOGIDA<\/strong><\/p><p>Usted tiene ciertos derechos en relaci\u00f3n con su informaci\u00f3n personal:<\/p><p>Tiene derecho a confirmar si utilizamos sus datos personales y c\u00f3mo lo hacemos, por qu\u00e9 los utilizamos, cu\u00e1nto tiempo los conservamos y con qui\u00e9n los compartimos. Tambi\u00e9n tiene derecho a solicitar una copia gratuita de lo que tenemos.<\/p><p>Tiene derecho a solicitar una copia de su informaci\u00f3n personal para su uso personal, incluido el uso compartido con otras entidades.<\/p><p>Si cree que tenemos informaci\u00f3n personal sobre usted que es inexacta, enga\u00f1osa o incompleta, tiene derecho a solicitar que corrijamos esa informaci\u00f3n en nuestros registros.<\/p><p>Tiene derecho a solicitar que eliminemos su informaci\u00f3n personal de nuestros registros. Tambi\u00e9n tiene derecho a solicitar que se restrinja el uso que hacemos de su informaci\u00f3n personal. Si nos da su consentimiento para que utilicemos su informaci\u00f3n personal, puede retirarlo en cualquier momento poni\u00e9ndose en contacto con nosotros en support@alyors.com. Es posible que tardemos alg\u00fan tiempo en<\/p><p>procesar su solicitud, pero actualizaremos sus preferencias en un plazo razonable o le informaremos de que habr\u00e1 un retraso y le explicaremos por qu\u00e9.<\/p><p>Si no est\u00e1 satisfecho con la forma en que tratamos o gestionamos su informaci\u00f3n personal, tiene derecho a presentar una reclamaci\u00f3n ante la autoridad supervisora de protecci\u00f3n de datos de su pa\u00eds. La ley nos obliga a mantener un registro de los clientes que comunican reacciones adversas a nuestros productos diet\u00e9ticos. Solicitamos su consentimiento expl\u00edcito antes de recopilar cualquier informaci\u00f3n sobre su salud o condiciones m\u00e9dicas. Utilizaremos esta informaci\u00f3n \u00fanicamente para cumplir con nuestras obligaciones legales y reglamentarias y no la compartiremos con terceros. Puede retirar su consentimiento en cualquier momento poni\u00e9ndose en contacto con nosotros como se describe m\u00e1s arriba.<\/p><p><strong>CONTACTO<\/strong><\/p><p>Si tiene alguna pregunta o comentario sobre esta Pol\u00edtica de privacidad, o si desea que actualicemos la informaci\u00f3n que tenemos sobre usted o sus preferencias, p\u00f3ngase en contacto con nosotros en support@alyors.com.<\/p>\t\t\t\t\t\t\t\t<\/div>\n\t\t\t\t<\/div>\n\t\t\t\t\t<\/div>\n\t\t\t\t<\/div>\n\t\t<div class=\"elementor-element elementor-element-d4718f9 e-flex e-con-boxed e-con e-parent\" data-id=\"d4718f9\" data-element_type=\"container\" data-e-type=\"container\">\n\t\t\t\t\t<div class=\"e-con-inner\">\n\t\t\t\t\t<\/div>\n\t\t\t\t<\/div>\n\t\t\t\t<\/div>\n\t\t","protected":false},"excerpt":{"rendered":"<p>Utilizamos cookies o tecnolog\u00edas similares para analizar tendencias, administrar el sitio web, rastrear los movimientos de los usuarios por el sitio web y recopilar informaci\u00f3n demogr\u00e1fica sobre nuestra base de usuarios en su conjunto. Podemos recibir informes basados en el uso de estas tecnolog\u00edas por parte de estas empresas de forma individual (es decir, informes [&hellip;]<\/p>\n","protected":false},"author":1,"featured_media":0,"parent":0,"menu_order":0,"comment_status":"closed","ping_status":"closed","template":"","meta":{"_acf_changed":false,"inline_featured_image":false,"footnotes":""},"class_list":["post-12404","page","type-page","status-publish","hentry"],"acf":[],"_links":{"self":[{"href":"https:\/\/www.alyors.com\/es\/wp-json\/wp\/v2\/pages\/12404","targetHints":{"allow":["GET"]}}],"collection":[{"href":"https:\/\/www.alyors.com\/es\/wp-json\/wp\/v2\/pages"}],"about":[{"href":"https:\/\/www.alyors.com\/es\/wp-json\/wp\/v2\/types\/page"}],"author":[{"embeddable":true,"href":"https:\/\/www.alyors.com\/es\/wp-json\/wp\/v2\/users\/1"}],"replies":[{"embeddable":true,"href":"https:\/\/www.alyors.com\/es\/wp-json\/wp\/v2\/comments?post=12404"}],"version-history":[{"count":7,"href":"https:\/\/www.alyors.com\/es\/wp-json\/wp\/v2\/pages\/12404\/revisions"}],"predecessor-version":[{"id":12411,"href":"https:\/\/www.alyors.com\/es\/wp-json\/wp\/v2\/pages\/12404\/revisions\/12411"}],"wp:attachment":[{"href":"https:\/\/www.alyors.com\/es\/wp-json\/wp\/v2\/media?parent=12404"}],"curies":[{"name":"wp","href":"https:\/\/api.w.org\/{rel}","templated":true}]}}