{"id":12413,"date":"2024-03-04T12:22:32","date_gmt":"2024-03-04T12:22:32","guid":{"rendered":"https:\/\/www.alyors.com\/?page_id=12413"},"modified":"2025-03-27T11:51:46","modified_gmt":"2025-03-27T11:51:46","slug":"servicios","status":"publish","type":"page","link":"https:\/\/www.alyors.com\/es\/servicios\/","title":{"rendered":"Servicios"},"content":{"rendered":"\t\t<div data-elementor-type=\"wp-page\" data-elementor-id=\"12413\" class=\"elementor elementor-12413 elementor-2558\" data-elementor-post-type=\"page\">\n\t\t\t\t<div class=\"elementor-element elementor-element-bb2cbc3 e-flex e-con-boxed e-con e-parent\" data-id=\"bb2cbc3\" data-element_type=\"container\" data-e-type=\"container\">\n\t\t\t\t\t<div class=\"e-con-inner\">\n\t\t\t\t<div class=\"elementor-element elementor-element-ed49101 elementor-widget elementor-widget-text-editor\" data-id=\"ed49101\" data-element_type=\"widget\" data-e-type=\"widget\" data-widget_type=\"text-editor.default\">\n\t\t\t\t<div class=\"elementor-widget-container\">\n\t\t\t\t\t\t\t\t\t<h3>Investigaci\u00f3n y Desarrollo<\/h3><p>En Alyors, nuestro Centro de Investigaci\u00f3n y Desarrollo est\u00e1 a la vanguardia de los avances cient\u00edficos, con expertos altamente cualificados dedicados a desarrollar formulaciones innovadoras y de primera calidad. Nuestras instalaciones est\u00e1n certificadas por el Ministerio de Industria y Tecnolog\u00eda, garantizando que cada creaci\u00f3n se elabore con precisi\u00f3n y cumpla con los \u00faltimos est\u00e1ndares cient\u00edficos. Al combinar una rigurosa investigaci\u00f3n con tecnolog\u00eda de \u00faltima generaci\u00f3n, transformamos ideas en productos que establecen nuevos est\u00e1ndares de calidad y eficacia.<\/p><h3>Producci\u00f3n de Materias Primas<\/h3><p>Aprovechando los recursos que ofrece la naturaleza e integr\u00e1ndolos con conocimientos cient\u00edficos modernos, Alyors produce materias primas de alta calidad para las industrias de suplementos alimenticios, cosm\u00e9ticos y dispositivos m\u00e9dicos. Nuestras materias primas se procesan con un enfoque en pureza, consistencia y sostenibilidad, asegurando que cumplan con los est\u00e1ndares requeridos para aplicaciones enfocadas en la salud. Con una dedicaci\u00f3n a la excelencia, proporcionamos materiales esenciales que permiten a los fabricantes crear productos seguros y eficaces.<\/p><h3>Desarrollo de Productos<\/h3><p>Como pioneros en formulaci\u00f3n avanzada, Alyors se especializa en dise\u00f1ar productos que maximizan la eficacia cumpliendo con los requisitos regulatorios espec\u00edficos de cada mercado. Desde el concepto hasta la composici\u00f3n, nos centramos en soluciones que sean innovadoras y fiables, adaptando cada producto para satisfacer las necesidades de salud y bienestar de diversos consumidores. Nuestro compromiso con la optimizaci\u00f3n de productos asegura que cada producto de Alyors est\u00e9 dise\u00f1ado para un rendimiento \u00f3ptimo y la satisfacci\u00f3n del consumidor.<\/p><h3>Producci\u00f3n<\/h3><p>Con cinco instalaciones de fabricaci\u00f3n especializadas, Alyors tiene la capacidad de producir una amplia gama de productos, incluyendo suplementos alimenticios, cosm\u00e9ticos, dispositivos m\u00e9dicos y consumibles de salud esenciales. Cada instalaci\u00f3n est\u00e1 equipada con tecnolog\u00eda de \u00faltima generaci\u00f3n y sigue estrictos protocolos de calidad, lo que nos permite cumplir con la creciente demanda de productos de salud fiables y de alta calidad.<\/p><h3>Soluciones de Marca Privada<\/h3><p>Alyors ofrece soluciones de marca privada que convierten su visi\u00f3n de producto en realidad. Desde el desarrollo conceptual inicial hasta la producci\u00f3n final, nuestro equipo ofrece un soporte integral para garantizar que cada producto se fabrique con los m\u00e1s altos est\u00e1ndares. Aprovechando nuestra experiencia, recursos y conocimientos de la industria, ayudamos a las empresas a crear productos de marca privada que sean distintivos, cumplidores y alineados con sus valores de marca.<\/p><h3>Control y Aseguramiento de Calidad<\/h3><p>En Alyors, la calidad es m\u00e1s que un compromiso; es una parte integral de nuestro proceso. Nuestras rigurosas medidas de control y aseguramiento de la calidad se implementan en las cinco plantas de fabricaci\u00f3n, garantizando precisi\u00f3n y excelencia en cada etapa de la producci\u00f3n. Con un enfoque meticuloso en las verificaciones de calidad, Alyors mantiene los m\u00e1s altos est\u00e1ndares de seguridad y eficacia, asegurando que cada producto cumpla con las demandas del mercado de la salud.<\/p><h3>Marketing<\/h3><p>Nuestro equipo de marketing, compuesto por profesionales experimentados y expertos en salud, se dedica a apoyar a nuestros socios con iniciativas estrat\u00e9gicas de marketing. Desde programas de formaci\u00f3n hasta materiales de marketing personalizados, proporcionamos soluciones que combinan perspectivas globales con relevancia local. Alineando nuestros esfuerzos con sus objetivos comerciales, Alyors ayuda a lanzar productos de manera efectiva y mejorar la presencia de la marca en mercados competitivos.<\/p>\t\t\t\t\t\t\t\t<\/div>\n\t\t\t\t<\/div>\n\t\t\t\t\t<\/div>\n\t\t\t\t<\/div>\n\t\t\t\t<\/div>\n\t\t","protected":false},"excerpt":{"rendered":"<p>Investigaci\u00f3n y Desarrollo En Alyors, nuestro Centro de Investigaci\u00f3n y Desarrollo est\u00e1 a la vanguardia de los avances cient\u00edficos, con expertos altamente cualificados dedicados a desarrollar formulaciones innovadoras y de primera calidad. Nuestras instalaciones est\u00e1n certificadas por el Ministerio de Industria y Tecnolog\u00eda, garantizando que cada creaci\u00f3n se elabore con precisi\u00f3n y cumpla con los [&hellip;]<\/p>\n","protected":false},"author":1,"featured_media":0,"parent":0,"menu_order":0,"comment_status":"closed","ping_status":"closed","template":"","meta":{"_acf_changed":false,"inline_featured_image":false,"footnotes":""},"class_list":["post-12413","page","type-page","status-publish","hentry"],"acf":[],"_links":{"self":[{"href":"https:\/\/www.alyors.com\/es\/wp-json\/wp\/v2\/pages\/12413","targetHints":{"allow":["GET"]}}],"collection":[{"href":"https:\/\/www.alyors.com\/es\/wp-json\/wp\/v2\/pages"}],"about":[{"href":"https:\/\/www.alyors.com\/es\/wp-json\/wp\/v2\/types\/page"}],"author":[{"embeddable":true,"href":"https:\/\/www.alyors.com\/es\/wp-json\/wp\/v2\/users\/1"}],"replies":[{"embeddable":true,"href":"https:\/\/www.alyors.com\/es\/wp-json\/wp\/v2\/comments?post=12413"}],"version-history":[{"count":4,"href":"https:\/\/www.alyors.com\/es\/wp-json\/wp\/v2\/pages\/12413\/revisions"}],"predecessor-version":[{"id":12418,"href":"https:\/\/www.alyors.com\/es\/wp-json\/wp\/v2\/pages\/12413\/revisions\/12418"}],"wp:attachment":[{"href":"https:\/\/www.alyors.com\/es\/wp-json\/wp\/v2\/media?parent=12413"}],"curies":[{"name":"wp","href":"https:\/\/api.w.org\/{rel}","templated":true}]}}