{"id":9256,"date":"2024-03-06T10:51:52","date_gmt":"2024-03-06T10:51:52","guid":{"rendered":"https:\/\/www.alyors.com\/?page_id=9256"},"modified":"2024-10-23T09:15:46","modified_gmt":"2024-10-23T09:15:46","slug":"iyon-medical","status":"publish","type":"page","link":"https:\/\/www.alyors.com\/es\/corporativo\/filiales\/iyon-medical\/","title":{"rendered":"\u0130YON MEDICAL"},"content":{"rendered":"\t\t<div data-elementor-type=\"wp-page\" data-elementor-id=\"9256\" class=\"elementor elementor-9256 elementor-2915\" data-elementor-post-type=\"page\">\n\t\t\t\t<div class=\"elementor-element elementor-element-1fb17d0d e-flex e-con-boxed e-con e-parent\" data-id=\"1fb17d0d\" data-element_type=\"container\" data-e-type=\"container\">\n\t\t\t\t\t<div class=\"e-con-inner\">\n\t\t\t\t<div class=\"elementor-element elementor-element-476d048b section-title section-title--centered elementor-widget elementor-widget-heading\" data-id=\"476d048b\" data-element_type=\"widget\" data-e-type=\"widget\" data-widget_type=\"heading.default\">\n\t\t\t\t<div class=\"elementor-widget-container\">\n\t\t\t\t\t<h1 class=\"elementor-heading-title elementor-size-default\">\u0130YON MEDICAL<\/h1>\t\t\t\t<\/div>\n\t\t\t\t<\/div>\n\t\t\t\t<div class=\"elementor-element elementor-element-21e6551d elementor-widget elementor-widget-heading\" data-id=\"21e6551d\" data-element_type=\"widget\" data-e-type=\"widget\" data-widget_type=\"heading.default\">\n\t\t\t\t<div class=\"elementor-widget-container\">\n\t\t\t\t\t<h2 class=\"elementor-heading-title elementor-size-default\">Dispositivos M\u00e9dicos y Consumibles<\/h2>\t\t\t\t<\/div>\n\t\t\t\t<\/div>\n\t\t\t\t<div class=\"elementor-element elementor-element-3213db7f elementor-widget elementor-widget-text-editor\" data-id=\"3213db7f\" data-element_type=\"widget\" data-e-type=\"widget\" data-widget_type=\"text-editor.default\">\n\t\t\t\t<div class=\"elementor-widget-container\">\n\t\t\t\t\t\t\t\t\t<p>\u0130yon Medikal fue fundada en Estambul en 2008 por farmac\u00e9uticos expertos. Su principal prop\u00f3sito era importar y comercializar \u00abAgujas para Pluma de Insulina\u00bb a nivel nacional, pero tras exitosos estudios de investigaci\u00f3n y desarrollo, la empresa estableci\u00f3 su propia planta de producci\u00f3n. Iyon Medikal se enorgullece de ser el primer fabricante local de \u00abAgujas para Pluma de Insulina\u00bb y el primer productor local de \u00abAgua Oce\u00e1nica\u00bb en Turqu\u00eda.<\/p><p>Actualmente, la empresa produce y comercializa 450 productos diferentes, incluidas Agujas para Pluma de Insulina, Agua Oce\u00e1nica\/Agua de Mar, Spray para Piojos, Spray\/Gotas de Suero Fisiol\u00f3gico, Vial de Suero Fisiol\u00f3gico, Aspirador Nasal y Punta, Lavado Sinusal. La empresa contin\u00faa expandiendo sus esfuerzos de fabricaci\u00f3n por contrato y control de calidad para aumentar su cartera de productos y proporcionar productos de alta calidad. Todos los productos se fabrican en cumplimiento con los est\u00e1ndares ISO y CE, y cuentan con marcas registradas y certificados de calidad.<\/p><p>Con una expansi\u00f3n continua, \u0130yon Medikal ha logrado un crecimiento del 70 % en capacidad, balance y empleo en comparaci\u00f3n con su estructura actual. Como empresa, \u0130yon Medikal da alta prioridad a ser l\u00edder en calidad para cada producto que produce y considera que servir a la salud humana es una responsabilidad.<\/p><p>Certificados de Calidad Internacional:<\/p><p><b>ISO 9001:2015 ,ISO 13485:2016, ISO 22716:20117<\/b><\/p>\t\t\t\t\t\t\t\t<\/div>\n\t\t\t\t<\/div>\n\t\t\t\t\t<\/div>\n\t\t\t\t<\/div>\n\t\t<div class=\"elementor-element elementor-element-27560363 e-flex e-con-boxed e-con e-parent\" data-id=\"27560363\" data-element_type=\"container\" data-e-type=\"container\">\n\t\t\t\t\t<div class=\"e-con-inner\">\n\t\t\t\t<div class=\"elementor-element elementor-element-5cd7a5ef elementor-widget elementor-widget-image\" data-id=\"5cd7a5ef\" data-element_type=\"widget\" data-e-type=\"widget\" data-widget_type=\"image.default\">\n\t\t\t\t<div class=\"elementor-widget-container\">\n\t\t\t\t\t\t\t\t\t\t\t\t\t\t\t<img fetchpriority=\"high\" decoding=\"async\" width=\"800\" height=\"800\" src=\"https:\/\/www.alyors.com\/wp-content\/uploads\/2024\/09\/IYON-LOGO.svg\" class=\"attachment-large size-large wp-image-7586\" alt=\"\" \/>\t\t\t\t\t\t\t\t\t\t\t\t\t\t\t<\/div>\n\t\t\t\t<\/div>\n\t\t\t\t\t<\/div>\n\t\t\t\t<\/div>\n\t\t<div class=\"elementor-element elementor-element-413babe6 e-flex e-con-boxed e-con e-parent\" data-id=\"413babe6\" data-element_type=\"container\" data-e-type=\"container\">\n\t\t\t\t\t<div class=\"e-con-inner\">\n\t\t\t\t<div class=\"elementor-element elementor-element-5424c2ca elementor-widget elementor-widget-heading\" data-id=\"5424c2ca\" data-element_type=\"widget\" data-e-type=\"widget\" data-widget_type=\"heading.default\">\n\t\t\t\t<div class=\"elementor-widget-container\">\n\t\t\t\t\t<h2 class=\"elementor-heading-title elementor-size-default\">Products<\/h2>\t\t\t\t<\/div>\n\t\t\t\t<\/div>\n\t\t\t\t\t<\/div>\n\t\t\t\t<\/div>\n\t\t<div class=\"elementor-element elementor-element-496d7a7b e-flex e-con-boxed e-con e-parent\" data-id=\"496d7a7b\" data-element_type=\"container\" data-e-type=\"container\">\n\t\t\t\t\t<div class=\"e-con-inner\">\n\t\t\t\t<div class=\"elementor-element elementor-element-c197c16 products-list elementor-widget elementor-widget-ucaddon_post_grid\" data-id=\"c197c16\" data-element_type=\"widget\" data-e-type=\"widget\" data-widget_type=\"ucaddon_post_grid.default\">\n\t\t\t\t<div class=\"elementor-widget-container\">\n\t\t\t\t\t\n<!-- start Post Grid -->\n\t\t<link id='font-awesome-css' href='https:\/\/www.alyors.com\/wp-content\/plugins\/unlimited-elements-for-elementor-premium\/assets_libraries\/font-awesome6\/fontawesome-all.min.css' type='text\/css' rel='stylesheet' >\n\t\t<link id='font-awesome-4-shim-css' href='https:\/\/www.alyors.com\/wp-content\/plugins\/unlimited-elements-for-elementor-premium\/assets_libraries\/font-awesome6\/fontawesome-v4-shims.min.css' type='text\/css' rel='stylesheet' >\n\n<style>\/* widget: Post Grid *\/\n\n\r\n@keyframes uc_post_grid_elementor_c197c16__item-animation {\r\n  0% {\r\n            transform: translateY(50px);\r\n        \t        \tfilter: blur(4px);\r\n\t\t\t\r\n    \t    opacity: 0;\r\n  }\r\n  100% {\r\n            transform: translateY(0px);\r\n        \t            filter: blur(0px);\r\n            \r\n    \t\topacity: 1;\r\n  }\r\n}\r\n\r\n\r\n#uc_post_grid_elementor_c197c16 .ue-item{\r\n\topacity:0;\r\n}\r\n\r\n\r\n#uc_post_grid_elementor_c197c16 .uc-entrance-animate {\r\n  opacity:1;\r\n}\r\n\r\n#uc_post_grid_elementor_c197c16 .uc-entrance-animate {\r\n\tanimation: uc_post_grid_elementor_c197c16__item-animation 0.6s cubic-bezier(0.470, 0.000, 0.745, 0.715) both;\r\n}\r\n\r\n\t\t\t\n\n#uc_post_grid_elementor_c197c16.uc_post_grid_style_one .uc_post_grid_style_one_wrap {\n   display:grid;\n}\n\n\n#uc_post_grid_elementor_c197c16 .uc_post_grid_style_one_item\n{\n  position:relative;\n}\n\n#uc_post_grid_elementor_c197c16 .uc_post_image\n{\n  transition:0.3s;\n  position:relative;\n  overflow:hidden;\n}\n\n#uc_post_grid_elementor_c197c16 .uc_post_image img\n{\n  width:100%;\n  display:block;\n  transition:0.3s;\n}\n\n\n\t\n\n\n\n\n\n\n#uc_post_grid_elementor_c197c16 .uc_post_image_overlay\n{\n  position:absolute;\n  top:0px;\n  left:0px;\n  height:100%;\n  width:100%;\n  transition:0.3s;\n}\n\n#uc_post_grid_elementor_c197c16 .uc_more_btn-custom-field\n{\n  display:inline-block;\n  text-align:center;\n  text-decoration:none;\n  transition:0.3s;\n}\n\n#uc_post_grid_elementor_c197c16 .uc_more_btn\n{\n  display:inline-block;\n  text-align:center;\n  text-decoration:none;\n  transition:0.3s;\n}\n\n.ue-grid-item-category a\n{\n  display:inline-block;\n  font-size:10px;\n  \n}\n#uc_post_grid_elementor_c197c16 .ue-grid-item-category a{\n    cursor: text;\n  }\n.uc_post_title\n{\n  font-size:21px;\n}\n\n\n\n#uc_post_grid_elementor_c197c16 .ue_post_grid_item\n{\n  display:flex;\n  flex-direction:column;\n}\n\n#uc_post_grid_elementor_c197c16.uc_post_grid_style_one .uc_content{\n flex-grow:1;\n}\n\n#uc_post_grid_elementor_c197c16.uc_post_grid_style_one .uc_content > div\n{\n  height:100%;\n  display:flex;\n  flex-direction:column;\n  justify-content: space-between;}\n\n    #uc_post_grid_elementor_c197c16 .uc_post_button\n   {\n     margin-top:auto;\n   }\n  \n\n\n\n\n\n\n\n\n\n\n\n\n\n\n\n\n\n\n\n\n\n\n#uc_post_grid_elementor_c197c16 .ue-meta-data\n{\n  \n  display:flex;\n\n  flex-wrap: wrap;\n  line-height:1em;\n}\n\n#uc_post_grid_elementor_c197c16 .ue-grid-item-meta-data\n{\n      display:inline-flex;\n      align-items:center;\n}\n\n#uc_post_grid_elementor_c197c16 .ue-grid-item-meta-data a{\n  color:inherit;\n}\n\n.ue-grid-item-meta-data\n{\n  font-size:12px;\n}\n\n#uc_post_grid_elementor_c197c16 .ue-grid-item-meta-data-icon\n{\n  line-height:1em;\n}\n\n#uc_post_grid_elementor_c197c16 .ue-grid-item-meta-data-icon svg\n{\n  width:1em;\n  height:1em;\n}\n\n#uc_post_grid_elementor_c197c16 .ue-debug-meta\n{\n  padding:10px;\n  border:1px solid red;\n  position:relative;\n  line-height:1.5em;\n  font-size:11px;\n  width:100%;\n}\n\n#uc_post_grid_elementor_c197c16 .uc_btn_inner\n{\n  display:inline-flex;\n  align-items:center;\n}\n\n#uc_post_grid_elementor_c197c16 .uc_btn_inner svg\n{\n  width:1em;\n  height:1em;\n}\n\n  #uc_post_grid_elementor_c197c16 .ue_post_full_link{\n    position:absolute;\n    width:100%;\n    height:100%;\n    top:0;\n    left:0;\n  }\n\n\n\n<\/style>\n\n<div class=\"uc_post_grid_style_one uc-filterable-grid \" id=\"uc_post_grid_elementor_c197c16\"  data-ajax='true'  data-filterbehave='ajax'  querydata='{&quot;count_posts&quot;:0,&quot;total_posts&quot;:0,&quot;page&quot;:1,&quot;num_pages&quot;:1}' >\n\t\t<div class=\"uc_post_grid_style_one_wrap ue_post_grid uc-items-wrapper\">\n\t\t\t\n\t\t<\/div>\n\t<\/div>\n\n\n\n  <div id=\"uc_post_grid_elementor_c197c16_empty_message\" class=\"ue-no-posts-found\" >No posts found<\/div>\n\n\n<!-- end Post Grid -->\t\t\t\t<\/div>\n\t\t\t\t<\/div>\n\t\t\t\t<div class=\"elementor-element elementor-element-27d4426a elementor-align-center elementor-widget elementor-widget-button\" data-id=\"27d4426a\" data-element_type=\"widget\" data-e-type=\"widget\" data-widget_type=\"button.default\">\n\t\t\t\t<div class=\"elementor-widget-container\">\n\t\t\t\t\t\t\t\t\t<div class=\"elementor-button-wrapper\">\n\t\t\t\t\t<a class=\"elementor-button elementor-button-link elementor-size-md\" href=\"https:\/\/www.alyors.com\/es\/brand\/iyon\/\">\n\t\t\t\t\t\t<span class=\"elementor-button-content-wrapper\">\n\t\t\t\t\t\t\t\t\t<span class=\"elementor-button-text\">SEE ALL<\/span>\n\t\t\t\t\t<\/span>\n\t\t\t\t\t<\/a>\n\t\t\t\t<\/div>\n\t\t\t\t\t\t\t\t<\/div>\n\t\t\t\t<\/div>\n\t\t\t\t\t<\/div>\n\t\t\t\t<\/div>\n\t\t\t\t<\/div>\n\t\t","protected":false},"excerpt":{"rendered":"<p>Dispositivos M\u00e9dicos y Consumibles \u0130yon Medikal fue fundada en Estambul en 2008 por farmac\u00e9uticos expertos. Su principal prop\u00f3sito era importar y comercializar \u00abAgujas para Pluma de Insulina\u00bb a nivel nacional, pero tras exitosos estudios de investigaci\u00f3n y desarrollo, la empresa estableci\u00f3 su propia planta de producci\u00f3n. Iyon Medikal se enorgullece de ser el primer fabricante [&hellip;]<\/p>\n","protected":false},"author":1,"featured_media":9257,"parent":12060,"menu_order":0,"comment_status":"closed","ping_status":"closed","template":"","meta":{"_acf_changed":false,"inline_featured_image":false,"footnotes":""},"class_list":["post-9256","page","type-page","status-publish","has-post-thumbnail","hentry"],"acf":[],"_links":{"self":[{"href":"https:\/\/www.alyors.com\/es\/wp-json\/wp\/v2\/pages\/9256","targetHints":{"allow":["GET"]}}],"collection":[{"href":"https:\/\/www.alyors.com\/es\/wp-json\/wp\/v2\/pages"}],"about":[{"href":"https:\/\/www.alyors.com\/es\/wp-json\/wp\/v2\/types\/page"}],"author":[{"embeddable":true,"href":"https:\/\/www.alyors.com\/es\/wp-json\/wp\/v2\/users\/1"}],"replies":[{"embeddable":true,"href":"https:\/\/www.alyors.com\/es\/wp-json\/wp\/v2\/comments?post=9256"}],"version-history":[{"count":4,"href":"https:\/\/www.alyors.com\/es\/wp-json\/wp\/v2\/pages\/9256\/revisions"}],"predecessor-version":[{"id":9261,"href":"https:\/\/www.alyors.com\/es\/wp-json\/wp\/v2\/pages\/9256\/revisions\/9261"}],"up":[{"embeddable":true,"href":"https:\/\/www.alyors.com\/es\/wp-json\/wp\/v2\/pages\/12060"}],"wp:featuredmedia":[{"embeddable":true,"href":"https:\/\/www.alyors.com\/es\/wp-json\/wp\/v2\/media\/9257"}],"wp:attachment":[{"href":"https:\/\/www.alyors.com\/es\/wp-json\/wp\/v2\/media?parent=9256"}],"curies":[{"name":"wp","href":"https:\/\/api.w.org\/{rel}","templated":true}]}}