{"id":8049,"date":"2024-02-29T19:44:47","date_gmt":"2024-02-29T19:44:47","guid":{"rendered":"https:\/\/www.alyors.com\/?page_id=8049"},"modified":"2024-10-16T07:57:15","modified_gmt":"2024-10-16T07:57:15","slug":"message-du-directeur-general","status":"publish","type":"page","link":"https:\/\/www.alyors.com\/fr\/corporatif\/message-du-directeur-general\/","title":{"rendered":"Message Du Directeur G\u00e9n\u00e9ral"},"content":{"rendered":"\t\t<div data-elementor-type=\"wp-page\" data-elementor-id=\"8049\" class=\"elementor elementor-8049 elementor-1407\" data-elementor-post-type=\"page\">\n\t\t\t\t<div class=\"elementor-element elementor-element-b684315 e-flex e-con-boxed e-con e-parent\" data-id=\"b684315\" data-element_type=\"container\" data-e-type=\"container\">\n\t\t\t\t\t<div class=\"e-con-inner\">\n\t\t\t\t<div class=\"elementor-element elementor-element-3d7658e elementor-widget elementor-widget-heading\" data-id=\"3d7658e\" data-element_type=\"widget\" data-e-type=\"widget\" data-widget_type=\"heading.default\">\n\t\t\t\t<div class=\"elementor-widget-container\">\n\t\t\t\t\t<h4 class=\"elementor-heading-title elementor-size-default\">L'innovation est dans nos g\u00e8nes<\/h4>\t\t\t\t<\/div>\n\t\t\t\t<\/div>\n\t\t\t\t<div class=\"elementor-element elementor-element-6fb221c elementor-widget elementor-widget-text-editor\" data-id=\"6fb221c\" data-element_type=\"widget\" data-e-type=\"widget\" data-widget_type=\"text-editor.default\">\n\t\t\t\t<div class=\"elementor-widget-container\">\n\t\t\t\t\t\t\t\t\t<p>Notre histoire a commenc\u00e9 en 2004. En raison de l&rsquo;industrialisation du monde, de la d\u00e9t\u00e9rioration des habitudes alimentaires, de l&rsquo;alt\u00e9ration de la structure des aliments afin d&rsquo;accro\u00eetre l&rsquo;efficacit\u00e9 de la production, de l&rsquo;affaiblissement du contenu nutritionnel des aliments par de nombreuses transformations des produits et d&rsquo;autres raisons similaires, nous sommes incapables d&rsquo;acc\u00e9der aux micronutriments et aux aliments n\u00e9cessaires au bon fonctionnement du m\u00e9tabolisme humain. C&rsquo;est pourquoi nos fondateurs, qui sont des professionnels de la sant\u00e9, ont d\u00e9cid\u00e9 d&rsquo;agir sur les micronutriments, qui sont essentiels au m\u00e9tabolisme humain, afin de mener une vie plus saine.<\/p><p>Avec la responsabilit\u00e9 de toucher \u00e0 la sant\u00e9 humaine, nous sommes arriv\u00e9s \u00e0 ce jour en d\u00e9veloppant nos activit\u00e9s pour nous am\u00e9liorer chaque jour dans le cadre des principes d\u00e9termin\u00e9s le premier jour, sans sacrifier la perspective scientifique et la qualit\u00e9.<\/p><p>En tant que famille Alyors, qui s&rsquo;appr\u00eate \u00e0 f\u00eater son 20e anniversaire, nous avons r\u00e9ussi \u00e0 devenir en peu de temps un acteur de premier plan dans le secteur gr\u00e2ce \u00e0 l&rsquo;approche scientifique et innovante que nous avons adopt\u00e9e depuis notre cr\u00e9ation. Nous fabriquons des produits pour la sant\u00e9 humaine et l&rsquo;innovation est dans l&rsquo;ADN de notre entreprise. Nous avons obtenu un succ\u00e8s durable en \u00e9tant plus agiles et plus courageux en mati\u00e8re de recherche et de d\u00e9veloppement. Bien entendu, ce succ\u00e8s a \u00e9t\u00e9 obtenu gr\u00e2ce \u00e0 la puissance de nos coll\u00e8gues qui ont contribu\u00e9 avec beaucoup de d\u00e9vouement.<\/p><p>Notre priorit\u00e9 est de fournir des formulations de meilleure qualit\u00e9 dans l&rsquo;environnement le plus sain, avec le sens de la responsabilit\u00e9 que nous ressentons envers nos consommateurs. Nous continuons \u00e0 augmenter nos investissements dans l&rsquo;innovation et la technologie, et poursuivons notre d\u00e9veloppement en produisant des produits pionniers en accord avec nos principes de durabilit\u00e9 et d&rsquo;efficacit\u00e9.<\/p><p>Au fil des ans, afin d&rsquo;accro\u00eetre notre succ\u00e8s et de toucher la vie d&rsquo;un plus grand nombre de personnes, nous avons entrepris des initiatives pour produire des mati\u00e8res premi\u00e8res utilis\u00e9es dans les compl\u00e9ments alimentaires, la production de produits cosm\u00e9tiques sur la sant\u00e9 et la beaut\u00e9, la production de produits dans la cat\u00e9gorie des dispositifs m\u00e9dicaux qui touchent \u00e0 la sant\u00e9 humaine, et la production de produits qui touchent \u00e0 la sant\u00e9 animale.<\/p><p>Nous poursuivons notre travail avec l&rsquo;enthousiasme du premier jour o\u00f9 nous avons pris la route, et nous continuons notre chemin avec la confiance des professionnels de la sant\u00e9 et des consommateurs. En tant que famille Alyors, nous souhaitons continuer \u00e0 d\u00e9velopper nos investissements dans le domaine de la sant\u00e9.<\/p>\t\t\t\t\t\t\t\t<\/div>\n\t\t\t\t<\/div>\n\t\t\t\t<div class=\"elementor-element elementor-element-cbe8513 elementor-widget elementor-widget-heading\" data-id=\"cbe8513\" data-element_type=\"widget\" data-e-type=\"widget\" data-widget_type=\"heading.default\">\n\t\t\t\t<div class=\"elementor-widget-container\">\n\t\t\t\t\t<h2 class=\"elementor-heading-title elementor-size-default\">Yunus Emre Alimo\u011flu<\/h2>\t\t\t\t<\/div>\n\t\t\t\t<\/div>\n\t\t\t\t<div class=\"elementor-element elementor-element-12b0dd6 elementor-widget elementor-widget-heading\" data-id=\"12b0dd6\" data-element_type=\"widget\" data-e-type=\"widget\" data-widget_type=\"heading.default\">\n\t\t\t\t<div class=\"elementor-widget-container\">\n\t\t\t\t\t<h2 class=\"elementor-heading-title elementor-size-default\">CEO<\/h2>\t\t\t\t<\/div>\n\t\t\t\t<\/div>\n\t\t\t\t\t<\/div>\n\t\t\t\t<\/div>\n\t\t\t\t<\/div>\n\t\t","protected":false},"excerpt":{"rendered":"<p>L&rsquo;innovation est dans nos g\u00e8nes Notre histoire a commenc\u00e9 en 2004. En raison de l&rsquo;industrialisation du monde, de la d\u00e9t\u00e9rioration des habitudes alimentaires, de l&rsquo;alt\u00e9ration de la structure des aliments afin d&rsquo;accro\u00eetre l&rsquo;efficacit\u00e9 de la production, de l&rsquo;affaiblissement du contenu nutritionnel des aliments par de nombreuses transformations des produits et d&rsquo;autres raisons similaires, nous sommes [&hellip;]<\/p>\n","protected":false},"author":1,"featured_media":8050,"parent":8017,"menu_order":0,"comment_status":"closed","ping_status":"closed","template":"","meta":{"_acf_changed":false,"inline_featured_image":false,"footnotes":""},"class_list":["post-8049","page","type-page","status-publish","has-post-thumbnail","hentry"],"acf":[],"_links":{"self":[{"href":"https:\/\/www.alyors.com\/fr\/wp-json\/wp\/v2\/pages\/8049","targetHints":{"allow":["GET"]}}],"collection":[{"href":"https:\/\/www.alyors.com\/fr\/wp-json\/wp\/v2\/pages"}],"about":[{"href":"https:\/\/www.alyors.com\/fr\/wp-json\/wp\/v2\/types\/page"}],"author":[{"embeddable":true,"href":"https:\/\/www.alyors.com\/fr\/wp-json\/wp\/v2\/users\/1"}],"replies":[{"embeddable":true,"href":"https:\/\/www.alyors.com\/fr\/wp-json\/wp\/v2\/comments?post=8049"}],"version-history":[{"count":5,"href":"https:\/\/www.alyors.com\/fr\/wp-json\/wp\/v2\/pages\/8049\/revisions"}],"predecessor-version":[{"id":8625,"href":"https:\/\/www.alyors.com\/fr\/wp-json\/wp\/v2\/pages\/8049\/revisions\/8625"}],"up":[{"embeddable":true,"href":"https:\/\/www.alyors.com\/fr\/wp-json\/wp\/v2\/pages\/8017"}],"wp:featuredmedia":[{"embeddable":true,"href":"https:\/\/www.alyors.com\/fr\/wp-json\/wp\/v2\/media\/8050"}],"wp:attachment":[{"href":"https:\/\/www.alyors.com\/fr\/wp-json\/wp\/v2\/media?parent=8049"}],"curies":[{"name":"wp","href":"https:\/\/api.w.org\/{rel}","templated":true}]}}