{"id":8055,"date":"2024-02-29T19:44:31","date_gmt":"2024-02-29T19:44:31","guid":{"rendered":"https:\/\/www.alyors.com\/?page_id=8055"},"modified":"2024-10-11T18:18:15","modified_gmt":"2024-10-11T18:18:15","slug":"chairmans-message","status":"publish","type":"page","link":"https:\/\/www.alyors.com\/fr\/corporatif\/chairmans-message\/","title":{"rendered":"Chairman&rsquo;s Message"},"content":{"rendered":"\t\t<div data-elementor-type=\"wp-page\" data-elementor-id=\"8055\" class=\"elementor elementor-8055 elementor-1405\" data-elementor-post-type=\"page\">\n\t\t\t\t<div class=\"elementor-element elementor-element-20fdbe8 e-flex e-con-boxed e-con e-parent\" data-id=\"20fdbe8\" data-element_type=\"container\" data-e-type=\"container\">\n\t\t\t\t\t<div class=\"e-con-inner\">\n\t\t\t\t<div class=\"elementor-element elementor-element-abedaec elementor-widget elementor-widget-heading\" data-id=\"abedaec\" data-element_type=\"widget\" data-e-type=\"widget\" data-widget_type=\"heading.default\">\n\t\t\t\t<div class=\"elementor-widget-container\">\n\t\t\t\t\t<h4 class=\"elementor-heading-title elementor-size-default\">Le secret de notre r\u00e9ussite est de faire ce que nous savons faire le mieux<\/h4>\t\t\t\t<\/div>\n\t\t\t\t<\/div>\n\t\t\t\t<div class=\"elementor-element elementor-element-5574056 elementor-widget elementor-widget-text-editor\" data-id=\"5574056\" data-element_type=\"widget\" data-e-type=\"widget\" data-widget_type=\"text-editor.default\">\n\t\t\t\t<div class=\"elementor-widget-container\">\n\t\t\t\t\t\t\t\t\t<p>Au cours du si\u00e8cle dernier, les scientifiques ont r\u00e9alis\u00e9 de nombreuses avanc\u00e9es importantes pour prot\u00e9ger la sant\u00e9 humaine. Aujourd&rsquo;hui, gr\u00e2ce \u00e0 ces d\u00e9couvertes, nous avons la possibilit\u00e9 de vivre plus confortablement et plus longtemps. Cependant, il existe encore de nombreux facteurs qui menacent notre sant\u00e9 pour diff\u00e9rentes raisons. Le travail des scientifiques dans ce sens nous ouvre de nouveaux horizons. Gr\u00e2ce \u00e0 ces \u00e9tudes, nous pouvons affirmer, sur la base de donn\u00e9es scientifiques, qu&rsquo;il est possible pour l&rsquo;homme de vivre une vie plus confortable lorsque nous traitons les ressources naturelles avec les possibilit\u00e9s de la science moderne. En d&rsquo;autres termes, nous disposons aujourd&rsquo;hui d&rsquo;un plus grand nombre de donn\u00e9es montrant que la nature contient en elle-m\u00eame le potentiel n\u00e9cessaire pour traiter une grande partie des causes qui nuisent \u00e0 la sant\u00e9 humaine. C&rsquo;est avec une telle vision et un tel objectif que nous avons fond\u00e9 Alyors Group.<\/p><p>Jeune pharmacien, j&rsquo;ai fond\u00e9 le Groupe Alyors il y a 21 ans avec un groupe de m\u00e9decins et d&rsquo;amis investisseurs dans le but de fournir aux gens des produits de sant\u00e9 naturels et non alt\u00e9r\u00e9s, et il s&rsquo;est d\u00e9velopp\u00e9 au fil des ans pour devenir aujourd&rsquo;hui le leader du secteur OTC.\u00a0<\/p><p>Je peux dire que nos trois principes de base ont jou\u00e9 un r\u00f4le essentiel pour gagner la confiance de millions d&rsquo;utilisateurs :<\/p><p>Le strict respect de l&rsquo;\u00e9thique professionnelle,<\/p><p>Engagement \u00e0 d\u00e9velopper des produits originaux et fonctionnels,<\/p><p>la continuit\u00e9 dans la technologie de production avanc\u00e9e,<\/p><p>J&rsquo;aimerais partager avec fiert\u00e9 le fait que le nombre de produits que nous fabriquons \u00e0 la lumi\u00e8re des principes susmentionn\u00e9s, avec notre slogan \u00ab\u00a0Gift to Health\u00a0\u00bb (cadeau pour la sant\u00e9), a atteint 750. Parall\u00e8lement au nombre de nos produits, le nombre d&rsquo;utilisateurs qui nous font confiance dans diff\u00e9rentes parties du monde augmente rapidement.\u00a0 Nous travaillons avec enthousiasme \u00e0 l&rsquo;expansion de notre r\u00e9seau de distribution dans plus de 50 pays.\u00a0<\/p><p>Nous consid\u00e9rons qu&rsquo;il est de notre devoir d&rsquo;augmenter la capacit\u00e9 d&#8217;emploi que nous apportons \u00e0 l&rsquo;\u00e9conomie nationale et les entr\u00e9es de devises par le biais des exportations, au moins autant que de maintenir la valeur que nous produisons dans le domaine de la sant\u00e9.\u00a0<\/p><p>En faisant la diff\u00e9rence dans les secteurs o\u00f9 nous op\u00e9rons, nous poursuivrons avec passion nos efforts pour prot\u00e9ger la sant\u00e9 humaine et contribuer au d\u00e9veloppement de notre industrie.<\/p>\t\t\t\t\t\t\t\t<\/div>\n\t\t\t\t<\/div>\n\t\t\t\t<div class=\"elementor-element elementor-element-9d3cbb0 elementor-widget elementor-widget-heading\" data-id=\"9d3cbb0\" data-element_type=\"widget\" data-e-type=\"widget\" data-widget_type=\"heading.default\">\n\t\t\t\t<div class=\"elementor-widget-container\">\n\t\t\t\t\t<h2 class=\"elementor-heading-title elementor-size-default\">Selman Alimo\u011flu<\/h2>\t\t\t\t<\/div>\n\t\t\t\t<\/div>\n\t\t\t\t<div class=\"elementor-element elementor-element-dcfeff8 elementor-widget elementor-widget-heading\" data-id=\"dcfeff8\" data-element_type=\"widget\" data-e-type=\"widget\" data-widget_type=\"heading.default\">\n\t\t\t\t<div class=\"elementor-widget-container\">\n\t\t\t\t\t<h2 class=\"elementor-heading-title elementor-size-default\">Meilleures salutations<\/h2>\t\t\t\t<\/div>\n\t\t\t\t<\/div>\n\t\t\t\t\t<\/div>\n\t\t\t\t<\/div>\n\t\t\t\t<\/div>\n\t\t","protected":false},"excerpt":{"rendered":"<p>Le secret de notre r\u00e9ussite est de faire ce que nous savons faire le mieux Au cours du si\u00e8cle dernier, les scientifiques ont r\u00e9alis\u00e9 de nombreuses avanc\u00e9es importantes pour prot\u00e9ger la sant\u00e9 humaine. Aujourd&rsquo;hui, gr\u00e2ce \u00e0 ces d\u00e9couvertes, nous avons la possibilit\u00e9 de vivre plus confortablement et plus longtemps. Cependant, il existe encore de nombreux [&hellip;]<\/p>\n","protected":false},"author":1,"featured_media":8056,"parent":8017,"menu_order":0,"comment_status":"closed","ping_status":"closed","template":"","meta":{"_acf_changed":false,"inline_featured_image":false,"footnotes":""},"class_list":["post-8055","page","type-page","status-publish","has-post-thumbnail","hentry"],"acf":[],"_links":{"self":[{"href":"https:\/\/www.alyors.com\/fr\/wp-json\/wp\/v2\/pages\/8055","targetHints":{"allow":["GET"]}}],"collection":[{"href":"https:\/\/www.alyors.com\/fr\/wp-json\/wp\/v2\/pages"}],"about":[{"href":"https:\/\/www.alyors.com\/fr\/wp-json\/wp\/v2\/types\/page"}],"author":[{"embeddable":true,"href":"https:\/\/www.alyors.com\/fr\/wp-json\/wp\/v2\/users\/1"}],"replies":[{"embeddable":true,"href":"https:\/\/www.alyors.com\/fr\/wp-json\/wp\/v2\/comments?post=8055"}],"version-history":[{"count":10,"href":"https:\/\/www.alyors.com\/fr\/wp-json\/wp\/v2\/pages\/8055\/revisions"}],"predecessor-version":[{"id":8066,"href":"https:\/\/www.alyors.com\/fr\/wp-json\/wp\/v2\/pages\/8055\/revisions\/8066"}],"up":[{"embeddable":true,"href":"https:\/\/www.alyors.com\/fr\/wp-json\/wp\/v2\/pages\/8017"}],"wp:featuredmedia":[{"embeddable":true,"href":"https:\/\/www.alyors.com\/fr\/wp-json\/wp\/v2\/media\/8056"}],"wp:attachment":[{"href":"https:\/\/www.alyors.com\/fr\/wp-json\/wp\/v2\/media?parent=8055"}],"curies":[{"name":"wp","href":"https:\/\/api.w.org\/{rel}","templated":true}]}}