{"id":8067,"date":"2024-02-29T19:45:50","date_gmt":"2024-02-29T19:45:50","guid":{"rendered":"https:\/\/www.alyors.com\/?page_id=8067"},"modified":"2025-10-27T11:10:37","modified_gmt":"2025-10-27T11:10:37","slug":"sites-de-production","status":"publish","type":"page","link":"https:\/\/www.alyors.com\/fr\/corporatif\/sites-de-production\/","title":{"rendered":"Sites de production"},"content":{"rendered":"\t\t<div data-elementor-type=\"wp-page\" data-elementor-id=\"8067\" class=\"elementor elementor-8067 elementor-1416\" data-elementor-post-type=\"page\">\n\t\t\t\t<div class=\"elementor-element elementor-element-274db52 manufacturing-facility e-flex e-con-boxed e-con e-parent\" data-id=\"274db52\" data-element_type=\"container\" data-e-type=\"container\">\n\t\t\t\t\t<div class=\"e-con-inner\">\n\t\t<a class=\"elementor-element elementor-element-1addbf4 e-con-full image e-flex e-con e-child\" data-id=\"1addbf4\" data-element_type=\"container\" data-e-type=\"container\" data-settings=\"{&quot;background_background&quot;:&quot;classic&quot;}\" href=\"https:\/\/www.alyors.com\/fr\/corporatif\/filiales\/nuvita-pharmaceuticals\/\">\n\t\t\t\t<div class=\"elementor-element elementor-element-f812376 section-title section-title--alt elementor-widget elementor-widget-heading\" data-id=\"f812376\" data-element_type=\"widget\" data-e-type=\"widget\" data-widget_type=\"heading.default\">\n\t\t\t\t<div class=\"elementor-widget-container\">\n\t\t\t\t\t<h2 class=\"elementor-heading-title elementor-size-default\">Nuvita Pharmaceuticals<\/h2>\t\t\t\t<\/div>\n\t\t\t\t<\/div>\n\t\t\t\t<div class=\"elementor-element elementor-element-23beb11 elementor-widget elementor-widget-text-editor\" data-id=\"23beb11\" data-element_type=\"widget\" data-e-type=\"widget\" data-widget_type=\"text-editor.default\">\n\t\t\t\t<div class=\"elementor-widget-container\">\n\t\t\t\t\t\t\t\t\t<p>D\u00e9couvrez Nuvita Pharmaceuticals, l&rsquo;un des principaux fabricants de compl\u00e9ments alimentaires en Turquie.<\/p>\t\t\t\t\t\t\t\t<\/div>\n\t\t\t\t<\/div>\n\t\t\t\t<div class=\"elementor-element elementor-element-3ba3ebb elementor-absolute elementor-widget elementor-widget-html\" data-id=\"3ba3ebb\" data-element_type=\"widget\" data-e-type=\"widget\" data-settings=\"{&quot;_position&quot;:&quot;absolute&quot;}\" data-widget_type=\"html.default\">\n\t\t\t\t<div class=\"elementor-widget-container\">\n\t\t\t\t\t<span class=\"btn btn-default\">MORE INFO<\/span>\t\t\t\t<\/div>\n\t\t\t\t<\/div>\n\t\t\t\t<\/a>\n\t\t<div class=\"elementor-element elementor-element-50183b7 e-con-full e-flex e-con e-child\" data-id=\"50183b7\" data-element_type=\"container\" data-e-type=\"container\" data-settings=\"{&quot;background_background&quot;:&quot;classic&quot;}\">\n\t\t\t\t<div class=\"elementor-element elementor-element-f34219a elementor-widget elementor-widget-image\" data-id=\"f34219a\" data-element_type=\"widget\" data-e-type=\"widget\" data-widget_type=\"image.default\">\n\t\t\t\t<div class=\"elementor-widget-container\">\n\t\t\t\t\t\t\t\t\t\t\t\t\t\t\t<img fetchpriority=\"high\" decoding=\"async\" width=\"800\" height=\"254\" src=\"https:\/\/www.alyors.com\/wp-content\/uploads\/2024\/02\/nuvitasvg.svg\" class=\"attachment-large size-large wp-image-8259\" alt=\"\" \/>\t\t\t\t\t\t\t\t\t\t\t\t\t\t\t<\/div>\n\t\t\t\t<\/div>\n\t\t\t\t<\/div>\n\t\t\t\t\t<\/div>\n\t\t\t\t<\/div>\n\t\t<div class=\"elementor-element elementor-element-6cc1290 manufacturing-facility e-flex e-con-boxed e-con e-parent\" data-id=\"6cc1290\" data-element_type=\"container\" data-e-type=\"container\">\n\t\t\t\t\t<div class=\"e-con-inner\">\n\t\t<div class=\"elementor-element elementor-element-3df45cf e-con-full e-flex e-con e-child\" data-id=\"3df45cf\" data-element_type=\"container\" data-e-type=\"container\" data-settings=\"{&quot;background_background&quot;:&quot;classic&quot;}\">\n\t\t\t\t<div class=\"elementor-element elementor-element-391f858 elementor-widget elementor-widget-image\" data-id=\"391f858\" data-element_type=\"widget\" data-e-type=\"widget\" data-widget_type=\"image.default\">\n\t\t\t\t<div class=\"elementor-widget-container\">\n\t\t\t\t\t\t\t\t\t\t\t\t\t\t\t<img decoding=\"async\" width=\"800\" height=\"596\" src=\"https:\/\/www.alyors.com\/wp-content\/uploads\/2024\/03\/IYON-LOGO-4-3-1024x763.png\" class=\"attachment-large size-large wp-image-7453\" alt=\"\" srcset=\"https:\/\/www.alyors.com\/wp-content\/uploads\/2024\/03\/IYON-LOGO-4-3-1024x763.png 1024w, https:\/\/www.alyors.com\/wp-content\/uploads\/2024\/03\/IYON-LOGO-4-3-300x224.png 300w, https:\/\/www.alyors.com\/wp-content\/uploads\/2024\/03\/IYON-LOGO-4-3-768x573.png 768w, https:\/\/www.alyors.com\/wp-content\/uploads\/2024\/03\/IYON-LOGO-4-3-1536x1145.png 1536w, https:\/\/www.alyors.com\/wp-content\/uploads\/2024\/03\/IYON-LOGO-4-3.png 1729w\" sizes=\"(max-width: 800px) 100vw, 800px\" \/>\t\t\t\t\t\t\t\t\t\t\t\t\t\t\t<\/div>\n\t\t\t\t<\/div>\n\t\t\t\t<\/div>\n\t\t<a class=\"elementor-element elementor-element-420ee24 e-con-full image e-flex e-con e-child\" data-id=\"420ee24\" data-element_type=\"container\" data-e-type=\"container\" data-settings=\"{&quot;background_background&quot;:&quot;classic&quot;}\" href=\"https:\/\/www.alyors.com\/fr\/nos-marques\/iyon\/\">\n\t\t\t\t<div class=\"elementor-element elementor-element-2e6e800 section-title section-title--alt elementor-widget elementor-widget-heading\" data-id=\"2e6e800\" data-element_type=\"widget\" data-e-type=\"widget\" data-widget_type=\"heading.default\">\n\t\t\t\t<div class=\"elementor-widget-container\">\n\t\t\t\t\t<h2 class=\"elementor-heading-title elementor-size-default\">\u0130yon<\/h2>\t\t\t\t<\/div>\n\t\t\t\t<\/div>\n\t\t\t\t<div class=\"elementor-element elementor-element-848467d elementor-widget elementor-widget-text-editor\" data-id=\"848467d\" data-element_type=\"widget\" data-e-type=\"widget\" data-widget_type=\"text-editor.default\">\n\t\t\t\t<div class=\"elementor-widget-container\">\n\t\t\t\t\t\t\t\t\t<p>D\u00e9couvrez l&rsquo;exp\u00e9rience et les solutions innovantes du partenariat entre IYON\u00a0 dans le domaine de la fabrication de dispositifs m\u00e9dicaux et de consommables<\/p>\t\t\t\t\t\t\t\t<\/div>\n\t\t\t\t<\/div>\n\t\t\t\t<div class=\"elementor-element elementor-element-c61c30d elementor-absolute elementor-widget elementor-widget-html\" data-id=\"c61c30d\" data-element_type=\"widget\" data-e-type=\"widget\" data-settings=\"{&quot;_position&quot;:&quot;absolute&quot;}\" data-widget_type=\"html.default\">\n\t\t\t\t<div class=\"elementor-widget-container\">\n\t\t\t\t\t<span class=\"btn btn-default\">MORE INFO<\/span>\t\t\t\t<\/div>\n\t\t\t\t<\/div>\n\t\t\t\t<\/a>\n\t\t\t\t\t<\/div>\n\t\t\t\t<\/div>\n\t\t<div class=\"elementor-element elementor-element-6facd4e manufacturing-facility e-flex e-con-boxed e-con e-parent\" data-id=\"6facd4e\" data-element_type=\"container\" data-e-type=\"container\">\n\t\t\t\t\t<div class=\"e-con-inner\">\n\t\t<a class=\"elementor-element elementor-element-87da25a e-con-full image e-flex e-con e-child\" data-id=\"87da25a\" data-element_type=\"container\" data-e-type=\"container\" data-settings=\"{&quot;background_background&quot;:&quot;classic&quot;}\" href=\"https:\/\/www.alyors.com\/fr\/corporatif\/filiales\/gummy-worlds\/\">\n\t\t\t\t<div class=\"elementor-element elementor-element-22a83f9 section-title section-title--alt elementor-widget elementor-widget-heading\" data-id=\"22a83f9\" data-element_type=\"widget\" data-e-type=\"widget\" data-widget_type=\"heading.default\">\n\t\t\t\t<div class=\"elementor-widget-container\">\n\t\t\t\t\t<h2 class=\"elementor-heading-title elementor-size-default\">Gummy Worlds<\/h2>\t\t\t\t<\/div>\n\t\t\t\t<\/div>\n\t\t\t\t<div class=\"elementor-element elementor-element-a14c800 elementor-widget elementor-widget-text-editor\" data-id=\"a14c800\" data-element_type=\"widget\" data-e-type=\"widget\" data-widget_type=\"text-editor.default\">\n\t\t\t\t<div class=\"elementor-widget-container\">\n\t\t\t\t\t\t\t\t\t<p>Nous nous engageons \u00e0 \u00e9largir votre \u00ab\u00a0MONDE DE GOMMES\u00a0\u00bb avec des choix de gommes nutritionnelles, innovantes et agr\u00e9ables.<\/p>\t\t\t\t\t\t\t\t<\/div>\n\t\t\t\t<\/div>\n\t\t\t\t<div class=\"elementor-element elementor-element-7c670df elementor-absolute elementor-widget elementor-widget-html\" data-id=\"7c670df\" data-element_type=\"widget\" data-e-type=\"widget\" data-settings=\"{&quot;_position&quot;:&quot;absolute&quot;}\" data-widget_type=\"html.default\">\n\t\t\t\t<div class=\"elementor-widget-container\">\n\t\t\t\t\t<span class=\"btn btn-default\">MORE INFO<\/span>\t\t\t\t<\/div>\n\t\t\t\t<\/div>\n\t\t\t\t<\/a>\n\t\t<div class=\"elementor-element elementor-element-930a669 e-con-full e-flex e-con e-child\" data-id=\"930a669\" data-element_type=\"container\" data-e-type=\"container\" data-settings=\"{&quot;background_background&quot;:&quot;classic&quot;}\">\n\t\t\t\t<div class=\"elementor-element elementor-element-f3b19a3 elementor-widget elementor-widget-image\" data-id=\"f3b19a3\" data-element_type=\"widget\" data-e-type=\"widget\" data-widget_type=\"image.default\">\n\t\t\t\t<div class=\"elementor-widget-container\">\n\t\t\t\t\t\t\t\t\t\t\t\t\t\t\t<img decoding=\"async\" width=\"800\" height=\"800\" src=\"https:\/\/www.alyors.com\/wp-content\/uploads\/2024\/02\/your-gummie-logo.svg\" class=\"attachment-large size-large wp-image-8389\" alt=\"\" \/>\t\t\t\t\t\t\t\t\t\t\t\t\t\t\t<\/div>\n\t\t\t\t<\/div>\n\t\t\t\t<\/div>\n\t\t\t\t\t<\/div>\n\t\t\t\t<\/div>\n\t\t<div class=\"elementor-element elementor-element-8556632 manufacturing-facility e-flex e-con-boxed e-con e-parent\" data-id=\"8556632\" data-element_type=\"container\" data-e-type=\"container\">\n\t\t\t\t\t<div class=\"e-con-inner\">\n\t\t<div class=\"elementor-element elementor-element-c3c66ba e-con-full e-flex e-con e-child\" data-id=\"c3c66ba\" data-element_type=\"container\" data-e-type=\"container\" data-settings=\"{&quot;background_background&quot;:&quot;classic&quot;}\">\n\t\t\t\t<div class=\"elementor-element elementor-element-4b4c1d0 elementor-widget elementor-widget-image\" data-id=\"4b4c1d0\" data-element_type=\"widget\" data-e-type=\"widget\" data-widget_type=\"image.default\">\n\t\t\t\t<div class=\"elementor-widget-container\">\n\t\t\t\t\t\t\t\t\t\t\t\t\t\t\t<img loading=\"lazy\" decoding=\"async\" width=\"800\" height=\"800\" src=\"https:\/\/www.alyors.com\/wp-content\/uploads\/2024\/06\/Mossi_Black-1024x1024.png\" class=\"attachment-large size-large wp-image-8287\" alt=\"\" srcset=\"https:\/\/www.alyors.com\/wp-content\/uploads\/2024\/06\/Mossi_Black-1024x1024.png 1024w, https:\/\/www.alyors.com\/wp-content\/uploads\/2024\/06\/Mossi_Black-300x300.png 300w, https:\/\/www.alyors.com\/wp-content\/uploads\/2024\/06\/Mossi_Black-150x150.png 150w, https:\/\/www.alyors.com\/wp-content\/uploads\/2024\/06\/Mossi_Black-768x768.png 768w, https:\/\/www.alyors.com\/wp-content\/uploads\/2024\/06\/Mossi_Black.png 1205w\" sizes=\"(max-width: 800px) 100vw, 800px\" \/>\t\t\t\t\t\t\t\t\t\t\t\t\t\t\t<\/div>\n\t\t\t\t<\/div>\n\t\t\t\t<\/div>\n\t\t<a class=\"elementor-element elementor-element-547ee4e e-con-full image e-flex e-con e-child\" data-id=\"547ee4e\" data-element_type=\"container\" data-e-type=\"container\" data-settings=\"{&quot;background_background&quot;:&quot;classic&quot;}\" href=\"https:\/\/www.alyors.com\/fr\/corporatif\/filiales\/the-mossi\/\">\n\t\t\t\t<div class=\"elementor-element elementor-element-c23f0c2 section-title section-title--alt elementor-widget elementor-widget-heading\" data-id=\"c23f0c2\" data-element_type=\"widget\" data-e-type=\"widget\" data-widget_type=\"heading.default\">\n\t\t\t\t<div class=\"elementor-widget-container\">\n\t\t\t\t\t<h2 class=\"elementor-heading-title elementor-size-default\">The Mossi<\/h2>\t\t\t\t<\/div>\n\t\t\t\t<\/div>\n\t\t\t\t<div class=\"elementor-element elementor-element-1880371 elementor-widget elementor-widget-text-editor\" data-id=\"1880371\" data-element_type=\"widget\" data-e-type=\"widget\" data-widget_type=\"text-editor.default\">\n\t\t\t\t<div class=\"elementor-widget-container\">\n\t\t\t\t\t\t\t\t\t<p>Bienvenue \u00e0 The Mossi, o\u00f9 la beaut\u00e9 rencontre l&rsquo;innovation.<\/p>\t\t\t\t\t\t\t\t<\/div>\n\t\t\t\t<\/div>\n\t\t\t\t<div class=\"elementor-element elementor-element-0ab9ffa elementor-absolute elementor-widget elementor-widget-html\" data-id=\"0ab9ffa\" data-element_type=\"widget\" data-e-type=\"widget\" data-settings=\"{&quot;_position&quot;:&quot;absolute&quot;}\" data-widget_type=\"html.default\">\n\t\t\t\t<div class=\"elementor-widget-container\">\n\t\t\t\t\t<span class=\"btn btn-default\">MORE INFO<\/span>\t\t\t\t<\/div>\n\t\t\t\t<\/div>\n\t\t\t\t<\/a>\n\t\t\t\t\t<\/div>\n\t\t\t\t<\/div>\n\t\t<div class=\"elementor-element elementor-element-3a0979e manufacturing-facility e-flex e-con-boxed e-con e-parent\" data-id=\"3a0979e\" data-element_type=\"container\" data-e-type=\"container\">\n\t\t\t\t\t<div class=\"e-con-inner\">\n\t\t<a class=\"elementor-element elementor-element-d1d9b6c e-con-full image e-flex e-con e-child\" data-id=\"d1d9b6c\" data-element_type=\"container\" data-e-type=\"container\" data-settings=\"{&quot;background_background&quot;:&quot;classic&quot;}\" href=\"https:\/\/www.alyors.com\/fr\/corporatif\/filiales\/biocell\/\">\n\t\t\t\t<div class=\"elementor-element elementor-element-f28c463 section-title section-title--alt elementor-widget elementor-widget-heading\" data-id=\"f28c463\" data-element_type=\"widget\" data-e-type=\"widget\" data-widget_type=\"heading.default\">\n\t\t\t\t<div class=\"elementor-widget-container\">\n\t\t\t\t\t<h2 class=\"elementor-heading-title elementor-size-default\">Biocell<\/h2>\t\t\t\t<\/div>\n\t\t\t\t<\/div>\n\t\t\t\t<div class=\"elementor-element elementor-element-8eef915 elementor-widget elementor-widget-text-editor\" data-id=\"8eef915\" data-element_type=\"widget\" data-e-type=\"widget\" data-widget_type=\"text-editor.default\">\n\t\t\t\t<div class=\"elementor-widget-container\">\n\t\t\t\t\t\t\t\t\t<p>Votre premi\u00e8re source de mati\u00e8res premi\u00e8res v\u00e9g\u00e9tales de haute qualit\u00e9, r\u00e9pondant aux divers besoins du march\u00e9.<\/p>\t\t\t\t\t\t\t\t<\/div>\n\t\t\t\t<\/div>\n\t\t\t\t<div class=\"elementor-element elementor-element-de3b894 elementor-absolute elementor-widget elementor-widget-html\" data-id=\"de3b894\" data-element_type=\"widget\" data-e-type=\"widget\" data-settings=\"{&quot;_position&quot;:&quot;absolute&quot;}\" data-widget_type=\"html.default\">\n\t\t\t\t<div class=\"elementor-widget-container\">\n\t\t\t\t\t<span class=\"btn btn-default\">MORE INFO<\/span>\t\t\t\t<\/div>\n\t\t\t\t<\/div>\n\t\t\t\t<\/a>\n\t\t<div class=\"elementor-element elementor-element-ab21c1f e-con-full e-flex e-con e-child\" data-id=\"ab21c1f\" data-element_type=\"container\" data-e-type=\"container\" data-settings=\"{&quot;background_background&quot;:&quot;classic&quot;}\">\n\t\t\t\t<div class=\"elementor-element elementor-element-303f1e8 elementor-widget elementor-widget-image\" data-id=\"303f1e8\" data-element_type=\"widget\" data-e-type=\"widget\" data-widget_type=\"image.default\">\n\t\t\t\t<div class=\"elementor-widget-container\">\n\t\t\t\t\t\t\t\t\t\t\t\t\t\t\t<img loading=\"lazy\" decoding=\"async\" width=\"800\" height=\"142\" src=\"https:\/\/www.alyors.com\/wp-content\/uploads\/2024\/03\/biocell-logo.svg\" class=\"attachment-large size-large wp-image-8074\" alt=\"\" \/>\t\t\t\t\t\t\t\t\t\t\t\t\t\t\t<\/div>\n\t\t\t\t<\/div>\n\t\t\t\t<\/div>\n\t\t\t\t\t<\/div>\n\t\t\t\t<\/div>\n\t\t\t\t<\/div>\n\t\t","protected":false},"excerpt":{"rendered":"<p>Nuvita Pharmaceuticals D\u00e9couvrez Nuvita Pharmaceuticals, l&rsquo;un des principaux fabricants de compl\u00e9ments alimentaires en Turquie. MORE INFO \u0130yon D\u00e9couvrez l&rsquo;exp\u00e9rience et les solutions innovantes du partenariat entre IYON\u00a0 dans le domaine de la fabrication de dispositifs m\u00e9dicaux et de consommables MORE INFO Gummy Worlds Nous nous engageons \u00e0 \u00e9largir votre \u00ab\u00a0MONDE DE GOMMES\u00a0\u00bb avec des choix [&hellip;]<\/p>\n","protected":false},"author":1,"featured_media":8068,"parent":8017,"menu_order":0,"comment_status":"closed","ping_status":"closed","template":"","meta":{"_acf_changed":false,"inline_featured_image":false,"footnotes":""},"class_list":["post-8067","page","type-page","status-publish","has-post-thumbnail","hentry"],"acf":[],"_links":{"self":[{"href":"https:\/\/www.alyors.com\/fr\/wp-json\/wp\/v2\/pages\/8067","targetHints":{"allow":["GET"]}}],"collection":[{"href":"https:\/\/www.alyors.com\/fr\/wp-json\/wp\/v2\/pages"}],"about":[{"href":"https:\/\/www.alyors.com\/fr\/wp-json\/wp\/v2\/types\/page"}],"author":[{"embeddable":true,"href":"https:\/\/www.alyors.com\/fr\/wp-json\/wp\/v2\/users\/1"}],"replies":[{"embeddable":true,"href":"https:\/\/www.alyors.com\/fr\/wp-json\/wp\/v2\/comments?post=8067"}],"version-history":[{"count":35,"href":"https:\/\/www.alyors.com\/fr\/wp-json\/wp\/v2\/pages\/8067\/revisions"}],"predecessor-version":[{"id":12729,"href":"https:\/\/www.alyors.com\/fr\/wp-json\/wp\/v2\/pages\/8067\/revisions\/12729"}],"up":[{"embeddable":true,"href":"https:\/\/www.alyors.com\/fr\/wp-json\/wp\/v2\/pages\/8017"}],"wp:featuredmedia":[{"embeddable":true,"href":"https:\/\/www.alyors.com\/fr\/wp-json\/wp\/v2\/media\/8068"}],"wp:attachment":[{"href":"https:\/\/www.alyors.com\/fr\/wp-json\/wp\/v2\/media?parent=8067"}],"curies":[{"name":"wp","href":"https:\/\/api.w.org\/{rel}","templated":true}]}}