{"id":8082,"date":"2024-03-12T12:56:15","date_gmt":"2024-03-12T12:56:15","guid":{"rendered":"https:\/\/www.alyors.com\/?page_id=8082"},"modified":"2024-10-13T16:23:12","modified_gmt":"2024-10-13T16:23:12","slug":"biocell","status":"publish","type":"page","link":"https:\/\/www.alyors.com\/fr\/corporatif\/sites-de-production\/biocell\/","title":{"rendered":"Biocell"},"content":{"rendered":"\t\t<div data-elementor-type=\"wp-page\" data-elementor-id=\"8082\" class=\"elementor elementor-8082 elementor-3591\" data-elementor-post-type=\"page\">\n\t\t\t\t<div class=\"elementor-element elementor-element-42b1462c e-flex e-con-boxed e-con e-parent\" data-id=\"42b1462c\" data-element_type=\"container\" data-e-type=\"container\">\n\t\t\t\t\t<div class=\"e-con-inner\">\n\t\t\t\t<div class=\"elementor-element elementor-element-3c37ebe2 section-title section-title--centered elementor-widget elementor-widget-heading\" data-id=\"3c37ebe2\" data-element_type=\"widget\" data-e-type=\"widget\" data-widget_type=\"heading.default\">\n\t\t\t\t<div class=\"elementor-widget-container\">\n\t\t\t\t\t<h2 class=\"elementor-heading-title elementor-size-default\">Biocell<\/h2>\t\t\t\t<\/div>\n\t\t\t\t<\/div>\n\t\t\t\t<div class=\"elementor-element elementor-element-34b0dfe9 elementor-widget elementor-widget-heading\" data-id=\"34b0dfe9\" data-element_type=\"widget\" data-e-type=\"widget\" data-widget_type=\"heading.default\">\n\t\t\t\t<div class=\"elementor-widget-container\">\n\t\t\t\t\t<h2 class=\"elementor-heading-title elementor-size-default\">Votre premi\u00e8re source de mati\u00e8res premi\u00e8res v\u00e9g\u00e9tales de haute qualit\u00e9, r\u00e9pondant aux divers besoins du march\u00e9.<\/h2>\t\t\t\t<\/div>\n\t\t\t\t<\/div>\n\t\t\t\t<div class=\"elementor-element elementor-element-247e3f7f elementor-widget elementor-widget-text-editor\" data-id=\"247e3f7f\" data-element_type=\"widget\" data-e-type=\"widget\" data-widget_type=\"text-editor.default\">\n\t\t\t\t<div class=\"elementor-widget-container\">\n\t\t\t\t\t\t\t\t\t<p>Biocell est fi\u00e8re de son usine de fabrication de pointe, un pilier cl\u00e9 soutenant notre engagement \u00e0 l&rsquo;excellence dans la production d&rsquo;extraits de plantes. Situ\u00e9e \u00e0 Istanbul et \u00e9tablie en 2020, notre installation refl\u00e8te l&rsquo;aboutissement d&rsquo;ann\u00e9es d&rsquo;expertise industrielle et un engagement \u00e0 r\u00e9pondre \u00e0 la demande croissante de mati\u00e8res premi\u00e8res de qualit\u00e9.<\/p><p>Notre installation est l&rsquo;\u00e9picentre de nos activit\u00e9s ambitieuses de d\u00e9veloppement et de commercialisation de produits, destin\u00e9s \u00e0 une gamme vari\u00e9e de secteurs, notamment les plantes m\u00e9dicinales, les produits pharmaceutiques, les aliments compl\u00e9mentaires, les aliments et les boissons, les cosm\u00e9tiques et les aliments pour animaux. En mettant l&rsquo;accent sur l&rsquo;utilisation de la riche diversit\u00e9 des plantes end\u00e9miques de notre r\u00e9gion, Biocell fonctionne selon le principe de la production locale pour r\u00e9pondre aux besoins mondiaux.<\/p><p>La cl\u00e9 de notre succ\u00e8s est la mise en place d&rsquo;une cha\u00eene d&rsquo;approvisionnement fiable pour les plantes essentielles, notamment le sureau noir, le romarin, la m\u00e9lisse et la coriandre. Ces plantes ont fait l&rsquo;objet d&rsquo;un d\u00e9veloppement m\u00e9ticuleux, ce qui a permis de cr\u00e9er des extraits de plantes locales de premi\u00e8re qualit\u00e9 qui constituent la base de notre portefeuille de produits.<\/p><p>L&rsquo;engagement de Biocell en faveur de l&rsquo;innovation est \u00e9vident dans nos d\u00e9veloppements en cours, o\u00f9 nous sommes activement engag\u00e9s dans la production d&rsquo;extraits de plantes suppl\u00e9mentaires tels que l&rsquo;extrait de raisin, la couleuvre, le foin, le houblon, le cumin noir, le thym, le millepertuis et la menthe m\u00e9dicinale. Ces initiatives, combin\u00e9es \u00e0 l&rsquo;importance que nous accordons aux \u00e9tudes de recherche et d\u00e9veloppement, aux collaborations universitaires et au respect des principes scientifiques, renforcent notre position de leader dans la fabrication d&rsquo;extraits de plantes.<\/p><p>\u00a0<\/p><p>Alors que nous continuons \u00e0 \u00e9tendre et \u00e0 diversifier nos offres de produits, l&rsquo;usine de fabrication de Biocell reste au premier plan de nos op\u00e9rations, assurant la livraison constante de mati\u00e8res premi\u00e8res de haute qualit\u00e9 pour alimenter la croissance et le succ\u00e8s de notre groupe de holding et de nos soci\u00e9t\u00e9s affili\u00e9es \u00e0 l&rsquo;\u00e9chelle mondiale.<\/p>\t\t\t\t\t\t\t\t<\/div>\n\t\t\t\t<\/div>\n\t\t\t\t\t<\/div>\n\t\t\t\t<\/div>\n\t\t<div class=\"elementor-element elementor-element-2eedfbd8 e-flex e-con-boxed e-con e-parent\" data-id=\"2eedfbd8\" data-element_type=\"container\" data-e-type=\"container\">\n\t\t\t\t\t<div class=\"e-con-inner\">\n\t\t\t\t<div class=\"elementor-element elementor-element-588e2e93 elementor-widget elementor-widget-image\" data-id=\"588e2e93\" data-element_type=\"widget\" data-e-type=\"widget\" data-widget_type=\"image.default\">\n\t\t\t\t<div class=\"elementor-widget-container\">\n\t\t\t\t\t\t\t\t\t\t\t\t\t\t\t<img fetchpriority=\"high\" decoding=\"async\" width=\"800\" height=\"142\" src=\"https:\/\/www.alyors.com\/wp-content\/uploads\/2024\/03\/biocell-logo.svg\" class=\"attachment-large size-large wp-image-8074\" alt=\"\" \/>\t\t\t\t\t\t\t\t\t\t\t\t\t\t\t<\/div>\n\t\t\t\t<\/div>\n\t\t\t\t<div class=\"elementor-element elementor-element-20b99712 elementor-align-center elementor-widget elementor-widget-button\" data-id=\"20b99712\" data-element_type=\"widget\" data-e-type=\"widget\" data-widget_type=\"button.default\">\n\t\t\t\t<div class=\"elementor-widget-container\">\n\t\t\t\t\t\t\t\t\t<div class=\"elementor-button-wrapper\">\n\t\t\t\t\t<a class=\"elementor-button elementor-button-link elementor-size-md\" href=\"https:\/\/biocell.com.tr\/en\/\" target=\"_blank\" rel=\"nofollow noopener\">\n\t\t\t\t\t\t<span class=\"elementor-button-content-wrapper\">\n\t\t\t\t\t\t\t\t\t<span class=\"elementor-button-text\">ALLER SUR LE SITE DE L'ENTREPRISE<\/span>\n\t\t\t\t\t<\/span>\n\t\t\t\t\t<\/a>\n\t\t\t\t<\/div>\n\t\t\t\t\t\t\t\t<\/div>\n\t\t\t\t<\/div>\n\t\t\t\t\t<\/div>\n\t\t\t\t<\/div>\n\t\t\t\t<\/div>\n\t\t","protected":false},"excerpt":{"rendered":"<p>Votre premi\u00e8re source de mati\u00e8res premi\u00e8res v\u00e9g\u00e9tales de haute qualit\u00e9, r\u00e9pondant aux divers besoins du march\u00e9. Biocell est fi\u00e8re de son usine de fabrication de pointe, un pilier cl\u00e9 soutenant notre engagement \u00e0 l&rsquo;excellence dans la production d&rsquo;extraits de plantes. Situ\u00e9e \u00e0 Istanbul et \u00e9tablie en 2020, notre installation refl\u00e8te l&rsquo;aboutissement d&rsquo;ann\u00e9es d&rsquo;expertise industrielle et [&hellip;]<\/p>\n","protected":false},"author":1,"featured_media":8083,"parent":8067,"menu_order":0,"comment_status":"closed","ping_status":"closed","template":"","meta":{"_acf_changed":false,"inline_featured_image":false,"footnotes":""},"class_list":["post-8082","page","type-page","status-publish","has-post-thumbnail","hentry"],"acf":[],"_links":{"self":[{"href":"https:\/\/www.alyors.com\/fr\/wp-json\/wp\/v2\/pages\/8082","targetHints":{"allow":["GET"]}}],"collection":[{"href":"https:\/\/www.alyors.com\/fr\/wp-json\/wp\/v2\/pages"}],"about":[{"href":"https:\/\/www.alyors.com\/fr\/wp-json\/wp\/v2\/types\/page"}],"author":[{"embeddable":true,"href":"https:\/\/www.alyors.com\/fr\/wp-json\/wp\/v2\/users\/1"}],"replies":[{"embeddable":true,"href":"https:\/\/www.alyors.com\/fr\/wp-json\/wp\/v2\/comments?post=8082"}],"version-history":[{"count":7,"href":"https:\/\/www.alyors.com\/fr\/wp-json\/wp\/v2\/pages\/8082\/revisions"}],"predecessor-version":[{"id":8224,"href":"https:\/\/www.alyors.com\/fr\/wp-json\/wp\/v2\/pages\/8082\/revisions\/8224"}],"up":[{"embeddable":true,"href":"https:\/\/www.alyors.com\/fr\/wp-json\/wp\/v2\/pages\/8067"}],"wp:featuredmedia":[{"embeddable":true,"href":"https:\/\/www.alyors.com\/fr\/wp-json\/wp\/v2\/media\/8083"}],"wp:attachment":[{"href":"https:\/\/www.alyors.com\/fr\/wp-json\/wp\/v2\/media?parent=8082"}],"curies":[{"name":"wp","href":"https:\/\/api.w.org\/{rel}","templated":true}]}}