{"id":8088,"date":"2024-03-12T12:16:23","date_gmt":"2024-03-12T12:16:23","guid":{"rendered":"https:\/\/www.alyors.com\/?page_id=8088"},"modified":"2024-10-11T18:26:13","modified_gmt":"2024-10-11T18:26:13","slug":"gummy-worlds","status":"publish","type":"page","link":"https:\/\/www.alyors.com\/fr\/corporatif\/sites-de-production\/gummy-worlds\/","title":{"rendered":"Gummy Worlds"},"content":{"rendered":"\t\t<div data-elementor-type=\"wp-page\" data-elementor-id=\"8088\" class=\"elementor elementor-8088 elementor-3574\" data-elementor-post-type=\"page\">\n\t\t\t\t<div class=\"elementor-element elementor-element-2dca985e e-flex e-con-boxed e-con e-parent\" data-id=\"2dca985e\" data-element_type=\"container\" data-e-type=\"container\">\n\t\t\t\t\t<div class=\"e-con-inner\">\n\t\t\t\t<div class=\"elementor-element elementor-element-451955e1 section-title section-title--centered elementor-widget elementor-widget-heading\" data-id=\"451955e1\" data-element_type=\"widget\" data-e-type=\"widget\" data-widget_type=\"heading.default\">\n\t\t\t\t<div class=\"elementor-widget-container\">\n\t\t\t\t\t<h2 class=\"elementor-heading-title elementor-size-default\">Gummy Worlds<\/h2>\t\t\t\t<\/div>\n\t\t\t\t<\/div>\n\t\t\t\t<div class=\"elementor-element elementor-element-187699f8 elementor-widget elementor-widget-heading\" data-id=\"187699f8\" data-element_type=\"widget\" data-e-type=\"widget\" data-widget_type=\"heading.default\">\n\t\t\t\t<div class=\"elementor-widget-container\">\n\t\t\t\t\t<h2 class=\"elementor-heading-title elementor-size-default\">Des gommes produites selon les derni\u00e8res technologies et les normes de qualit\u00e9 les plus strictes au monde! <\/h2>\t\t\t\t<\/div>\n\t\t\t\t<\/div>\n\t\t\t\t<div class=\"elementor-element elementor-element-358e850f elementor-widget elementor-widget-text-editor\" data-id=\"358e850f\" data-element_type=\"widget\" data-e-type=\"widget\" data-widget_type=\"text-editor.default\">\n\t\t\t\t<div class=\"elementor-widget-container\">\n\t\t\t\t\t\t\t\t\t<p>Gummy Worlds, o\u00f9 la sant\u00e9 et le plaisir se rencontrent dans un monde vibrant de d\u00e9licieux suppl\u00e9ments g\u00e9lifi\u00e9s.<\/p><p>Nous sommes d\u00e9termin\u00e9s \u00e0 transformer la fa\u00e7on dont les gens am\u00e9liorent leur bien-\u00eatre en cr\u00e9ant des formulations de gommes de haute qualit\u00e9 qui font de la prise de suppl\u00e9ments une exp\u00e9rience d\u00e9licieuse.<\/p>\t\t\t\t\t\t\t\t<\/div>\n\t\t\t\t<\/div>\n\t\t\t\t\t<\/div>\n\t\t\t\t<\/div>\n\t\t<div class=\"elementor-element elementor-element-1ca57873 e-flex e-con-boxed e-con e-parent\" data-id=\"1ca57873\" data-element_type=\"container\" data-e-type=\"container\">\n\t\t\t\t\t<div class=\"e-con-inner\">\n\t\t\t\t<div class=\"elementor-element elementor-element-266877a9 elementor-widget elementor-widget-image\" data-id=\"266877a9\" data-element_type=\"widget\" data-e-type=\"widget\" data-widget_type=\"image.default\">\n\t\t\t\t<div class=\"elementor-widget-container\">\n\t\t\t\t\t\t\t\t\t\t\t\t\t\t\t<img fetchpriority=\"high\" decoding=\"async\" width=\"800\" height=\"800\" src=\"https:\/\/www.alyors.com\/wp-content\/uploads\/2024\/03\/gummy-worlds-logo.svg\" class=\"attachment-large size-large wp-image-8205\" alt=\"\" \/>\t\t\t\t\t\t\t\t\t\t\t\t\t\t\t<\/div>\n\t\t\t\t<\/div>\n\t\t\t\t\t<\/div>\n\t\t\t\t<\/div>\n\t\t\t\t<\/div>\n\t\t","protected":false},"excerpt":{"rendered":"<p>Des gommes produites selon les derni\u00e8res technologies et les normes de qualit\u00e9 les plus strictes au monde! Gummy Worlds, o\u00f9 la sant\u00e9 et le plaisir se rencontrent dans un monde vibrant de d\u00e9licieux suppl\u00e9ments g\u00e9lifi\u00e9s. Nous sommes d\u00e9termin\u00e9s \u00e0 transformer la fa\u00e7on dont les gens am\u00e9liorent leur bien-\u00eatre en cr\u00e9ant des formulations de gommes de [&hellip;]<\/p>\n","protected":false},"author":1,"featured_media":8089,"parent":8067,"menu_order":0,"comment_status":"closed","ping_status":"closed","template":"","meta":{"_acf_changed":false,"inline_featured_image":false,"footnotes":""},"class_list":["post-8088","page","type-page","status-publish","has-post-thumbnail","hentry"],"acf":[],"_links":{"self":[{"href":"https:\/\/www.alyors.com\/fr\/wp-json\/wp\/v2\/pages\/8088","targetHints":{"allow":["GET"]}}],"collection":[{"href":"https:\/\/www.alyors.com\/fr\/wp-json\/wp\/v2\/pages"}],"about":[{"href":"https:\/\/www.alyors.com\/fr\/wp-json\/wp\/v2\/types\/page"}],"author":[{"embeddable":true,"href":"https:\/\/www.alyors.com\/fr\/wp-json\/wp\/v2\/users\/1"}],"replies":[{"embeddable":true,"href":"https:\/\/www.alyors.com\/fr\/wp-json\/wp\/v2\/comments?post=8088"}],"version-history":[{"count":4,"href":"https:\/\/www.alyors.com\/fr\/wp-json\/wp\/v2\/pages\/8088\/revisions"}],"predecessor-version":[{"id":8093,"href":"https:\/\/www.alyors.com\/fr\/wp-json\/wp\/v2\/pages\/8088\/revisions\/8093"}],"up":[{"embeddable":true,"href":"https:\/\/www.alyors.com\/fr\/wp-json\/wp\/v2\/pages\/8067"}],"wp:featuredmedia":[{"embeddable":true,"href":"https:\/\/www.alyors.com\/fr\/wp-json\/wp\/v2\/media\/8089"}],"wp:attachment":[{"href":"https:\/\/www.alyors.com\/fr\/wp-json\/wp\/v2\/media?parent=8088"}],"curies":[{"name":"wp","href":"https:\/\/api.w.org\/{rel}","templated":true}]}}