{"id":8094,"date":"2024-03-12T12:08:46","date_gmt":"2024-03-12T12:08:46","guid":{"rendered":"https:\/\/www.alyors.com\/?page_id=8094"},"modified":"2024-10-11T18:27:15","modified_gmt":"2024-10-11T18:27:15","slug":"iyon","status":"publish","type":"page","link":"https:\/\/www.alyors.com\/fr\/corporatif\/sites-de-production\/iyon\/","title":{"rendered":"\u0130yon"},"content":{"rendered":"\t\t<div data-elementor-type=\"wp-page\" data-elementor-id=\"8094\" class=\"elementor elementor-8094 elementor-3551\" data-elementor-post-type=\"page\">\n\t\t\t\t<div class=\"elementor-element elementor-element-11739fde e-flex e-con-boxed e-con e-parent\" data-id=\"11739fde\" data-element_type=\"container\" data-e-type=\"container\">\n\t\t\t\t\t<div class=\"e-con-inner\">\n\t\t\t\t<div class=\"elementor-element elementor-element-1ccc0d2e section-title section-title--centered elementor-widget elementor-widget-heading\" data-id=\"1ccc0d2e\" data-element_type=\"widget\" data-e-type=\"widget\" data-widget_type=\"heading.default\">\n\t\t\t\t<div class=\"elementor-widget-container\">\n\t\t\t\t\t<h2 class=\"elementor-heading-title elementor-size-default\">\u0130yon<\/h2>\t\t\t\t<\/div>\n\t\t\t\t<\/div>\n\t\t\t\t<div class=\"elementor-element elementor-element-40555dc8 elementor-widget elementor-widget-text-editor\" data-id=\"40555dc8\" data-element_type=\"widget\" data-e-type=\"widget\" data-widget_type=\"text-editor.default\">\n\t\t\t\t<div class=\"elementor-widget-container\">\n\t\t\t\t\t\t\t\t\t<p>Notre usine d&rsquo;Istanbul fabrique une gamme vari\u00e9e de produits qui respectent et d\u00e9passent les normes internationales les plus strictes, y compris les certifications CE et ISO. Notre gamme de produits comprend des embouts \u00e0 insuline, des trousses de premiers secours, des patchs, des coussinets et des bandages pour les yeux, de la gaze et des bandages, des bandages et des compresses de gel, des compresses de gaz et des tampons de coton, des corsets et des genouill\u00e8res, des n\u00e9buliseurs, du Bittox, des injections intra-genou (Genum), des aiguilles pour stylos \u00e0 insuline, de l&rsquo;eau de mer, des sprays anti-poux, des sprays\/gouttes de s\u00e9rum physiologique, des flacons de s\u00e9rum physiologique, des aspirateurs nasaux et des embouts, et des rin\u00e7ages de sinus.<\/p><p>\u00a0<\/p><p>Chez IYON, nous sommes fiers de notre engagement en faveur d&rsquo;une fabrication de haute qualit\u00e9 et de la recherche et du d\u00e9veloppement. Notre technologie et notre \u00e9quipement de pointe garantissent que chaque produit est fabriqu\u00e9 avec pr\u00e9cision et excellence. Notre \u00e9quipe de professionnels qualifi\u00e9s travaille sans rel\u00e2che pour cr\u00e9er des produits efficaces et abordables qui r\u00e9pondent aux besoins en constante \u00e9volution de l&rsquo;industrie m\u00e9dicale. Nous nous consacrons \u00e0 la recherche et au d\u00e9veloppement, explorant constamment de nouvelles id\u00e9es et de nouveaux concepts pour cr\u00e9er des produits qui non seulement r\u00e9pondent aux attentes, mais les d\u00e9passent.<\/p><p>Nous comprenons que chaque client a des besoins uniques, c&rsquo;est pourquoi nous proposons des services de fabrication sous marque de distributeur. Nous travaillons en \u00e9troite collaboration avec nos clients pour cr\u00e9er des produits personnalis\u00e9s qui r\u00e9pondent \u00e0 leurs besoins sp\u00e9cifiques. Nous nous occupons de tout, du d\u00e9veloppement du produit \u00e0 la fabrication et \u00e0 l&#8217;emballage, en veillant \u00e0 ce que nos clients re\u00e7oivent un produit personnalis\u00e9 de haute qualit\u00e9 qui refl\u00e8te leur marque.<\/p><p>Chez IYON, nous nous engageons en faveur de la durabilit\u00e9 et de la responsabilit\u00e9 environnementale. Nos produits sont con\u00e7us dans le respect de l&rsquo;environnement et nous veillons \u00e0 minimiser notre impact sur la plan\u00e8te. Nous sommes fiers de proposer des produits respectueux de l&rsquo;environnement, efficaces et abordables.<\/p><p>En conclusion, IYON Manufacturing est le partenaire id\u00e9al pour tous ceux qui recherchent des fournitures et des dispositifs m\u00e9dicaux de haute qualit\u00e9. Notre engagement en faveur de la qualit\u00e9, de l&rsquo;innovation et de la personnalisation se refl\u00e8te dans tout ce que nous faisons&#8230;<\/p>\t\t\t\t\t\t\t\t<\/div>\n\t\t\t\t<\/div>\n\t\t\t\t<div class=\"elementor-element elementor-element-a6d02de elementor-widget elementor-widget-heading\" data-id=\"a6d02de\" data-element_type=\"widget\" data-e-type=\"widget\" data-widget_type=\"heading.default\">\n\t\t\t\t<div class=\"elementor-widget-container\">\n\t\t\t\t\t<h2 class=\"elementor-heading-title elementor-size-default\">Gallery<\/h2>\t\t\t\t<\/div>\n\t\t\t\t<\/div>\n\t\t\t\t<div class=\"elementor-element elementor-element-a0b3c24 elementor-widget elementor-widget-gallery\" data-id=\"a0b3c24\" data-element_type=\"widget\" data-e-type=\"widget\" data-settings=\"{&quot;gap&quot;:{&quot;unit&quot;:&quot;px&quot;,&quot;size&quot;:30,&quot;sizes&quot;:[]},&quot;aspect_ratio&quot;:&quot;1:1&quot;,&quot;lazyload&quot;:&quot;yes&quot;,&quot;gallery_layout&quot;:&quot;grid&quot;,&quot;columns&quot;:4,&quot;columns_tablet&quot;:2,&quot;columns_mobile&quot;:1,&quot;gap_widescreen&quot;:{&quot;unit&quot;:&quot;px&quot;,&quot;size&quot;:&quot;&quot;,&quot;sizes&quot;:[]},&quot;gap_laptop&quot;:{&quot;unit&quot;:&quot;px&quot;,&quot;size&quot;:10,&quot;sizes&quot;:[]},&quot;gap_tablet_extra&quot;:{&quot;unit&quot;:&quot;px&quot;,&quot;size&quot;:10,&quot;sizes&quot;:[]},&quot;gap_tablet&quot;:{&quot;unit&quot;:&quot;px&quot;,&quot;size&quot;:10,&quot;sizes&quot;:[]},&quot;gap_mobile&quot;:{&quot;unit&quot;:&quot;px&quot;,&quot;size&quot;:10,&quot;sizes&quot;:[]},&quot;link_to&quot;:&quot;file&quot;,&quot;overlay_background&quot;:&quot;yes&quot;,&quot;content_hover_animation&quot;:&quot;fade-in&quot;}\" data-widget_type=\"gallery.default\">\n\t\t\t\t<div class=\"elementor-widget-container\">\n\t\t\t\t\t\t\t<div class=\"elementor-gallery__container\">\n\t\t\t\t\t\t\t<a class=\"e-gallery-item elementor-gallery-item elementor-animated-content\" href=\"https:\/\/www.alyors.com\/wp-content\/uploads\/2024\/03\/gallery-img-1115.webp\" data-elementor-open-lightbox=\"yes\" data-elementor-lightbox-slideshow=\"a0b3c24\" data-elementor-lightbox-title=\"Alyors | Private Label &amp; Contract Manufacturing of Health &amp; Wellness Products\" data-e-action-hash=\"#elementor-action%3Aaction%3Dlightbox%26settings%3DeyJpZCI6MzU2MSwidXJsIjoiaHR0cHM6XC9cL3d3dy5hbHlvcnMuY29tXC93cC1jb250ZW50XC91cGxvYWRzXC8yMDI0XC8wM1wvZ2FsbGVyeS1pbWctMTExNS53ZWJwIiwic2xpZGVzaG93IjoiYTBiM2MyNCJ9\">\n\t\t\t\t\t<div class=\"e-gallery-image elementor-gallery-item__image\" data-thumbnail=\"https:\/\/www.alyors.com\/wp-content\/uploads\/2024\/03\/gallery-img-1115-300x225.webp\" data-width=\"300\" data-height=\"225\" aria-label=\"Alyors | Private Label &amp; Contract Manufacturing of Health &amp; Wellness Products\" role=\"img\" ><\/div>\n\t\t\t\t\t\t\t\t\t\t\t<div class=\"elementor-gallery-item__overlay\"><\/div>\n\t\t\t\t\t\t\t\t\t\t\t\t\t\t<\/a>\n\t\t\t\t\t\t\t<a class=\"e-gallery-item elementor-gallery-item elementor-animated-content\" href=\"https:\/\/www.alyors.com\/wp-content\/uploads\/2024\/03\/gallery-img-2116.webp\" data-elementor-open-lightbox=\"yes\" data-elementor-lightbox-slideshow=\"a0b3c24\" data-elementor-lightbox-title=\"Alyors | Private Label &amp; Contract Manufacturing of Health &amp; Wellness Products\" data-e-action-hash=\"#elementor-action%3Aaction%3Dlightbox%26settings%3DeyJpZCI6MzU2MywidXJsIjoiaHR0cHM6XC9cL3d3dy5hbHlvcnMuY29tXC93cC1jb250ZW50XC91cGxvYWRzXC8yMDI0XC8wM1wvZ2FsbGVyeS1pbWctMjExNi53ZWJwIiwic2xpZGVzaG93IjoiYTBiM2MyNCJ9\">\n\t\t\t\t\t<div class=\"e-gallery-image elementor-gallery-item__image\" data-thumbnail=\"https:\/\/www.alyors.com\/wp-content\/uploads\/2024\/03\/gallery-img-2116-300x225.webp\" data-width=\"300\" data-height=\"225\" aria-label=\"Alyors | Private Label &amp; Contract Manufacturing of Health &amp; Wellness Products\" role=\"img\" ><\/div>\n\t\t\t\t\t\t\t\t\t\t\t<div class=\"elementor-gallery-item__overlay\"><\/div>\n\t\t\t\t\t\t\t\t\t\t\t\t\t\t<\/a>\n\t\t\t\t\t\t\t<a class=\"e-gallery-item elementor-gallery-item elementor-animated-content\" href=\"https:\/\/www.alyors.com\/wp-content\/uploads\/2024\/03\/gallery-img-3117.webp\" data-elementor-open-lightbox=\"yes\" data-elementor-lightbox-slideshow=\"a0b3c24\" data-elementor-lightbox-title=\"Alyors | Private Label &amp; Contract Manufacturing of Health &amp; Wellness Products\" data-e-action-hash=\"#elementor-action%3Aaction%3Dlightbox%26settings%3DeyJpZCI6MzU2NSwidXJsIjoiaHR0cHM6XC9cL3d3dy5hbHlvcnMuY29tXC93cC1jb250ZW50XC91cGxvYWRzXC8yMDI0XC8wM1wvZ2FsbGVyeS1pbWctMzExNy53ZWJwIiwic2xpZGVzaG93IjoiYTBiM2MyNCJ9\">\n\t\t\t\t\t<div class=\"e-gallery-image elementor-gallery-item__image\" data-thumbnail=\"https:\/\/www.alyors.com\/wp-content\/uploads\/2024\/03\/gallery-img-3117-225x300.webp\" data-width=\"225\" data-height=\"300\" aria-label=\"Alyors | Private Label &amp; Contract Manufacturing of Health &amp; Wellness Products\" role=\"img\" ><\/div>\n\t\t\t\t\t\t\t\t\t\t\t<div class=\"elementor-gallery-item__overlay\"><\/div>\n\t\t\t\t\t\t\t\t\t\t\t\t\t\t<\/a>\n\t\t\t\t\t\t\t<a class=\"e-gallery-item elementor-gallery-item elementor-animated-content\" href=\"https:\/\/www.alyors.com\/wp-content\/uploads\/2024\/03\/gallery-img-4118.webp\" data-elementor-open-lightbox=\"yes\" data-elementor-lightbox-slideshow=\"a0b3c24\" data-elementor-lightbox-title=\"Alyors | Private Label &amp; Contract Manufacturing of Health &amp; Wellness Products\" data-e-action-hash=\"#elementor-action%3Aaction%3Dlightbox%26settings%3DeyJpZCI6MzU1OSwidXJsIjoiaHR0cHM6XC9cL3d3dy5hbHlvcnMuY29tXC93cC1jb250ZW50XC91cGxvYWRzXC8yMDI0XC8wM1wvZ2FsbGVyeS1pbWctNDExOC53ZWJwIiwic2xpZGVzaG93IjoiYTBiM2MyNCJ9\">\n\t\t\t\t\t<div class=\"e-gallery-image elementor-gallery-item__image\" data-thumbnail=\"https:\/\/www.alyors.com\/wp-content\/uploads\/2024\/03\/gallery-img-4118-225x300.webp\" data-width=\"225\" data-height=\"300\" aria-label=\"Alyors | Private Label &amp; Contract Manufacturing of Health &amp; Wellness Products\" role=\"img\" ><\/div>\n\t\t\t\t\t\t\t\t\t\t\t<div class=\"elementor-gallery-item__overlay\"><\/div>\n\t\t\t\t\t\t\t\t\t\t\t\t\t\t<\/a>\n\t\t\t\t\t<\/div>\n\t\t\t\t\t<\/div>\n\t\t\t\t<\/div>\n\t\t\t\t\t<\/div>\n\t\t\t\t<\/div>\n\t\t<div class=\"elementor-element elementor-element-1b635103 e-flex e-con-boxed e-con e-parent\" data-id=\"1b635103\" data-element_type=\"container\" data-e-type=\"container\">\n\t\t\t\t\t<div class=\"e-con-inner\">\n\t\t\t\t<div class=\"elementor-element elementor-element-5135cad3 elementor-widget elementor-widget-image\" data-id=\"5135cad3\" data-element_type=\"widget\" data-e-type=\"widget\" data-widget_type=\"image.default\">\n\t\t\t\t<div class=\"elementor-widget-container\">\n\t\t\t\t\t\t\t\t\t\t\t\t\t\t\t<img fetchpriority=\"high\" decoding=\"async\" width=\"800\" height=\"596\" src=\"https:\/\/www.alyors.com\/wp-content\/uploads\/2024\/03\/IYON-LOGO-4-3-1024x763.png\" class=\"attachment-large size-large wp-image-7453\" alt=\"\" srcset=\"https:\/\/www.alyors.com\/wp-content\/uploads\/2024\/03\/IYON-LOGO-4-3-1024x763.png 1024w, https:\/\/www.alyors.com\/wp-content\/uploads\/2024\/03\/IYON-LOGO-4-3-300x224.png 300w, https:\/\/www.alyors.com\/wp-content\/uploads\/2024\/03\/IYON-LOGO-4-3-768x573.png 768w, https:\/\/www.alyors.com\/wp-content\/uploads\/2024\/03\/IYON-LOGO-4-3-1536x1145.png 1536w, https:\/\/www.alyors.com\/wp-content\/uploads\/2024\/03\/IYON-LOGO-4-3.png 1729w\" sizes=\"(max-width: 800px) 100vw, 800px\" \/>\t\t\t\t\t\t\t\t\t\t\t\t\t\t\t<\/div>\n\t\t\t\t<\/div>\n\t\t\t\t\t<\/div>\n\t\t\t\t<\/div>\n\t\t\t\t<\/div>\n\t\t","protected":false},"excerpt":{"rendered":"<p>Notre usine d&rsquo;Istanbul fabrique une gamme vari\u00e9e de produits qui respectent et d\u00e9passent les normes internationales les plus strictes, y compris les certifications CE et ISO. Notre gamme de produits comprend des embouts \u00e0 insuline, des trousses de premiers secours, des patchs, des coussinets et des bandages pour les yeux, de la gaze et des [&hellip;]<\/p>\n","protected":false},"author":1,"featured_media":8095,"parent":8067,"menu_order":0,"comment_status":"closed","ping_status":"closed","template":"","meta":{"_acf_changed":false,"inline_featured_image":false,"footnotes":""},"class_list":["post-8094","page","type-page","status-publish","has-post-thumbnail","hentry"],"acf":[],"_links":{"self":[{"href":"https:\/\/www.alyors.com\/fr\/wp-json\/wp\/v2\/pages\/8094","targetHints":{"allow":["GET"]}}],"collection":[{"href":"https:\/\/www.alyors.com\/fr\/wp-json\/wp\/v2\/pages"}],"about":[{"href":"https:\/\/www.alyors.com\/fr\/wp-json\/wp\/v2\/types\/page"}],"author":[{"embeddable":true,"href":"https:\/\/www.alyors.com\/fr\/wp-json\/wp\/v2\/users\/1"}],"replies":[{"embeddable":true,"href":"https:\/\/www.alyors.com\/fr\/wp-json\/wp\/v2\/comments?post=8094"}],"version-history":[{"count":4,"href":"https:\/\/www.alyors.com\/fr\/wp-json\/wp\/v2\/pages\/8094\/revisions"}],"predecessor-version":[{"id":8103,"href":"https:\/\/www.alyors.com\/fr\/wp-json\/wp\/v2\/pages\/8094\/revisions\/8103"}],"up":[{"embeddable":true,"href":"https:\/\/www.alyors.com\/fr\/wp-json\/wp\/v2\/pages\/8067"}],"wp:featuredmedia":[{"embeddable":true,"href":"https:\/\/www.alyors.com\/fr\/wp-json\/wp\/v2\/media\/8095"}],"wp:attachment":[{"href":"https:\/\/www.alyors.com\/fr\/wp-json\/wp\/v2\/media?parent=8094"}],"curies":[{"name":"wp","href":"https:\/\/api.w.org\/{rel}","templated":true}]}}