{"id":8118,"date":"2024-03-12T12:21:07","date_gmt":"2024-03-12T12:21:07","guid":{"rendered":"https:\/\/www.alyors.com\/?page_id=8118"},"modified":"2024-10-15T18:27:55","modified_gmt":"2024-10-15T18:27:55","slug":"the-mossi","status":"publish","type":"page","link":"https:\/\/www.alyors.com\/fr\/corporatif\/sites-de-production\/the-mossi\/","title":{"rendered":"The Mossi"},"content":{"rendered":"\t\t<div data-elementor-type=\"wp-page\" data-elementor-id=\"8118\" class=\"elementor elementor-8118 elementor-3583\" data-elementor-post-type=\"page\">\n\t\t\t\t<div class=\"elementor-element elementor-element-70248d02 e-flex e-con-boxed e-con e-parent\" data-id=\"70248d02\" data-element_type=\"container\" data-e-type=\"container\">\n\t\t\t\t\t<div class=\"e-con-inner\">\n\t\t\t\t<div class=\"elementor-element elementor-element-498e65cb section-title section-title--centered elementor-widget elementor-widget-heading\" data-id=\"498e65cb\" data-element_type=\"widget\" data-e-type=\"widget\" data-widget_type=\"heading.default\">\n\t\t\t\t<div class=\"elementor-widget-container\">\n\t\t\t\t\t<h2 class=\"elementor-heading-title elementor-size-default\">The Mossi<\/h2>\t\t\t\t<\/div>\n\t\t\t\t<\/div>\n\t\t\t\t<div class=\"elementor-element elementor-element-4507972b elementor-widget elementor-widget-heading\" data-id=\"4507972b\" data-element_type=\"widget\" data-e-type=\"widget\" data-widget_type=\"heading.default\">\n\t\t\t\t<div class=\"elementor-widget-container\">\n\t\t\t\t\t<h2 class=\"elementor-heading-title elementor-size-default\">Bienvenue au The Mossi London, o\u00f9 la beaut\u00e9 rencontre l'innovation.  <\/h2>\t\t\t\t<\/div>\n\t\t\t\t<\/div>\n\t\t\t\t<div class=\"elementor-element elementor-element-63c5155f elementor-widget elementor-widget-text-editor\" data-id=\"63c5155f\" data-element_type=\"widget\" data-e-type=\"widget\" data-widget_type=\"text-editor.default\">\n\t\t\t\t<div class=\"elementor-widget-container\">\n\t\t\t\t\t\t\t\t\t<p>Bienvenue au The Mossi London, o\u00f9 la beaut\u00e9 rencontre l&rsquo;innovation.\u00a0<\/p><p>Notre usine de fabrication ultramoderne est sp\u00e9cialis\u00e9e dans la production de produits dermocosm\u00e9tiques de haute qualit\u00e9, notamment des gels et des produits de gommage, des shampooings et des mousses, des s\u00e9rums pour le soin des cheveux et du visage, des cr\u00e8mes, des toniques et des lotions pour le soin de la peau, des complexes d&rsquo;huiles et des \u00e9crans solaires UVA et UVB.<\/p><p>Notre site de production s&rsquo;\u00e9tend sur plus de 3 000 m\u00b2 de surface ferm\u00e9e, y compris un entrep\u00f4t d\u00e9di\u00e9 \u00e0 la production, au pesage et \u00e0 l&#8217;emballage, ainsi qu&rsquo;un laboratoire de R&amp;D\/contr\u00f4le de la qualit\u00e9 d&rsquo;environ 750 m\u00b2. Nous avons \u00e9tabli des zones standard pour le pesage, la fabrication, le remplissage et l&#8217;emballage, conform\u00e9ment \u00e0 la l\u00e9gislation sur la production de produits cosm\u00e9tiques et aux exigences des GMP.<\/p><p>Notre \u00e9quipe d&rsquo;experts se consacre \u00e0 la fabrication de produits qui respectent et d\u00e9passent les normes internationales, en veillant \u00e0 ce que tous nos produits soient de la plus haute qualit\u00e9 et s\u00fbrs d&rsquo;utilisation. Nous repoussons constamment les limites de l&rsquo;innovation, en utilisant les technologies les plus r\u00e9centes pour d\u00e9velopper des produits nouveaux et passionnants.<\/p><p>Au The Mossi London, nous comprenons l&rsquo;importance de la recherche et du d\u00e9veloppement. C&rsquo;est pourquoi nous disposons d&rsquo;une \u00e9quipe d\u00e9di\u00e9e qui se consacre \u00e0 l&rsquo;am\u00e9lioration et au d\u00e9veloppement constants de nos produits. Nous nous engageons \u00e0 rester \u00e0 la pointe de l&rsquo;industrie et \u00e0 veiller \u00e0 ce que nos clients aient acc\u00e8s aux produits les plus r\u00e9cents et les plus innovants du march\u00e9.<\/p><p>Nous sommes tr\u00e8s fiers d&rsquo;offrir \u00e0 nos clients des services de fabrication de marques priv\u00e9es, depuis le d\u00e9veloppement de produits et l&rsquo;aide \u00e0 la formulation jusqu&rsquo;\u00e0 la production et l&#8217;emballage. Nous nous engageons \u00e0 fournir \u00e0 nos clients le plus haut niveau de qualit\u00e9 et de service.<\/p><p>Nous sommes fiers de notre engagement en faveur de la qualit\u00e9, de l&rsquo;innovation et du d\u00e9veloppement durable. Notre processus de fabrication est con\u00e7u dans une optique de durabilit\u00e9 et nous veillons \u00e0 minimiser notre impact sur l&rsquo;environnement. Nous pensons que la beaut\u00e9 et la durabilit\u00e9 peuvent coexister et nous nous effor\u00e7ons de cr\u00e9er des produits \u00e0 la fois efficaces et respectueux de l&rsquo;environnement.\u00a0<\/p>\t\t\t\t\t\t\t\t<\/div>\n\t\t\t\t<\/div>\n\t\t\t\t\t<\/div>\n\t\t\t\t<\/div>\n\t\t<div class=\"elementor-element elementor-element-17ca86a9 e-flex e-con-boxed e-con e-parent\" data-id=\"17ca86a9\" data-element_type=\"container\" data-e-type=\"container\">\n\t\t\t\t\t<div class=\"e-con-inner\">\n\t\t\t\t<div class=\"elementor-element elementor-element-6851dfe4 elementor-widget elementor-widget-image\" data-id=\"6851dfe4\" data-element_type=\"widget\" data-e-type=\"widget\" data-widget_type=\"image.default\">\n\t\t\t\t<div class=\"elementor-widget-container\">\n\t\t\t\t\t\t\t\t\t\t\t\t\t\t\t<img fetchpriority=\"high\" decoding=\"async\" width=\"800\" height=\"800\" src=\"https:\/\/www.alyors.com\/wp-content\/uploads\/2024\/09\/mossi_logo.svg\" class=\"attachment-large size-large wp-image-7745\" alt=\"\" \/>\t\t\t\t\t\t\t\t\t\t\t\t\t\t\t<\/div>\n\t\t\t\t<\/div>\n\t\t\t\t\t<\/div>\n\t\t\t\t<\/div>\n\t\t\t\t<\/div>\n\t\t","protected":false},"excerpt":{"rendered":"<p>Bienvenue au The Mossi London, o\u00f9 la beaut\u00e9 rencontre l&rsquo;innovation. Bienvenue au The Mossi London, o\u00f9 la beaut\u00e9 rencontre l&rsquo;innovation.\u00a0 Notre usine de fabrication ultramoderne est sp\u00e9cialis\u00e9e dans la production de produits dermocosm\u00e9tiques de haute qualit\u00e9, notamment des gels et des produits de gommage, des shampooings et des mousses, des s\u00e9rums pour le soin des [&hellip;]<\/p>\n","protected":false},"author":1,"featured_media":8119,"parent":8067,"menu_order":0,"comment_status":"closed","ping_status":"closed","template":"","meta":{"_acf_changed":false,"inline_featured_image":false,"footnotes":""},"class_list":["post-8118","page","type-page","status-publish","has-post-thumbnail","hentry"],"acf":[],"_links":{"self":[{"href":"https:\/\/www.alyors.com\/fr\/wp-json\/wp\/v2\/pages\/8118","targetHints":{"allow":["GET"]}}],"collection":[{"href":"https:\/\/www.alyors.com\/fr\/wp-json\/wp\/v2\/pages"}],"about":[{"href":"https:\/\/www.alyors.com\/fr\/wp-json\/wp\/v2\/types\/page"}],"author":[{"embeddable":true,"href":"https:\/\/www.alyors.com\/fr\/wp-json\/wp\/v2\/users\/1"}],"replies":[{"embeddable":true,"href":"https:\/\/www.alyors.com\/fr\/wp-json\/wp\/v2\/comments?post=8118"}],"version-history":[{"count":10,"href":"https:\/\/www.alyors.com\/fr\/wp-json\/wp\/v2\/pages\/8118\/revisions"}],"predecessor-version":[{"id":8581,"href":"https:\/\/www.alyors.com\/fr\/wp-json\/wp\/v2\/pages\/8118\/revisions\/8581"}],"up":[{"embeddable":true,"href":"https:\/\/www.alyors.com\/fr\/wp-json\/wp\/v2\/pages\/8067"}],"wp:featuredmedia":[{"embeddable":true,"href":"https:\/\/www.alyors.com\/fr\/wp-json\/wp\/v2\/media\/8119"}],"wp:attachment":[{"href":"https:\/\/www.alyors.com\/fr\/wp-json\/wp\/v2\/media?parent=8118"}],"curies":[{"name":"wp","href":"https:\/\/api.w.org\/{rel}","templated":true}]}}