{"id":8199,"date":"2024-03-06T10:50:37","date_gmt":"2024-03-06T10:50:37","guid":{"rendered":"https:\/\/www.alyors.com\/?page_id=8199"},"modified":"2024-10-13T16:24:32","modified_gmt":"2024-10-13T16:24:32","slug":"biocell","status":"publish","type":"page","link":"https:\/\/www.alyors.com\/fr\/corporatif\/filiales\/biocell\/","title":{"rendered":"Biocell"},"content":{"rendered":"\t\t<div data-elementor-type=\"wp-page\" data-elementor-id=\"8199\" class=\"elementor elementor-8199 elementor-2909\" data-elementor-post-type=\"page\">\n\t\t\t\t<div class=\"elementor-element elementor-element-4d92409c e-flex e-con-boxed e-con e-parent\" data-id=\"4d92409c\" data-element_type=\"container\" data-e-type=\"container\">\n\t\t\t\t\t<div class=\"e-con-inner\">\n\t\t\t\t<div class=\"elementor-element elementor-element-1719427e section-title section-title--centered elementor-widget elementor-widget-heading\" data-id=\"1719427e\" data-element_type=\"widget\" data-e-type=\"widget\" data-widget_type=\"heading.default\">\n\t\t\t\t<div class=\"elementor-widget-container\">\n\t\t\t\t\t<h1 class=\"elementor-heading-title elementor-size-default\">Biocell<\/h1>\t\t\t\t<\/div>\n\t\t\t\t<\/div>\n\t\t\t\t<div class=\"elementor-element elementor-element-1102186f elementor-widget elementor-widget-heading\" data-id=\"1102186f\" data-element_type=\"widget\" data-e-type=\"widget\" data-widget_type=\"heading.default\">\n\t\t\t\t<div class=\"elementor-widget-container\">\n\t\t\t\t\t<h2 class=\"elementor-heading-title elementor-size-default\">Biocell est une entreprise manufacturi\u00e8re qui produit des plantes m\u00e9dicinales et des mati\u00e8res premi\u00e8res \u00e0 base de plantes pour r\u00e9pondre aux besoins du march\u00e9 en mati\u00e8res premi\u00e8res de qualit\u00e9.<\/h2>\t\t\t\t<\/div>\n\t\t\t\t<\/div>\n\t\t\t\t<div class=\"elementor-element elementor-element-1ff2421 elementor-widget elementor-widget-text-editor\" data-id=\"1ff2421\" data-element_type=\"widget\" data-e-type=\"widget\" data-widget_type=\"text-editor.default\">\n\t\t\t\t<div class=\"elementor-widget-container\">\n\t\t\t\t\t\t\t\t\t<p>Biocell a \u00e9t\u00e9 cr\u00e9\u00e9e \u00e0 Istanbul en 2020 par des leaders exp\u00e9riment\u00e9s du secteur de la sant\u00e9 qui partagent la m\u00eame vision : r\u00e9pondre \u00e0 la demande du march\u00e9 pour des extraits de plantes de haute qualit\u00e9. Nous sommes fiers de notre engagement dans le d\u00e9veloppement et la commercialisation de produits dans divers secteurs, notamment les plantes m\u00e9dicinales, les produits pharmaceutiques, les compl\u00e9ments alimentaires, les aliments et les boissons, les cosm\u00e9tiques et les aliments pour animaux.<\/p><p>\u00a0<\/p><p>Anim\u00e9e par une philosophie fondamentale, Biocell vise \u00e0 combler le foss\u00e9 entre la riche diversit\u00e9 v\u00e9g\u00e9tale end\u00e9mique de notre pays et la d\u00e9pendance pr\u00e9valente \u00e0 l&rsquo;\u00e9gard des importations. Notre mission est de r\u00e9pondre aux besoins de nos entreprises affili\u00e9es en produisant des mati\u00e8res premi\u00e8res localement et en les utilisant pour cr\u00e9er des produits exportables pour le march\u00e9 mondial. Actuellement, nous nous concentrons sur la production de 20 extraits de plantes, tout en poursuivant nos efforts pour \u00e9largir notre portefeuille.<\/p><p>\u00a0<\/p><p>Chez Biocell, nous nous distinguons par nos installations de pointe, nos initiatives solides en mati\u00e8re de recherche et de d\u00e9veloppement, nos collaborations avec des universit\u00e9s de premier plan et notre adh\u00e9sion aux principes scientifiques. Nous sommes d\u00e9termin\u00e9s \u00e0 soutenir nos objectifs de production par une cha\u00eene d&rsquo;approvisionnement fiable, en mettant l&rsquo;accent sur la culture et l&rsquo;extraction de plantes cl\u00e9s telles que le sureau noir, le romarin, la m\u00e9lisse et la coriandre. Ces plantes ont fait l&rsquo;objet d&rsquo;un d\u00e9veloppement approfondi, ce qui a permis de produire des extraits de plantes locales de grande qualit\u00e9.<\/p><p>\u00a0<\/p><p>Au fur et \u00e0 mesure que nous progressons, notre engagement s&rsquo;\u00e9tend \u00e0 des d\u00e9veloppements continus d&rsquo;extraits de plantes, y compris l&rsquo;extrait de raisin, la couleuvre, le foin, le houblon, le cumin noir, le thym, le millepertuis et la menthe m\u00e9dicinale. Gr\u00e2ce \u00e0 ces efforts, Biocell continue de contribuer \u00e0 la croissance et \u00e0 la durabilit\u00e9 d&rsquo;Alyors, en s&rsquo;imposant comme un nom de confiance dans le domaine de la fabrication d&rsquo;extraits de plantes.<\/p>\t\t\t\t\t\t\t\t<\/div>\n\t\t\t\t<\/div>\n\t\t\t\t\t<\/div>\n\t\t\t\t<\/div>\n\t\t<div class=\"elementor-element elementor-element-10f8867c e-flex e-con-boxed e-con e-parent\" data-id=\"10f8867c\" data-element_type=\"container\" data-e-type=\"container\">\n\t\t\t\t\t<div class=\"e-con-inner\">\n\t\t\t\t<div class=\"elementor-element elementor-element-505e4bdf elementor-widget elementor-widget-image\" data-id=\"505e4bdf\" data-element_type=\"widget\" data-e-type=\"widget\" data-widget_type=\"image.default\">\n\t\t\t\t<div class=\"elementor-widget-container\">\n\t\t\t\t\t\t\t\t\t\t\t\t\t\t\t<img fetchpriority=\"high\" decoding=\"async\" width=\"800\" height=\"142\" src=\"https:\/\/www.alyors.com\/wp-content\/uploads\/2024\/03\/biocell-logo.svg\" class=\"attachment-large size-large wp-image-8074\" alt=\"\" \/>\t\t\t\t\t\t\t\t\t\t\t\t\t\t\t<\/div>\n\t\t\t\t<\/div>\n\t\t\t\t<div class=\"elementor-element elementor-element-59899660 elementor-align-center elementor-widget elementor-widget-button\" data-id=\"59899660\" data-element_type=\"widget\" data-e-type=\"widget\" data-widget_type=\"button.default\">\n\t\t\t\t<div class=\"elementor-widget-container\">\n\t\t\t\t\t\t\t\t\t<div class=\"elementor-button-wrapper\">\n\t\t\t\t\t<a class=\"elementor-button elementor-button-link elementor-size-md\" href=\"https:\/\/biocell.com.tr\/en\/\" target=\"_blank\" rel=\"nofollow noopener\">\n\t\t\t\t\t\t<span class=\"elementor-button-content-wrapper\">\n\t\t\t\t\t\t\t\t\t<span class=\"elementor-button-text\">ALLER SUR LE SITE DE L'ENTREPRISE<\/span>\n\t\t\t\t\t<\/span>\n\t\t\t\t\t<\/a>\n\t\t\t\t<\/div>\n\t\t\t\t\t\t\t\t<\/div>\n\t\t\t\t<\/div>\n\t\t\t\t\t<\/div>\n\t\t\t\t<\/div>\n\t\t<div class=\"elementor-element elementor-element-3ee65a94 e-flex e-con-boxed e-con e-parent\" data-id=\"3ee65a94\" data-element_type=\"container\" data-e-type=\"container\">\n\t\t\t\t\t<div class=\"e-con-inner\">\n\t\t\t\t<div class=\"elementor-element elementor-element-4e2a13a0 elementor-widget elementor-widget-heading\" data-id=\"4e2a13a0\" data-element_type=\"widget\" data-e-type=\"widget\" data-widget_type=\"heading.default\">\n\t\t\t\t<div class=\"elementor-widget-container\">\n\t\t\t\t\t<h2 class=\"elementor-heading-title elementor-size-default\">Products<\/h2>\t\t\t\t<\/div>\n\t\t\t\t<\/div>\n\t\t\t\t\t<\/div>\n\t\t\t\t<\/div>\n\t\t<div class=\"elementor-element elementor-element-150342b6 e-flex e-con-boxed e-con e-parent\" data-id=\"150342b6\" data-element_type=\"container\" data-e-type=\"container\">\n\t\t\t\t\t<div class=\"e-con-inner\">\n\t\t\t\t<div class=\"elementor-element elementor-element-76bbb5d0 products-list elementor-widget elementor-widget-ucaddon_post_grid\" data-id=\"76bbb5d0\" data-element_type=\"widget\" data-e-type=\"widget\" data-widget_type=\"ucaddon_post_grid.default\">\n\t\t\t\t<div class=\"elementor-widget-container\">\n\t\t\t\t\t\n<!-- start Post Grid -->\n\t\t<link id='font-awesome-css' href='https:\/\/www.alyors.com\/wp-content\/plugins\/unlimited-elements-for-elementor-premium\/assets_libraries\/font-awesome6\/fontawesome-all.min.css' type='text\/css' rel='stylesheet' >\n\t\t<link id='font-awesome-4-shim-css' href='https:\/\/www.alyors.com\/wp-content\/plugins\/unlimited-elements-for-elementor-premium\/assets_libraries\/font-awesome6\/fontawesome-v4-shims.min.css' type='text\/css' rel='stylesheet' >\n\n<style>\/* widget: Post Grid *\/\n\n\r\n@keyframes uc_post_grid_elementor_76bbb5d0__item-animation {\r\n  0% {\r\n            transform: translateY(50px);\r\n        \t        \tfilter: blur(4px);\r\n\t\t\t\r\n    \t    opacity: 0;\r\n  }\r\n  100% {\r\n            transform: translateY(0px);\r\n        \t            filter: blur(0px);\r\n            \r\n    \t\topacity: 1;\r\n  }\r\n}\r\n\r\n\r\n#uc_post_grid_elementor_76bbb5d0 .ue-item{\r\n\topacity:0;\r\n}\r\n\r\n\r\n#uc_post_grid_elementor_76bbb5d0 .uc-entrance-animate {\r\n  opacity:1;\r\n}\r\n\r\n#uc_post_grid_elementor_76bbb5d0 .uc-entrance-animate {\r\n\tanimation: uc_post_grid_elementor_76bbb5d0__item-animation 0.6s cubic-bezier(0.470, 0.000, 0.745, 0.715) both;\r\n}\r\n\r\n\t\t\t\n\n#uc_post_grid_elementor_76bbb5d0.uc_post_grid_style_one .uc_post_grid_style_one_wrap {\n   display:grid;\n}\n\n\n#uc_post_grid_elementor_76bbb5d0 .uc_post_grid_style_one_item\n{\n  position:relative;\n}\n\n#uc_post_grid_elementor_76bbb5d0 .uc_post_image\n{\n  transition:0.3s;\n  position:relative;\n  overflow:hidden;\n}\n\n#uc_post_grid_elementor_76bbb5d0 .uc_post_image img\n{\n  width:100%;\n  display:block;\n  transition:0.3s;\n}\n\n\n\t\n\n\n\n\n\n\n#uc_post_grid_elementor_76bbb5d0 .uc_post_image_overlay\n{\n  position:absolute;\n  top:0px;\n  left:0px;\n  height:100%;\n  width:100%;\n  transition:0.3s;\n}\n\n#uc_post_grid_elementor_76bbb5d0 .uc_more_btn-custom-field\n{\n  display:inline-block;\n  text-align:center;\n  text-decoration:none;\n  transition:0.3s;\n}\n\n#uc_post_grid_elementor_76bbb5d0 .uc_more_btn\n{\n  display:inline-block;\n  text-align:center;\n  text-decoration:none;\n  transition:0.3s;\n}\n\n.ue-grid-item-category a\n{\n  display:inline-block;\n  font-size:10px;\n  \n}\n#uc_post_grid_elementor_76bbb5d0 .ue-grid-item-category a{\n    cursor: text;\n  }\n.uc_post_title\n{\n  font-size:21px;\n}\n\n\n\n#uc_post_grid_elementor_76bbb5d0 .ue_post_grid_item\n{\n  display:flex;\n  flex-direction:column;\n}\n\n#uc_post_grid_elementor_76bbb5d0.uc_post_grid_style_one .uc_content{\n flex-grow:1;\n}\n\n#uc_post_grid_elementor_76bbb5d0.uc_post_grid_style_one .uc_content > div\n{\n  height:100%;\n  display:flex;\n  flex-direction:column;\n  justify-content: space-between;}\n\n    #uc_post_grid_elementor_76bbb5d0 .uc_post_button\n   {\n     margin-top:auto;\n   }\n  \n\n\n\n\n\n\n\n\n\n\n\n\n\n\n\n\n\n\n\n\n\n\n#uc_post_grid_elementor_76bbb5d0 .ue-meta-data\n{\n  \n  display:flex;\n\n  flex-wrap: wrap;\n  line-height:1em;\n}\n\n#uc_post_grid_elementor_76bbb5d0 .ue-grid-item-meta-data\n{\n      display:inline-flex;\n      align-items:center;\n}\n\n#uc_post_grid_elementor_76bbb5d0 .ue-grid-item-meta-data a{\n  color:inherit;\n}\n\n.ue-grid-item-meta-data\n{\n  font-size:12px;\n}\n\n#uc_post_grid_elementor_76bbb5d0 .ue-grid-item-meta-data-icon\n{\n  line-height:1em;\n}\n\n#uc_post_grid_elementor_76bbb5d0 .ue-grid-item-meta-data-icon svg\n{\n  width:1em;\n  height:1em;\n}\n\n#uc_post_grid_elementor_76bbb5d0 .ue-debug-meta\n{\n  padding:10px;\n  border:1px solid red;\n  position:relative;\n  line-height:1.5em;\n  font-size:11px;\n  width:100%;\n}\n\n#uc_post_grid_elementor_76bbb5d0 .uc_btn_inner\n{\n  display:inline-flex;\n  align-items:center;\n}\n\n#uc_post_grid_elementor_76bbb5d0 .uc_btn_inner svg\n{\n  width:1em;\n  height:1em;\n}\n\n  #uc_post_grid_elementor_76bbb5d0 .ue_post_full_link{\n    position:absolute;\n    width:100%;\n    height:100%;\n    top:0;\n    left:0;\n  }\n\n\n\n\n\n\n\n<\/style>\n\n<div class=\"uc_post_grid_style_one uc-filterable-grid \" id=\"uc_post_grid_elementor_76bbb5d0\"  data-ajax='true'  data-filterbehave='ajax'  querydata='{&quot;count_posts&quot;:4,&quot;total_posts&quot;:18,&quot;page&quot;:1,&quot;num_pages&quot;:5}' >\n\t\t<div class=\"uc_post_grid_style_one_wrap ue_post_grid uc-items-wrapper\">\n\t\t\t\n\n\n\n<div id=\"uc_post_grid_elementor_76bbb5d0_item1\" class=\"uc_post_grid_style_one_item ue_post_grid_item ue-item product-grid \">\n  \n  <div class=\"uc_content\">\n    <div class=\"uc_content_inner\">\n      <div class=\"uc_content-info-wrapper\" >\n        \n                 \n        \t        \t\t        \t\t\n\t\t\t        \n        \t<div class=\"ue-grid-item-category\">\n                            \t              \t\t<a href=\"javascript:void(0);\" class=\"\">Dr Thomson Jones<\/a>\n              \t                      \t<\/div>        \n      \n              \n\n            \t\t      \t\t\t<div class=\"uc_post_title\"><a class=\"\" href=\"https:\/\/www.alyors.com\/fr\/products\/dr-thomson-jones-fr\/okyanosea-fresh\/\" target=\"_self\"><p class=\"ue_p_title\">Okyanosea Fresh<\/p><\/a><\/div>\n      \t\t      \t\n                      \n       \n        <div class=\"ue-meta-data\">\n            \n        \n                \n        \n\t\n                \n                \n                \n                \n    \t\t\t\n      \n            \n  <\/div>\t\n           \n                 \n                            \n                                  \n     <\/div>\n                   <a class=\"uc_post_grid_style_one_image \" href=\"https:\/\/www.alyors.com\/fr\/products\/dr-thomson-jones-fr\/okyanosea-fresh\/\" target=\"_self\">\n     <div class=\"uc_post_image\">\n       <img decoding=\"async\" src=\"https:\/\/www.alyors.com\/wp-content\/uploads\/2024\/03\/SN032-1.webp\"  src=\"https:\/\/www.alyors.com\/wp-content\/uploads\/2024\/03\/SN032-1.webp\" alt=\"Private Label Hypertonic Sea Water Nasal Spray Manufacturer  - Dr\" width=\"617\" height=\"617\">\n       <div class=\"uc_post_image_overlay\"><\/div>\n     <\/div>\n    <\/a>\n                      \n           <div class=\"uc_post_button\">\n        \n        <a class=\"uc_more_btn \" target=\"_self\" href=\"https:\/\/www.alyors.com\/fr\/products\/dr-thomson-jones-fr\/okyanosea-fresh\/\">\n          <div class=\"uc_btn_inner\">\n            <div class=\"uc_btn_txt\">MORE INFO<\/div>\n            <div class=\"uc_btn_icon\"><i class='fas fa-caret-right'><\/i><\/div>          <\/div>\n      \t<\/a>\n        \n                \n      <\/div>                           \n \t<\/div>  <\/div>      \n  <a class=\"ue_post_full_link\" href=\"https:\/\/www.alyors.com\/fr\/products\/dr-thomson-jones-fr\/okyanosea-fresh\/\" aria-label=\"Read more about Okyanosea Fresh\"><\/a>      \n<\/div>\n\n\n\n\n<div id=\"uc_post_grid_elementor_76bbb5d0_item2\" class=\"uc_post_grid_style_one_item ue_post_grid_item ue-item product-grid \">\n  \n  <div class=\"uc_content\">\n    <div class=\"uc_content_inner\">\n      <div class=\"uc_content-info-wrapper\" >\n        \n                 \n        \t        \t\t        \t\t\n\t\t\t        \n        \t<div class=\"ue-grid-item-category\">\n                            \t              \t\t<a href=\"javascript:void(0);\" class=\"\">Dr Thomson Jones<\/a>\n              \t                      \t<\/div>        \n      \n              \n\n            \t\t      \t\t\t<div class=\"uc_post_title\"><a class=\"\" href=\"https:\/\/www.alyors.com\/fr\/products\/dr-thomson-jones-fr\/okyanosea-mini\/\" target=\"_self\"><p class=\"ue_p_title\">Okyanosea Mini<\/p><\/a><\/div>\n      \t\t      \t\n                      \n       \n        <div class=\"ue-meta-data\">\n            \n        \n                \n        \n\t\n                \n                \n                \n                \n    \t\t\t\n      \n            \n  <\/div>\t\n           \n                 \n                            \n                                  \n     <\/div>\n                   <a class=\"uc_post_grid_style_one_image \" href=\"https:\/\/www.alyors.com\/fr\/products\/dr-thomson-jones-fr\/okyanosea-mini\/\" target=\"_self\">\n     <div class=\"uc_post_image\">\n       <img decoding=\"async\" src=\"https:\/\/www.alyors.com\/wp-content\/uploads\/2024\/03\/SN033.webp\"  src=\"https:\/\/www.alyors.com\/wp-content\/uploads\/2024\/03\/SN033.webp\" alt=\"Private Label Sterile Isotonic Sea Water Nasal Spray Manufacturer - Dr\" width=\"617\" height=\"617\">\n       <div class=\"uc_post_image_overlay\"><\/div>\n     <\/div>\n    <\/a>\n                      \n           <div class=\"uc_post_button\">\n        \n        <a class=\"uc_more_btn \" target=\"_self\" href=\"https:\/\/www.alyors.com\/fr\/products\/dr-thomson-jones-fr\/okyanosea-mini\/\">\n          <div class=\"uc_btn_inner\">\n            <div class=\"uc_btn_txt\">MORE INFO<\/div>\n            <div class=\"uc_btn_icon\"><i class='fas fa-caret-right'><\/i><\/div>          <\/div>\n      \t<\/a>\n        \n                \n      <\/div>                           \n \t<\/div>  <\/div>      \n  <a class=\"ue_post_full_link\" href=\"https:\/\/www.alyors.com\/fr\/products\/dr-thomson-jones-fr\/okyanosea-mini\/\" aria-label=\"Read more about Okyanosea Mini\"><\/a>      \n<\/div>\n\n\n\n\n<div id=\"uc_post_grid_elementor_76bbb5d0_item3\" class=\"uc_post_grid_style_one_item ue_post_grid_item ue-item product-grid \">\n  \n  <div class=\"uc_content\">\n    <div class=\"uc_content_inner\">\n      <div class=\"uc_content-info-wrapper\" >\n        \n                 \n        \t        \t\t        \t\t\n\t\t\t        \n        \t<div class=\"ue-grid-item-category\">\n                            \t              \t\t<a href=\"javascript:void(0);\" class=\"\">Dr Thomson Jones<\/a>\n              \t                      \t<\/div>        \n      \n              \n\n            \t\t      \t\t\t<div class=\"uc_post_title\"><a class=\"\" href=\"https:\/\/www.alyors.com\/fr\/products\/dr-thomson-jones-fr\/naso-spray\/\" target=\"_self\"><p class=\"ue_p_title\">Naso Spray<\/p><\/a><\/div>\n      \t\t      \t\n                      \n       \n        <div class=\"ue-meta-data\">\n            \n        \n                \n        \n\t\n                \n                \n                \n                \n    \t\t\t\n      \n            \n  <\/div>\t\n           \n                 \n                            \n                                  \n     <\/div>\n                   <a class=\"uc_post_grid_style_one_image \" href=\"https:\/\/www.alyors.com\/fr\/products\/dr-thomson-jones-fr\/naso-spray\/\" target=\"_self\">\n     <div class=\"uc_post_image\">\n       <img loading=\"lazy\" decoding=\"async\" src=\"https:\/\/www.alyors.com\/wp-content\/uploads\/2024\/03\/DR02.webp\"  src=\"https:\/\/www.alyors.com\/wp-content\/uploads\/2024\/03\/DR02.webp\" alt=\"Private Label Sterile Isotonic Sea Water Nasal Spray - Dr\" width=\"617\" height=\"617\">\n       <div class=\"uc_post_image_overlay\"><\/div>\n     <\/div>\n    <\/a>\n                      \n           <div class=\"uc_post_button\">\n        \n        <a class=\"uc_more_btn \" target=\"_self\" href=\"https:\/\/www.alyors.com\/fr\/products\/dr-thomson-jones-fr\/naso-spray\/\">\n          <div class=\"uc_btn_inner\">\n            <div class=\"uc_btn_txt\">MORE INFO<\/div>\n            <div class=\"uc_btn_icon\"><i class='fas fa-caret-right'><\/i><\/div>          <\/div>\n      \t<\/a>\n        \n                \n      <\/div>                           \n \t<\/div>  <\/div>      \n  <a class=\"ue_post_full_link\" href=\"https:\/\/www.alyors.com\/fr\/products\/dr-thomson-jones-fr\/naso-spray\/\" aria-label=\"Read more about Naso Spray\"><\/a>      \n<\/div>\n\n\n\n\n<div id=\"uc_post_grid_elementor_76bbb5d0_item4\" class=\"uc_post_grid_style_one_item ue_post_grid_item ue-item product-grid \">\n  \n  <div class=\"uc_content\">\n    <div class=\"uc_content_inner\">\n      <div class=\"uc_content-info-wrapper\" >\n        \n                 \n        \t        \t\t        \t\t\n\t\t\t        \n        \t<div class=\"ue-grid-item-category\">\n                            \t              \t\t<a href=\"javascript:void(0);\" class=\"\">Dr Thomson Jones<\/a>\n              \t                      \t<\/div>        \n      \n              \n\n            \t\t      \t\t\t<div class=\"uc_post_title\"><a class=\"\" href=\"https:\/\/www.alyors.com\/fr\/products\/dr-thomson-jones-fr\/naso-baby\/\" target=\"_self\"><p class=\"ue_p_title\">Naso Baby<\/p><\/a><\/div>\n      \t\t      \t\n                      \n       \n        <div class=\"ue-meta-data\">\n            \n        \n                \n        \n\t\n                \n                \n                \n                \n    \t\t\t\n      \n            \n  <\/div>\t\n           \n                 \n                            \n                                  \n     <\/div>\n                   <a class=\"uc_post_grid_style_one_image \" href=\"https:\/\/www.alyors.com\/fr\/products\/dr-thomson-jones-fr\/naso-baby\/\" target=\"_self\">\n     <div class=\"uc_post_image\">\n       <img loading=\"lazy\" decoding=\"async\" src=\"https:\/\/www.alyors.com\/wp-content\/uploads\/2024\/03\/DR01.webp\"  src=\"https:\/\/www.alyors.com\/wp-content\/uploads\/2024\/03\/DR01.webp\" alt=\"Private Label Baby Nasal Spray | Isotonic Sea Water Manufacturer - Alyors\" width=\"617\" height=\"617\">\n       <div class=\"uc_post_image_overlay\"><\/div>\n     <\/div>\n    <\/a>\n                      \n           <div class=\"uc_post_button\">\n        \n        <a class=\"uc_more_btn \" target=\"_self\" href=\"https:\/\/www.alyors.com\/fr\/products\/dr-thomson-jones-fr\/naso-baby\/\">\n          <div class=\"uc_btn_inner\">\n            <div class=\"uc_btn_txt\">MORE INFO<\/div>\n            <div class=\"uc_btn_icon\"><i class='fas fa-caret-right'><\/i><\/div>          <\/div>\n      \t<\/a>\n        \n                \n      <\/div>                           \n \t<\/div>  <\/div>      \n  <a class=\"ue_post_full_link\" href=\"https:\/\/www.alyors.com\/fr\/products\/dr-thomson-jones-fr\/naso-baby\/\" aria-label=\"Read more about Naso Baby\"><\/a>      \n<\/div>\n\n\t\t<\/div>\n\t<\/div>\n\n\n\n  <div id=\"uc_post_grid_elementor_76bbb5d0_empty_message\" class=\"ue-no-posts-found\"  style=\"display:none\" >No products found<\/div>\n\n\n<!-- end Post Grid -->\t\t\t\t<\/div>\n\t\t\t\t<\/div>\n\t\t\t\t<div class=\"elementor-element elementor-element-45ff486f elementor-align-center elementor-widget elementor-widget-button\" data-id=\"45ff486f\" data-element_type=\"widget\" data-e-type=\"widget\" data-widget_type=\"button.default\">\n\t\t\t\t<div class=\"elementor-widget-container\">\n\t\t\t\t\t\t\t\t\t<div class=\"elementor-button-wrapper\">\n\t\t\t\t\t<a class=\"elementor-button elementor-button-link elementor-size-md\" href=\"https:\/\/www.alyors.com\/fr\/brand\/dr-thomson-jones\/\">\n\t\t\t\t\t\t<span class=\"elementor-button-content-wrapper\">\n\t\t\t\t\t\t\t\t\t<span class=\"elementor-button-text\">SEE ALL<\/span>\n\t\t\t\t\t<\/span>\n\t\t\t\t\t<\/a>\n\t\t\t\t<\/div>\n\t\t\t\t\t\t\t\t<\/div>\n\t\t\t\t<\/div>\n\t\t\t\t\t<\/div>\n\t\t\t\t<\/div>\n\t\t\t\t<\/div>\n\t\t","protected":false},"excerpt":{"rendered":"<p>Biocell est une entreprise manufacturi\u00e8re qui produit des plantes m\u00e9dicinales et des mati\u00e8res premi\u00e8res \u00e0 base de plantes pour r\u00e9pondre aux besoins du march\u00e9 en mati\u00e8res premi\u00e8res de qualit\u00e9. Biocell a \u00e9t\u00e9 cr\u00e9\u00e9e \u00e0 Istanbul en 2020 par des leaders exp\u00e9riment\u00e9s du secteur de la sant\u00e9 qui partagent la m\u00eame vision : r\u00e9pondre \u00e0 la [&hellip;]<\/p>\n","protected":false},"author":1,"featured_media":8083,"parent":8185,"menu_order":0,"comment_status":"closed","ping_status":"closed","template":"","meta":{"_acf_changed":false,"inline_featured_image":false,"footnotes":""},"class_list":["post-8199","page","type-page","status-publish","has-post-thumbnail","hentry"],"acf":[],"_links":{"self":[{"href":"https:\/\/www.alyors.com\/fr\/wp-json\/wp\/v2\/pages\/8199","targetHints":{"allow":["GET"]}}],"collection":[{"href":"https:\/\/www.alyors.com\/fr\/wp-json\/wp\/v2\/pages"}],"about":[{"href":"https:\/\/www.alyors.com\/fr\/wp-json\/wp\/v2\/types\/page"}],"author":[{"embeddable":true,"href":"https:\/\/www.alyors.com\/fr\/wp-json\/wp\/v2\/users\/1"}],"replies":[{"embeddable":true,"href":"https:\/\/www.alyors.com\/fr\/wp-json\/wp\/v2\/comments?post=8199"}],"version-history":[{"count":7,"href":"https:\/\/www.alyors.com\/fr\/wp-json\/wp\/v2\/pages\/8199\/revisions"}],"predecessor-version":[{"id":8233,"href":"https:\/\/www.alyors.com\/fr\/wp-json\/wp\/v2\/pages\/8199\/revisions\/8233"}],"up":[{"embeddable":true,"href":"https:\/\/www.alyors.com\/fr\/wp-json\/wp\/v2\/pages\/8185"}],"wp:featuredmedia":[{"embeddable":true,"href":"https:\/\/www.alyors.com\/fr\/wp-json\/wp\/v2\/media\/8083"}],"wp:attachment":[{"href":"https:\/\/www.alyors.com\/fr\/wp-json\/wp\/v2\/media?parent=8199"}],"curies":[{"name":"wp","href":"https:\/\/api.w.org\/{rel}","templated":true}]}}