{"id":8234,"date":"2024-03-06T10:52:49","date_gmt":"2024-03-06T10:52:49","guid":{"rendered":"https:\/\/www.alyors.com\/?page_id=8234"},"modified":"2024-10-13T16:26:10","modified_gmt":"2024-10-13T16:26:10","slug":"orzax-pharmaceuticals","status":"publish","type":"page","link":"https:\/\/www.alyors.com\/fr\/corporatif\/filiales\/orzax-pharmaceuticals\/","title":{"rendered":"ORZAX Pharmaceuticals"},"content":{"rendered":"\t\t<div data-elementor-type=\"wp-page\" data-elementor-id=\"8234\" class=\"elementor elementor-8234 elementor-2921\" data-elementor-post-type=\"page\">\n\t\t\t\t<div class=\"elementor-element elementor-element-7293d639 e-flex e-con-boxed e-con e-parent\" data-id=\"7293d639\" data-element_type=\"container\" data-e-type=\"container\">\n\t\t\t\t\t<div class=\"e-con-inner\">\n\t\t\t\t<div class=\"elementor-element elementor-element-515688b7 section-title section-title--centered elementor-widget elementor-widget-heading\" data-id=\"515688b7\" data-element_type=\"widget\" data-e-type=\"widget\" data-widget_type=\"heading.default\">\n\t\t\t\t<div class=\"elementor-widget-container\">\n\t\t\t\t\t<h1 class=\"elementor-heading-title elementor-size-default\">ORZAX Pharmaceuticals<\/h1>\t\t\t\t<\/div>\n\t\t\t\t<\/div>\n\t\t\t\t<div class=\"elementor-element elementor-element-760d4c9f elementor-widget elementor-widget-heading\" data-id=\"760d4c9f\" data-element_type=\"widget\" data-e-type=\"widget\" data-widget_type=\"heading.default\">\n\t\t\t\t<div class=\"elementor-widget-container\">\n\t\t\t\t\t<h2 class=\"elementor-heading-title elementor-size-default\">\u201cUn Cadeau Pour la Sant\u00e9 \u201d<\/h2>\t\t\t\t<\/div>\n\t\t\t\t<\/div>\n\t\t\t\t<div class=\"elementor-element elementor-element-2a1a0f77 elementor-widget elementor-widget-text-editor\" data-id=\"2a1a0f77\" data-element_type=\"widget\" data-e-type=\"widget\" data-widget_type=\"text-editor.default\">\n\t\t\t\t<div class=\"elementor-widget-container\">\n\t\t\t\t\t\t\t\t\t<p>En 2004, des m\u00e9decins, des pharmaciens et des investisseurs se sont r\u00e9unis pour cr\u00e9er Orzax Pharmaceuticals \u00e0 Istanbul. Forts de leurs ann\u00e9es d&rsquo;exp\u00e9rience et d&rsquo;expertise, ils ont lanc\u00e9 leurs premiers produits en 2005 et ont continu\u00e9 \u00e0 innover et \u00e0 introduire de nouveaux produits, toujours avec le slogan \u00ab\u00a0Gift to Health\u00a0\u00bb.<\/p><p>Au fur et \u00e0 mesure de sa croissance, l&rsquo;entreprise a \u00e9largi son portefeuille de produits et sa part de march\u00e9, tout en conservant sa position de leader en Turquie. En 2016, Orzax Pharmaceuticals a lanc\u00e9 sa marque \u00ab\u00a0Ocean Fish Oil\u00a0\u00bb et d&rsquo;autres produits en Moldavie, en Roumanie, en Bi\u00e9lorussie et, \u00e0 terme, dans 50 pays \u00e0 travers le monde.<\/p><p>Tout au long de son histoire, Orzax Pharmaceuticals a toujours privil\u00e9gi\u00e9 la qualit\u00e9, les ingr\u00e9dients naturels et la sant\u00e9 humaine. Elle n&rsquo;utilise que des mati\u00e8res premi\u00e8res brevet\u00e9es et respecte les r\u00e8gles halal dans son processus de fabrication. Elle fabrique des produits innovants et originaux inspir\u00e9s par la nature et ne fait jamais de compromis sur la qualit\u00e9 de ses produits.<\/p><p>En outre, Orzax Pharmaceuticals s&rsquo;engage \u00e0 prot\u00e9ger l&rsquo;environnement, \u00e0 s&rsquo;am\u00e9liorer continuellement et \u00e0 utiliser les ressources naturelles de mani\u00e8re responsable dans toutes ses activit\u00e9s. Aujourd&rsquo;hui, Orzaks Pharmaceuticals est connue comme une marque mondiale qui fournit des produits naturels de haute qualit\u00e9 pour soutenir la sant\u00e9 humaine.<\/p><p>\u00ab\u00a0Continuant \u00e0 maintenir sa position de leader du march\u00e9 dans le domaine des compl\u00e9ments alimentaires en Turquie depuis 2018, Orzax fonctionne actuellement \u00e0 pleine capacit\u00e9, en tirant parti de son exp\u00e9rience sur les march\u00e9s nationaux et internationaux.\u00a0\u00bb<\/p>\t\t\t\t\t\t\t\t<\/div>\n\t\t\t\t<\/div>\n\t\t\t\t\t<\/div>\n\t\t\t\t<\/div>\n\t\t<div class=\"elementor-element elementor-element-3ab9ed74 e-flex e-con-boxed e-con e-parent\" data-id=\"3ab9ed74\" data-element_type=\"container\" data-e-type=\"container\">\n\t\t\t\t\t<div class=\"e-con-inner\">\n\t\t\t\t<div class=\"elementor-element elementor-element-5873dcfc elementor-widget elementor-widget-image\" data-id=\"5873dcfc\" data-element_type=\"widget\" data-e-type=\"widget\" data-widget_type=\"image.default\">\n\t\t\t\t<div class=\"elementor-widget-container\">\n\t\t\t\t\t\t\t\t\t\t\t\t\t\t\t<img fetchpriority=\"high\" decoding=\"async\" width=\"800\" height=\"800\" src=\"https:\/\/www.alyors.com\/wp-content\/uploads\/2024\/02\/orzax.svg\" class=\"attachment-large size-large wp-image-8382\" alt=\"\" \/>\t\t\t\t\t\t\t\t\t\t\t\t\t\t\t<\/div>\n\t\t\t\t<\/div>\n\t\t\t\t\t<\/div>\n\t\t\t\t<\/div>\n\t\t<div class=\"elementor-element elementor-element-6538674c e-flex e-con-boxed e-con e-parent\" data-id=\"6538674c\" data-element_type=\"container\" data-e-type=\"container\">\n\t\t\t\t\t<div class=\"e-con-inner\">\n\t\t\t\t<div class=\"elementor-element elementor-element-7e84ada6 elementor-widget elementor-widget-heading\" data-id=\"7e84ada6\" data-element_type=\"widget\" data-e-type=\"widget\" data-widget_type=\"heading.default\">\n\t\t\t\t<div class=\"elementor-widget-container\">\n\t\t\t\t\t<h2 class=\"elementor-heading-title elementor-size-default\">Products<\/h2>\t\t\t\t<\/div>\n\t\t\t\t<\/div>\n\t\t\t\t\t<\/div>\n\t\t\t\t<\/div>\n\t\t<div class=\"elementor-element elementor-element-3ca5498a e-flex e-con-boxed e-con e-parent\" data-id=\"3ca5498a\" data-element_type=\"container\" data-e-type=\"container\">\n\t\t\t\t\t<div class=\"e-con-inner\">\n\t\t\t\t<div class=\"elementor-element elementor-element-1d941f0f products-list elementor-widget elementor-widget-ucaddon_post_grid\" data-id=\"1d941f0f\" data-element_type=\"widget\" data-e-type=\"widget\" data-widget_type=\"ucaddon_post_grid.default\">\n\t\t\t\t<div class=\"elementor-widget-container\">\n\t\t\t\t\t\n<!-- start Post Grid -->\n\t\t<link id='font-awesome-css' href='https:\/\/www.alyors.com\/wp-content\/plugins\/unlimited-elements-for-elementor-premium\/assets_libraries\/font-awesome6\/fontawesome-all.min.css' type='text\/css' rel='stylesheet' >\n\t\t<link id='font-awesome-4-shim-css' href='https:\/\/www.alyors.com\/wp-content\/plugins\/unlimited-elements-for-elementor-premium\/assets_libraries\/font-awesome6\/fontawesome-v4-shims.min.css' type='text\/css' rel='stylesheet' >\n\n<style>\/* widget: Post Grid *\/\n\n\r\n@keyframes uc_post_grid_elementor_1d941f0f__item-animation {\r\n  0% {\r\n            transform: translateY(50px);\r\n        \t        \tfilter: blur(4px);\r\n\t\t\t\r\n    \t    opacity: 0;\r\n  }\r\n  100% {\r\n            transform: translateY(0px);\r\n        \t            filter: blur(0px);\r\n            \r\n    \t\topacity: 1;\r\n  }\r\n}\r\n\r\n\r\n#uc_post_grid_elementor_1d941f0f .ue-item{\r\n\topacity:0;\r\n}\r\n\r\n\r\n#uc_post_grid_elementor_1d941f0f .uc-entrance-animate {\r\n  opacity:1;\r\n}\r\n\r\n#uc_post_grid_elementor_1d941f0f .uc-entrance-animate {\r\n\tanimation: uc_post_grid_elementor_1d941f0f__item-animation 0.6s cubic-bezier(0.470, 0.000, 0.745, 0.715) both;\r\n}\r\n\r\n\t\t\t\n\n#uc_post_grid_elementor_1d941f0f.uc_post_grid_style_one .uc_post_grid_style_one_wrap {\n   display:grid;\n}\n\n\n#uc_post_grid_elementor_1d941f0f .uc_post_grid_style_one_item\n{\n  position:relative;\n}\n\n#uc_post_grid_elementor_1d941f0f .uc_post_image\n{\n  transition:0.3s;\n  position:relative;\n  overflow:hidden;\n}\n\n#uc_post_grid_elementor_1d941f0f .uc_post_image img\n{\n  width:100%;\n  display:block;\n  transition:0.3s;\n}\n\n\n\t\n\n\n\n\n\n\n#uc_post_grid_elementor_1d941f0f .uc_post_image_overlay\n{\n  position:absolute;\n  top:0px;\n  left:0px;\n  height:100%;\n  width:100%;\n  transition:0.3s;\n}\n\n#uc_post_grid_elementor_1d941f0f .uc_more_btn-custom-field\n{\n  display:inline-block;\n  text-align:center;\n  text-decoration:none;\n  transition:0.3s;\n}\n\n#uc_post_grid_elementor_1d941f0f .uc_more_btn\n{\n  display:inline-block;\n  text-align:center;\n  text-decoration:none;\n  transition:0.3s;\n}\n\n.ue-grid-item-category a\n{\n  display:inline-block;\n  font-size:10px;\n  \n}\n#uc_post_grid_elementor_1d941f0f .ue-grid-item-category a{\n    cursor: text;\n  }\n.uc_post_title\n{\n  font-size:21px;\n}\n\n\n\n#uc_post_grid_elementor_1d941f0f .ue_post_grid_item\n{\n  display:flex;\n  flex-direction:column;\n}\n\n#uc_post_grid_elementor_1d941f0f.uc_post_grid_style_one .uc_content{\n flex-grow:1;\n}\n\n#uc_post_grid_elementor_1d941f0f.uc_post_grid_style_one .uc_content > div\n{\n  height:100%;\n  display:flex;\n  flex-direction:column;\n  justify-content: space-between;}\n\n    #uc_post_grid_elementor_1d941f0f .uc_post_button\n   {\n     margin-top:auto;\n   }\n  \n\n\n\n\n\n\n\n\n\n\n\n\n\n\n\n\n\n\n\n\n\n\n#uc_post_grid_elementor_1d941f0f .ue-meta-data\n{\n  \n  display:flex;\n\n  flex-wrap: wrap;\n  line-height:1em;\n}\n\n#uc_post_grid_elementor_1d941f0f .ue-grid-item-meta-data\n{\n      display:inline-flex;\n      align-items:center;\n}\n\n#uc_post_grid_elementor_1d941f0f .ue-grid-item-meta-data a{\n  color:inherit;\n}\n\n.ue-grid-item-meta-data\n{\n  font-size:12px;\n}\n\n#uc_post_grid_elementor_1d941f0f .ue-grid-item-meta-data-icon\n{\n  line-height:1em;\n}\n\n#uc_post_grid_elementor_1d941f0f .ue-grid-item-meta-data-icon svg\n{\n  width:1em;\n  height:1em;\n}\n\n#uc_post_grid_elementor_1d941f0f .ue-debug-meta\n{\n  padding:10px;\n  border:1px solid red;\n  position:relative;\n  line-height:1.5em;\n  font-size:11px;\n  width:100%;\n}\n\n#uc_post_grid_elementor_1d941f0f .uc_btn_inner\n{\n  display:inline-flex;\n  align-items:center;\n}\n\n#uc_post_grid_elementor_1d941f0f .uc_btn_inner svg\n{\n  width:1em;\n  height:1em;\n}\n\n  #uc_post_grid_elementor_1d941f0f .ue_post_full_link{\n    position:absolute;\n    width:100%;\n    height:100%;\n    top:0;\n    left:0;\n  }\n\n\n\n<\/style>\n\n<div class=\"uc_post_grid_style_one uc-filterable-grid \" id=\"uc_post_grid_elementor_1d941f0f\"  data-ajax='true'  data-filterbehave='ajax'  querydata='{&quot;count_posts&quot;:0,&quot;total_posts&quot;:0,&quot;page&quot;:1,&quot;num_pages&quot;:1}' >\n\t\t<div class=\"uc_post_grid_style_one_wrap ue_post_grid uc-items-wrapper\">\n\t\t\t\n\t\t<\/div>\n\t<\/div>\n\n\n\n  <div id=\"uc_post_grid_elementor_1d941f0f_empty_message\" class=\"ue-no-posts-found\" >No posts found<\/div>\n\n\n<!-- end Post Grid -->\t\t\t\t<\/div>\n\t\t\t\t<\/div>\n\t\t\t\t<div class=\"elementor-element elementor-element-7c249790 elementor-align-center elementor-widget elementor-widget-button\" data-id=\"7c249790\" data-element_type=\"widget\" data-e-type=\"widget\" data-widget_type=\"button.default\">\n\t\t\t\t<div class=\"elementor-widget-container\">\n\t\t\t\t\t\t\t\t\t<div class=\"elementor-button-wrapper\">\n\t\t\t\t\t<a class=\"elementor-button elementor-button-link elementor-size-md\" href=\"https:\/\/www.alyors.com\/fr\/brand\/orzax\/\">\n\t\t\t\t\t\t<span class=\"elementor-button-content-wrapper\">\n\t\t\t\t\t\t\t\t\t<span class=\"elementor-button-text\">SEE ALL<\/span>\n\t\t\t\t\t<\/span>\n\t\t\t\t\t<\/a>\n\t\t\t\t<\/div>\n\t\t\t\t\t\t\t\t<\/div>\n\t\t\t\t<\/div>\n\t\t\t\t\t<\/div>\n\t\t\t\t<\/div>\n\t\t\t\t<\/div>\n\t\t","protected":false},"excerpt":{"rendered":"<p>\u201cUn Cadeau Pour la Sant\u00e9 \u201d En 2004, des m\u00e9decins, des pharmaciens et des investisseurs se sont r\u00e9unis pour cr\u00e9er Orzax Pharmaceuticals \u00e0 Istanbul. Forts de leurs ann\u00e9es d&rsquo;exp\u00e9rience et d&rsquo;expertise, ils ont lanc\u00e9 leurs premiers produits en 2005 et ont continu\u00e9 \u00e0 innover et \u00e0 introduire de nouveaux produits, toujours avec le slogan \u00ab\u00a0Gift [&hellip;]<\/p>\n","protected":false},"author":1,"featured_media":8012,"parent":8185,"menu_order":0,"comment_status":"closed","ping_status":"closed","template":"","meta":{"_acf_changed":false,"inline_featured_image":false,"footnotes":""},"class_list":["post-8234","page","type-page","status-publish","has-post-thumbnail","hentry"],"acf":[],"_links":{"self":[{"href":"https:\/\/www.alyors.com\/fr\/wp-json\/wp\/v2\/pages\/8234","targetHints":{"allow":["GET"]}}],"collection":[{"href":"https:\/\/www.alyors.com\/fr\/wp-json\/wp\/v2\/pages"}],"about":[{"href":"https:\/\/www.alyors.com\/fr\/wp-json\/wp\/v2\/types\/page"}],"author":[{"embeddable":true,"href":"https:\/\/www.alyors.com\/fr\/wp-json\/wp\/v2\/users\/1"}],"replies":[{"embeddable":true,"href":"https:\/\/www.alyors.com\/fr\/wp-json\/wp\/v2\/comments?post=8234"}],"version-history":[{"count":4,"href":"https:\/\/www.alyors.com\/fr\/wp-json\/wp\/v2\/pages\/8234\/revisions"}],"predecessor-version":[{"id":8238,"href":"https:\/\/www.alyors.com\/fr\/wp-json\/wp\/v2\/pages\/8234\/revisions\/8238"}],"up":[{"embeddable":true,"href":"https:\/\/www.alyors.com\/fr\/wp-json\/wp\/v2\/pages\/8185"}],"wp:featuredmedia":[{"embeddable":true,"href":"https:\/\/www.alyors.com\/fr\/wp-json\/wp\/v2\/media\/8012"}],"wp:attachment":[{"href":"https:\/\/www.alyors.com\/fr\/wp-json\/wp\/v2\/media?parent=8234"}],"curies":[{"name":"wp","href":"https:\/\/api.w.org\/{rel}","templated":true}]}}