{"id":8249,"date":"2024-02-29T19:46:22","date_gmt":"2024-02-29T19:46:22","guid":{"rendered":"https:\/\/www.alyors.com\/?page_id=8249"},"modified":"2024-10-13T17:52:04","modified_gmt":"2024-10-13T17:52:04","slug":"sustainability","status":"publish","type":"page","link":"https:\/\/www.alyors.com\/fr\/corporatif\/sustainability\/","title":{"rendered":"Durabilit\u00e9"},"content":{"rendered":"\t\t<div data-elementor-type=\"wp-page\" data-elementor-id=\"8249\" class=\"elementor elementor-8249 elementor-1422\" data-elementor-post-type=\"page\">\n\t\t\t\t<div class=\"elementor-element elementor-element-b3f733b e-flex e-con-boxed e-con e-parent\" data-id=\"b3f733b\" data-element_type=\"container\" data-e-type=\"container\">\n\t\t\t\t\t<div class=\"e-con-inner\">\n\t\t\t\t<div class=\"elementor-element elementor-element-b89a49f elementor-widget elementor-widget-text-editor\" data-id=\"b89a49f\" data-element_type=\"widget\" data-e-type=\"widget\" data-widget_type=\"text-editor.default\">\n\t\t\t\t<div class=\"elementor-widget-container\">\n\t\t\t\t\t\t\t\t\t<p>Chez Alyors, nous reconnaissons non seulement l&rsquo;importance de la durabilit\u00e9, mais aussi l&rsquo;importance d&rsquo;\u00eatre conscient des questions ESG (environnementales, sociales et de gouvernance). Notre \u00e9quipe et nous-m\u00eames avons pris des mesures proactives pour incorporer les principes ESG dans nos op\u00e9rations.<\/p><p>Pour traiter notre empreinte num\u00e9rique et notre empreinte carbone globale \u00e0 un niveau personnel, nous avons \u00e9tabli des indicateurs cl\u00e9s de performance (ICP) ESG sp\u00e9cifiques. Ces indicateurs servent de r\u00e9f\u00e9rence pour mesurer nos progr\u00e8s dans la r\u00e9duction de notre impact environnemental. En outre, nous avons dispens\u00e9 une formation \u00e0 notre personnel pour l&rsquo;aider \u00e0 adopter des mesures personnelles conformes \u00e0 nos objectifs de d\u00e9veloppement durable dans leur vie quotidienne.<\/p><p>Le d\u00e9veloppement durable est un pilier central de notre strat\u00e9gie de r\u00e9ussite \u00e0 long terme. Nous nous engageons pleinement \u00e0 minimiser notre impact sur l&rsquo;environnement tout en respectant les normes les plus strictes en mati\u00e8re de qualit\u00e9 et de s\u00e9curit\u00e9 des produits. Notre approche du d\u00e9veloppement durable s&rsquo;articule autour de trois domaines fondamentaux :<\/p>\t\t\t\t\t\t\t\t<\/div>\n\t\t\t\t<\/div>\n\t\t\t\t<div class=\"elementor-element elementor-element-94d266f elementor-widget elementor-widget-heading\" data-id=\"94d266f\" data-element_type=\"widget\" data-e-type=\"widget\" data-widget_type=\"heading.default\">\n\t\t\t\t<div class=\"elementor-widget-container\">\n\t\t\t\t\t<h2 class=\"elementor-heading-title elementor-size-default\">R\u00e9duire notre empreinte carbone <\/h2>\t\t\t\t<\/div>\n\t\t\t\t<\/div>\n\t\t\t\t<div class=\"elementor-element elementor-element-f51272e elementor-widget elementor-widget-text-editor\" data-id=\"f51272e\" data-element_type=\"widget\" data-e-type=\"widget\" data-widget_type=\"text-editor.default\">\n\t\t\t\t<div class=\"elementor-widget-container\">\n\t\t\t\t\t\t\t\t\t<p>Nous avons pris diverses initiatives pour r\u00e9duire notre consommation d&rsquo;\u00e9nergie et am\u00e9liorer l&rsquo;efficacit\u00e9 de notre cha\u00eene d&rsquo;approvisionnement. L&rsquo;adoption des \u00e9nergies renouvelables est un aspect essentiel de cette strat\u00e9gie. Nous nous sommes fix\u00e9 des objectifs ambitieux pour r\u00e9duire nos \u00e9missions de gaz \u00e0 effet de serre et avons investi dans des technologies \u00e0 haut rendement \u00e9nerg\u00e9tique, telles que l&rsquo;\u00e9clairage LED et les panneaux solaires, afin d&rsquo;atteindre ces objectifs. En outre, nous optimisons continuellement nos itin\u00e9raires de transport afin de minimiser les \u00e9missions de carbone et de r\u00e9duire notre d\u00e9pendance \u00e0 l&rsquo;\u00e9gard des combustibles fossiles.<\/p>\t\t\t\t\t\t\t\t<\/div>\n\t\t\t\t<\/div>\n\t\t\t\t<div class=\"elementor-element elementor-element-0eed93e elementor-widget elementor-widget-heading\" data-id=\"0eed93e\" data-element_type=\"widget\" data-e-type=\"widget\" data-widget_type=\"heading.default\">\n\t\t\t\t<div class=\"elementor-widget-container\">\n\t\t\t\t\t<h2 class=\"elementor-heading-title elementor-size-default\">Promouvoir l'approvisionnement responsable <\/h2>\t\t\t\t<\/div>\n\t\t\t\t<\/div>\n\t\t\t\t<div class=\"elementor-element elementor-element-fae5da3 elementor-widget elementor-widget-text-editor\" data-id=\"fae5da3\" data-element_type=\"widget\" data-e-type=\"widget\" data-widget_type=\"text-editor.default\">\n\t\t\t\t<div class=\"elementor-widget-container\">\n\t\t\t\t\t\t\t\t\t<p>Nous comprenons l&rsquo;importance d&rsquo;un approvisionnement responsable pour promouvoir le d\u00e9veloppement durable. \u00c0 cette fin, nous collaborons activement avec des fournisseurs qui partagent notre engagement en faveur du d\u00e9veloppement durable. Nos fournisseurs sont tenus d&rsquo;adh\u00e9rer \u00e0 nos normes de durabilit\u00e9, qui comprennent la r\u00e9duction des d\u00e9chets, la conservation des ressources et des efforts pour minimiser leur impact sur l&rsquo;environnement.<\/p>\t\t\t\t\t\t\t\t<\/div>\n\t\t\t\t<\/div>\n\t\t\t\t<div class=\"elementor-element elementor-element-8b535b7 elementor-widget elementor-widget-heading\" data-id=\"8b535b7\" data-element_type=\"widget\" data-e-type=\"widget\" data-widget_type=\"heading.default\">\n\t\t\t\t<div class=\"elementor-widget-container\">\n\t\t\t\t\t<h2 class=\"elementor-heading-title elementor-size-default\">Favoriser une culture de l'innovation et de l'am\u00e9lioration continue <\/h2>\t\t\t\t<\/div>\n\t\t\t\t<\/div>\n\t\t\t\t<div class=\"elementor-element elementor-element-fc80f54 elementor-widget elementor-widget-text-editor\" data-id=\"fc80f54\" data-element_type=\"widget\" data-e-type=\"widget\" data-widget_type=\"text-editor.default\">\n\t\t\t\t<div class=\"elementor-widget-container\">\n\t\t\t\t\t\t\t\t\t<p>L&rsquo;innovation est essentielle pour promouvoir le d\u00e9veloppement durable au sein de notre organisation. Nous allouons des ressources \u00e0 la recherche et au d\u00e9veloppement afin de cr\u00e9er des produits et des mat\u00e9riaux d&#8217;emballage nouveaux et plus durables. En outre, nous \u00e9valuons r\u00e9guli\u00e8rement nos op\u00e9rations afin d&rsquo;identifier les possibilit\u00e9s d&rsquo;am\u00e9lioration et de meilleures pratiques durables.<\/p><p>En conclusion, la durabilit\u00e9 n&rsquo;est pas seulement un mot \u00e0 la mode chez Alyors ; elle est au c\u0153ur de notre activit\u00e9. Gr\u00e2ce \u00e0 nos efforts pour r\u00e9duire notre empreinte carbone, promouvoir un approvisionnement responsable et encourager l&rsquo;innovation et l&rsquo;am\u00e9lioration continue, nous sommes certains d&rsquo;atteindre nos objectifs de d\u00e9veloppement durable et de contribuer \u00e0 un avenir plus durable pour notre entreprise et notre plan\u00e8te.<\/p>\t\t\t\t\t\t\t\t<\/div>\n\t\t\t\t<\/div>\n\t\t\t\t\t<\/div>\n\t\t\t\t<\/div>\n\t\t\t\t<\/div>\n\t\t","protected":false},"excerpt":{"rendered":"<p>Chez Alyors, nous reconnaissons non seulement l&rsquo;importance de la durabilit\u00e9, mais aussi l&rsquo;importance d&rsquo;\u00eatre conscient des questions ESG (environnementales, sociales et de gouvernance). Notre \u00e9quipe et nous-m\u00eames avons pris des mesures proactives pour incorporer les principes ESG dans nos op\u00e9rations. Pour traiter notre empreinte num\u00e9rique et notre empreinte carbone globale \u00e0 un niveau personnel, nous [&hellip;]<\/p>\n","protected":false},"author":1,"featured_media":8250,"parent":8017,"menu_order":0,"comment_status":"closed","ping_status":"closed","template":"","meta":{"_acf_changed":false,"inline_featured_image":false,"footnotes":""},"class_list":["post-8249","page","type-page","status-publish","has-post-thumbnail","hentry"],"acf":[],"_links":{"self":[{"href":"https:\/\/www.alyors.com\/fr\/wp-json\/wp\/v2\/pages\/8249","targetHints":{"allow":["GET"]}}],"collection":[{"href":"https:\/\/www.alyors.com\/fr\/wp-json\/wp\/v2\/pages"}],"about":[{"href":"https:\/\/www.alyors.com\/fr\/wp-json\/wp\/v2\/types\/page"}],"author":[{"embeddable":true,"href":"https:\/\/www.alyors.com\/fr\/wp-json\/wp\/v2\/users\/1"}],"replies":[{"embeddable":true,"href":"https:\/\/www.alyors.com\/fr\/wp-json\/wp\/v2\/comments?post=8249"}],"version-history":[{"count":6,"href":"https:\/\/www.alyors.com\/fr\/wp-json\/wp\/v2\/pages\/8249\/revisions"}],"predecessor-version":[{"id":8256,"href":"https:\/\/www.alyors.com\/fr\/wp-json\/wp\/v2\/pages\/8249\/revisions\/8256"}],"up":[{"embeddable":true,"href":"https:\/\/www.alyors.com\/fr\/wp-json\/wp\/v2\/pages\/8017"}],"wp:featuredmedia":[{"embeddable":true,"href":"https:\/\/www.alyors.com\/fr\/wp-json\/wp\/v2\/media\/8250"}],"wp:attachment":[{"href":"https:\/\/www.alyors.com\/fr\/wp-json\/wp\/v2\/media?parent=8249"}],"curies":[{"name":"wp","href":"https:\/\/api.w.org\/{rel}","templated":true}]}}