{"id":8316,"date":"2024-02-29T19:52:51","date_gmt":"2024-02-29T19:52:51","guid":{"rendered":"https:\/\/www.alyors.com\/?page_id=8316"},"modified":"2024-10-14T18:31:11","modified_gmt":"2024-10-14T18:31:11","slug":"day2day","status":"publish","type":"page","link":"https:\/\/www.alyors.com\/fr\/nos-marques\/day2day\/","title":{"rendered":"Day2Day"},"content":{"rendered":"\t\t<div data-elementor-type=\"wp-page\" data-elementor-id=\"8316\" class=\"elementor elementor-8316 elementor-1429\" data-elementor-post-type=\"page\">\n\t\t\t\t<div class=\"elementor-element elementor-element-5323fc1a e-flex e-con-boxed e-con e-parent\" data-id=\"5323fc1a\" data-element_type=\"container\" data-e-type=\"container\">\n\t\t\t\t\t<div class=\"e-con-inner\">\n\t\t\t\t<div class=\"elementor-element elementor-element-6ab40c30 section-title section-title--centered elementor-widget elementor-widget-heading\" data-id=\"6ab40c30\" data-element_type=\"widget\" data-e-type=\"widget\" data-widget_type=\"heading.default\">\n\t\t\t\t<div class=\"elementor-widget-container\">\n\t\t\t\t\t<h1 class=\"elementor-heading-title elementor-size-default\">Day2Day<\/h1>\t\t\t\t<\/div>\n\t\t\t\t<\/div>\n\t\t\t\t<div class=\"elementor-element elementor-element-48287b63 elementor-widget elementor-widget-heading\" data-id=\"48287b63\" data-element_type=\"widget\" data-e-type=\"widget\" data-widget_type=\"heading.default\">\n\t\t\t\t<div class=\"elementor-widget-container\">\n\t\t\t\t\t<h2 class=\"elementor-heading-title elementor-size-default\">Get a healthy age with Day2Day, complete your skin...<\/h2>\t\t\t\t<\/div>\n\t\t\t\t<\/div>\n\t\t\t\t<div class=\"elementor-element elementor-element-42abd762 elementor-widget elementor-widget-text-editor\" data-id=\"42abd762\" data-element_type=\"widget\" data-e-type=\"widget\" data-widget_type=\"text-editor.default\">\n\t\t\t\t<div class=\"elementor-widget-container\">\n\t\t\t\t\t\t\t\t\t<p>Day2Day va de l&rsquo;avant avec confiance, gr\u00e2ce \u00e0 son personnel exp\u00e9riment\u00e9 et \u00e0 ses pas r\u00e9guliers, dans le but de se d\u00e9velopper et de cro\u00eetre dans le secteur de la sant\u00e9, o\u00f9 une innovation \u00e9merge chaque jour. Nous travaillons pour que Day2Day soit plus grand, de meilleure qualit\u00e9 et plus performant afin de contribuer davantage \u00e0 la sant\u00e9 dans les ann\u00e9es \u00e0 venir.<\/p><p>Depuis sa cr\u00e9ation, la philosophie de Day2Day a toujours \u00e9t\u00e9 d&rsquo;offrir le contenu le plus naturel et le meilleur. Day2Day produit des compl\u00e9ments alimentaires qui ne font jamais de compromis sur la qualit\u00e9 pour vous offrir des ann\u00e9es d&rsquo;exp\u00e9rience. Depuis le premier jour, elle met l&rsquo;accent sur l&rsquo;importance de la qualit\u00e9 avec ses produits qui soutiendront toujours votre sant\u00e9 dans tous les domaines.<\/p><p>Les compl\u00e9ments alimentaires innovants de Day2Day ont commenc\u00e9 \u00e0 \u00eatre propos\u00e9s \u00e0 la vente avec des sources de mati\u00e8res premi\u00e8res soigneusement s\u00e9lectionn\u00e9es et de l&rsquo;exp\u00e9rience.<\/p><p>Chacun des produits Day2Day est fabriqu\u00e9 dans nos propres installations de production d&rsquo;une mani\u00e8re qui est \u00ab\u00a0la plus appropri\u00e9e pour la sant\u00e9 publique\u00a0\u00bb en adh\u00e9rant \u00e0 des param\u00e8tres de qualit\u00e9 de haut niveau. Les substances que nous n&rsquo;utilisons pas dans nos produits sont aussi importantes que les ingr\u00e9dients que nous utilisons. C&rsquo;est pourquoi nous vous proposons le plus sp\u00e9cial d&rsquo;entre eux.<\/p><p>Les mati\u00e8res premi\u00e8res utilis\u00e9es dans nos produits proviennent de l&rsquo;\u00e9tranger. Nos produits sont soumis \u00e0 diverses analyses, utilisent des substances brevet\u00e9es et sont certifi\u00e9s halal.<\/p><p>Obtenez un \u00e2ge sain avec Day2Day, compl\u00e9tez votre peau&#8230;<\/p>\t\t\t\t\t\t\t\t<\/div>\n\t\t\t\t<\/div>\n\t\t\t\t\t<\/div>\n\t\t\t\t<\/div>\n\t\t<div class=\"elementor-element elementor-element-2637c861 e-flex e-con-boxed e-con e-parent\" data-id=\"2637c861\" data-element_type=\"container\" data-e-type=\"container\">\n\t\t\t\t\t<div class=\"e-con-inner\">\n\t\t\t\t<div class=\"elementor-element elementor-element-57bd135c elementor-widget elementor-widget-image\" data-id=\"57bd135c\" data-element_type=\"widget\" data-e-type=\"widget\" data-widget_type=\"image.default\">\n\t\t\t\t<div class=\"elementor-widget-container\">\n\t\t\t\t\t\t\t\t\t\t\t\t\t\t\t<img fetchpriority=\"high\" decoding=\"async\" width=\"800\" height=\"263\" src=\"https:\/\/www.alyors.com\/wp-content\/uploads\/2024\/02\/day2day.svg\" class=\"attachment-large size-large wp-image-8317\" alt=\"\" \/>\t\t\t\t\t\t\t\t\t\t\t\t\t\t\t<\/div>\n\t\t\t\t<\/div>\n\t\t\t\t<div class=\"elementor-element elementor-element-6a843f3f elementor-align-center elementor-widget elementor-widget-button\" data-id=\"6a843f3f\" data-element_type=\"widget\" data-e-type=\"widget\" data-widget_type=\"button.default\">\n\t\t\t\t<div class=\"elementor-widget-container\">\n\t\t\t\t\t\t\t\t\t<div class=\"elementor-button-wrapper\">\n\t\t\t\t\t<a class=\"elementor-button elementor-button-link elementor-size-md\" href=\"https:\/\/www.day2day.com.tr\/en\/\" target=\"_blank\" rel=\"nofollow noopener\">\n\t\t\t\t\t\t<span class=\"elementor-button-content-wrapper\">\n\t\t\t\t\t\t\t\t\t<span class=\"elementor-button-text\">ALLER SUR LE SITE DE L'ENTREPRISE<\/span>\n\t\t\t\t\t<\/span>\n\t\t\t\t\t<\/a>\n\t\t\t\t<\/div>\n\t\t\t\t\t\t\t\t<\/div>\n\t\t\t\t<\/div>\n\t\t\t\t\t<\/div>\n\t\t\t\t<\/div>\n\t\t<div class=\"elementor-element elementor-element-366021ae e-flex e-con-boxed e-con e-parent\" data-id=\"366021ae\" data-element_type=\"container\" data-e-type=\"container\">\n\t\t\t\t\t<div class=\"e-con-inner\">\n\t\t\t\t<div class=\"elementor-element elementor-element-55afffc2 elementor-widget elementor-widget-heading\" data-id=\"55afffc2\" data-element_type=\"widget\" data-e-type=\"widget\" data-widget_type=\"heading.default\">\n\t\t\t\t<div class=\"elementor-widget-container\">\n\t\t\t\t\t<h2 class=\"elementor-heading-title elementor-size-default\">Produits\n<\/h2>\t\t\t\t<\/div>\n\t\t\t\t<\/div>\n\t\t\t\t\t<\/div>\n\t\t\t\t<\/div>\n\t\t<div class=\"elementor-element elementor-element-5f99df21 e-flex e-con-boxed e-con e-parent\" data-id=\"5f99df21\" data-element_type=\"container\" data-e-type=\"container\">\n\t\t\t\t\t<div class=\"e-con-inner\">\n\t\t\t\t<div class=\"elementor-element elementor-element-1e33f57e products-list elementor-widget elementor-widget-ucaddon_post_grid\" data-id=\"1e33f57e\" data-element_type=\"widget\" data-e-type=\"widget\" data-widget_type=\"ucaddon_post_grid.default\">\n\t\t\t\t<div class=\"elementor-widget-container\">\n\t\t\t\t\t\n<!-- start Post Grid -->\n\t\t<link id='font-awesome-css' href='https:\/\/www.alyors.com\/wp-content\/plugins\/unlimited-elements-for-elementor-premium\/assets_libraries\/font-awesome6\/fontawesome-all.min.css' type='text\/css' rel='stylesheet' >\n\t\t<link id='font-awesome-4-shim-css' href='https:\/\/www.alyors.com\/wp-content\/plugins\/unlimited-elements-for-elementor-premium\/assets_libraries\/font-awesome6\/fontawesome-v4-shims.min.css' type='text\/css' rel='stylesheet' >\n\n<style>\/* widget: Post Grid *\/\n\n\r\n@keyframes uc_post_grid_elementor_1e33f57e__item-animation {\r\n  0% {\r\n            transform: translateY(50px);\r\n        \t        \tfilter: blur(4px);\r\n\t\t\t\r\n    \t    opacity: 0;\r\n  }\r\n  100% {\r\n            transform: translateY(0px);\r\n        \t            filter: blur(0px);\r\n            \r\n    \t\topacity: 1;\r\n  }\r\n}\r\n\r\n\r\n#uc_post_grid_elementor_1e33f57e .ue-item{\r\n\topacity:0;\r\n}\r\n\r\n\r\n#uc_post_grid_elementor_1e33f57e .uc-entrance-animate {\r\n  opacity:1;\r\n}\r\n\r\n#uc_post_grid_elementor_1e33f57e .uc-entrance-animate {\r\n\tanimation: uc_post_grid_elementor_1e33f57e__item-animation 0.6s cubic-bezier(0.470, 0.000, 0.745, 0.715) both;\r\n}\r\n\r\n\t\t\t\n\n#uc_post_grid_elementor_1e33f57e.uc_post_grid_style_one .uc_post_grid_style_one_wrap {\n   display:grid;\n}\n\n\n#uc_post_grid_elementor_1e33f57e .uc_post_grid_style_one_item\n{\n  position:relative;\n}\n\n#uc_post_grid_elementor_1e33f57e .uc_post_image\n{\n  transition:0.3s;\n  position:relative;\n  overflow:hidden;\n}\n\n#uc_post_grid_elementor_1e33f57e .uc_post_image img\n{\n  width:100%;\n  display:block;\n  transition:0.3s;\n}\n\n\n\t\n\n\n\n\n\n\n#uc_post_grid_elementor_1e33f57e .uc_post_image_overlay\n{\n  position:absolute;\n  top:0px;\n  left:0px;\n  height:100%;\n  width:100%;\n  transition:0.3s;\n}\n\n#uc_post_grid_elementor_1e33f57e .uc_more_btn-custom-field\n{\n  display:inline-block;\n  text-align:center;\n  text-decoration:none;\n  transition:0.3s;\n}\n\n#uc_post_grid_elementor_1e33f57e .uc_more_btn\n{\n  display:inline-block;\n  text-align:center;\n  text-decoration:none;\n  transition:0.3s;\n}\n\n.ue-grid-item-category a\n{\n  display:inline-block;\n  font-size:10px;\n  \n}\n#uc_post_grid_elementor_1e33f57e .ue-grid-item-category a{\n    cursor: text;\n  }\n.uc_post_title\n{\n  font-size:21px;\n}\n\n\n\n#uc_post_grid_elementor_1e33f57e .ue_post_grid_item\n{\n  display:flex;\n  flex-direction:column;\n}\n\n#uc_post_grid_elementor_1e33f57e.uc_post_grid_style_one .uc_content{\n flex-grow:1;\n}\n\n#uc_post_grid_elementor_1e33f57e.uc_post_grid_style_one .uc_content > div\n{\n  height:100%;\n  display:flex;\n  flex-direction:column;\n  justify-content: space-between;}\n\n    #uc_post_grid_elementor_1e33f57e .uc_post_button\n   {\n     margin-top:auto;\n   }\n  \n\n\n\n\n\n\n\n\n\n\n\n\n\n\n\n\n\n\n\n\n\n\n#uc_post_grid_elementor_1e33f57e .ue-meta-data\n{\n  \n  display:flex;\n\n  flex-wrap: wrap;\n  line-height:1em;\n}\n\n#uc_post_grid_elementor_1e33f57e .ue-grid-item-meta-data\n{\n      display:inline-flex;\n      align-items:center;\n}\n\n#uc_post_grid_elementor_1e33f57e .ue-grid-item-meta-data a{\n  color:inherit;\n}\n\n.ue-grid-item-meta-data\n{\n  font-size:12px;\n}\n\n#uc_post_grid_elementor_1e33f57e .ue-grid-item-meta-data-icon\n{\n  line-height:1em;\n}\n\n#uc_post_grid_elementor_1e33f57e .ue-grid-item-meta-data-icon svg\n{\n  width:1em;\n  height:1em;\n}\n\n#uc_post_grid_elementor_1e33f57e .ue-debug-meta\n{\n  padding:10px;\n  border:1px solid red;\n  position:relative;\n  line-height:1.5em;\n  font-size:11px;\n  width:100%;\n}\n\n#uc_post_grid_elementor_1e33f57e .uc_btn_inner\n{\n  display:inline-flex;\n  align-items:center;\n}\n\n#uc_post_grid_elementor_1e33f57e .uc_btn_inner svg\n{\n  width:1em;\n  height:1em;\n}\n\n  #uc_post_grid_elementor_1e33f57e .ue_post_full_link{\n    position:absolute;\n    width:100%;\n    height:100%;\n    top:0;\n    left:0;\n  }\n\n\n\n\n\n\n\n<\/style>\n\n<div class=\"uc_post_grid_style_one uc-filterable-grid \" id=\"uc_post_grid_elementor_1e33f57e\"  data-ajax='true'  data-filterbehave='ajax'  querydata='{&quot;count_posts&quot;:4,&quot;total_posts&quot;:5,&quot;page&quot;:1,&quot;num_pages&quot;:2}' >\n\t\t<div class=\"uc_post_grid_style_one_wrap ue_post_grid uc-items-wrapper\">\n\t\t\t\n\n\n\n<div id=\"uc_post_grid_elementor_1e33f57e_item1\" class=\"uc_post_grid_style_one_item ue_post_grid_item ue-item product-grid \">\n  \n  <div class=\"uc_content\">\n    <div class=\"uc_content_inner\">\n      <div class=\"uc_content-info-wrapper\" >\n        \n                 \n        \t        \t\t        \t\t\n\t\t\t        \n        \t<div class=\"ue-grid-item-category\">\n                            \t              \t\t<a href=\"javascript:void(0);\" class=\"supplements-de-collagene\">Day2Day<\/a>\n              \t                      \t<\/div>        \n      \n              \n\n            \t\t      \t\t\t<div class=\"uc_post_title\"><a class=\"\" href=\"https:\/\/www.alyors.com\/fr\/products\/day2day-fr\/the-collagen-all-body\/\" target=\"_self\"><p class=\"ue_p_title\">The Collagen All Body<\/p><\/a><\/div>\n      \t\t      \t\n                      \n       \n        <div class=\"ue-meta-data\">\n            \n        \n                \n        \n\t\n                \n                \n                \n                \n    \t\t\t\n      \n            \n  <\/div>\t\n           \n                 \n                            \n                                  \n     <\/div>\n                   <a class=\"uc_post_grid_style_one_image \" href=\"https:\/\/www.alyors.com\/fr\/products\/day2day-fr\/the-collagen-all-body\/\" target=\"_self\">\n     <div class=\"uc_post_image\">\n       <img decoding=\"async\" src=\"https:\/\/www.alyors.com\/wp-content\/uploads\/2024\/03\/1091C.webp\"  src=\"https:\/\/www.alyors.com\/wp-content\/uploads\/2024\/03\/1091C.webp\" alt=\"Private Label Hydrolyzed Collagen Peptides Manufacturer - Day2Day\" width=\"617\" height=\"617\">\n       <div class=\"uc_post_image_overlay\"><\/div>\n     <\/div>\n    <\/a>\n                      \n           <div class=\"uc_post_button\">\n        \n        <a class=\"uc_more_btn \" target=\"_self\" href=\"https:\/\/www.alyors.com\/fr\/products\/day2day-fr\/the-collagen-all-body\/\">\n          <div class=\"uc_btn_inner\">\n            <div class=\"uc_btn_txt\">MORE INFO<\/div>\n            <div class=\"uc_btn_icon\"><i class='fas fa-caret-right'><\/i><\/div>          <\/div>\n      \t<\/a>\n        \n                \n      <\/div>                           \n \t<\/div>  <\/div>      \n  <a class=\"ue_post_full_link\" href=\"https:\/\/www.alyors.com\/fr\/products\/day2day-fr\/the-collagen-all-body\/\" aria-label=\"Read more about The Collagen All Body\"><\/a>      \n<\/div>\n\n\n\n\n<div id=\"uc_post_grid_elementor_1e33f57e_item2\" class=\"uc_post_grid_style_one_item ue_post_grid_item ue-item product-grid \">\n  \n  <div class=\"uc_content\">\n    <div class=\"uc_content_inner\">\n      <div class=\"uc_content-info-wrapper\" >\n        \n                 \n        \t        \t\t        \t\t\n\t\t\t        \n        \t<div class=\"ue-grid-item-category\">\n                            \t              \t\t<a href=\"javascript:void(0);\" class=\"supplements-de-collagene\">Day2Day<\/a>\n              \t                      \t<\/div>        \n      \n              \n\n            \t\t      \t\t\t<div class=\"uc_post_title\"><a class=\"\" href=\"https:\/\/www.alyors.com\/fr\/products\/day2day-fr\/the-collagen-mag-plus\/\" target=\"_self\"><p class=\"ue_p_title\">The Collagen Mag Plus<\/p><\/a><\/div>\n      \t\t      \t\n                      \n       \n        <div class=\"ue-meta-data\">\n            \n        \n                \n        \n\t\n                \n                \n                \n                \n    \t\t\t\n      \n            \n  <\/div>\t\n           \n                 \n                            \n                                  \n     <\/div>\n                   <a class=\"uc_post_grid_style_one_image \" href=\"https:\/\/www.alyors.com\/fr\/products\/day2day-fr\/the-collagen-mag-plus\/\" target=\"_self\">\n     <div class=\"uc_post_image\">\n       <img decoding=\"async\" src=\"https:\/\/www.alyors.com\/wp-content\/uploads\/2024\/03\/1162C.webp\"  src=\"https:\/\/www.alyors.com\/wp-content\/uploads\/2024\/03\/1162C.webp\" alt=\"Private Label Hydrolyzed Collagen Peptides (9700mg) Manufacturer - Day2Day\" width=\"617\" height=\"617\">\n       <div class=\"uc_post_image_overlay\"><\/div>\n     <\/div>\n    <\/a>\n                      \n           <div class=\"uc_post_button\">\n        \n        <a class=\"uc_more_btn \" target=\"_self\" href=\"https:\/\/www.alyors.com\/fr\/products\/day2day-fr\/the-collagen-mag-plus\/\">\n          <div class=\"uc_btn_inner\">\n            <div class=\"uc_btn_txt\">MORE INFO<\/div>\n            <div class=\"uc_btn_icon\"><i class='fas fa-caret-right'><\/i><\/div>          <\/div>\n      \t<\/a>\n        \n                \n      <\/div>                           \n \t<\/div>  <\/div>      \n  <a class=\"ue_post_full_link\" href=\"https:\/\/www.alyors.com\/fr\/products\/day2day-fr\/the-collagen-mag-plus\/\" aria-label=\"Read more about The Collagen Mag Plus\"><\/a>      \n<\/div>\n\n\n\n\n<div id=\"uc_post_grid_elementor_1e33f57e_item3\" class=\"uc_post_grid_style_one_item ue_post_grid_item ue-item product-grid \">\n  \n  <div class=\"uc_content\">\n    <div class=\"uc_content_inner\">\n      <div class=\"uc_content-info-wrapper\" >\n        \n                 \n        \t        \t\t        \t\t\n\t\t\t        \n        \t<div class=\"ue-grid-item-category\">\n                            \t              \t\t<a href=\"javascript:void(0);\" class=\"supplements-de-collagene\">Day2Day<\/a>\n              \t                      \t<\/div>        \n      \n              \n\n            \t\t      \t\t\t<div class=\"uc_post_title\"><a class=\"\" href=\"https:\/\/www.alyors.com\/fr\/products\/day2day-fr\/the-collagen-beauty-intense\/\" target=\"_self\"><p class=\"ue_p_title\">The Collagen Beauty Intense<\/p><\/a><\/div>\n      \t\t      \t\n                      \n       \n        <div class=\"ue-meta-data\">\n            \n        \n                \n        \n\t\n                \n                \n                \n                \n    \t\t\t\n      \n            \n  <\/div>\t\n           \n                 \n                            \n                                  \n     <\/div>\n                   <a class=\"uc_post_grid_style_one_image \" href=\"https:\/\/www.alyors.com\/fr\/products\/day2day-fr\/the-collagen-beauty-intense\/\" target=\"_self\">\n     <div class=\"uc_post_image\">\n       <img loading=\"lazy\" decoding=\"async\" src=\"https:\/\/www.alyors.com\/wp-content\/uploads\/2024\/03\/1090C.webp\"  src=\"https:\/\/www.alyors.com\/wp-content\/uploads\/2024\/03\/1090C.webp\" alt=\"Private Label Hydrolyzed Collagen Peptides (10,000mg) Satchet - Day2Day\" width=\"617\" height=\"617\">\n       <div class=\"uc_post_image_overlay\"><\/div>\n     <\/div>\n    <\/a>\n                      \n           <div class=\"uc_post_button\">\n        \n        <a class=\"uc_more_btn \" target=\"_self\" href=\"https:\/\/www.alyors.com\/fr\/products\/day2day-fr\/the-collagen-beauty-intense\/\">\n          <div class=\"uc_btn_inner\">\n            <div class=\"uc_btn_txt\">MORE INFO<\/div>\n            <div class=\"uc_btn_icon\"><i class='fas fa-caret-right'><\/i><\/div>          <\/div>\n      \t<\/a>\n        \n                \n      <\/div>                           \n \t<\/div>  <\/div>      \n  <a class=\"ue_post_full_link\" href=\"https:\/\/www.alyors.com\/fr\/products\/day2day-fr\/the-collagen-beauty-intense\/\" aria-label=\"Read more about The Collagen Beauty Intense\"><\/a>      \n<\/div>\n\n\n\n\n<div id=\"uc_post_grid_elementor_1e33f57e_item4\" class=\"uc_post_grid_style_one_item ue_post_grid_item ue-item product-grid \">\n  \n  <div class=\"uc_content\">\n    <div class=\"uc_content_inner\">\n      <div class=\"uc_content-info-wrapper\" >\n        \n                 \n        \t        \t\t        \t\t\n\t\t\t        \n        \t<div class=\"ue-grid-item-category\">\n                            \t              \t\t<a href=\"javascript:void(0);\" class=\"supplements-de-collagene\">Day2Day<\/a>\n              \t                      \t<\/div>        \n      \n              \n\n            \t\t      \t\t\t<div class=\"uc_post_title\"><a class=\"\" href=\"https:\/\/www.alyors.com\/fr\/products\/day2day-fr\/the-collagen-beauty\/\" target=\"_self\"><p class=\"ue_p_title\">The Collagen Beauty<\/p><\/a><\/div>\n      \t\t      \t\n                      \n       \n        <div class=\"ue-meta-data\">\n            \n        \n                \n        \n\t\n                \n                \n                \n                \n    \t\t\t\n      \n            \n  <\/div>\t\n           \n                 \n                            \n                                  \n     <\/div>\n                   <a class=\"uc_post_grid_style_one_image \" href=\"https:\/\/www.alyors.com\/fr\/products\/day2day-fr\/the-collagen-beauty\/\" target=\"_self\">\n     <div class=\"uc_post_image\">\n       <img loading=\"lazy\" decoding=\"async\" src=\"https:\/\/www.alyors.com\/wp-content\/uploads\/2024\/03\/1081C.webp\"  src=\"https:\/\/www.alyors.com\/wp-content\/uploads\/2024\/03\/1081C.webp\" alt=\"Private Label Liquid Collagen Peptides (5,500mg) Manufacturer  - Day2Day\" width=\"617\" height=\"617\">\n       <div class=\"uc_post_image_overlay\"><\/div>\n     <\/div>\n    <\/a>\n                      \n           <div class=\"uc_post_button\">\n        \n        <a class=\"uc_more_btn \" target=\"_self\" href=\"https:\/\/www.alyors.com\/fr\/products\/day2day-fr\/the-collagen-beauty\/\">\n          <div class=\"uc_btn_inner\">\n            <div class=\"uc_btn_txt\">MORE INFO<\/div>\n            <div class=\"uc_btn_icon\"><i class='fas fa-caret-right'><\/i><\/div>          <\/div>\n      \t<\/a>\n        \n                \n      <\/div>                           \n \t<\/div>  <\/div>      \n  <a class=\"ue_post_full_link\" href=\"https:\/\/www.alyors.com\/fr\/products\/day2day-fr\/the-collagen-beauty\/\" aria-label=\"Read more about The Collagen Beauty\"><\/a>      \n<\/div>\n\n\t\t<\/div>\n\t<\/div>\n\n\n\n  <div id=\"uc_post_grid_elementor_1e33f57e_empty_message\" class=\"ue-no-posts-found\"  style=\"display:none\" >No posts found<\/div>\n\n\n<!-- end Post Grid -->\t\t\t\t<\/div>\n\t\t\t\t<\/div>\n\t\t\t\t<div class=\"elementor-element elementor-element-19c02029 elementor-align-center elementor-widget elementor-widget-button\" data-id=\"19c02029\" data-element_type=\"widget\" data-e-type=\"widget\" data-widget_type=\"button.default\">\n\t\t\t\t<div class=\"elementor-widget-container\">\n\t\t\t\t\t\t\t\t\t<div class=\"elementor-button-wrapper\">\n\t\t\t\t\t<a class=\"elementor-button elementor-button-link elementor-size-md\" href=\"https:\/\/www.alyors.com\/fr\/brand\/day2day\/\">\n\t\t\t\t\t\t<span class=\"elementor-button-content-wrapper\">\n\t\t\t\t\t\t\t\t\t<span class=\"elementor-button-text\">TOUT VOIR<\/span>\n\t\t\t\t\t<\/span>\n\t\t\t\t\t<\/a>\n\t\t\t\t<\/div>\n\t\t\t\t\t\t\t\t<\/div>\n\t\t\t\t<\/div>\n\t\t\t\t\t<\/div>\n\t\t\t\t<\/div>\n\t\t\t\t<\/div>\n\t\t","protected":false},"excerpt":{"rendered":"<p>Get a healthy age with Day2Day, complete your skin&#8230; Day2Day va de l&rsquo;avant avec confiance, gr\u00e2ce \u00e0 son personnel exp\u00e9riment\u00e9 et \u00e0 ses pas r\u00e9guliers, dans le but de se d\u00e9velopper et de cro\u00eetre dans le secteur de la sant\u00e9, o\u00f9 une innovation \u00e9merge chaque jour. Nous travaillons pour que Day2Day soit plus grand, de [&hellip;]<\/p>\n","protected":false},"author":1,"featured_media":8318,"parent":8279,"menu_order":0,"comment_status":"closed","ping_status":"closed","template":"","meta":{"_acf_changed":false,"inline_featured_image":false,"footnotes":""},"class_list":["post-8316","page","type-page","status-publish","has-post-thumbnail","hentry"],"acf":[],"_links":{"self":[{"href":"https:\/\/www.alyors.com\/fr\/wp-json\/wp\/v2\/pages\/8316","targetHints":{"allow":["GET"]}}],"collection":[{"href":"https:\/\/www.alyors.com\/fr\/wp-json\/wp\/v2\/pages"}],"about":[{"href":"https:\/\/www.alyors.com\/fr\/wp-json\/wp\/v2\/types\/page"}],"author":[{"embeddable":true,"href":"https:\/\/www.alyors.com\/fr\/wp-json\/wp\/v2\/users\/1"}],"replies":[{"embeddable":true,"href":"https:\/\/www.alyors.com\/fr\/wp-json\/wp\/v2\/comments?post=8316"}],"version-history":[{"count":7,"href":"https:\/\/www.alyors.com\/fr\/wp-json\/wp\/v2\/pages\/8316\/revisions"}],"predecessor-version":[{"id":8341,"href":"https:\/\/www.alyors.com\/fr\/wp-json\/wp\/v2\/pages\/8316\/revisions\/8341"}],"up":[{"embeddable":true,"href":"https:\/\/www.alyors.com\/fr\/wp-json\/wp\/v2\/pages\/8279"}],"wp:featuredmedia":[{"embeddable":true,"href":"https:\/\/www.alyors.com\/fr\/wp-json\/wp\/v2\/media\/8318"}],"wp:attachment":[{"href":"https:\/\/www.alyors.com\/fr\/wp-json\/wp\/v2\/media?parent=8316"}],"curies":[{"name":"wp","href":"https:\/\/api.w.org\/{rel}","templated":true}]}}