{"id":8323,"date":"2024-02-29T19:53:08","date_gmt":"2024-02-29T19:53:08","guid":{"rendered":"https:\/\/www.alyors.com\/?page_id=8323"},"modified":"2024-10-14T18:29:48","modified_gmt":"2024-10-14T18:29:48","slug":"dr-thomson-jones","status":"publish","type":"page","link":"https:\/\/www.alyors.com\/fr\/nos-marques\/dr-thomson-jones\/","title":{"rendered":"Dr. Thomson Jones"},"content":{"rendered":"\t\t<div data-elementor-type=\"wp-page\" data-elementor-id=\"8323\" class=\"elementor elementor-8323 elementor-1432\" data-elementor-post-type=\"page\">\n\t\t\t\t<div class=\"elementor-element elementor-element-352fcf68 e-flex e-con-boxed e-con e-parent\" data-id=\"352fcf68\" data-element_type=\"container\" data-e-type=\"container\">\n\t\t\t\t\t<div class=\"e-con-inner\">\n\t\t\t\t<div class=\"elementor-element elementor-element-e091e61 section-title section-title--centered elementor-widget elementor-widget-heading\" data-id=\"e091e61\" data-element_type=\"widget\" data-e-type=\"widget\" data-widget_type=\"heading.default\">\n\t\t\t\t<div class=\"elementor-widget-container\">\n\t\t\t\t\t<h1 class=\"elementor-heading-title elementor-size-default\">Dr. Thomson Jones<\/h1>\t\t\t\t<\/div>\n\t\t\t\t<\/div>\n\t\t\t\t<div class=\"elementor-element elementor-element-78a3f40 elementor-widget elementor-widget-heading\" data-id=\"78a3f40\" data-element_type=\"widget\" data-e-type=\"widget\" data-widget_type=\"heading.default\">\n\t\t\t\t<div class=\"elementor-widget-container\">\n\t\t\t\t\t<h2 class=\"elementor-heading-title elementor-size-default\">Food Supplements<\/h2>\t\t\t\t<\/div>\n\t\t\t\t<\/div>\n\t\t\t\t<div class=\"elementor-element elementor-element-16795757 elementor-widget elementor-widget-text-editor\" data-id=\"16795757\" data-element_type=\"widget\" data-e-type=\"widget\" data-widget_type=\"text-editor.default\">\n\t\t\t\t<div class=\"elementor-widget-container\">\n\t\t\t\t\t\t\t\t\t<p>Dr. Samuel Thomson \u00e9tait un herboriste et botaniste du XVIIIe si\u00e8cle connu pour sa curiosit\u00e9 \u00e0 l&rsquo;\u00e9gard des secrets myst\u00e9rieux des plantes et pour son d\u00e9vouement \u00e0 la sant\u00e9 humaine.\u00a0<\/p><p>Pendant de nombreuses ann\u00e9es, il a \u00e9tudi\u00e9 les effets \u00e9tonnants des plantes et des ressources naturelles sur le corps humain. Pendant tout ce temps, il a mis au point des formulations uniques gr\u00e2ce aux connaissances qu&rsquo;il a acquises de la nature, jetant ainsi les bases de la m\u00e9decine alternative.\u00a0<\/p><p>\u00a0L&rsquo;histoire du Dr Thomson repose sur le d\u00e9sir de faire de l&rsquo;\u00e9quilibre unique entre la sant\u00e9 et la nature une marque. La vision n\u00e9e il y a des si\u00e8cles et les solutions qui s&rsquo;harmonisent avec les pouvoirs de gu\u00e9rison dont la nature nous a dot\u00e9s ont \u00e9t\u00e9 con\u00e7ues pour permettre aux gens de mener une vie saine. La gamme de compl\u00e9ments alimentaires Dr. Thomson propose des formules uniques inspir\u00e9es par la nature et utilisant des ingr\u00e9dients naturels.\u00a0<\/p><p>\u00a0<\/p><p>L&rsquo;h\u00e9ritage du Dr. Thomson fusionne avec des solutions de nouvelle g\u00e9n\u00e9ration et prend vie dans la marque \u00ab\u00a0Dr. Thomson\u00a0\u00bb, qui encourage les humains \u00e0 vivre en harmonie avec la nature. Chaque produit est guid\u00e9 par la science et associ\u00e9 \u00e0 des ingr\u00e9dients merveilleux sp\u00e9cialement s\u00e9lectionn\u00e9s par la nature pour garantir une vie saine.<\/p>\t\t\t\t\t\t\t\t<\/div>\n\t\t\t\t<\/div>\n\t\t\t\t\t<\/div>\n\t\t\t\t<\/div>\n\t\t<div class=\"elementor-element elementor-element-66250614 e-flex e-con-boxed e-con e-parent\" data-id=\"66250614\" data-element_type=\"container\" data-e-type=\"container\">\n\t\t\t\t\t<div class=\"e-con-inner\">\n\t\t\t\t<div class=\"elementor-element elementor-element-78c28d2b elementor-widget elementor-widget-image\" data-id=\"78c28d2b\" data-element_type=\"widget\" data-e-type=\"widget\" data-widget_type=\"image.default\">\n\t\t\t\t<div class=\"elementor-widget-container\">\n\t\t\t\t\t\t\t\t\t\t\t\t\t\t\t<img fetchpriority=\"high\" decoding=\"async\" width=\"800\" height=\"349\" src=\"https:\/\/www.alyors.com\/wp-content\/uploads\/2024\/02\/dr-thomson-jones.svg\" class=\"attachment-large size-large wp-image-8324\" alt=\"\" \/>\t\t\t\t\t\t\t\t\t\t\t\t\t\t\t<\/div>\n\t\t\t\t<\/div>\n\t\t\t\t<div class=\"elementor-element elementor-element-4aee88b2 elementor-align-center elementor-widget elementor-widget-button\" data-id=\"4aee88b2\" data-element_type=\"widget\" data-e-type=\"widget\" data-widget_type=\"button.default\">\n\t\t\t\t<div class=\"elementor-widget-container\">\n\t\t\t\t\t\t\t\t\t<div class=\"elementor-button-wrapper\">\n\t\t\t\t\t<a class=\"elementor-button elementor-button-link elementor-size-md\" href=\"https:\/\/dr-thomson.com\/en\" target=\"_blank\" rel=\"nofollow noopener\">\n\t\t\t\t\t\t<span class=\"elementor-button-content-wrapper\">\n\t\t\t\t\t\t\t\t\t<span class=\"elementor-button-text\">ALLER SUR LE SITE DE L'ENTREPRISE<\/span>\n\t\t\t\t\t<\/span>\n\t\t\t\t\t<\/a>\n\t\t\t\t<\/div>\n\t\t\t\t\t\t\t\t<\/div>\n\t\t\t\t<\/div>\n\t\t\t\t\t<\/div>\n\t\t\t\t<\/div>\n\t\t<div class=\"elementor-element elementor-element-6de6b0f2 e-flex e-con-boxed e-con e-parent\" data-id=\"6de6b0f2\" data-element_type=\"container\" data-e-type=\"container\">\n\t\t\t\t\t<div class=\"e-con-inner\">\n\t\t\t\t<div class=\"elementor-element elementor-element-471f7b50 elementor-widget elementor-widget-heading\" data-id=\"471f7b50\" data-element_type=\"widget\" data-e-type=\"widget\" data-widget_type=\"heading.default\">\n\t\t\t\t<div class=\"elementor-widget-container\">\n\t\t\t\t\t<h2 class=\"elementor-heading-title elementor-size-default\">Produits\n<\/h2>\t\t\t\t<\/div>\n\t\t\t\t<\/div>\n\t\t\t\t\t<\/div>\n\t\t\t\t<\/div>\n\t\t<div class=\"elementor-element elementor-element-8ed1ba0 e-flex e-con-boxed e-con e-parent\" data-id=\"8ed1ba0\" data-element_type=\"container\" data-e-type=\"container\">\n\t\t\t\t\t<div class=\"e-con-inner\">\n\t\t\t\t<div class=\"elementor-element elementor-element-6a675fbd products-list elementor-widget elementor-widget-ucaddon_post_grid\" data-id=\"6a675fbd\" data-element_type=\"widget\" data-e-type=\"widget\" data-widget_type=\"ucaddon_post_grid.default\">\n\t\t\t\t<div class=\"elementor-widget-container\">\n\t\t\t\t\t\n<!-- start Post Grid -->\n\t\t<link id='font-awesome-css' href='https:\/\/www.alyors.com\/wp-content\/plugins\/unlimited-elements-for-elementor-premium\/assets_libraries\/font-awesome6\/fontawesome-all.min.css' type='text\/css' rel='stylesheet' >\n\t\t<link id='font-awesome-4-shim-css' href='https:\/\/www.alyors.com\/wp-content\/plugins\/unlimited-elements-for-elementor-premium\/assets_libraries\/font-awesome6\/fontawesome-v4-shims.min.css' type='text\/css' rel='stylesheet' >\n\n<style>\/* widget: Post Grid *\/\n\n\r\n@keyframes uc_post_grid_elementor_6a675fbd__item-animation {\r\n  0% {\r\n            transform: translateY(50px);\r\n        \t        \tfilter: blur(4px);\r\n\t\t\t\r\n    \t    opacity: 0;\r\n  }\r\n  100% {\r\n            transform: translateY(0px);\r\n        \t            filter: blur(0px);\r\n            \r\n    \t\topacity: 1;\r\n  }\r\n}\r\n\r\n\r\n#uc_post_grid_elementor_6a675fbd .ue-item{\r\n\topacity:0;\r\n}\r\n\r\n\r\n#uc_post_grid_elementor_6a675fbd .uc-entrance-animate {\r\n  opacity:1;\r\n}\r\n\r\n#uc_post_grid_elementor_6a675fbd .uc-entrance-animate {\r\n\tanimation: uc_post_grid_elementor_6a675fbd__item-animation 0.6s cubic-bezier(0.470, 0.000, 0.745, 0.715) both;\r\n}\r\n\r\n\t\t\t\n\n#uc_post_grid_elementor_6a675fbd.uc_post_grid_style_one .uc_post_grid_style_one_wrap {\n   display:grid;\n}\n\n\n#uc_post_grid_elementor_6a675fbd .uc_post_grid_style_one_item\n{\n  position:relative;\n}\n\n#uc_post_grid_elementor_6a675fbd .uc_post_image\n{\n  transition:0.3s;\n  position:relative;\n  overflow:hidden;\n}\n\n#uc_post_grid_elementor_6a675fbd .uc_post_image img\n{\n  width:100%;\n  display:block;\n  transition:0.3s;\n}\n\n\n\t\n\n\n\n\n\n\n#uc_post_grid_elementor_6a675fbd .uc_post_image_overlay\n{\n  position:absolute;\n  top:0px;\n  left:0px;\n  height:100%;\n  width:100%;\n  transition:0.3s;\n}\n\n#uc_post_grid_elementor_6a675fbd .uc_more_btn-custom-field\n{\n  display:inline-block;\n  text-align:center;\n  text-decoration:none;\n  transition:0.3s;\n}\n\n#uc_post_grid_elementor_6a675fbd .uc_more_btn\n{\n  display:inline-block;\n  text-align:center;\n  text-decoration:none;\n  transition:0.3s;\n}\n\n.ue-grid-item-category a\n{\n  display:inline-block;\n  font-size:10px;\n  \n}\n#uc_post_grid_elementor_6a675fbd .ue-grid-item-category a{\n    cursor: text;\n  }\n.uc_post_title\n{\n  font-size:21px;\n}\n\n\n\n#uc_post_grid_elementor_6a675fbd .ue_post_grid_item\n{\n  display:flex;\n  flex-direction:column;\n}\n\n#uc_post_grid_elementor_6a675fbd.uc_post_grid_style_one .uc_content{\n flex-grow:1;\n}\n\n#uc_post_grid_elementor_6a675fbd.uc_post_grid_style_one .uc_content > div\n{\n  height:100%;\n  display:flex;\n  flex-direction:column;\n  justify-content: space-between;}\n\n    #uc_post_grid_elementor_6a675fbd .uc_post_button\n   {\n     margin-top:auto;\n   }\n  \n\n\n\n\n\n\n\n\n\n\n\n\n\n\n\n\n\n\n\n\n\n\n#uc_post_grid_elementor_6a675fbd .ue-meta-data\n{\n  \n  display:flex;\n\n  flex-wrap: wrap;\n  line-height:1em;\n}\n\n#uc_post_grid_elementor_6a675fbd .ue-grid-item-meta-data\n{\n      display:inline-flex;\n      align-items:center;\n}\n\n#uc_post_grid_elementor_6a675fbd .ue-grid-item-meta-data a{\n  color:inherit;\n}\n\n.ue-grid-item-meta-data\n{\n  font-size:12px;\n}\n\n#uc_post_grid_elementor_6a675fbd .ue-grid-item-meta-data-icon\n{\n  line-height:1em;\n}\n\n#uc_post_grid_elementor_6a675fbd .ue-grid-item-meta-data-icon svg\n{\n  width:1em;\n  height:1em;\n}\n\n#uc_post_grid_elementor_6a675fbd .ue-debug-meta\n{\n  padding:10px;\n  border:1px solid red;\n  position:relative;\n  line-height:1.5em;\n  font-size:11px;\n  width:100%;\n}\n\n#uc_post_grid_elementor_6a675fbd .uc_btn_inner\n{\n  display:inline-flex;\n  align-items:center;\n}\n\n#uc_post_grid_elementor_6a675fbd .uc_btn_inner svg\n{\n  width:1em;\n  height:1em;\n}\n\n  #uc_post_grid_elementor_6a675fbd .ue_post_full_link{\n    position:absolute;\n    width:100%;\n    height:100%;\n    top:0;\n    left:0;\n  }\n\n\n\n\n\n\n\n<\/style>\n\n<div class=\"uc_post_grid_style_one uc-filterable-grid \" id=\"uc_post_grid_elementor_6a675fbd\"  data-ajax='true'  data-filterbehave='ajax'  querydata='{&quot;count_posts&quot;:4,&quot;total_posts&quot;:18,&quot;page&quot;:1,&quot;num_pages&quot;:5}' >\n\t\t<div class=\"uc_post_grid_style_one_wrap ue_post_grid uc-items-wrapper\">\n\t\t\t\n\n\n\n<div id=\"uc_post_grid_elementor_6a675fbd_item1\" class=\"uc_post_grid_style_one_item ue_post_grid_item ue-item product-grid \">\n  \n  <div class=\"uc_content\">\n    <div class=\"uc_content_inner\">\n      <div class=\"uc_content-info-wrapper\" >\n        \n                 \n        \t        \t\t        \t\t\n\t\t\t        \n        \t<div class=\"ue-grid-item-category\">\n                            \t              \t\t<a href=\"javascript:void(0);\" class=\"\">Dr Thomson Jones<\/a>\n              \t                      \t<\/div>        \n      \n              \n\n            \t\t      \t\t\t<div class=\"uc_post_title\"><a class=\"\" href=\"https:\/\/www.alyors.com\/fr\/products\/dr-thomson-jones-fr\/okyanosea-fresh\/\" target=\"_self\"><p class=\"ue_p_title\">Okyanosea Fresh<\/p><\/a><\/div>\n      \t\t      \t\n                      \n       \n        <div class=\"ue-meta-data\">\n            \n        \n                \n        \n\t\n                \n                \n                \n                \n    \t\t\t\n      \n            \n  <\/div>\t\n           \n                 \n                            \n                                  \n     <\/div>\n                   <a class=\"uc_post_grid_style_one_image \" href=\"https:\/\/www.alyors.com\/fr\/products\/dr-thomson-jones-fr\/okyanosea-fresh\/\" target=\"_self\">\n     <div class=\"uc_post_image\">\n       <img decoding=\"async\" src=\"https:\/\/www.alyors.com\/wp-content\/uploads\/2024\/03\/SN032-1.webp\"  src=\"https:\/\/www.alyors.com\/wp-content\/uploads\/2024\/03\/SN032-1.webp\" alt=\"Private Label Hypertonic Sea Water Nasal Spray Manufacturer  - Dr\" width=\"617\" height=\"617\">\n       <div class=\"uc_post_image_overlay\"><\/div>\n     <\/div>\n    <\/a>\n                      \n           <div class=\"uc_post_button\">\n        \n        <a class=\"uc_more_btn \" target=\"_self\" href=\"https:\/\/www.alyors.com\/fr\/products\/dr-thomson-jones-fr\/okyanosea-fresh\/\">\n          <div class=\"uc_btn_inner\">\n            <div class=\"uc_btn_txt\">MORE INFO<\/div>\n            <div class=\"uc_btn_icon\"><i class='fas fa-caret-right'><\/i><\/div>          <\/div>\n      \t<\/a>\n        \n                \n      <\/div>                           \n \t<\/div>  <\/div>      \n  <a class=\"ue_post_full_link\" href=\"https:\/\/www.alyors.com\/fr\/products\/dr-thomson-jones-fr\/okyanosea-fresh\/\" aria-label=\"Read more about Okyanosea Fresh\"><\/a>      \n<\/div>\n\n\n\n\n<div id=\"uc_post_grid_elementor_6a675fbd_item2\" class=\"uc_post_grid_style_one_item ue_post_grid_item ue-item product-grid \">\n  \n  <div class=\"uc_content\">\n    <div class=\"uc_content_inner\">\n      <div class=\"uc_content-info-wrapper\" >\n        \n                 \n        \t        \t\t        \t\t\n\t\t\t        \n        \t<div class=\"ue-grid-item-category\">\n                            \t              \t\t<a href=\"javascript:void(0);\" class=\"\">Dr Thomson Jones<\/a>\n              \t                      \t<\/div>        \n      \n              \n\n            \t\t      \t\t\t<div class=\"uc_post_title\"><a class=\"\" href=\"https:\/\/www.alyors.com\/fr\/products\/dr-thomson-jones-fr\/okyanosea-mini\/\" target=\"_self\"><p class=\"ue_p_title\">Okyanosea Mini<\/p><\/a><\/div>\n      \t\t      \t\n                      \n       \n        <div class=\"ue-meta-data\">\n            \n        \n                \n        \n\t\n                \n                \n                \n                \n    \t\t\t\n      \n            \n  <\/div>\t\n           \n                 \n                            \n                                  \n     <\/div>\n                   <a class=\"uc_post_grid_style_one_image \" href=\"https:\/\/www.alyors.com\/fr\/products\/dr-thomson-jones-fr\/okyanosea-mini\/\" target=\"_self\">\n     <div class=\"uc_post_image\">\n       <img decoding=\"async\" src=\"https:\/\/www.alyors.com\/wp-content\/uploads\/2024\/03\/SN033.webp\"  src=\"https:\/\/www.alyors.com\/wp-content\/uploads\/2024\/03\/SN033.webp\" alt=\"Private Label Sterile Isotonic Sea Water Nasal Spray Manufacturer - Dr\" width=\"617\" height=\"617\">\n       <div class=\"uc_post_image_overlay\"><\/div>\n     <\/div>\n    <\/a>\n                      \n           <div class=\"uc_post_button\">\n        \n        <a class=\"uc_more_btn \" target=\"_self\" href=\"https:\/\/www.alyors.com\/fr\/products\/dr-thomson-jones-fr\/okyanosea-mini\/\">\n          <div class=\"uc_btn_inner\">\n            <div class=\"uc_btn_txt\">MORE INFO<\/div>\n            <div class=\"uc_btn_icon\"><i class='fas fa-caret-right'><\/i><\/div>          <\/div>\n      \t<\/a>\n        \n                \n      <\/div>                           \n \t<\/div>  <\/div>      \n  <a class=\"ue_post_full_link\" href=\"https:\/\/www.alyors.com\/fr\/products\/dr-thomson-jones-fr\/okyanosea-mini\/\" aria-label=\"Read more about Okyanosea Mini\"><\/a>      \n<\/div>\n\n\n\n\n<div id=\"uc_post_grid_elementor_6a675fbd_item3\" class=\"uc_post_grid_style_one_item ue_post_grid_item ue-item product-grid \">\n  \n  <div class=\"uc_content\">\n    <div class=\"uc_content_inner\">\n      <div class=\"uc_content-info-wrapper\" >\n        \n                 \n        \t        \t\t        \t\t\n\t\t\t        \n        \t<div class=\"ue-grid-item-category\">\n                            \t              \t\t<a href=\"javascript:void(0);\" class=\"\">Dr Thomson Jones<\/a>\n              \t                      \t<\/div>        \n      \n              \n\n            \t\t      \t\t\t<div class=\"uc_post_title\"><a class=\"\" href=\"https:\/\/www.alyors.com\/fr\/products\/dr-thomson-jones-fr\/naso-spray\/\" target=\"_self\"><p class=\"ue_p_title\">Naso Spray<\/p><\/a><\/div>\n      \t\t      \t\n                      \n       \n        <div class=\"ue-meta-data\">\n            \n        \n                \n        \n\t\n                \n                \n                \n                \n    \t\t\t\n      \n            \n  <\/div>\t\n           \n                 \n                            \n                                  \n     <\/div>\n                   <a class=\"uc_post_grid_style_one_image \" href=\"https:\/\/www.alyors.com\/fr\/products\/dr-thomson-jones-fr\/naso-spray\/\" target=\"_self\">\n     <div class=\"uc_post_image\">\n       <img loading=\"lazy\" decoding=\"async\" src=\"https:\/\/www.alyors.com\/wp-content\/uploads\/2024\/03\/DR02.webp\"  src=\"https:\/\/www.alyors.com\/wp-content\/uploads\/2024\/03\/DR02.webp\" alt=\"Private Label Sterile Isotonic Sea Water Nasal Spray - Dr\" width=\"617\" height=\"617\">\n       <div class=\"uc_post_image_overlay\"><\/div>\n     <\/div>\n    <\/a>\n                      \n           <div class=\"uc_post_button\">\n        \n        <a class=\"uc_more_btn \" target=\"_self\" href=\"https:\/\/www.alyors.com\/fr\/products\/dr-thomson-jones-fr\/naso-spray\/\">\n          <div class=\"uc_btn_inner\">\n            <div class=\"uc_btn_txt\">MORE INFO<\/div>\n            <div class=\"uc_btn_icon\"><i class='fas fa-caret-right'><\/i><\/div>          <\/div>\n      \t<\/a>\n        \n                \n      <\/div>                           \n \t<\/div>  <\/div>      \n  <a class=\"ue_post_full_link\" href=\"https:\/\/www.alyors.com\/fr\/products\/dr-thomson-jones-fr\/naso-spray\/\" aria-label=\"Read more about Naso Spray\"><\/a>      \n<\/div>\n\n\n\n\n<div id=\"uc_post_grid_elementor_6a675fbd_item4\" class=\"uc_post_grid_style_one_item ue_post_grid_item ue-item product-grid \">\n  \n  <div class=\"uc_content\">\n    <div class=\"uc_content_inner\">\n      <div class=\"uc_content-info-wrapper\" >\n        \n                 \n        \t        \t\t        \t\t\n\t\t\t        \n        \t<div class=\"ue-grid-item-category\">\n                            \t              \t\t<a href=\"javascript:void(0);\" class=\"\">Dr Thomson Jones<\/a>\n              \t                      \t<\/div>        \n      \n              \n\n            \t\t      \t\t\t<div class=\"uc_post_title\"><a class=\"\" href=\"https:\/\/www.alyors.com\/fr\/products\/dr-thomson-jones-fr\/naso-baby\/\" target=\"_self\"><p class=\"ue_p_title\">Naso Baby<\/p><\/a><\/div>\n      \t\t      \t\n                      \n       \n        <div class=\"ue-meta-data\">\n            \n        \n                \n        \n\t\n                \n                \n                \n                \n    \t\t\t\n      \n            \n  <\/div>\t\n           \n                 \n                            \n                                  \n     <\/div>\n                   <a class=\"uc_post_grid_style_one_image \" href=\"https:\/\/www.alyors.com\/fr\/products\/dr-thomson-jones-fr\/naso-baby\/\" target=\"_self\">\n     <div class=\"uc_post_image\">\n       <img loading=\"lazy\" decoding=\"async\" src=\"https:\/\/www.alyors.com\/wp-content\/uploads\/2024\/03\/DR01.webp\"  src=\"https:\/\/www.alyors.com\/wp-content\/uploads\/2024\/03\/DR01.webp\" alt=\"Private Label Baby Nasal Spray | Isotonic Sea Water Manufacturer - Alyors\" width=\"617\" height=\"617\">\n       <div class=\"uc_post_image_overlay\"><\/div>\n     <\/div>\n    <\/a>\n                      \n           <div class=\"uc_post_button\">\n        \n        <a class=\"uc_more_btn \" target=\"_self\" href=\"https:\/\/www.alyors.com\/fr\/products\/dr-thomson-jones-fr\/naso-baby\/\">\n          <div class=\"uc_btn_inner\">\n            <div class=\"uc_btn_txt\">MORE INFO<\/div>\n            <div class=\"uc_btn_icon\"><i class='fas fa-caret-right'><\/i><\/div>          <\/div>\n      \t<\/a>\n        \n                \n      <\/div>                           \n \t<\/div>  <\/div>      \n  <a class=\"ue_post_full_link\" href=\"https:\/\/www.alyors.com\/fr\/products\/dr-thomson-jones-fr\/naso-baby\/\" aria-label=\"Read more about Naso Baby\"><\/a>      \n<\/div>\n\n\t\t<\/div>\n\t<\/div>\n\n\n\n  <div id=\"uc_post_grid_elementor_6a675fbd_empty_message\" class=\"ue-no-posts-found\"  style=\"display:none\" >No posts found<\/div>\n\n\n<!-- end Post Grid -->\t\t\t\t<\/div>\n\t\t\t\t<\/div>\n\t\t\t\t<div class=\"elementor-element elementor-element-762630bf elementor-align-center elementor-widget elementor-widget-button\" data-id=\"762630bf\" data-element_type=\"widget\" data-e-type=\"widget\" data-widget_type=\"button.default\">\n\t\t\t\t<div class=\"elementor-widget-container\">\n\t\t\t\t\t\t\t\t\t<div class=\"elementor-button-wrapper\">\n\t\t\t\t\t<a class=\"elementor-button elementor-button-link elementor-size-md\" href=\"https:\/\/www.alyors.com\/fr\/brand\/dr-thomson-jones\/\">\n\t\t\t\t\t\t<span class=\"elementor-button-content-wrapper\">\n\t\t\t\t\t\t\t\t\t<span class=\"elementor-button-text\">TOUT VOIR<\/span>\n\t\t\t\t\t<\/span>\n\t\t\t\t\t<\/a>\n\t\t\t\t<\/div>\n\t\t\t\t\t\t\t\t<\/div>\n\t\t\t\t<\/div>\n\t\t\t\t\t<\/div>\n\t\t\t\t<\/div>\n\t\t\t\t<\/div>\n\t\t","protected":false},"excerpt":{"rendered":"<p>Food Supplements Dr. Samuel Thomson \u00e9tait un herboriste et botaniste du XVIIIe si\u00e8cle connu pour sa curiosit\u00e9 \u00e0 l&rsquo;\u00e9gard des secrets myst\u00e9rieux des plantes et pour son d\u00e9vouement \u00e0 la sant\u00e9 humaine.\u00a0 Pendant de nombreuses ann\u00e9es, il a \u00e9tudi\u00e9 les effets \u00e9tonnants des plantes et des ressources naturelles sur le corps humain. Pendant tout ce [&hellip;]<\/p>\n","protected":false},"author":1,"featured_media":8325,"parent":8279,"menu_order":0,"comment_status":"closed","ping_status":"closed","template":"","meta":{"_acf_changed":false,"inline_featured_image":false,"footnotes":""},"class_list":["post-8323","page","type-page","status-publish","has-post-thumbnail","hentry"],"acf":[],"_links":{"self":[{"href":"https:\/\/www.alyors.com\/fr\/wp-json\/wp\/v2\/pages\/8323","targetHints":{"allow":["GET"]}}],"collection":[{"href":"https:\/\/www.alyors.com\/fr\/wp-json\/wp\/v2\/pages"}],"about":[{"href":"https:\/\/www.alyors.com\/fr\/wp-json\/wp\/v2\/types\/page"}],"author":[{"embeddable":true,"href":"https:\/\/www.alyors.com\/fr\/wp-json\/wp\/v2\/users\/1"}],"replies":[{"embeddable":true,"href":"https:\/\/www.alyors.com\/fr\/wp-json\/wp\/v2\/comments?post=8323"}],"version-history":[{"count":13,"href":"https:\/\/www.alyors.com\/fr\/wp-json\/wp\/v2\/pages\/8323\/revisions"}],"predecessor-version":[{"id":8338,"href":"https:\/\/www.alyors.com\/fr\/wp-json\/wp\/v2\/pages\/8323\/revisions\/8338"}],"up":[{"embeddable":true,"href":"https:\/\/www.alyors.com\/fr\/wp-json\/wp\/v2\/pages\/8279"}],"wp:featuredmedia":[{"embeddable":true,"href":"https:\/\/www.alyors.com\/fr\/wp-json\/wp\/v2\/media\/8325"}],"wp:attachment":[{"href":"https:\/\/www.alyors.com\/fr\/wp-json\/wp\/v2\/media?parent=8323"}],"curies":[{"name":"wp","href":"https:\/\/api.w.org\/{rel}","templated":true}]}}