{"id":8342,"date":"2024-02-29T19:54:26","date_gmt":"2024-02-29T19:54:26","guid":{"rendered":"https:\/\/www.alyors.com\/?page_id=8342"},"modified":"2024-10-21T08:14:26","modified_gmt":"2024-10-21T08:14:26","slug":"iyon","status":"publish","type":"page","link":"https:\/\/www.alyors.com\/fr\/nos-marques\/iyon\/","title":{"rendered":"\u0130yon"},"content":{"rendered":"\t\t<div data-elementor-type=\"wp-page\" data-elementor-id=\"8342\" class=\"elementor elementor-8342 elementor-1436\" data-elementor-post-type=\"page\">\n\t\t\t\t<div class=\"elementor-element elementor-element-49899000 e-flex e-con-boxed e-con e-parent\" data-id=\"49899000\" data-element_type=\"container\" data-e-type=\"container\">\n\t\t\t\t\t<div class=\"e-con-inner\">\n\t\t\t\t<div class=\"elementor-element elementor-element-76ed50f2 section-title section-title--centered elementor-widget elementor-widget-heading\" data-id=\"76ed50f2\" data-element_type=\"widget\" data-e-type=\"widget\" data-widget_type=\"heading.default\">\n\t\t\t\t<div class=\"elementor-widget-container\">\n\t\t\t\t\t<h1 class=\"elementor-heading-title elementor-size-default\">\u0130yon<\/h1>\t\t\t\t<\/div>\n\t\t\t\t<\/div>\n\t\t\t\t<div class=\"elementor-element elementor-element-611135b elementor-widget elementor-widget-heading\" data-id=\"611135b\" data-element_type=\"widget\" data-e-type=\"widget\" data-widget_type=\"heading.default\">\n\t\t\t\t<div class=\"elementor-widget-container\">\n\t\t\t\t\t<h2 class=\"elementor-heading-title elementor-size-default\">Dispositifs M\u00e9dicaux &amp; Consommables<\/h2>\t\t\t\t<\/div>\n\t\t\t\t<\/div>\n\t\t\t\t<div class=\"elementor-element elementor-element-26825517 elementor-widget elementor-widget-text-editor\" data-id=\"26825517\" data-element_type=\"widget\" data-e-type=\"widget\" data-widget_type=\"text-editor.default\">\n\t\t\t\t<div class=\"elementor-widget-container\">\n\t\t\t\t\t\t\t\t\t<p><strong>\u0130yon Health Medical<\/strong> a \u00e9t\u00e9 fond\u00e9e en 2008 par des pharmaciens avec une exp\u00e9rience professionnelle de 30 ans. En tant que force pionni\u00e8re dans le secteur des dispositifs m\u00e9dicaux en Turquie, notre engagement \u00e0 r\u00e9pondre aux besoins en constante \u00e9volution de l&rsquo;industrie des dispositifs m\u00e9dicaux a \u00e9t\u00e9 central dans notre succ\u00e8s.<\/p><p>En tant qu&rsquo;innovateur de premier plan, <strong>\u0130yon Health Medical<\/strong> a r\u00e9alis\u00e9 des avanc\u00e9es significatives sur le march\u00e9, devenant le premier producteur de \u00ab\u00a0<strong>aiguilles pour stylos \u00e0 insuline<\/strong>\u00a0\u00bb et de \u00ab\u00a0<strong>eau de mer<\/strong>\u00a0\u00bb en Turquie.<\/p><p><strong>\u0130yon Health Medical<\/strong> a consid\u00e9rablement \u00e9largi son portefeuille de produits \u00e0 8 groupes de <strong>produits diff\u00e9rents, tels que les aiguilles pour stylos \u00e0 insuline, eau de mer, spray nasal \u00e0 base de solution saline, spray anti-poux, aspirateur nasal et embouts, rin\u00e7age des sinus, flacons de s\u00e9rum physiologique, shampooing m\u00e9dical<\/strong> et <strong>n\u00e9buliseur<\/strong>.<\/p><p>\u0130yon Health Medical s&rsquo;engage \u00e0 produire des produits m\u00e9dicaux de haute qualit\u00e9. L&rsquo;entreprise accorde une priorit\u00e9 \u00e0 la satisfaction client \u00e0 travers le d\u00e9veloppement de produits innovants, la conformit\u00e9 aux exigences l\u00e9gales et des clients, ainsi que la formation continue de ses employ\u00e9s. Cet engagement garantit qu&rsquo;\u0130yon Health Medical reste une entreprise fiable et recherch\u00e9e dans son domaine.<\/p><p>Notre syst\u00e8me de gestion de la qualit\u00e9 est con\u00e7u conform\u00e9ment aux normes<strong> ISO 9001:2015, ISO 13485, ISO 22716<\/strong> et aux normes <strong>CE<\/strong> pour garantir la satisfaction de nos clients et am\u00e9liorer continuellement la qualit\u00e9 de nos produits.<\/p>\t\t\t\t\t\t\t\t<\/div>\n\t\t\t\t<\/div>\n\t\t\t\t<div class=\"elementor-element elementor-element-3e54021f elementor-widget elementor-widget-heading\" data-id=\"3e54021f\" data-element_type=\"widget\" data-e-type=\"widget\" data-widget_type=\"heading.default\">\n\t\t\t\t<div class=\"elementor-widget-container\">\n\t\t\t\t\t<h2 class=\"elementor-heading-title elementor-size-default\">Certificats de qualit\u00e9 internationaux<\/h2>\t\t\t\t<\/div>\n\t\t\t\t<\/div>\n\t\t\t\t\t<\/div>\n\t\t\t\t<\/div>\n\t\t<div class=\"elementor-element elementor-element-790d422c e-flex e-con-boxed e-con e-parent\" data-id=\"790d422c\" data-element_type=\"container\" data-e-type=\"container\">\n\t\t\t\t\t<div class=\"e-con-inner\">\n\t\t\t\t<div class=\"elementor-element elementor-element-4db3c36f elementor-widget elementor-widget-image\" data-id=\"4db3c36f\" data-element_type=\"widget\" data-e-type=\"widget\" data-widget_type=\"image.default\">\n\t\t\t\t<div class=\"elementor-widget-container\">\n\t\t\t\t\t\t\t\t\t\t\t\t\t\t\t<img decoding=\"async\" width=\"150\" height=\"135\" src=\"https:\/\/www.alyors.com\/wp-content\/uploads\/2024\/03\/iso22716-1.svg\" class=\"attachment-thumbnail size-thumbnail wp-image-8345\" alt=\"\" \/>\t\t\t\t\t\t\t\t\t\t\t\t\t\t\t<\/div>\n\t\t\t\t<\/div>\n\t\t\t\t<div class=\"elementor-element elementor-element-5422cd5c elementor-widget elementor-widget-image\" data-id=\"5422cd5c\" data-element_type=\"widget\" data-e-type=\"widget\" data-widget_type=\"image.default\">\n\t\t\t\t<div class=\"elementor-widget-container\">\n\t\t\t\t\t\t\t\t\t\t\t\t\t\t\t<img decoding=\"async\" width=\"150\" height=\"135\" src=\"https:\/\/www.alyors.com\/wp-content\/uploads\/2024\/03\/iso13485-2.svg\" class=\"attachment-thumbnail size-thumbnail wp-image-8285\" alt=\"\" \/>\t\t\t\t\t\t\t\t\t\t\t\t\t\t\t<\/div>\n\t\t\t\t<\/div>\n\t\t\t\t<div class=\"elementor-element elementor-element-758a84d4 elementor-widget elementor-widget-image\" data-id=\"758a84d4\" data-element_type=\"widget\" data-e-type=\"widget\" data-widget_type=\"image.default\">\n\t\t\t\t<div class=\"elementor-widget-container\">\n\t\t\t\t\t\t\t\t\t\t\t\t\t\t\t<img decoding=\"async\" width=\"150\" height=\"135\" src=\"https:\/\/www.alyors.com\/wp-content\/uploads\/2024\/03\/iso900198-172.svg\" class=\"attachment-thumbnail size-thumbnail wp-image-8283\" alt=\"\" \/>\t\t\t\t\t\t\t\t\t\t\t\t\t\t\t<\/div>\n\t\t\t\t<\/div>\n\t\t\t\t\t<\/div>\n\t\t\t\t<\/div>\n\t\t<div class=\"elementor-element elementor-element-553bcd3 e-flex e-con-boxed e-con e-parent\" data-id=\"553bcd3\" data-element_type=\"container\" data-e-type=\"container\">\n\t\t\t\t\t<div class=\"e-con-inner\">\n\t\t\t\t<div class=\"elementor-element elementor-element-646da1a0 elementor-widget elementor-widget-image\" data-id=\"646da1a0\" data-element_type=\"widget\" data-e-type=\"widget\" data-widget_type=\"image.default\">\n\t\t\t\t<div class=\"elementor-widget-container\">\n\t\t\t\t\t\t\t\t\t\t\t\t\t\t\t<img loading=\"lazy\" decoding=\"async\" width=\"800\" height=\"800\" src=\"https:\/\/www.alyors.com\/wp-content\/uploads\/2024\/09\/IYON-LOGO.svg\" class=\"attachment-large size-large wp-image-7584\" alt=\"\" \/>\t\t\t\t\t\t\t\t\t\t\t\t\t\t\t<\/div>\n\t\t\t\t<\/div>\n\t\t\t\t<div class=\"elementor-element elementor-element-6d3ea5b2 elementor-align-center elementor-widget elementor-widget-button\" data-id=\"6d3ea5b2\" data-element_type=\"widget\" data-e-type=\"widget\" data-widget_type=\"button.default\">\n\t\t\t\t<div class=\"elementor-widget-container\">\n\t\t\t\t\t\t\t\t\t<div class=\"elementor-button-wrapper\">\n\t\t\t\t\t<a class=\"elementor-button elementor-button-link elementor-size-md\" href=\"https:\/\/iyonmedical.com\/\" target=\"_blank\" rel=\"nofollow noopener\">\n\t\t\t\t\t\t<span class=\"elementor-button-content-wrapper\">\n\t\t\t\t\t\t\t\t\t<span class=\"elementor-button-text\">ALLER SUR LE SITE DE L'ENTREPRISE<\/span>\n\t\t\t\t\t<\/span>\n\t\t\t\t\t<\/a>\n\t\t\t\t<\/div>\n\t\t\t\t\t\t\t\t<\/div>\n\t\t\t\t<\/div>\n\t\t\t\t\t<\/div>\n\t\t\t\t<\/div>\n\t\t<div class=\"elementor-element elementor-element-1ea0d97d e-flex e-con-boxed e-con e-parent\" data-id=\"1ea0d97d\" data-element_type=\"container\" data-e-type=\"container\">\n\t\t\t\t\t<div class=\"e-con-inner\">\n\t\t\t\t<div class=\"elementor-element elementor-element-587ced9b elementor-widget elementor-widget-heading\" data-id=\"587ced9b\" data-element_type=\"widget\" data-e-type=\"widget\" data-widget_type=\"heading.default\">\n\t\t\t\t<div class=\"elementor-widget-container\">\n\t\t\t\t\t<h2 class=\"elementor-heading-title elementor-size-default\">Produits\n<\/h2>\t\t\t\t<\/div>\n\t\t\t\t<\/div>\n\t\t\t\t\t<\/div>\n\t\t\t\t<\/div>\n\t\t<div class=\"elementor-element elementor-element-57c60c2d e-flex e-con-boxed e-con e-parent\" data-id=\"57c60c2d\" data-element_type=\"container\" data-e-type=\"container\">\n\t\t\t\t\t<div class=\"e-con-inner\">\n\t\t\t\t<div class=\"elementor-element elementor-element-1b84b44e products-list elementor-widget elementor-widget-ucaddon_post_grid\" data-id=\"1b84b44e\" data-element_type=\"widget\" data-e-type=\"widget\" data-widget_type=\"ucaddon_post_grid.default\">\n\t\t\t\t<div class=\"elementor-widget-container\">\n\t\t\t\t\t\n<!-- start Post Grid -->\n\t\t<link id='font-awesome-css' href='https:\/\/www.alyors.com\/wp-content\/plugins\/unlimited-elements-for-elementor-premium\/assets_libraries\/font-awesome6\/fontawesome-all.min.css' type='text\/css' rel='stylesheet' >\n\t\t<link id='font-awesome-4-shim-css' href='https:\/\/www.alyors.com\/wp-content\/plugins\/unlimited-elements-for-elementor-premium\/assets_libraries\/font-awesome6\/fontawesome-v4-shims.min.css' type='text\/css' rel='stylesheet' >\n\n<style>\/* widget: Post Grid *\/\n\n\r\n@keyframes uc_post_grid_elementor_1b84b44e__item-animation {\r\n  0% {\r\n            transform: translateY(50px);\r\n        \t        \tfilter: blur(4px);\r\n\t\t\t\r\n    \t    opacity: 0;\r\n  }\r\n  100% {\r\n            transform: translateY(0px);\r\n        \t            filter: blur(0px);\r\n            \r\n    \t\topacity: 1;\r\n  }\r\n}\r\n\r\n\r\n#uc_post_grid_elementor_1b84b44e .ue-item{\r\n\topacity:0;\r\n}\r\n\r\n\r\n#uc_post_grid_elementor_1b84b44e .uc-entrance-animate {\r\n  opacity:1;\r\n}\r\n\r\n#uc_post_grid_elementor_1b84b44e .uc-entrance-animate {\r\n\tanimation: uc_post_grid_elementor_1b84b44e__item-animation 0.6s cubic-bezier(0.470, 0.000, 0.745, 0.715) both;\r\n}\r\n\r\n\t\t\t\n\n#uc_post_grid_elementor_1b84b44e.uc_post_grid_style_one .uc_post_grid_style_one_wrap {\n   display:grid;\n}\n\n\n#uc_post_grid_elementor_1b84b44e .uc_post_grid_style_one_item\n{\n  position:relative;\n}\n\n#uc_post_grid_elementor_1b84b44e .uc_post_image\n{\n  transition:0.3s;\n  position:relative;\n  overflow:hidden;\n}\n\n#uc_post_grid_elementor_1b84b44e .uc_post_image img\n{\n  width:100%;\n  display:block;\n  transition:0.3s;\n}\n\n\n\t\n\n\n\n\n\n\n#uc_post_grid_elementor_1b84b44e .uc_post_image_overlay\n{\n  position:absolute;\n  top:0px;\n  left:0px;\n  height:100%;\n  width:100%;\n  transition:0.3s;\n}\n\n#uc_post_grid_elementor_1b84b44e .uc_more_btn-custom-field\n{\n  display:inline-block;\n  text-align:center;\n  text-decoration:none;\n  transition:0.3s;\n}\n\n#uc_post_grid_elementor_1b84b44e .uc_more_btn\n{\n  display:inline-block;\n  text-align:center;\n  text-decoration:none;\n  transition:0.3s;\n}\n\n.ue-grid-item-category a\n{\n  display:inline-block;\n  font-size:10px;\n  \n}\n#uc_post_grid_elementor_1b84b44e .ue-grid-item-category a{\n    cursor: text;\n  }\n.uc_post_title\n{\n  font-size:21px;\n}\n\n\n\n#uc_post_grid_elementor_1b84b44e .ue_post_grid_item\n{\n  display:flex;\n  flex-direction:column;\n}\n\n#uc_post_grid_elementor_1b84b44e.uc_post_grid_style_one .uc_content{\n flex-grow:1;\n}\n\n#uc_post_grid_elementor_1b84b44e.uc_post_grid_style_one .uc_content > div\n{\n  height:100%;\n  display:flex;\n  flex-direction:column;\n  justify-content: space-between;}\n\n    #uc_post_grid_elementor_1b84b44e .uc_post_button\n   {\n     margin-top:auto;\n   }\n  \n\n\n\n\n\n\n\n\n\n\n\n\n\n\n\n\n\n\n\n\n\n\n#uc_post_grid_elementor_1b84b44e .ue-meta-data\n{\n  \n  display:flex;\n\n  flex-wrap: wrap;\n  line-height:1em;\n}\n\n#uc_post_grid_elementor_1b84b44e .ue-grid-item-meta-data\n{\n      display:inline-flex;\n      align-items:center;\n}\n\n#uc_post_grid_elementor_1b84b44e .ue-grid-item-meta-data a{\n  color:inherit;\n}\n\n.ue-grid-item-meta-data\n{\n  font-size:12px;\n}\n\n#uc_post_grid_elementor_1b84b44e .ue-grid-item-meta-data-icon\n{\n  line-height:1em;\n}\n\n#uc_post_grid_elementor_1b84b44e .ue-grid-item-meta-data-icon svg\n{\n  width:1em;\n  height:1em;\n}\n\n#uc_post_grid_elementor_1b84b44e .ue-debug-meta\n{\n  padding:10px;\n  border:1px solid red;\n  position:relative;\n  line-height:1.5em;\n  font-size:11px;\n  width:100%;\n}\n\n#uc_post_grid_elementor_1b84b44e .uc_btn_inner\n{\n  display:inline-flex;\n  align-items:center;\n}\n\n#uc_post_grid_elementor_1b84b44e .uc_btn_inner svg\n{\n  width:1em;\n  height:1em;\n}\n\n  #uc_post_grid_elementor_1b84b44e .ue_post_full_link{\n    position:absolute;\n    width:100%;\n    height:100%;\n    top:0;\n    left:0;\n  }\n\n\n\n\n\n\n\n<\/style>\n\n<div class=\"uc_post_grid_style_one uc-filterable-grid \" id=\"uc_post_grid_elementor_1b84b44e\"  data-ajax='true'  data-filterbehave='ajax'  querydata='{&quot;count_posts&quot;:4,&quot;total_posts&quot;:5,&quot;page&quot;:1,&quot;num_pages&quot;:2}' >\n\t\t<div class=\"uc_post_grid_style_one_wrap ue_post_grid uc-items-wrapper\">\n\t\t\t\n\n\n\n<div id=\"uc_post_grid_elementor_1b84b44e_item1\" class=\"uc_post_grid_style_one_item ue_post_grid_item ue-item product-grid \">\n  \n  <div class=\"uc_content\">\n    <div class=\"uc_content_inner\">\n      <div class=\"uc_content-info-wrapper\" >\n        \n                 \n        \t        \t\t        \t\t\n\t\t\t        \n        \t<div class=\"ue-grid-item-category\">\n                            \t              \t\t<a href=\"javascript:void(0);\" class=\"dispositifs-medicaux-et-consommables\">\u0130yon<\/a>\n              \t                      \t<\/div>        \n      \n              \n\n            \t\t      \t\t\t<div class=\"uc_post_title\"><a class=\"\" href=\"https:\/\/www.alyors.com\/fr\/products\/iyon-fr\/nasal-wash-kit\/\" target=\"_self\"><p class=\"ue_p_title\">Nasal Wash Kit<\/p><\/a><\/div>\n      \t\t      \t\n                      \n       \n        <div class=\"ue-meta-data\">\n            \n        \n                \n        \n\t\n                \n                \n                \n                \n    \t\t\t\n      \n            \n  <\/div>\t\n           \n                 \n                            \n                                  \n     <\/div>\n                   <a class=\"uc_post_grid_style_one_image \" href=\"https:\/\/www.alyors.com\/fr\/products\/iyon-fr\/nasal-wash-kit\/\" target=\"_self\">\n     <div class=\"uc_post_image\">\n       <img loading=\"lazy\" decoding=\"async\" src=\"https:\/\/www.alyors.com\/wp-content\/uploads\/2024\/03\/Iyon-SInus-Rinse-Kit-240.png\"  src=\"https:\/\/www.alyors.com\/wp-content\/uploads\/2024\/03\/Iyon-SInus-Rinse-Kit-240.png\" alt=\"\u0130yon S\u0130nus Rinse Kit 240\" width=\"516\" height=\"439\">\n       <div class=\"uc_post_image_overlay\"><\/div>\n     <\/div>\n    <\/a>\n                      \n           <div class=\"uc_post_button\">\n        \n        <a class=\"uc_more_btn \" target=\"_self\" href=\"https:\/\/www.alyors.com\/fr\/products\/iyon-fr\/nasal-wash-kit\/\">\n          <div class=\"uc_btn_inner\">\n            <div class=\"uc_btn_txt\">MORE INFO<\/div>\n            <div class=\"uc_btn_icon\"><i class='fas fa-caret-right'><\/i><\/div>          <\/div>\n      \t<\/a>\n        \n                \n      <\/div>                           \n \t<\/div>  <\/div>      \n  <a class=\"ue_post_full_link\" href=\"https:\/\/www.alyors.com\/fr\/products\/iyon-fr\/nasal-wash-kit\/\" aria-label=\"Read more about Nasal Wash Kit\"><\/a>      \n<\/div>\n\n\n\n\n<div id=\"uc_post_grid_elementor_1b84b44e_item2\" class=\"uc_post_grid_style_one_item ue_post_grid_item ue-item product-grid \">\n  \n  <div class=\"uc_content\">\n    <div class=\"uc_content_inner\">\n      <div class=\"uc_content-info-wrapper\" >\n        \n                 \n        \t        \t\t        \t\t\n\t\t\t        \n        \t<div class=\"ue-grid-item-category\">\n                            \t              \t\t<a href=\"javascript:void(0);\" class=\"dispositifs-medicaux-et-consommables\">\u0130yon<\/a>\n              \t                      \t<\/div>        \n      \n              \n\n            \t\t      \t\t\t<div class=\"uc_post_title\"><a class=\"\" href=\"https:\/\/www.alyors.com\/fr\/products\/iyon-fr\/phsiological-saline-solution-drop-for-nasal-use\/\" target=\"_self\"><p class=\"ue_p_title\">Phsiological Saline Solution Drop For Nasal Use<\/p><\/a><\/div>\n      \t\t      \t\n                      \n       \n        <div class=\"ue-meta-data\">\n            \n        \n                \n        \n\t\n                \n                \n                \n                \n    \t\t\t\n      \n            \n  <\/div>\t\n           \n                 \n                            \n                                  \n     <\/div>\n                   <a class=\"uc_post_grid_style_one_image \" href=\"https:\/\/www.alyors.com\/fr\/products\/iyon-fr\/phsiological-saline-solution-drop-for-nasal-use\/\" target=\"_self\">\n     <div class=\"uc_post_image\">\n       <img loading=\"lazy\" decoding=\"async\" src=\"https:\/\/www.alyors.com\/wp-content\/uploads\/2024\/03\/Iyon-Saline_Nasal_Drop_Mockup_PNG.png\"  src=\"https:\/\/www.alyors.com\/wp-content\/uploads\/2024\/03\/Iyon-Saline_Nasal_Drop_Mockup_PNG.png\" alt=\"\u0130yon Saline_Nasal_Drop_Mockup_PNG\" width=\"516\" height=\"439\">\n       <div class=\"uc_post_image_overlay\"><\/div>\n     <\/div>\n    <\/a>\n                      \n           <div class=\"uc_post_button\">\n        \n        <a class=\"uc_more_btn \" target=\"_self\" href=\"https:\/\/www.alyors.com\/fr\/products\/iyon-fr\/phsiological-saline-solution-drop-for-nasal-use\/\">\n          <div class=\"uc_btn_inner\">\n            <div class=\"uc_btn_txt\">MORE INFO<\/div>\n            <div class=\"uc_btn_icon\"><i class='fas fa-caret-right'><\/i><\/div>          <\/div>\n      \t<\/a>\n        \n                \n      <\/div>                           \n \t<\/div>  <\/div>      \n  <a class=\"ue_post_full_link\" href=\"https:\/\/www.alyors.com\/fr\/products\/iyon-fr\/phsiological-saline-solution-drop-for-nasal-use\/\" aria-label=\"Read more about Phsiological Saline Solution Drop For Nasal Use\"><\/a>      \n<\/div>\n\n\n\n\n<div id=\"uc_post_grid_elementor_1b84b44e_item3\" class=\"uc_post_grid_style_one_item ue_post_grid_item ue-item product-grid \">\n  \n  <div class=\"uc_content\">\n    <div class=\"uc_content_inner\">\n      <div class=\"uc_content-info-wrapper\" >\n        \n                 \n        \t        \t\t        \t\t\n\t\t\t        \n        \t<div class=\"ue-grid-item-category\">\n                            \t              \t\t<a href=\"javascript:void(0);\" class=\"dispositifs-medicaux-et-consommables\">\u0130yon<\/a>\n              \t                      \t<\/div>        \n      \n              \n\n            \t\t      \t\t\t<div class=\"uc_post_title\"><a class=\"\" href=\"https:\/\/www.alyors.com\/fr\/products\/iyon-fr\/hypertonic-ocean-water-nasal-spray\/\" target=\"_self\"><p class=\"ue_p_title\">Hypertonic Ocean Water Nasal Spray<\/p><\/a><\/div>\n      \t\t      \t\n                      \n       \n        <div class=\"ue-meta-data\">\n            \n        \n                \n        \n\t\n                \n                \n                \n                \n    \t\t\t\n      \n            \n  <\/div>\t\n           \n                 \n                            \n                                  \n     <\/div>\n                   <a class=\"uc_post_grid_style_one_image \" href=\"https:\/\/www.alyors.com\/fr\/products\/iyon-fr\/hypertonic-ocean-water-nasal-spray\/\" target=\"_self\">\n     <div class=\"uc_post_image\">\n       <img loading=\"lazy\" decoding=\"async\" src=\"https:\/\/www.alyors.com\/wp-content\/uploads\/2024\/03\/Artboard-1-copy-11-768x768.jpg\"  src=\"https:\/\/www.alyors.com\/wp-content\/uploads\/2024\/03\/Artboard-1-copy-11-768x768.jpg\" alt=\"Artboard 1 copy 11\" width=\"768\" height=\"768\">\n       <div class=\"uc_post_image_overlay\"><\/div>\n     <\/div>\n    <\/a>\n                      \n           <div class=\"uc_post_button\">\n        \n        <a class=\"uc_more_btn \" target=\"_self\" href=\"https:\/\/www.alyors.com\/fr\/products\/iyon-fr\/hypertonic-ocean-water-nasal-spray\/\">\n          <div class=\"uc_btn_inner\">\n            <div class=\"uc_btn_txt\">MORE INFO<\/div>\n            <div class=\"uc_btn_icon\"><i class='fas fa-caret-right'><\/i><\/div>          <\/div>\n      \t<\/a>\n        \n                \n      <\/div>                           \n \t<\/div>  <\/div>      \n  <a class=\"ue_post_full_link\" href=\"https:\/\/www.alyors.com\/fr\/products\/iyon-fr\/hypertonic-ocean-water-nasal-spray\/\" aria-label=\"Read more about Hypertonic Ocean Water Nasal Spray\"><\/a>      \n<\/div>\n\n\n\n\n<div id=\"uc_post_grid_elementor_1b84b44e_item4\" class=\"uc_post_grid_style_one_item ue_post_grid_item ue-item product-grid \">\n  \n  <div class=\"uc_content\">\n    <div class=\"uc_content_inner\">\n      <div class=\"uc_content-info-wrapper\" >\n        \n                 \n        \t        \t\t        \t\t\n\t\t\t        \n        \t<div class=\"ue-grid-item-category\">\n                            \t              \t\t<a href=\"javascript:void(0);\" class=\"dispositifs-medicaux-et-consommables\">\u0130yon<\/a>\n              \t                      \t<\/div>        \n      \n              \n\n            \t\t      \t\t\t<div class=\"uc_post_title\"><a class=\"\" href=\"https:\/\/www.alyors.com\/fr\/products\/iyon-fr\/isotonic-ocean-water-nasal-spray\/\" target=\"_self\"><p class=\"ue_p_title\">Isotonic Ocean Water Nasal Spray<\/p><\/a><\/div>\n      \t\t      \t\n                      \n       \n        <div class=\"ue-meta-data\">\n            \n        \n                \n        \n\t\n                \n                \n                \n                \n    \t\t\t\n      \n            \n  <\/div>\t\n           \n                 \n                            \n                                  \n     <\/div>\n                   <a class=\"uc_post_grid_style_one_image \" href=\"https:\/\/www.alyors.com\/fr\/products\/iyon-fr\/isotonic-ocean-water-nasal-spray\/\" target=\"_self\">\n     <div class=\"uc_post_image\">\n       <img loading=\"lazy\" decoding=\"async\" src=\"https:\/\/www.alyors.com\/wp-content\/uploads\/2024\/03\/Artboard-1-copy-12-768x768.jpg\"  src=\"https:\/\/www.alyors.com\/wp-content\/uploads\/2024\/03\/Artboard-1-copy-12-768x768.jpg\" alt=\"Artboard 1 copy 12\" width=\"768\" height=\"768\">\n       <div class=\"uc_post_image_overlay\"><\/div>\n     <\/div>\n    <\/a>\n                      \n           <div class=\"uc_post_button\">\n        \n        <a class=\"uc_more_btn \" target=\"_self\" href=\"https:\/\/www.alyors.com\/fr\/products\/iyon-fr\/isotonic-ocean-water-nasal-spray\/\">\n          <div class=\"uc_btn_inner\">\n            <div class=\"uc_btn_txt\">MORE INFO<\/div>\n            <div class=\"uc_btn_icon\"><i class='fas fa-caret-right'><\/i><\/div>          <\/div>\n      \t<\/a>\n        \n                \n      <\/div>                           \n \t<\/div>  <\/div>      \n  <a class=\"ue_post_full_link\" href=\"https:\/\/www.alyors.com\/fr\/products\/iyon-fr\/isotonic-ocean-water-nasal-spray\/\" aria-label=\"Read more about Isotonic Ocean Water Nasal Spray\"><\/a>      \n<\/div>\n\n\t\t<\/div>\n\t<\/div>\n\n\n\n  <div id=\"uc_post_grid_elementor_1b84b44e_empty_message\" class=\"ue-no-posts-found\"  style=\"display:none\" >No posts found<\/div>\n\n\n<!-- end Post Grid -->\t\t\t\t<\/div>\n\t\t\t\t<\/div>\n\t\t\t\t<div class=\"elementor-element elementor-element-284151bc elementor-align-center elementor-widget elementor-widget-button\" data-id=\"284151bc\" data-element_type=\"widget\" data-e-type=\"widget\" data-widget_type=\"button.default\">\n\t\t\t\t<div class=\"elementor-widget-container\">\n\t\t\t\t\t\t\t\t\t<div class=\"elementor-button-wrapper\">\n\t\t\t\t\t<a class=\"elementor-button elementor-button-link elementor-size-md\" href=\"https:\/\/www.alyors.com\/fr\/brand\/iyon\/\">\n\t\t\t\t\t\t<span class=\"elementor-button-content-wrapper\">\n\t\t\t\t\t\t\t\t\t<span class=\"elementor-button-text\">TOUT VOIR<\/span>\n\t\t\t\t\t<\/span>\n\t\t\t\t\t<\/a>\n\t\t\t\t<\/div>\n\t\t\t\t\t\t\t\t<\/div>\n\t\t\t\t<\/div>\n\t\t\t\t\t<\/div>\n\t\t\t\t<\/div>\n\t\t<div class=\"elementor-element elementor-element-59e10f5 e-flex e-con-boxed e-con e-parent\" data-id=\"59e10f5\" data-element_type=\"container\" data-e-type=\"container\">\n\t\t\t\t\t<div class=\"e-con-inner\">\n\t\t\t\t\t<\/div>\n\t\t\t\t<\/div>\n\t\t\t\t<\/div>\n\t\t","protected":false},"excerpt":{"rendered":"<p>Dispositifs M\u00e9dicaux &amp; Consommables \u0130yon Health Medical a \u00e9t\u00e9 fond\u00e9e en 2008 par des pharmaciens avec une exp\u00e9rience professionnelle de 30 ans. En tant que force pionni\u00e8re dans le secteur des dispositifs m\u00e9dicaux en Turquie, notre engagement \u00e0 r\u00e9pondre aux besoins en constante \u00e9volution de l&rsquo;industrie des dispositifs m\u00e9dicaux a \u00e9t\u00e9 central dans notre succ\u00e8s. [&hellip;]<\/p>\n","protected":false},"author":1,"featured_media":13443,"parent":8279,"menu_order":0,"comment_status":"closed","ping_status":"closed","template":"","meta":{"_acf_changed":false,"inline_featured_image":false,"footnotes":""},"class_list":["post-8342","page","type-page","status-publish","has-post-thumbnail","hentry"],"acf":[],"_links":{"self":[{"href":"https:\/\/www.alyors.com\/fr\/wp-json\/wp\/v2\/pages\/8342","targetHints":{"allow":["GET"]}}],"collection":[{"href":"https:\/\/www.alyors.com\/fr\/wp-json\/wp\/v2\/pages"}],"about":[{"href":"https:\/\/www.alyors.com\/fr\/wp-json\/wp\/v2\/types\/page"}],"author":[{"embeddable":true,"href":"https:\/\/www.alyors.com\/fr\/wp-json\/wp\/v2\/users\/1"}],"replies":[{"embeddable":true,"href":"https:\/\/www.alyors.com\/fr\/wp-json\/wp\/v2\/comments?post=8342"}],"version-history":[{"count":10,"href":"https:\/\/www.alyors.com\/fr\/wp-json\/wp\/v2\/pages\/8342\/revisions"}],"predecessor-version":[{"id":8819,"href":"https:\/\/www.alyors.com\/fr\/wp-json\/wp\/v2\/pages\/8342\/revisions\/8819"}],"up":[{"embeddable":true,"href":"https:\/\/www.alyors.com\/fr\/wp-json\/wp\/v2\/pages\/8279"}],"wp:featuredmedia":[{"embeddable":true,"href":"https:\/\/www.alyors.com\/fr\/wp-json\/wp\/v2\/media\/13443"}],"wp:attachment":[{"href":"https:\/\/www.alyors.com\/fr\/wp-json\/wp\/v2\/media?parent=8342"}],"curies":[{"name":"wp","href":"https:\/\/api.w.org\/{rel}","templated":true}]}}