{"id":8357,"date":"2024-02-29T19:54:49","date_gmt":"2024-02-29T19:54:49","guid":{"rendered":"https:\/\/www.alyors.com\/?page_id=8357"},"modified":"2024-10-14T18:39:17","modified_gmt":"2024-10-14T18:39:17","slug":"naturalnest","status":"publish","type":"page","link":"https:\/\/www.alyors.com\/fr\/nos-marques\/naturalnest\/","title":{"rendered":"NaturalNest"},"content":{"rendered":"\t\t<div data-elementor-type=\"wp-page\" data-elementor-id=\"8357\" class=\"elementor elementor-8357 elementor-1438\" data-elementor-post-type=\"page\">\n\t\t\t\t<div class=\"elementor-element elementor-element-30784e39 e-flex e-con-boxed e-con e-parent\" data-id=\"30784e39\" data-element_type=\"container\" data-e-type=\"container\">\n\t\t\t\t\t<div class=\"e-con-inner\">\n\t\t\t\t<div class=\"elementor-element elementor-element-37832612 section-title section-title--centered elementor-widget elementor-widget-heading\" data-id=\"37832612\" data-element_type=\"widget\" data-e-type=\"widget\" data-widget_type=\"heading.default\">\n\t\t\t\t<div class=\"elementor-widget-container\">\n\t\t\t\t\t<h1 class=\"elementor-heading-title elementor-size-default\">NaturalNest<\/h1>\t\t\t\t<\/div>\n\t\t\t\t<\/div>\n\t\t\t\t<div class=\"elementor-element elementor-element-282bd611 elementor-widget elementor-widget-heading\" data-id=\"282bd611\" data-element_type=\"widget\" data-e-type=\"widget\" data-widget_type=\"heading.default\">\n\t\t\t\t<div class=\"elementor-widget-container\">\n\t\t\t\t\t<h2 class=\"elementor-heading-title elementor-size-default\">Trust in the natural<\/h2>\t\t\t\t<\/div>\n\t\t\t\t<\/div>\n\t\t\t\t<div class=\"elementor-element elementor-element-7a11cb71 elementor-widget elementor-widget-text-editor\" data-id=\"7a11cb71\" data-element_type=\"widget\" data-e-type=\"widget\" data-widget_type=\"text-editor.default\">\n\t\t\t\t<div class=\"elementor-widget-container\">\n\t\t\t\t\t\t\t\t\t<p>En tant que NaturalNest, nous avons entrepris de rendre possible une vie naturelle et saine, l&rsquo;un des plus grands besoins d&rsquo;aujourd&rsquo;hui.<\/p><p>Afin d&rsquo;offrir ce qu&rsquo;il y a de plus naturel \u00e0 nos consommateurs, nous n&rsquo;avons fabriqu\u00e9 que les meilleurs produits en utilisant ce que la nature nous a donn\u00e9.<\/p><p>Gr\u00e2ce \u00e0 notre confiance dans le caract\u00e8re naturel et la qualit\u00e9 de nos produits, nous apportons une autre dimension \u00e0 la sant\u00e9.<\/p><p>NaturalNest, qui se renouvelle jour apr\u00e8s jour, en s&rsquo;adaptant \u00e0 la technologie, en s&rsquo;ouvrant au d\u00e9veloppement, en produisant des produits innovants et originaux, ne fait jamais de compromis sur la qualit\u00e9 et la naturalit\u00e9 de ses produits.<\/p><p>NATURALNEST n&rsquo;offre aux consommateurs aucun produit dont elle n&rsquo;est pas s\u00fbre de la naturalit\u00e9, commence la production lorsqu&rsquo;elle est s\u00fbre de la puret\u00e9 des mati\u00e8res premi\u00e8res qui passent diff\u00e9rents tests et analyses, et apporte des compl\u00e9ments nutritionnels \u00e0 ceux qui en ont besoin sans perdre leur naturalit\u00e9.<\/p><p>Du pass\u00e9 au pr\u00e9sent et d&rsquo;aujourd&rsquo;hui \u00e0 l&rsquo;avenir, quelle que soit l&rsquo;\u00e9poque, \u00ab\u00a0Vivre en bonne sant\u00e9\u00a0\u00bb est pour nous la priorit\u00e9 absolue.<\/p><p>C&rsquo;est pourquoi la devise \u00ab\u00a0Trust in the natural\u00a0\u00bb est en fait l&rsquo;histoire de notre fondation en une phrase&#8230;<\/p>\t\t\t\t\t\t\t\t<\/div>\n\t\t\t\t<\/div>\n\t\t\t\t\t<\/div>\n\t\t\t\t<\/div>\n\t\t<div class=\"elementor-element elementor-element-faebb2d e-flex e-con-boxed e-con e-parent\" data-id=\"faebb2d\" data-element_type=\"container\" data-e-type=\"container\">\n\t\t\t\t\t<div class=\"e-con-inner\">\n\t\t\t\t<div class=\"elementor-element elementor-element-64e4c273 elementor-widget elementor-widget-image\" data-id=\"64e4c273\" data-element_type=\"widget\" data-e-type=\"widget\" data-widget_type=\"image.default\">\n\t\t\t\t<div class=\"elementor-widget-container\">\n\t\t\t\t\t\t\t\t\t\t\t\t\t\t\t<img fetchpriority=\"high\" decoding=\"async\" width=\"800\" height=\"468\" src=\"https:\/\/www.alyors.com\/wp-content\/uploads\/2024\/02\/naturalnest.svg\" class=\"attachment-large size-large wp-image-8358\" alt=\"\" \/>\t\t\t\t\t\t\t\t\t\t\t\t\t\t\t<\/div>\n\t\t\t\t<\/div>\n\t\t\t\t<div class=\"elementor-element elementor-element-641b4df4 elementor-align-center elementor-widget elementor-widget-button\" data-id=\"641b4df4\" data-element_type=\"widget\" data-e-type=\"widget\" data-widget_type=\"button.default\">\n\t\t\t\t<div class=\"elementor-widget-container\">\n\t\t\t\t\t\t\t\t\t<div class=\"elementor-button-wrapper\">\n\t\t\t\t\t<a class=\"elementor-button elementor-button-link elementor-size-md\" href=\"https:\/\/www.naturalnest.com.tr\/en\/\" target=\"_blank\" rel=\"nofollow noopener\">\n\t\t\t\t\t\t<span class=\"elementor-button-content-wrapper\">\n\t\t\t\t\t\t\t\t\t<span class=\"elementor-button-text\">ALLER SUR LE SITE DE L'ENTREPRISE<\/span>\n\t\t\t\t\t<\/span>\n\t\t\t\t\t<\/a>\n\t\t\t\t<\/div>\n\t\t\t\t\t\t\t\t<\/div>\n\t\t\t\t<\/div>\n\t\t\t\t\t<\/div>\n\t\t\t\t<\/div>\n\t\t<div class=\"elementor-element elementor-element-31e91c18 e-flex e-con-boxed e-con e-parent\" data-id=\"31e91c18\" data-element_type=\"container\" data-e-type=\"container\">\n\t\t\t\t\t<div class=\"e-con-inner\">\n\t\t\t\t<div class=\"elementor-element elementor-element-3d37a21d elementor-widget elementor-widget-heading\" data-id=\"3d37a21d\" data-element_type=\"widget\" data-e-type=\"widget\" data-widget_type=\"heading.default\">\n\t\t\t\t<div class=\"elementor-widget-container\">\n\t\t\t\t\t<h2 class=\"elementor-heading-title elementor-size-default\">Produits\n<\/h2>\t\t\t\t<\/div>\n\t\t\t\t<\/div>\n\t\t\t\t\t<\/div>\n\t\t\t\t<\/div>\n\t\t<div class=\"elementor-element elementor-element-6b94d6a1 e-flex e-con-boxed e-con e-parent\" data-id=\"6b94d6a1\" data-element_type=\"container\" data-e-type=\"container\">\n\t\t\t\t\t<div class=\"e-con-inner\">\n\t\t\t\t<div class=\"elementor-element elementor-element-392cccf3 products-list elementor-widget elementor-widget-ucaddon_post_grid\" data-id=\"392cccf3\" data-element_type=\"widget\" data-e-type=\"widget\" data-widget_type=\"ucaddon_post_grid.default\">\n\t\t\t\t<div class=\"elementor-widget-container\">\n\t\t\t\t\t\n<!-- start Post Grid -->\n\t\t<link id='font-awesome-css' href='https:\/\/www.alyors.com\/wp-content\/plugins\/unlimited-elements-for-elementor-premium\/assets_libraries\/font-awesome6\/fontawesome-all.min.css' type='text\/css' rel='stylesheet' >\n\t\t<link id='font-awesome-4-shim-css' href='https:\/\/www.alyors.com\/wp-content\/plugins\/unlimited-elements-for-elementor-premium\/assets_libraries\/font-awesome6\/fontawesome-v4-shims.min.css' type='text\/css' rel='stylesheet' >\n\n<style>\/* widget: Post Grid *\/\n\n\r\n@keyframes uc_post_grid_elementor_392cccf3__item-animation {\r\n  0% {\r\n            transform: translateY(50px);\r\n        \t        \tfilter: blur(4px);\r\n\t\t\t\r\n    \t    opacity: 0;\r\n  }\r\n  100% {\r\n            transform: translateY(0px);\r\n        \t            filter: blur(0px);\r\n            \r\n    \t\topacity: 1;\r\n  }\r\n}\r\n\r\n\r\n#uc_post_grid_elementor_392cccf3 .ue-item{\r\n\topacity:0;\r\n}\r\n\r\n\r\n#uc_post_grid_elementor_392cccf3 .uc-entrance-animate {\r\n  opacity:1;\r\n}\r\n\r\n#uc_post_grid_elementor_392cccf3 .uc-entrance-animate {\r\n\tanimation: uc_post_grid_elementor_392cccf3__item-animation 0.6s cubic-bezier(0.470, 0.000, 0.745, 0.715) both;\r\n}\r\n\r\n\t\t\t\n\n#uc_post_grid_elementor_392cccf3.uc_post_grid_style_one .uc_post_grid_style_one_wrap {\n   display:grid;\n}\n\n\n#uc_post_grid_elementor_392cccf3 .uc_post_grid_style_one_item\n{\n  position:relative;\n}\n\n#uc_post_grid_elementor_392cccf3 .uc_post_image\n{\n  transition:0.3s;\n  position:relative;\n  overflow:hidden;\n}\n\n#uc_post_grid_elementor_392cccf3 .uc_post_image img\n{\n  width:100%;\n  display:block;\n  transition:0.3s;\n}\n\n\n\t\n\n\n\n\n\n\n#uc_post_grid_elementor_392cccf3 .uc_post_image_overlay\n{\n  position:absolute;\n  top:0px;\n  left:0px;\n  height:100%;\n  width:100%;\n  transition:0.3s;\n}\n\n#uc_post_grid_elementor_392cccf3 .uc_more_btn-custom-field\n{\n  display:inline-block;\n  text-align:center;\n  text-decoration:none;\n  transition:0.3s;\n}\n\n#uc_post_grid_elementor_392cccf3 .uc_more_btn\n{\n  display:inline-block;\n  text-align:center;\n  text-decoration:none;\n  transition:0.3s;\n}\n\n.ue-grid-item-category a\n{\n  display:inline-block;\n  font-size:10px;\n  \n}\n#uc_post_grid_elementor_392cccf3 .ue-grid-item-category a{\n    cursor: text;\n  }\n.uc_post_title\n{\n  font-size:21px;\n}\n\n\n\n#uc_post_grid_elementor_392cccf3 .ue_post_grid_item\n{\n  display:flex;\n  flex-direction:column;\n}\n\n#uc_post_grid_elementor_392cccf3.uc_post_grid_style_one .uc_content{\n flex-grow:1;\n}\n\n#uc_post_grid_elementor_392cccf3.uc_post_grid_style_one .uc_content > div\n{\n  height:100%;\n  display:flex;\n  flex-direction:column;\n  justify-content: space-between;}\n\n    #uc_post_grid_elementor_392cccf3 .uc_post_button\n   {\n     margin-top:auto;\n   }\n  \n\n\n\n\n\n\n\n\n\n\n\n\n\n\n\n\n\n\n\n\n\n\n#uc_post_grid_elementor_392cccf3 .ue-meta-data\n{\n  \n  display:flex;\n\n  flex-wrap: wrap;\n  line-height:1em;\n}\n\n#uc_post_grid_elementor_392cccf3 .ue-grid-item-meta-data\n{\n      display:inline-flex;\n      align-items:center;\n}\n\n#uc_post_grid_elementor_392cccf3 .ue-grid-item-meta-data a{\n  color:inherit;\n}\n\n.ue-grid-item-meta-data\n{\n  font-size:12px;\n}\n\n#uc_post_grid_elementor_392cccf3 .ue-grid-item-meta-data-icon\n{\n  line-height:1em;\n}\n\n#uc_post_grid_elementor_392cccf3 .ue-grid-item-meta-data-icon svg\n{\n  width:1em;\n  height:1em;\n}\n\n#uc_post_grid_elementor_392cccf3 .ue-debug-meta\n{\n  padding:10px;\n  border:1px solid red;\n  position:relative;\n  line-height:1.5em;\n  font-size:11px;\n  width:100%;\n}\n\n#uc_post_grid_elementor_392cccf3 .uc_btn_inner\n{\n  display:inline-flex;\n  align-items:center;\n}\n\n#uc_post_grid_elementor_392cccf3 .uc_btn_inner svg\n{\n  width:1em;\n  height:1em;\n}\n\n  #uc_post_grid_elementor_392cccf3 .ue_post_full_link{\n    position:absolute;\n    width:100%;\n    height:100%;\n    top:0;\n    left:0;\n  }\n\n\n\n\n\n\n\n<\/style>\n\n<div class=\"uc_post_grid_style_one uc-filterable-grid \" id=\"uc_post_grid_elementor_392cccf3\"  data-ajax='true'  data-filterbehave='ajax'  querydata='{&quot;count_posts&quot;:4,&quot;total_posts&quot;:20,&quot;page&quot;:1,&quot;num_pages&quot;:5}' >\n\t\t<div class=\"uc_post_grid_style_one_wrap ue_post_grid uc-items-wrapper\">\n\t\t\t\n\n\n\n<div id=\"uc_post_grid_elementor_392cccf3_item1\" class=\"uc_post_grid_style_one_item ue_post_grid_item ue-item product-grid \">\n  \n  <div class=\"uc_content\">\n    <div class=\"uc_content_inner\">\n      <div class=\"uc_content-info-wrapper\" >\n        \n                 \n        \t        \t\t        \t\t\n\t\t\t        \n        \t<div class=\"ue-grid-item-category\">\n                            \t              \t\t<a href=\"javascript:void(0);\" class=\"supplements-de-collagene\">NaturalNest<\/a>\n              \t                      \t<\/div>        \n      \n              \n\n            \t\t      \t\t\t<div class=\"uc_post_title\"><a class=\"\" href=\"https:\/\/www.alyors.com\/fr\/products\/naturalnest-fr\/collagen-peptide-hyaluronic-acid\/\" target=\"_self\"><p class=\"ue_p_title\">Collagen Peptide & Hyaluronic Acid<\/p><\/a><\/div>\n      \t\t      \t\n                      \n       \n        <div class=\"ue-meta-data\">\n            \n        \n                \n        \n\t\n                \n                \n                \n                \n    \t\t\t\n      \n            \n  <\/div>\t\n           \n                 \n                            \n                                  \n     <\/div>\n                   <a class=\"uc_post_grid_style_one_image \" href=\"https:\/\/www.alyors.com\/fr\/products\/naturalnest-fr\/collagen-peptide-hyaluronic-acid\/\" target=\"_self\">\n     <div class=\"uc_post_image\">\n       <img decoding=\"async\" src=\"https:\/\/www.alyors.com\/wp-content\/uploads\/2024\/04\/collagen-tablet-30.webp\"  src=\"https:\/\/www.alyors.com\/wp-content\/uploads\/2024\/04\/collagen-tablet-30.webp\" alt=\"Private Label Bovine Collagen Peptide Sachet Manufacturer - NaturalNest\" width=\"617\" height=\"617\">\n       <div class=\"uc_post_image_overlay\"><\/div>\n     <\/div>\n    <\/a>\n                      \n           <div class=\"uc_post_button\">\n        \n        <a class=\"uc_more_btn \" target=\"_self\" href=\"https:\/\/www.alyors.com\/fr\/products\/naturalnest-fr\/collagen-peptide-hyaluronic-acid\/\">\n          <div class=\"uc_btn_inner\">\n            <div class=\"uc_btn_txt\">MORE INFO<\/div>\n            <div class=\"uc_btn_icon\"><i class='fas fa-caret-right'><\/i><\/div>          <\/div>\n      \t<\/a>\n        \n                \n      <\/div>                           \n \t<\/div>  <\/div>      \n  <a class=\"ue_post_full_link\" href=\"https:\/\/www.alyors.com\/fr\/products\/naturalnest-fr\/collagen-peptide-hyaluronic-acid\/\" aria-label=\"Read more about Collagen Peptide &amp; Hyaluronic Acid\"><\/a>      \n<\/div>\n\n\n\n\n<div id=\"uc_post_grid_elementor_392cccf3_item2\" class=\"uc_post_grid_style_one_item ue_post_grid_item ue-item product-grid \">\n  \n  <div class=\"uc_content\">\n    <div class=\"uc_content_inner\">\n      <div class=\"uc_content-info-wrapper\" >\n        \n                 \n        \t        \t\t        \t\t\n\t\t\t        \n        \t<div class=\"ue-grid-item-category\">\n                            \t              \t\t<a href=\"javascript:void(0);\" class=\"\">NaturalNest<\/a>\n              \t                      \t<\/div>        \n      \n              \n\n            \t\t      \t\t\t<div class=\"uc_post_title\"><a class=\"\" href=\"https:\/\/www.alyors.com\/fr\/products\/naturalnest-fr\/collagen\/\" target=\"_self\"><p class=\"ue_p_title\">Collagen<\/p><\/a><\/div>\n      \t\t      \t\n                      \n       \n        <div class=\"ue-meta-data\">\n            \n        \n                \n        \n\t\n                \n                \n                \n                \n    \t\t\t\n      \n            \n  <\/div>\t\n           \n                 \n                            \n                                  \n     <\/div>\n                   <a class=\"uc_post_grid_style_one_image \" href=\"https:\/\/www.alyors.com\/fr\/products\/naturalnest-fr\/collagen\/\" target=\"_self\">\n     <div class=\"uc_post_image\">\n       <img decoding=\"async\" src=\"https:\/\/www.alyors.com\/wp-content\/uploads\/2024\/04\/N014C.webp\"  src=\"https:\/\/www.alyors.com\/wp-content\/uploads\/2024\/04\/N014C.webp\" alt=\"Private Label Bovine Collagen Peptide Sachet Manufacturer - NaturalNest\" width=\"617\" height=\"617\">\n       <div class=\"uc_post_image_overlay\"><\/div>\n     <\/div>\n    <\/a>\n                      \n           <div class=\"uc_post_button\">\n        \n        <a class=\"uc_more_btn \" target=\"_self\" href=\"https:\/\/www.alyors.com\/fr\/products\/naturalnest-fr\/collagen\/\">\n          <div class=\"uc_btn_inner\">\n            <div class=\"uc_btn_txt\">MORE INFO<\/div>\n            <div class=\"uc_btn_icon\"><i class='fas fa-caret-right'><\/i><\/div>          <\/div>\n      \t<\/a>\n        \n                \n      <\/div>                           \n \t<\/div>  <\/div>      \n  <a class=\"ue_post_full_link\" href=\"https:\/\/www.alyors.com\/fr\/products\/naturalnest-fr\/collagen\/\" aria-label=\"Read more about Collagen\"><\/a>      \n<\/div>\n\n\n\n\n<div id=\"uc_post_grid_elementor_392cccf3_item3\" class=\"uc_post_grid_style_one_item ue_post_grid_item ue-item product-grid \">\n  \n  <div class=\"uc_content\">\n    <div class=\"uc_content_inner\">\n      <div class=\"uc_content-info-wrapper\" >\n        \n                 \n        \t        \t\t        \t\t\n\t\t\t        \n        \t<div class=\"ue-grid-item-category\">\n                            \t              \t\t<a href=\"javascript:void(0);\" class=\"\">NaturalNest<\/a>\n              \t                      \t<\/div>        \n      \n              \n\n            \t\t      \t\t\t<div class=\"uc_post_title\"><a class=\"\" href=\"https:\/\/www.alyors.com\/fr\/products\/naturalnest-fr\/collagen-plus\/\" target=\"_self\"><p class=\"ue_p_title\">Collagen Plus<\/p><\/a><\/div>\n      \t\t      \t\n                      \n       \n        <div class=\"ue-meta-data\">\n            \n        \n                \n        \n\t\n                \n                \n                \n                \n    \t\t\t\n      \n            \n  <\/div>\t\n           \n                 \n                            \n                                  \n     <\/div>\n                   <a class=\"uc_post_grid_style_one_image \" href=\"https:\/\/www.alyors.com\/fr\/products\/naturalnest-fr\/collagen-plus\/\" target=\"_self\">\n     <div class=\"uc_post_image\">\n       <img decoding=\"async\" src=\"https:\/\/www.alyors.com\/wp-content\/uploads\/ac_assets\/uc_post_grid_style_one\/no-image.png\" >\n       <div class=\"uc_post_image_overlay\"><\/div>\n     <\/div>\n    <\/a>\n                      \n           <div class=\"uc_post_button\">\n        \n        <a class=\"uc_more_btn \" target=\"_self\" href=\"https:\/\/www.alyors.com\/fr\/products\/naturalnest-fr\/collagen-plus\/\">\n          <div class=\"uc_btn_inner\">\n            <div class=\"uc_btn_txt\">MORE INFO<\/div>\n            <div class=\"uc_btn_icon\"><i class='fas fa-caret-right'><\/i><\/div>          <\/div>\n      \t<\/a>\n        \n                \n      <\/div>                           \n \t<\/div>  <\/div>      \n  <a class=\"ue_post_full_link\" href=\"https:\/\/www.alyors.com\/fr\/products\/naturalnest-fr\/collagen-plus\/\" aria-label=\"Read more about Collagen Plus\"><\/a>      \n<\/div>\n\n\n\n\n<div id=\"uc_post_grid_elementor_392cccf3_item4\" class=\"uc_post_grid_style_one_item ue_post_grid_item ue-item product-grid \">\n  \n  <div class=\"uc_content\">\n    <div class=\"uc_content_inner\">\n      <div class=\"uc_content-info-wrapper\" >\n        \n                 \n        \t        \t\t        \t\t\n\t\t\t        \n        \t<div class=\"ue-grid-item-category\">\n                            \t              \t\t<a href=\"javascript:void(0);\" class=\"\">NaturalNest<\/a>\n              \t                      \t<\/div>        \n      \n              \n\n            \t\t      \t\t\t<div class=\"uc_post_title\"><a class=\"\" href=\"https:\/\/www.alyors.com\/fr\/products\/naturalnest-fr\/probiotic\/\" target=\"_self\"><p class=\"ue_p_title\">Probiotic<\/p><\/a><\/div>\n      \t\t      \t\n                      \n       \n        <div class=\"ue-meta-data\">\n            \n        \n                \n        \n\t\n                \n                \n                \n                \n    \t\t\t\n      \n            \n  <\/div>\t\n           \n                 \n                            \n                                  \n     <\/div>\n                   <a class=\"uc_post_grid_style_one_image \" href=\"https:\/\/www.alyors.com\/fr\/products\/naturalnest-fr\/probiotic\/\" target=\"_self\">\n     <div class=\"uc_post_image\">\n       <img loading=\"lazy\" decoding=\"async\" src=\"https:\/\/www.alyors.com\/wp-content\/uploads\/2024\/04\/N029C.webp\"  src=\"https:\/\/www.alyors.com\/wp-content\/uploads\/2024\/04\/N029C.webp\" alt=\"Private Label Probiotic (Inulin) &amp; Prebiotic Blend (5 Billion CFU) - Alyors\" width=\"617\" height=\"617\">\n       <div class=\"uc_post_image_overlay\"><\/div>\n     <\/div>\n    <\/a>\n                      \n           <div class=\"uc_post_button\">\n        \n        <a class=\"uc_more_btn \" target=\"_self\" href=\"https:\/\/www.alyors.com\/fr\/products\/naturalnest-fr\/probiotic\/\">\n          <div class=\"uc_btn_inner\">\n            <div class=\"uc_btn_txt\">MORE INFO<\/div>\n            <div class=\"uc_btn_icon\"><i class='fas fa-caret-right'><\/i><\/div>          <\/div>\n      \t<\/a>\n        \n                \n      <\/div>                           \n \t<\/div>  <\/div>      \n  <a class=\"ue_post_full_link\" href=\"https:\/\/www.alyors.com\/fr\/products\/naturalnest-fr\/probiotic\/\" aria-label=\"Read more about Probiotic\"><\/a>      \n<\/div>\n\n\t\t<\/div>\n\t<\/div>\n\n\n\n  <div id=\"uc_post_grid_elementor_392cccf3_empty_message\" class=\"ue-no-posts-found\"  style=\"display:none\" >No posts found<\/div>\n\n\n<!-- end Post Grid -->\t\t\t\t<\/div>\n\t\t\t\t<\/div>\n\t\t\t\t<div class=\"elementor-element elementor-element-3a55617 elementor-align-center elementor-widget elementor-widget-button\" data-id=\"3a55617\" data-element_type=\"widget\" data-e-type=\"widget\" data-widget_type=\"button.default\">\n\t\t\t\t<div class=\"elementor-widget-container\">\n\t\t\t\t\t\t\t\t\t<div class=\"elementor-button-wrapper\">\n\t\t\t\t\t<a class=\"elementor-button elementor-button-link elementor-size-md\" href=\"https:\/\/www.alyors.com\/fr\/brand\/naturalnest\/\">\n\t\t\t\t\t\t<span class=\"elementor-button-content-wrapper\">\n\t\t\t\t\t\t\t\t\t<span class=\"elementor-button-text\">TOUT VOIR<\/span>\n\t\t\t\t\t<\/span>\n\t\t\t\t\t<\/a>\n\t\t\t\t<\/div>\n\t\t\t\t\t\t\t\t<\/div>\n\t\t\t\t<\/div>\n\t\t\t\t\t<\/div>\n\t\t\t\t<\/div>\n\t\t\t\t<\/div>\n\t\t","protected":false},"excerpt":{"rendered":"<p>Trust in the natural En tant que NaturalNest, nous avons entrepris de rendre possible une vie naturelle et saine, l&rsquo;un des plus grands besoins d&rsquo;aujourd&rsquo;hui. Afin d&rsquo;offrir ce qu&rsquo;il y a de plus naturel \u00e0 nos consommateurs, nous n&rsquo;avons fabriqu\u00e9 que les meilleurs produits en utilisant ce que la nature nous a donn\u00e9. Gr\u00e2ce \u00e0 [&hellip;]<\/p>\n","protected":false},"author":1,"featured_media":8359,"parent":8279,"menu_order":0,"comment_status":"closed","ping_status":"closed","template":"","meta":{"_acf_changed":false,"inline_featured_image":false,"footnotes":""},"class_list":["post-8357","page","type-page","status-publish","has-post-thumbnail","hentry"],"acf":[],"_links":{"self":[{"href":"https:\/\/www.alyors.com\/fr\/wp-json\/wp\/v2\/pages\/8357","targetHints":{"allow":["GET"]}}],"collection":[{"href":"https:\/\/www.alyors.com\/fr\/wp-json\/wp\/v2\/pages"}],"about":[{"href":"https:\/\/www.alyors.com\/fr\/wp-json\/wp\/v2\/types\/page"}],"author":[{"embeddable":true,"href":"https:\/\/www.alyors.com\/fr\/wp-json\/wp\/v2\/users\/1"}],"replies":[{"embeddable":true,"href":"https:\/\/www.alyors.com\/fr\/wp-json\/wp\/v2\/comments?post=8357"}],"version-history":[{"count":4,"href":"https:\/\/www.alyors.com\/fr\/wp-json\/wp\/v2\/pages\/8357\/revisions"}],"predecessor-version":[{"id":8363,"href":"https:\/\/www.alyors.com\/fr\/wp-json\/wp\/v2\/pages\/8357\/revisions\/8363"}],"up":[{"embeddable":true,"href":"https:\/\/www.alyors.com\/fr\/wp-json\/wp\/v2\/pages\/8279"}],"wp:featuredmedia":[{"embeddable":true,"href":"https:\/\/www.alyors.com\/fr\/wp-json\/wp\/v2\/media\/8359"}],"wp:attachment":[{"href":"https:\/\/www.alyors.com\/fr\/wp-json\/wp\/v2\/media?parent=8357"}],"curies":[{"name":"wp","href":"https:\/\/api.w.org\/{rel}","templated":true}]}}