{"id":8388,"date":"2024-03-04T14:17:21","date_gmt":"2024-03-04T14:17:21","guid":{"rendered":"https:\/\/www.alyors.com\/?page_id=8388"},"modified":"2024-10-14T18:48:21","modified_gmt":"2024-10-14T18:48:21","slug":"your-gummie","status":"publish","type":"page","link":"https:\/\/www.alyors.com\/fr\/nos-marques\/your-gummie\/","title":{"rendered":"Y&rsquo;our Gummie"},"content":{"rendered":"\t\t<div data-elementor-type=\"wp-page\" data-elementor-id=\"8388\" class=\"elementor elementor-8388 elementor-2599\" data-elementor-post-type=\"page\">\n\t\t\t\t<div class=\"elementor-element elementor-element-4eef38f0 e-flex e-con-boxed e-con e-parent\" data-id=\"4eef38f0\" data-element_type=\"container\" data-e-type=\"container\">\n\t\t\t\t\t<div class=\"e-con-inner\">\n\t\t\t\t<div class=\"elementor-element elementor-element-373a6102 section-title section-title--centered elementor-widget elementor-widget-heading\" data-id=\"373a6102\" data-element_type=\"widget\" data-e-type=\"widget\" data-widget_type=\"heading.default\">\n\t\t\t\t<div class=\"elementor-widget-container\">\n\t\t\t\t\t<h1 class=\"elementor-heading-title elementor-size-default\">Y&rsquo;our Gummie<\/h1>\t\t\t\t<\/div>\n\t\t\t\t<\/div>\n\t\t\t\t<div class=\"elementor-element elementor-element-1142d924 elementor-widget elementor-widget-text-editor\" data-id=\"1142d924\" data-element_type=\"widget\" data-e-type=\"widget\" data-widget_type=\"text-editor.default\">\n\t\t\t\t<div class=\"elementor-widget-container\">\n\t\t\t\t\t\t\t\t\t<p>Y&rsquo;our Gummie, o\u00f9 la sant\u00e9 et le plaisir se rencontrent dans un monde vibrant de d\u00e9licieux suppl\u00e9ments sous forme de gommes.<\/p><p>\u00a0<\/p><p>Nous sommes d\u00e9termin\u00e9s \u00e0 transformer la fa\u00e7on dont les gens am\u00e9liorent leur bien-\u00eatre en cr\u00e9ant des formulations de gommes de haute qualit\u00e9 qui font de la prise de suppl\u00e9ments une exp\u00e9rience d\u00e9licieuse.<\/p><p>\u00a0<\/p><p>Chez Y&rsquo;our Gummie, nous disposons d&rsquo;une large gamme de produits d\u00e9velopp\u00e9s par notre \u00e9quipe d&rsquo;experts qui soutiennent la sant\u00e9 et am\u00e9liorent la qualit\u00e9 de vie.<\/p><p>\u00a0<\/p><p>En plus de notre propre gamme de produits, nous offrons des possibilit\u00e9s de marques priv\u00e9es, ce qui permet aux entreprises de cr\u00e9er leurs propres marques de suppl\u00e9ments g\u00e9lifi\u00e9s.<\/p>\t\t\t\t\t\t\t\t<\/div>\n\t\t\t\t<\/div>\n\t\t\t\t\t<\/div>\n\t\t\t\t<\/div>\n\t\t<div class=\"elementor-element elementor-element-1a37eda8 e-flex e-con-boxed e-con e-parent\" data-id=\"1a37eda8\" data-element_type=\"container\" data-e-type=\"container\">\n\t\t\t\t\t<div class=\"e-con-inner\">\n\t\t\t\t<div class=\"elementor-element elementor-element-5e908795 elementor-widget elementor-widget-image\" data-id=\"5e908795\" data-element_type=\"widget\" data-e-type=\"widget\" data-widget_type=\"image.default\">\n\t\t\t\t<div class=\"elementor-widget-container\">\n\t\t\t\t\t\t\t\t\t\t\t\t\t\t\t<img fetchpriority=\"high\" decoding=\"async\" width=\"800\" height=\"800\" src=\"https:\/\/www.alyors.com\/wp-content\/uploads\/2024\/02\/your-gummie-logo.svg\" class=\"attachment-large size-large wp-image-8389\" alt=\"\" \/>\t\t\t\t\t\t\t\t\t\t\t\t\t\t\t<\/div>\n\t\t\t\t<\/div>\n\t\t\t\t<div class=\"elementor-element elementor-element-6894c9d7 elementor-align-center elementor-widget elementor-widget-button\" data-id=\"6894c9d7\" data-element_type=\"widget\" data-e-type=\"widget\" data-widget_type=\"button.default\">\n\t\t\t\t<div class=\"elementor-widget-container\">\n\t\t\t\t\t\t\t\t\t<div class=\"elementor-button-wrapper\">\n\t\t\t\t\t<a class=\"elementor-button elementor-button-link elementor-size-md\" href=\"https:\/\/www.gummyworlds.com\/\" target=\"_blank\" rel=\"noopener\">\n\t\t\t\t\t\t<span class=\"elementor-button-content-wrapper\">\n\t\t\t\t\t\t\t\t\t<span class=\"elementor-button-text\">ALLER SUR LE SITE DE L'ENTREPRISE<\/span>\n\t\t\t\t\t<\/span>\n\t\t\t\t\t<\/a>\n\t\t\t\t<\/div>\n\t\t\t\t\t\t\t\t<\/div>\n\t\t\t\t<\/div>\n\t\t\t\t\t<\/div>\n\t\t\t\t<\/div>\n\t\t\t\t<\/div>\n\t\t","protected":false},"excerpt":{"rendered":"<p>Y&rsquo;our Gummie, o\u00f9 la sant\u00e9 et le plaisir se rencontrent dans un monde vibrant de d\u00e9licieux suppl\u00e9ments sous forme de gommes. \u00a0 Nous sommes d\u00e9termin\u00e9s \u00e0 transformer la fa\u00e7on dont les gens am\u00e9liorent leur bien-\u00eatre en cr\u00e9ant des formulations de gommes de haute qualit\u00e9 qui font de la prise de suppl\u00e9ments une exp\u00e9rience d\u00e9licieuse. \u00a0 [&hellip;]<\/p>\n","protected":false},"author":1,"featured_media":8089,"parent":8279,"menu_order":0,"comment_status":"closed","ping_status":"closed","template":"","meta":{"_acf_changed":false,"inline_featured_image":false,"footnotes":""},"class_list":["post-8388","page","type-page","status-publish","has-post-thumbnail","hentry"],"acf":[],"_links":{"self":[{"href":"https:\/\/www.alyors.com\/fr\/wp-json\/wp\/v2\/pages\/8388","targetHints":{"allow":["GET"]}}],"collection":[{"href":"https:\/\/www.alyors.com\/fr\/wp-json\/wp\/v2\/pages"}],"about":[{"href":"https:\/\/www.alyors.com\/fr\/wp-json\/wp\/v2\/types\/page"}],"author":[{"embeddable":true,"href":"https:\/\/www.alyors.com\/fr\/wp-json\/wp\/v2\/users\/1"}],"replies":[{"embeddable":true,"href":"https:\/\/www.alyors.com\/fr\/wp-json\/wp\/v2\/comments?post=8388"}],"version-history":[{"count":4,"href":"https:\/\/www.alyors.com\/fr\/wp-json\/wp\/v2\/pages\/8388\/revisions"}],"predecessor-version":[{"id":8393,"href":"https:\/\/www.alyors.com\/fr\/wp-json\/wp\/v2\/pages\/8388\/revisions\/8393"}],"up":[{"embeddable":true,"href":"https:\/\/www.alyors.com\/fr\/wp-json\/wp\/v2\/pages\/8279"}],"wp:featuredmedia":[{"embeddable":true,"href":"https:\/\/www.alyors.com\/fr\/wp-json\/wp\/v2\/media\/8089"}],"wp:attachment":[{"href":"https:\/\/www.alyors.com\/fr\/wp-json\/wp\/v2\/media?parent=8388"}],"curies":[{"name":"wp","href":"https:\/\/api.w.org\/{rel}","templated":true}]}}