{"id":8401,"date":"2024-03-04T06:13:01","date_gmt":"2024-03-04T06:13:01","guid":{"rendered":"https:\/\/www.alyors.com\/?page_id=8401"},"modified":"2024-10-14T18:53:54","modified_gmt":"2024-10-14T18:53:54","slug":"alyors-dans-le-monde","status":"publish","type":"page","link":"https:\/\/www.alyors.com\/fr\/services\/alyors-dans-le-monde\/","title":{"rendered":"Alyors Dans Le Monde"},"content":{"rendered":"\t\t<div data-elementor-type=\"wp-page\" data-elementor-id=\"8401\" class=\"elementor elementor-8401 elementor-2163\" data-elementor-post-type=\"page\">\n\t\t\t\t<div class=\"elementor-element elementor-element-37c408a e-flex e-con-boxed e-con e-parent\" data-id=\"37c408a\" data-element_type=\"container\" data-e-type=\"container\">\n\t\t\t\t\t<div class=\"e-con-inner\">\n\t\t\t\t<div class=\"elementor-element elementor-element-1f65e0a elementor-widget elementor-widget-heading\" data-id=\"1f65e0a\" data-element_type=\"widget\" data-e-type=\"widget\" data-widget_type=\"heading.default\">\n\t\t\t\t<div class=\"elementor-widget-container\">\n\t\t\t\t\t<h2 class=\"elementor-heading-title elementor-size-default\">Renforcer les Soins de Sant\u00e9 Dans le Monde Entier<\/h2>\t\t\t\t<\/div>\n\t\t\t\t<\/div>\n\t\t\t\t<div class=\"elementor-element elementor-element-dd74611 elementor-widget elementor-widget-image\" data-id=\"dd74611\" data-element_type=\"widget\" data-e-type=\"widget\" data-widget_type=\"image.default\">\n\t\t\t\t<div class=\"elementor-widget-container\">\n\t\t\t\t\t\t\t\t\t\t\t\t\t\t\t<img fetchpriority=\"high\" decoding=\"async\" width=\"800\" height=\"480\" src=\"https:\/\/www.alyors.com\/wp-content\/uploads\/2024\/03\/ic_sayfa_gorselleri_countries_and_brands-1024x615.webp\" class=\"attachment-large size-large wp-image-8403\" alt=\"\" srcset=\"https:\/\/www.alyors.com\/wp-content\/uploads\/2024\/03\/ic_sayfa_gorselleri_countries_and_brands-1024x615.webp 1024w, https:\/\/www.alyors.com\/wp-content\/uploads\/2024\/03\/ic_sayfa_gorselleri_countries_and_brands-300x180.webp 300w, https:\/\/www.alyors.com\/wp-content\/uploads\/2024\/03\/ic_sayfa_gorselleri_countries_and_brands-768x461.webp 768w, https:\/\/www.alyors.com\/wp-content\/uploads\/2024\/03\/ic_sayfa_gorselleri_countries_and_brands-1536x922.webp 1536w, https:\/\/www.alyors.com\/wp-content\/uploads\/2024\/03\/ic_sayfa_gorselleri_countries_and_brands-2048x1230.webp 2048w\" sizes=\"(max-width: 800px) 100vw, 800px\" \/>\t\t\t\t\t\t\t\t\t\t\t\t\t\t\t<\/div>\n\t\t\t\t<\/div>\n\t\t\t\t<div class=\"elementor-element elementor-element-0347fe8 elementor-widget elementor-widget-text-editor\" data-id=\"0347fe8\" data-element_type=\"widget\" data-e-type=\"widget\" data-widget_type=\"text-editor.default\">\n\t\t\t\t<div class=\"elementor-widget-container\">\n\t\t\t\t\t\t\t\t\t<p>Alyors, une entreprise mondiale pr\u00e9sente dans 53 pays, invite les distributeurs \u00e0 poser leur candidature pour la distribution d&rsquo;une marque. Nous offrons diff\u00e9rentes opportunit\u00e9s de marques \u00e0 diff\u00e9rentes entreprises, garantissant une approche sur mesure pour le succ\u00e8s. En tant que distributeurs d&rsquo;Alyors, les entreprises ont acc\u00e8s \u00e0 un portefeuille diversifi\u00e9 de produits de haute qualit\u00e9, \u00e0 un soutien complet et \u00e0 des ressources marketing exclusives pour prosp\u00e9rer sur leurs march\u00e9s locaux.<\/p>\t\t\t\t\t\t\t\t<\/div>\n\t\t\t\t<\/div>\n\t\t\t\t<div class=\"elementor-element elementor-element-07e7a54 elementor-widget elementor-widget-heading\" data-id=\"07e7a54\" data-element_type=\"widget\" data-e-type=\"widget\" data-widget_type=\"heading.default\">\n\t\t\t\t<div class=\"elementor-widget-container\">\n\t\t\t\t\t<h2 class=\"elementor-heading-title elementor-size-default\">Pr\u00e9sents dans plus de 50 pays<\/h2>\t\t\t\t<\/div>\n\t\t\t\t<\/div>\n\t\t\t\t\t<\/div>\n\t\t\t\t<\/div>\n\t\t\t\t<\/div>\n\t\t","protected":false},"excerpt":{"rendered":"<p>Renforcer les Soins de Sant\u00e9 Dans le Monde Entier Alyors, une entreprise mondiale pr\u00e9sente dans 53 pays, invite les distributeurs \u00e0 poser leur candidature pour la distribution d&rsquo;une marque. Nous offrons diff\u00e9rentes opportunit\u00e9s de marques \u00e0 diff\u00e9rentes entreprises, garantissant une approche sur mesure pour le succ\u00e8s. En tant que distributeurs d&rsquo;Alyors, les entreprises ont acc\u00e8s [&hellip;]<\/p>\n","protected":false},"author":1,"featured_media":8402,"parent":9366,"menu_order":0,"comment_status":"closed","ping_status":"closed","template":"","meta":{"_acf_changed":false,"inline_featured_image":false,"footnotes":""},"class_list":["post-8401","page","type-page","status-publish","has-post-thumbnail","hentry"],"acf":[],"_links":{"self":[{"href":"https:\/\/www.alyors.com\/fr\/wp-json\/wp\/v2\/pages\/8401","targetHints":{"allow":["GET"]}}],"collection":[{"href":"https:\/\/www.alyors.com\/fr\/wp-json\/wp\/v2\/pages"}],"about":[{"href":"https:\/\/www.alyors.com\/fr\/wp-json\/wp\/v2\/types\/page"}],"author":[{"embeddable":true,"href":"https:\/\/www.alyors.com\/fr\/wp-json\/wp\/v2\/users\/1"}],"replies":[{"embeddable":true,"href":"https:\/\/www.alyors.com\/fr\/wp-json\/wp\/v2\/comments?post=8401"}],"version-history":[{"count":7,"href":"https:\/\/www.alyors.com\/fr\/wp-json\/wp\/v2\/pages\/8401\/revisions"}],"predecessor-version":[{"id":8410,"href":"https:\/\/www.alyors.com\/fr\/wp-json\/wp\/v2\/pages\/8401\/revisions\/8410"}],"up":[{"embeddable":true,"href":"https:\/\/www.alyors.com\/fr\/wp-json\/wp\/v2\/pages\/9366"}],"wp:featuredmedia":[{"embeddable":true,"href":"https:\/\/www.alyors.com\/fr\/wp-json\/wp\/v2\/media\/8402"}],"wp:attachment":[{"href":"https:\/\/www.alyors.com\/fr\/wp-json\/wp\/v2\/media?parent=8401"}],"curies":[{"name":"wp","href":"https:\/\/api.w.org\/{rel}","templated":true}]}}