{"id":8411,"date":"2024-02-18T19:15:16","date_gmt":"2024-02-18T19:15:16","guid":{"rendered":"https:\/\/www.alyors.com\/?page_id=8411"},"modified":"2024-10-14T18:56:32","modified_gmt":"2024-10-14T18:56:32","slug":"politique-de-qualite","status":"publish","type":"page","link":"https:\/\/www.alyors.com\/fr\/politique-de-qualite\/","title":{"rendered":"Politique De Qualit\u00e9"},"content":{"rendered":"\t\t<div data-elementor-type=\"wp-page\" data-elementor-id=\"8411\" class=\"elementor elementor-8411 elementor-358\" data-elementor-post-type=\"page\">\n\t\t\t\t<div class=\"elementor-element elementor-element-41d9103 e-flex e-con-boxed e-con e-parent\" data-id=\"41d9103\" data-element_type=\"container\" data-e-type=\"container\">\n\t\t\t\t\t<div class=\"e-con-inner\">\n\t\t\t\t<div class=\"elementor-element elementor-element-654225c elementor-widget elementor-widget-text-editor\" data-id=\"654225c\" data-element_type=\"widget\" data-e-type=\"widget\" data-widget_type=\"text-editor.default\">\n\t\t\t\t<div class=\"elementor-widget-container\">\n\t\t\t\t\t\t\t\t\t<p><strong>En tant qu&rsquo;Alyors, nous adoptons les principes suivants comme politique de qualit\u00e9, de s\u00e9curit\u00e9 alimentaire et d&rsquo;alimentation halal avec tous nos employ\u00e9s.<\/strong><\/p><p><strong>\u00a0<\/strong>Notre principe de base est \u00ab\u00a0l&rsquo;excellence dans la satisfaction du client\u00a0\u00bb avec des produits de la plus haute qualit\u00e9 et les plus innovants, en respectant toutes les exigences du syst\u00e8me de gestion de la qualit\u00e9 ISO 9001, du syst\u00e8me de gestion de la s\u00e9curit\u00e9 alimentaire ISO 22000 et des bonnes pratiques de fabrication (BPF).<\/p><p>Nous assurons la continuit\u00e9 de la s\u00e9curit\u00e9 alimentaire en appliquant les r\u00e8gles fix\u00e9es par les autorit\u00e9s l\u00e9gales et r\u00e9glementaires (ISO 9001, ISO 22000, BPF) et les normes halal dans toutes nos activit\u00e9s.<\/p><p>Nous travaillons selon le principe du d\u00e9veloppement continu en offrant \u00e0 nos employ\u00e9s des possibilit\u00e9s de d\u00e9veloppement individuel et professionnel.<\/p><p>L&rsquo;un de nos principes fondamentaux est de maintenir la confiance dans notre entreprise en travaillant avec nos clients, nos fournisseurs et nos employ\u00e9s dans le cadre d&rsquo;un \u00ab\u00a0partenariat commercial\u00a0\u00bb et en privil\u00e9giant l&rsquo;excellence en mati\u00e8re de satisfaction de la client\u00e8le.<\/p><p>Nous travaillons selon le principe du d\u00e9veloppement et de l&rsquo;am\u00e9lioration continus, nous recherchons, investissons et utilisons les derni\u00e8res technologies afin de porter la qualit\u00e9 de nos produits au-del\u00e0 des attentes de nos clients.<\/p><p>Nous r\u00e9compensons la r\u00e9ussite et travaillons avec des \u00e9quipes performantes gr\u00e2ce \u00e0 des pratiques de ressources humaines qui permettent \u00e0 nos employ\u00e9s de se concentrer sur les objectifs de l&rsquo;entreprise.<\/p><p>Nous produisons des compl\u00e9ments alimentaires halal s\u00fbrs en respectant pleinement toutes les exigences l\u00e9gales et islamiques qui sont \u00e0 la base de la production d&rsquo;aliments de qualit\u00e9, s\u00fbrs et halal.<\/p><p>Nous veillons \u00e0 ce que le syst\u00e8me de gestion de la nourriture halal soit efficace dans les processus allant de l&rsquo;origine de la mati\u00e8re premi\u00e8re jusqu&rsquo;\u00e0 ce qu&rsquo;elle soit pr\u00eate \u00e0 \u00eatre consomm\u00e9e.<\/p><p>Nous utilisons le logo de l&rsquo;alimentation halal conform\u00e9ment aux proc\u00e9dures l\u00e9gales.<\/p>\t\t\t\t\t\t\t\t<\/div>\n\t\t\t\t<\/div>\n\t\t\t\t\t<\/div>\n\t\t\t\t<\/div>\n\t\t\t\t<\/div>\n\t\t","protected":false},"excerpt":{"rendered":"<p>En tant qu&rsquo;Alyors, nous adoptons les principes suivants comme politique de qualit\u00e9, de s\u00e9curit\u00e9 alimentaire et d&rsquo;alimentation halal avec tous nos employ\u00e9s. \u00a0Notre principe de base est \u00ab\u00a0l&rsquo;excellence dans la satisfaction du client\u00a0\u00bb avec des produits de la plus haute qualit\u00e9 et les plus innovants, en respectant toutes les exigences du syst\u00e8me de gestion de [&hellip;]<\/p>\n","protected":false},"author":1,"featured_media":8412,"parent":0,"menu_order":0,"comment_status":"closed","ping_status":"closed","template":"","meta":{"_acf_changed":false,"inline_featured_image":false,"footnotes":""},"class_list":["post-8411","page","type-page","status-publish","has-post-thumbnail","hentry"],"acf":[],"_links":{"self":[{"href":"https:\/\/www.alyors.com\/fr\/wp-json\/wp\/v2\/pages\/8411","targetHints":{"allow":["GET"]}}],"collection":[{"href":"https:\/\/www.alyors.com\/fr\/wp-json\/wp\/v2\/pages"}],"about":[{"href":"https:\/\/www.alyors.com\/fr\/wp-json\/wp\/v2\/types\/page"}],"author":[{"embeddable":true,"href":"https:\/\/www.alyors.com\/fr\/wp-json\/wp\/v2\/users\/1"}],"replies":[{"embeddable":true,"href":"https:\/\/www.alyors.com\/fr\/wp-json\/wp\/v2\/comments?post=8411"}],"version-history":[{"count":4,"href":"https:\/\/www.alyors.com\/fr\/wp-json\/wp\/v2\/pages\/8411\/revisions"}],"predecessor-version":[{"id":8416,"href":"https:\/\/www.alyors.com\/fr\/wp-json\/wp\/v2\/pages\/8411\/revisions\/8416"}],"wp:featuredmedia":[{"embeddable":true,"href":"https:\/\/www.alyors.com\/fr\/wp-json\/wp\/v2\/media\/8412"}],"wp:attachment":[{"href":"https:\/\/www.alyors.com\/fr\/wp-json\/wp\/v2\/media?parent=8411"}],"curies":[{"name":"wp","href":"https:\/\/api.w.org\/{rel}","templated":true}]}}