{"id":8483,"date":"2024-03-02T17:53:54","date_gmt":"2024-03-02T17:53:54","guid":{"rendered":"https:\/\/www.alyors.com\/?page_id=8483"},"modified":"2024-10-15T13:57:30","modified_gmt":"2024-10-15T13:57:30","slug":"centre-de-recherche-biologique-nuvita","status":"publish","type":"page","link":"https:\/\/www.alyors.com\/fr\/politique-de-qualite\/centre-de-recherche-biologique-nuvita\/","title":{"rendered":"Centre de Recherche Biologique Nuvita"},"content":{"rendered":"\t\t<div data-elementor-type=\"wp-page\" data-elementor-id=\"8483\" class=\"elementor elementor-8483 elementor-1570\" data-elementor-post-type=\"page\">\n\t\t\t\t<div class=\"elementor-element elementor-element-cc09757 e-flex e-con-boxed e-con e-parent\" data-id=\"cc09757\" data-element_type=\"container\" data-e-type=\"container\">\n\t\t\t\t\t<div class=\"e-con-inner\">\n\t\t<div class=\"elementor-element elementor-element-b9b0955 e-con-full e-flex e-con e-child\" data-id=\"b9b0955\" data-element_type=\"container\" data-e-type=\"container\">\n\t\t\t\t<div class=\"elementor-element elementor-element-0871a6f elementor-widget elementor-widget-text-editor\" data-id=\"0871a6f\" data-element_type=\"widget\" data-e-type=\"widget\" data-widget_type=\"text-editor.default\">\n\t\t\t\t<div class=\"elementor-widget-container\">\n\t\t\t\t\t\t\t\t\t<p>Chez Alyors Holding, nous sommes tr\u00e8s fiers de notre engagement en faveur de l&rsquo;innovation, qui s&rsquo;appuie sur des technologies de pointe et une recherche sans rel\u00e2che. L&rsquo;investissement dans la recherche et le d\u00e9veloppement (R&amp;D) est au c\u0153ur de notre philosophie d&rsquo;entreprise. Alyors Holding a r\u00e9alis\u00e9 des investissements substantiels pour favoriser un environnement o\u00f9 l&rsquo;innovation prosp\u00e8re et o\u00f9 les id\u00e9es se mat\u00e9rialisent en technologies de pointe. Cet investissement ne fait pas seulement progresser notre entreprise, il nous positionne \u00e9galement comme un pr\u00e9curseur.<\/p><p>Le Nuvita Biosearch Center, certifi\u00e9 par le minist\u00e8re turc de l&rsquo;industrie, t\u00e9moigne de notre volont\u00e9 in\u00e9branlable de repousser les limites du possible. En mettant l&rsquo;accent sur la recherche biologique et en tirant parti des derni\u00e8res avanc\u00e9es de la recherche scientifique, nous canalisons nos ressources pour d\u00e9velopper des solutions r\u00e9volutionnaires qui r\u00e9pondent aux besoins en constante \u00e9volution de nos clients.<\/p><p>Ce qui nous distingue, c&rsquo;est que nous sommes le seul laboratoire en Turquie \u00e0 travailler \u00e0 la fois avec des bact\u00e9ries et des microalgues. Nos installations de pointe comprennent un laboratoire pilote capable d&rsquo;effectuer toutes les analyses g\u00e9n\u00e9tiques, ainsi qu&rsquo;un laboratoire technologique \u00e0 part enti\u00e8re.<\/p><p>Rejoignez-nous \u00e0 Alyors Holding et au Nuvita Biosearch Center, car nous sommes \u00e0 l&rsquo;avant-garde des solutions certifi\u00e9es et r\u00e9volutionnaires, excellant \u00e0 la fois dans la recherche sur les bact\u00e9ries et les microalgues. Lib\u00e9rez les possibilit\u00e9s avec nous.<\/p><h4>Nos \u00e9tudes de R&amp;D :<\/h4><ol><li>Production de mati\u00e8res premi\u00e8res probiotiques \u00e0 partir de bact\u00e9ries isol\u00e9es du lait et d&rsquo;\u00e9chantillons de selles de nouveau-n\u00e9s en Turquie (30 types de probiotiques).<\/li><li>Technologie de synth\u00e8se des om\u00e9ga 3, de la vitamine D, du b\u00eata-carot\u00e8ne et de l&rsquo;astaxanthine \u00e0 partir de microalgues.<\/li><li>Le seul laboratoire en Turquie qui travaille \u00e0 la fois avec des bact\u00e9ries et des microalgues.<\/li><li>Une installation pilote capable d&rsquo;effectuer toutes les analyses g\u00e9n\u00e9tiques<\/li><li>Un laboratoire technologique \u00e0 part enti\u00e8re<\/li><\/ol><h4>Nouveau produit R&amp;D :<\/h4><ul><li>Certificat de production s\u00fbre de l&rsquo;EST COVID-19<\/li><li>Analyses et tests effectu\u00e9s \u00e0 l&rsquo;aide d&rsquo;appareils technologiques de pointe :<ul><li>Analyse des vitamines par HPLC1 et UV2<\/li><li>Analyse de l&rsquo;huile de poisson EPA-DHA Omega 3 en GC3<\/li><li>Analyse min\u00e9rale et tests de m\u00e9taux lourds sur AAS4<\/li><li>Test d&rsquo;identification de la mati\u00e8re premi\u00e8re par FTIR5<\/li><\/ul><\/li><li>Toutes les formulations sont d\u00e9termin\u00e9es par une \u00e9quipe d&rsquo;experts compos\u00e9e de m\u00e9decins et de pharmaciens.<\/li><li>Environ 250 nouveaux produits en d\u00e9veloppement entre 2021-2025.<\/li><\/ul>\t\t\t\t\t\t\t\t<\/div>\n\t\t\t\t<\/div>\n\t\t\t\t<\/div>\n\t\t<div class=\"elementor-element elementor-element-b080b60 e-con-full e-flex e-con e-child\" data-id=\"b080b60\" data-element_type=\"container\" data-e-type=\"container\">\n\t\t\t\t<div class=\"elementor-element elementor-element-88c9506 elementor-widget elementor-widget-image\" data-id=\"88c9506\" data-element_type=\"widget\" data-e-type=\"widget\" data-widget_type=\"image.default\">\n\t\t\t\t<div class=\"elementor-widget-container\">\n\t\t\t\t\t\t\t\t\t\t\t\t\t\t\t<img fetchpriority=\"high\" decoding=\"async\" width=\"683\" height=\"1024\" src=\"https:\/\/www.alyors.com\/wp-content\/uploads\/2024\/03\/nbc-genel-683x1024.jpg\" class=\"attachment-large size-large wp-image-8485\" alt=\"\" srcset=\"https:\/\/www.alyors.com\/wp-content\/uploads\/2024\/03\/nbc-genel-683x1024.jpg 683w, https:\/\/www.alyors.com\/wp-content\/uploads\/2024\/03\/nbc-genel-200x300.jpg 200w, https:\/\/www.alyors.com\/wp-content\/uploads\/2024\/03\/nbc-genel-768x1152.jpg 768w, https:\/\/www.alyors.com\/wp-content\/uploads\/2024\/03\/nbc-genel.jpg 780w\" sizes=\"(max-width: 683px) 100vw, 683px\" \/>\t\t\t\t\t\t\t\t\t\t\t\t\t\t\t<\/div>\n\t\t\t\t<\/div>\n\t\t\t\t<\/div>\n\t\t\t\t\t<\/div>\n\t\t\t\t<\/div>\n\t\t\t\t<\/div>\n\t\t","protected":false},"excerpt":{"rendered":"<p>Chez Alyors Holding, nous sommes tr\u00e8s fiers de notre engagement en faveur de l&rsquo;innovation, qui s&rsquo;appuie sur des technologies de pointe et une recherche sans rel\u00e2che. L&rsquo;investissement dans la recherche et le d\u00e9veloppement (R&amp;D) est au c\u0153ur de notre philosophie d&rsquo;entreprise. Alyors Holding a r\u00e9alis\u00e9 des investissements substantiels pour favoriser un environnement o\u00f9 l&rsquo;innovation prosp\u00e8re [&hellip;]<\/p>\n","protected":false},"author":1,"featured_media":8484,"parent":8411,"menu_order":0,"comment_status":"closed","ping_status":"closed","template":"","meta":{"_acf_changed":false,"inline_featured_image":false,"footnotes":""},"class_list":["post-8483","page","type-page","status-publish","has-post-thumbnail","hentry"],"acf":[],"_links":{"self":[{"href":"https:\/\/www.alyors.com\/fr\/wp-json\/wp\/v2\/pages\/8483","targetHints":{"allow":["GET"]}}],"collection":[{"href":"https:\/\/www.alyors.com\/fr\/wp-json\/wp\/v2\/pages"}],"about":[{"href":"https:\/\/www.alyors.com\/fr\/wp-json\/wp\/v2\/types\/page"}],"author":[{"embeddable":true,"href":"https:\/\/www.alyors.com\/fr\/wp-json\/wp\/v2\/users\/1"}],"replies":[{"embeddable":true,"href":"https:\/\/www.alyors.com\/fr\/wp-json\/wp\/v2\/comments?post=8483"}],"version-history":[{"count":7,"href":"https:\/\/www.alyors.com\/fr\/wp-json\/wp\/v2\/pages\/8483\/revisions"}],"predecessor-version":[{"id":8492,"href":"https:\/\/www.alyors.com\/fr\/wp-json\/wp\/v2\/pages\/8483\/revisions\/8492"}],"up":[{"embeddable":true,"href":"https:\/\/www.alyors.com\/fr\/wp-json\/wp\/v2\/pages\/8411"}],"wp:featuredmedia":[{"embeddable":true,"href":"https:\/\/www.alyors.com\/fr\/wp-json\/wp\/v2\/media\/8484"}],"wp:attachment":[{"href":"https:\/\/www.alyors.com\/fr\/wp-json\/wp\/v2\/media?parent=8483"}],"curies":[{"name":"wp","href":"https:\/\/api.w.org\/{rel}","templated":true}]}}