{"id":8493,"date":"2024-03-02T17:52:22","date_gmt":"2024-03-02T17:52:22","guid":{"rendered":"https:\/\/www.alyors.com\/?page_id=8493"},"modified":"2024-10-15T13:58:41","modified_gmt":"2024-10-15T13:58:41","slug":"nos-normes-de-qualite","status":"publish","type":"page","link":"https:\/\/www.alyors.com\/fr\/politique-de-qualite\/nos-normes-de-qualite\/","title":{"rendered":"Nos Normes de Qualit\u00e9"},"content":{"rendered":"\t\t<div data-elementor-type=\"wp-page\" data-elementor-id=\"8493\" class=\"elementor elementor-8493 elementor-1564\" data-elementor-post-type=\"page\">\n\t\t\t\t<div class=\"elementor-element elementor-element-aa07106 e-flex e-con-boxed e-con e-parent\" data-id=\"aa07106\" data-element_type=\"container\" data-e-type=\"container\">\n\t\t\t\t\t<div class=\"e-con-inner\">\n\t\t\t\t<div class=\"elementor-element elementor-element-f4692a8 elementor-widget elementor-widget-heading\" data-id=\"f4692a8\" data-element_type=\"widget\" data-e-type=\"widget\" data-widget_type=\"heading.default\">\n\t\t\t\t<div class=\"elementor-widget-container\">\n\t\t\t\t\t<h2 class=\"elementor-heading-title elementor-size-default\">Quality Standards<\/h2>\t\t\t\t<\/div>\n\t\t\t\t<\/div>\n\t\t\t\t<div class=\"elementor-element elementor-element-5401351 elementor-widget elementor-widget-text-editor\" data-id=\"5401351\" data-element_type=\"widget\" data-e-type=\"widget\" data-widget_type=\"text-editor.default\">\n\t\t\t\t<div class=\"elementor-widget-container\">\n\t\t\t\t\t\t\t\t\t<p>Nous savons que nos clients n&rsquo;attendent que le meilleur de nous. C&rsquo;est pourquoi nous nous sommes donn\u00e9 pour mission de maintenir les mesures de contr\u00f4le et d&rsquo;assurance qualit\u00e9 les plus strictes dans tout ce que nous entreprenons.<\/p><p>L&rsquo;utilisation de technologies et de conceptions de pointe est l&rsquo;un des principaux moyens que nous utilisons pour garantir des normes de qualit\u00e9 \u00e9lev\u00e9es. Notre site de production comprend des d\u00e9partements cl\u00e9s tels que la recherche et le d\u00e9veloppement, la planification, la production, le contr\u00f4le et l&rsquo;assurance de la qualit\u00e9, ainsi qu&rsquo;un entrep\u00f4t et un bureau technique. Nous avons beaucoup investi dans ces domaines pour nous assurer que nous pouvons produire les meilleurs produits et services possibles.<\/p><p>\u00a0<\/p><p>En outre, nous adh\u00e9rons aux normes internationales les plus strictes, notamment les normes de qualit\u00e9 ISO 9001, ISO 22000 pour la s\u00e9curit\u00e9 alimentaire, les BPF, le syst\u00e8me de gestion de la qualit\u00e9 ISO 13485 pour les dispositifs m\u00e9dicaux et la certification halal. Notre engagement en faveur de la qualit\u00e9 et de la s\u00e9curit\u00e9 montre que nos produits r\u00e9pondent aux normes les plus strictes de l&rsquo;industrie.<\/p><p>Nous accordons \u00e9galement la priorit\u00e9 \u00e0 la s\u00e9curit\u00e9 des produits dans nos processus de fabrication.Nous avons con\u00e7u une m\u00e9thode \u00e0 sens unique et un flux de mat\u00e9riaux qui contribuent \u00e0 minimiser la contamination et \u00e0 garantir la puret\u00e9 du produit.Nous surveillons les zones de production critiques \u00e0 l&rsquo;aide d&rsquo;un syst\u00e8me automatis\u00e9 qui nous alerte en cas de probl\u00e8me. Nos produits sont contr\u00f4l\u00e9s et analys\u00e9s \u00e0 chaque \u00e9tape de la production, des mati\u00e8res premi\u00e8res aux mat\u00e9riaux d&#8217;emballage, afin de r\u00e9pondre aux normes internationales.<\/p><p>Chez Alyors, nous pensons que notre engagement en faveur de la qualit\u00e9 nous distingue de nos concurrents. Nous sommes fiers de nos mesures strictes de contr\u00f4le et d&rsquo;assurance de la qualit\u00e9 et nous nous effor\u00e7ons constamment d&rsquo;am\u00e9liorer nos processus et nos proc\u00e9dures. Ainsi, lorsque vous choisissez Alyors, vous pouvez \u00eatre assur\u00e9 que vous obtenez ce qu&rsquo;il y a de mieux en termes de qualit\u00e9 et de s\u00e9curit\u00e9.<\/p>\t\t\t\t\t\t\t\t<\/div>\n\t\t\t\t<\/div>\n\t\t\t\t\t<\/div>\n\t\t\t\t<\/div>\n\t\t\t\t<\/div>\n\t\t","protected":false},"excerpt":{"rendered":"<p>Quality Standards Nous savons que nos clients n&rsquo;attendent que le meilleur de nous. C&rsquo;est pourquoi nous nous sommes donn\u00e9 pour mission de maintenir les mesures de contr\u00f4le et d&rsquo;assurance qualit\u00e9 les plus strictes dans tout ce que nous entreprenons. L&rsquo;utilisation de technologies et de conceptions de pointe est l&rsquo;un des principaux moyens que nous utilisons [&hellip;]<\/p>\n","protected":false},"author":1,"featured_media":8494,"parent":8411,"menu_order":0,"comment_status":"closed","ping_status":"closed","template":"","meta":{"_acf_changed":false,"inline_featured_image":false,"footnotes":""},"class_list":["post-8493","page","type-page","status-publish","has-post-thumbnail","hentry"],"acf":[],"_links":{"self":[{"href":"https:\/\/www.alyors.com\/fr\/wp-json\/wp\/v2\/pages\/8493","targetHints":{"allow":["GET"]}}],"collection":[{"href":"https:\/\/www.alyors.com\/fr\/wp-json\/wp\/v2\/pages"}],"about":[{"href":"https:\/\/www.alyors.com\/fr\/wp-json\/wp\/v2\/types\/page"}],"author":[{"embeddable":true,"href":"https:\/\/www.alyors.com\/fr\/wp-json\/wp\/v2\/users\/1"}],"replies":[{"embeddable":true,"href":"https:\/\/www.alyors.com\/fr\/wp-json\/wp\/v2\/comments?post=8493"}],"version-history":[{"count":4,"href":"https:\/\/www.alyors.com\/fr\/wp-json\/wp\/v2\/pages\/8493\/revisions"}],"predecessor-version":[{"id":8498,"href":"https:\/\/www.alyors.com\/fr\/wp-json\/wp\/v2\/pages\/8493\/revisions\/8498"}],"up":[{"embeddable":true,"href":"https:\/\/www.alyors.com\/fr\/wp-json\/wp\/v2\/pages\/8411"}],"wp:featuredmedia":[{"embeddable":true,"href":"https:\/\/www.alyors.com\/fr\/wp-json\/wp\/v2\/media\/8494"}],"wp:attachment":[{"href":"https:\/\/www.alyors.com\/fr\/wp-json\/wp\/v2\/media?parent=8493"}],"curies":[{"name":"wp","href":"https:\/\/api.w.org\/{rel}","templated":true}]}}