{"id":8499,"date":"2024-03-02T17:54:28","date_gmt":"2024-03-02T17:54:28","guid":{"rendered":"https:\/\/www.alyors.com\/?page_id=8499"},"modified":"2024-10-15T14:01:24","modified_gmt":"2024-10-15T14:01:24","slug":"collaborations-scientifiques","status":"publish","type":"page","link":"https:\/\/www.alyors.com\/fr\/politique-de-qualite\/collaborations-scientifiques\/","title":{"rendered":"Collaborations scientifiques"},"content":{"rendered":"\t\t<div data-elementor-type=\"wp-page\" data-elementor-id=\"8499\" class=\"elementor elementor-8499 elementor-1572\" data-elementor-post-type=\"page\">\n\t\t\t\t<div class=\"elementor-element elementor-element-56774a5 e-flex e-con-boxed e-con e-parent\" data-id=\"56774a5\" data-element_type=\"container\" data-e-type=\"container\">\n\t\t\t\t\t<div class=\"e-con-inner\">\n\t\t<div class=\"elementor-element elementor-element-8abd379 e-con-full e-flex e-con e-child\" data-id=\"8abd379\" data-element_type=\"container\" data-e-type=\"container\">\n\t\t\t\t<div class=\"elementor-element elementor-element-a55394f elementor-widget elementor-widget-text-editor\" data-id=\"a55394f\" data-element_type=\"widget\" data-e-type=\"widget\" data-widget_type=\"text-editor.default\">\n\t\t\t\t<div class=\"elementor-widget-container\">\n\t\t\t\t\t\t\t\t\t<p><strong>Centre de Recherche et d&rsquo;application du Transfert de Technologie de l&rsquo;Universit\u00e9 d&rsquo;Istanbul<\/strong><\/p><p>Alyors Holding a \u00e9tabli une collaboration durable avec le Centre de recherche et d&rsquo;application du transfert de technologie de l&rsquo;Universit\u00e9 d&rsquo;Istanbul. Cette collaboration s&rsquo;inscrit dans notre engagement de longue date en faveur de la cr\u00e9ation de valeur durable et d&rsquo;une approche innovante.<\/p><p>\u00a0<\/p><p>Le centre de recherche et d&rsquo;application du transfert de technologie de l&rsquo;universit\u00e9 d&rsquo;Istanbul est mondialement reconnu pour son excellence acad\u00e9mique. Ce partenariat nous permet d&rsquo;exploiter le potentiel scientifique de l&rsquo;universit\u00e9 et de le traduire en valeur \u00e9conomique. Il facilite \u00e9galement notre engagement actif dans des activit\u00e9s de recherche et de d\u00e9veloppement qui stimulent l&rsquo;innovation et ont un impact durable.<\/p><p>Notre collaboration avec le centre de recherche et d&rsquo;application du transfert de technologie de l&rsquo;universit\u00e9 d&rsquo;Istanbul favorise un environnement dynamique o\u00f9 se croisent le monde universitaire et l&rsquo;industrie. Cette initiative profite aux deux organisations et contribue \u00e0 la croissance et au d\u00e9veloppement de nos communaut\u00e9s locales et mondiales. Nous sommes d\u00e9termin\u00e9s \u00e0 travailler ensemble pour susciter des changements positifs, repousser les limites du possible et avoir un impact durable dans les domaines de la technologie, de la recherche et de la cr\u00e9ation de valeur durable.<\/p><p>Ce partenariat permanent avec l&rsquo;universit\u00e9 d&rsquo;Istanbul illustre notre engagement \u00e0 fa\u00e7onner un avenir plus radieux et plus durable gr\u00e2ce \u00e0 la connaissance, \u00e0 la recherche et \u00e0 l&rsquo;innovation.<\/p><p><strong>Leaders d&rsquo;opinion (KOL)<\/strong><\/p><p>Chez Alyors Holding, nous reconnaissons le r\u00f4le essentiel que jouent les leaders d&rsquo;opinion dans la conduite de l&rsquo;innovation et la d\u00e9finition des perspectives de l&rsquo;industrie. En travaillant en \u00e9troite collaboration avec des experts reconnus, nous obtenons des informations cruciales, nous restons \u00e0 l&rsquo;avant-garde des tendances de l&rsquo;industrie et nous nous assurons que nos produits et services r\u00e9pondent aux besoins du monde r\u00e9el.<\/p><p>Nos partenariats avec les experts contribuent \u00e0 l&rsquo;apprentissage et \u00e0 l&rsquo;am\u00e9lioration continus au sein d&rsquo;Alyors Holding. Ces collaborations nous aident \u00e0 nous adapter \u00e0 l&rsquo;\u00e9volution des technologies, aux pr\u00e9f\u00e9rences des consommateurs et aux meilleures pratiques de l&rsquo;industrie, ce qui nous positionne comme une organisation dynamique et r\u00e9active.<\/p><p>La collaboration avec des leaders d&rsquo;opinion am\u00e9liore \u00e9galement notre cr\u00e9dibilit\u00e9 et renforce notre engagement en faveur de la qualit\u00e9 et de l&rsquo;innovation. Leur approbation et leurs points de vue apportent une validation pr\u00e9cieuse \u00e0 nos offres, ce qui renforce la confiance de nos parties prenantes.<\/p><p>En fait, Alyors Holding consid\u00e8re l&rsquo;apport strat\u00e9gique des leaders d&rsquo;opinion comme un \u00e9l\u00e9ment fondamental de son approche de l&rsquo;innovation et de son r\u00f4le de leader dans l&rsquo;industrie. Ensemble, nous naviguons dans un paysage commercial en constante \u00e9volution, garantissant ainsi notre succ\u00e8s continu en mati\u00e8re d&rsquo;excellence.<\/p>\t\t\t\t\t\t\t\t<\/div>\n\t\t\t\t<\/div>\n\t\t\t\t<\/div>\n\t\t<div class=\"elementor-element elementor-element-66c0329 e-con-full e-flex e-con e-child\" data-id=\"66c0329\" data-element_type=\"container\" data-e-type=\"container\">\n\t\t\t\t<div class=\"elementor-element elementor-element-b8782cf elementor-absolute scientific elementor-widget elementor-widget-image\" data-id=\"b8782cf\" data-element_type=\"widget\" data-e-type=\"widget\" data-settings=\"{&quot;_position&quot;:&quot;absolute&quot;}\" data-widget_type=\"image.default\">\n\t\t\t\t<div class=\"elementor-widget-container\">\n\t\t\t\t\t\t\t\t\t\t\t\t\t\t\t<img fetchpriority=\"high\" decoding=\"async\" width=\"229\" height=\"286\" src=\"https:\/\/www.alyors.com\/wp-content\/uploads\/2024\/03\/ist-uni-is-birligi-banner-1-new.jpeg\" class=\"attachment-large size-large wp-image-8501\" alt=\"\" \/>\t\t\t\t\t\t\t\t\t\t\t\t\t\t\t<\/div>\n\t\t\t\t<\/div>\n\t\t\t\t<\/div>\n\t\t\t\t\t<\/div>\n\t\t\t\t<\/div>\n\t\t\t\t<\/div>\n\t\t","protected":false},"excerpt":{"rendered":"<p>Centre de Recherche et d&rsquo;application du Transfert de Technologie de l&rsquo;Universit\u00e9 d&rsquo;Istanbul Alyors Holding a \u00e9tabli une collaboration durable avec le Centre de recherche et d&rsquo;application du transfert de technologie de l&rsquo;Universit\u00e9 d&rsquo;Istanbul. Cette collaboration s&rsquo;inscrit dans notre engagement de longue date en faveur de la cr\u00e9ation de valeur durable et d&rsquo;une approche innovante. \u00a0 [&hellip;]<\/p>\n","protected":false},"author":1,"featured_media":8500,"parent":8411,"menu_order":0,"comment_status":"closed","ping_status":"closed","template":"","meta":{"_acf_changed":false,"inline_featured_image":false,"footnotes":""},"class_list":["post-8499","page","type-page","status-publish","has-post-thumbnail","hentry"],"acf":[],"_links":{"self":[{"href":"https:\/\/www.alyors.com\/fr\/wp-json\/wp\/v2\/pages\/8499","targetHints":{"allow":["GET"]}}],"collection":[{"href":"https:\/\/www.alyors.com\/fr\/wp-json\/wp\/v2\/pages"}],"about":[{"href":"https:\/\/www.alyors.com\/fr\/wp-json\/wp\/v2\/types\/page"}],"author":[{"embeddable":true,"href":"https:\/\/www.alyors.com\/fr\/wp-json\/wp\/v2\/users\/1"}],"replies":[{"embeddable":true,"href":"https:\/\/www.alyors.com\/fr\/wp-json\/wp\/v2\/comments?post=8499"}],"version-history":[{"count":7,"href":"https:\/\/www.alyors.com\/fr\/wp-json\/wp\/v2\/pages\/8499\/revisions"}],"predecessor-version":[{"id":8508,"href":"https:\/\/www.alyors.com\/fr\/wp-json\/wp\/v2\/pages\/8499\/revisions\/8508"}],"up":[{"embeddable":true,"href":"https:\/\/www.alyors.com\/fr\/wp-json\/wp\/v2\/pages\/8411"}],"wp:featuredmedia":[{"embeddable":true,"href":"https:\/\/www.alyors.com\/fr\/wp-json\/wp\/v2\/media\/8500"}],"wp:attachment":[{"href":"https:\/\/www.alyors.com\/fr\/wp-json\/wp\/v2\/media?parent=8499"}],"curies":[{"name":"wp","href":"https:\/\/api.w.org\/{rel}","templated":true}]}}