{"id":8509,"date":"2024-02-17T18:07:40","date_gmt":"2024-02-17T18:07:40","guid":{"rendered":"https:\/\/www.alyors.com\/?page_id=8509"},"modified":"2024-11-05T11:16:34","modified_gmt":"2024-11-05T11:16:34","slug":"contactez-nous","status":"publish","type":"page","link":"https:\/\/www.alyors.com\/fr\/contactez-nous\/","title":{"rendered":"Contactez-Nous"},"content":{"rendered":"\t\t<div data-elementor-type=\"wp-page\" data-elementor-id=\"8509\" class=\"elementor elementor-8509 elementor-33\" data-elementor-post-type=\"page\">\n\t\t\t\t<div class=\"elementor-element elementor-element-839c886 e-flex e-con-boxed e-con e-parent\" data-id=\"839c886\" data-element_type=\"container\" data-e-type=\"container\">\n\t\t\t\t\t<div class=\"e-con-inner\">\n\t\t<div class=\"elementor-element elementor-element-3bc5827 e-con-full e-flex e-con e-child\" data-id=\"3bc5827\" data-element_type=\"container\" data-e-type=\"container\">\n\t\t\t\t<div class=\"elementor-element elementor-element-1fae112 elementor-widget elementor-widget-heading\" data-id=\"1fae112\" data-element_type=\"widget\" data-e-type=\"widget\" data-widget_type=\"heading.default\">\n\t\t\t\t<div class=\"elementor-widget-container\">\n\t\t\t\t\t<h2 class=\"elementor-heading-title elementor-size-default\">Si\u00e8ge Social d'Alyors <\/h2>\t\t\t\t<\/div>\n\t\t\t\t<\/div>\n\t\t\t\t<div class=\"elementor-element elementor-element-2955c79 elementor-widget elementor-widget-text-editor\" data-id=\"2955c79\" data-element_type=\"widget\" data-e-type=\"widget\" data-widget_type=\"text-editor.default\">\n\t\t\t\t<div class=\"elementor-widget-container\">\n\t\t\t\t\t\t\t\t\t<p><strong>Adresse:<\/strong><br \/>Esentepe Mah. B\u00fcy\u00fckdere Cad. No:171 Metrocity \u0130\u015f Merkezi<br \/>A Blok Kat:6 \u015ei\u015fli\/\u0130stanbul &#8211; TURKEY<\/p>\t\t\t\t\t\t\t\t<\/div>\n\t\t\t\t<\/div>\n\t\t\t\t<div class=\"elementor-element elementor-element-795fc68 elementor-widget elementor-widget-heading\" data-id=\"795fc68\" data-element_type=\"widget\" data-e-type=\"widget\" data-widget_type=\"heading.default\">\n\t\t\t\t<div class=\"elementor-widget-container\">\n\t\t\t\t\t<h2 class=\"elementor-heading-title elementor-size-default\">Branches Internationales<\/h2>\t\t\t\t<\/div>\n\t\t\t\t<\/div>\n\t\t\t\t<div class=\"elementor-element elementor-element-81d5a53 elementor-widget elementor-widget-text-editor\" data-id=\"81d5a53\" data-element_type=\"widget\" data-e-type=\"widget\" data-widget_type=\"text-editor.default\">\n\t\t\t\t<div class=\"elementor-widget-container\">\n\t\t\t\t\t\t\t\t\t<h5><strong><span style=\"color: #1db954;\">\u00c9TATS-UNIS<\/span><\/strong><\/h5><p>901 Mittel Drive, Wood Dale, IL, 60191<\/p><h5><strong><span style=\"color: #1db954;\">Royaume-Uni <\/span><\/strong><\/h5><p>27 Old Gloucester Street, London, WC1N 3AX<\/p><h5><strong><span style=\"color: #1db954;\">Allemagne <\/span><\/strong><\/h5><p>Industriestr-West 3 63808 Haibach Germany<\/p><h5><strong><span style=\"color: #1db954;\">Pays-Bas <\/span><\/strong><\/h5><p>Meer en houtstraat 6 2161 Amsterdam<\/p><h5><strong><span style=\"color: #1db954;\">Estonie <\/span><\/strong><\/h5><p>Harju maakond, Tallinn, Kesklinna linnaosa,<br \/>Tornim\u00e4e tn 3 \/\/ 5 \/\/ 7, 10145<\/p><h5><strong><span style=\"color: #1db954;\">Pologne <\/span><\/strong><\/h5><p>ul. Z\u0142ota75A\/7, 00-819 Warszawa Poland<\/p>\t\t\t\t\t\t\t\t<\/div>\n\t\t\t\t<\/div>\n\t\t\t\t<\/div>\n\t\t<div class=\"elementor-element elementor-element-569c9fd e-con-full e-flex e-con e-child\" data-id=\"569c9fd\" data-element_type=\"container\" data-e-type=\"container\" data-settings=\"{&quot;background_background&quot;:&quot;classic&quot;}\">\n\t\t\t\t<div class=\"elementor-element elementor-element-ac28f39 elementor-widget elementor-widget-heading\" data-id=\"ac28f39\" data-element_type=\"widget\" data-e-type=\"widget\" data-widget_type=\"heading.default\">\n\t\t\t\t<div class=\"elementor-widget-container\">\n\t\t\t\t\t<h2 class=\"elementor-heading-title elementor-size-default\">Contact Form<\/h2>\t\t\t\t<\/div>\n\t\t\t\t<\/div>\n\t\t\t\t<div class=\"elementor-element elementor-element-63d5786 elementor-button-align-center elementor-widget elementor-widget-form\" data-id=\"63d5786\" data-element_type=\"widget\" data-e-type=\"widget\" data-settings=\"{&quot;step_next_label&quot;:&quot;Next&quot;,&quot;step_previous_label&quot;:&quot;Previous&quot;,&quot;step_type&quot;:&quot;number_text&quot;,&quot;step_icon_shape&quot;:&quot;circle&quot;}\" data-widget_type=\"form.default\">\n\t\t\t\t<div class=\"elementor-widget-container\">\n\t\t\t\t\t\t\t<form class=\"elementor-form\" method=\"post\" name=\"New Form\" aria-label=\"New Form\">\n\t\t\t<input type=\"hidden\" name=\"post_id\" value=\"8509\"\/>\n\t\t\t<input type=\"hidden\" name=\"form_id\" value=\"63d5786\"\/>\n\t\t\t<input type=\"hidden\" name=\"referer_title\" value=\"Contactez-Nous - Alyors\" \/>\n\n\t\t\t\t\t\t\t<input type=\"hidden\" name=\"queried_id\" value=\"8509\"\/>\n\t\t\t\n\t\t\t<div class=\"elementor-form-fields-wrapper elementor-labels-\">\n\t\t\t\t\t\t\t\t<div class=\"elementor-field-type-text elementor-field-group elementor-column elementor-field-group-name elementor-col-50 elementor-field-required\">\n\t\t\t\t\t\t\t\t\t\t\t\t<label for=\"form-field-name\" class=\"elementor-field-label elementor-screen-only\">\n\t\t\t\t\t\t\t\tName*\t\t\t\t\t\t\t<\/label>\n\t\t\t\t\t\t\t\t\t\t\t\t\t\t<input size=\"1\" type=\"text\" name=\"form_fields[name]\" id=\"form-field-name\" class=\"elementor-field elementor-size-md  elementor-field-textual\" placeholder=\"Name*\" required=\"required\">\n\t\t\t\t\t\t\t\t\t\t\t<\/div>\n\t\t\t\t\t\t\t\t<div class=\"elementor-field-type-text elementor-field-group elementor-column elementor-field-group-field_f708550 elementor-col-50 elementor-field-required\">\n\t\t\t\t\t\t\t\t\t\t\t\t<label for=\"form-field-field_f708550\" class=\"elementor-field-label elementor-screen-only\">\n\t\t\t\t\t\t\t\tSurname*\t\t\t\t\t\t\t<\/label>\n\t\t\t\t\t\t\t\t\t\t\t\t\t\t<input size=\"1\" type=\"text\" name=\"form_fields[field_f708550]\" id=\"form-field-field_f708550\" class=\"elementor-field elementor-size-md  elementor-field-textual\" placeholder=\" Surname*\" required=\"required\">\n\t\t\t\t\t\t\t\t\t\t\t<\/div>\n\t\t\t\t\t\t\t\t<div class=\"elementor-field-type-email elementor-field-group elementor-column elementor-field-group-email elementor-col-100 elementor-field-required\">\n\t\t\t\t\t\t\t\t\t\t\t\t<label for=\"form-field-email\" class=\"elementor-field-label elementor-screen-only\">\n\t\t\t\t\t\t\t\tEmail\t\t\t\t\t\t\t<\/label>\n\t\t\t\t\t\t\t\t\t\t\t\t\t\t<input size=\"1\" type=\"email\" name=\"form_fields[email]\" id=\"form-field-email\" class=\"elementor-field elementor-size-md  elementor-field-textual\" placeholder=\"Email*\" required=\"required\">\n\t\t\t\t\t\t\t\t\t\t\t<\/div>\n\t\t\t\t\t\t\t\t<div class=\"elementor-field-type-text elementor-field-group elementor-column elementor-field-group-field_b5e644d elementor-col-50\">\n\t\t\t\t\t\t\t\t\t\t\t\t<label for=\"form-field-field_b5e644d\" class=\"elementor-field-label elementor-screen-only\">\n\t\t\t\t\t\t\t\tCountry*\t\t\t\t\t\t\t<\/label>\n\t\t\t\t\t\t\t\t\t\t\t\t\t\t<input size=\"1\" type=\"text\" name=\"form_fields[field_b5e644d]\" id=\"form-field-field_b5e644d\" class=\"elementor-field elementor-size-md  elementor-field-textual\" placeholder=\"Country*\">\n\t\t\t\t\t\t\t\t\t\t\t<\/div>\n\t\t\t\t\t\t\t\t<div class=\"elementor-field-type-text elementor-field-group elementor-column elementor-field-group-field_4ff4910 elementor-col-50 elementor-field-required\">\n\t\t\t\t\t\t\t\t\t\t\t\t<label for=\"form-field-field_4ff4910\" class=\"elementor-field-label elementor-screen-only\">\n\t\t\t\t\t\t\t\tPhone\t\t\t\t\t\t\t<\/label>\n\t\t\t\t\t\t\t\t\t\t\t\t\t\t<input size=\"1\" type=\"text\" name=\"form_fields[field_4ff4910]\" id=\"form-field-field_4ff4910\" class=\"elementor-field elementor-size-md  elementor-field-textual\" placeholder=\"Phone*\" required=\"required\">\n\t\t\t\t\t\t\t\t\t\t\t<\/div>\n\t\t\t\t\t\t\t\t<div class=\"elementor-field-type-select elementor-field-group elementor-column elementor-field-group-field_18f8f78 elementor-col-100\">\n\t\t\t\t\t\t\t\t\t\t\t\t<label for=\"form-field-field_18f8f78\" class=\"elementor-field-label elementor-screen-only\">\n\t\t\t\t\t\t\t\tSubject*\t\t\t\t\t\t\t<\/label>\n\t\t\t\t\t\t\t\t<div class=\"elementor-field elementor-select-wrapper remove-before \">\n\t\t\t<div class=\"select-caret-down-wrapper\">\n\t\t\t\t<svg aria-hidden=\"true\" class=\"e-font-icon-svg e-eicon-caret-down\" viewBox=\"0 0 571.4 571.4\" xmlns=\"http:\/\/www.w3.org\/2000\/svg\"><path d=\"M571 393Q571 407 561 418L311 668Q300 679 286 679T261 668L11 418Q0 407 0 393T11 368 36 357H536Q550 357 561 368T571 393Z\"><\/path><\/svg>\t\t\t<\/div>\n\t\t\t<select name=\"form_fields[field_18f8f78]\" id=\"form-field-field_18f8f78\" class=\"elementor-field-textual elementor-size-md\">\n\t\t\t\t\t\t\t\t\t<option value=\"Subject*\">Subject*<\/option>\n\t\t\t\t\t\t\t\t\t<option value=\"Sales and Marketing\">Sales and Marketing<\/option>\n\t\t\t\t\t\t\t\t\t<option value=\"Partnership Opportunities\">Partnership Opportunities<\/option>\n\t\t\t\t\t\t\t\t\t<option value=\"Request for Information\">Request for Information<\/option>\n\t\t\t\t\t\t\t\t\t<option value=\"General Inquiry\">General Inquiry<\/option>\n\t\t\t\t\t\t\t<\/select>\n\t\t<\/div>\n\t\t\t\t\t\t<\/div>\n\t\t\t\t\t\t\t\t<div class=\"elementor-field-type-textarea elementor-field-group elementor-column elementor-field-group-message elementor-col-100\">\n\t\t\t\t\t\t\t\t\t\t\t\t<label for=\"form-field-message\" class=\"elementor-field-label elementor-screen-only\">\n\t\t\t\t\t\t\t\tMessage*\t\t\t\t\t\t\t<\/label>\n\t\t\t\t\t\t<textarea class=\"elementor-field-textual elementor-field  elementor-size-md\" name=\"form_fields[message]\" id=\"form-field-message\" rows=\"4\" placeholder=\"Message*\"><\/textarea>\t\t\t\t<\/div>\n\t\t\t\t\t\t\t\t<div class=\"elementor-field-type-checkbox elementor-field-group elementor-column elementor-field-group-privacy_policy elementor-col-100\">\n\t\t\t\t\t\t\t\t\t\t\t\t<label for=\"form-field-privacy_policy\" class=\"elementor-field-label elementor-screen-only\">\n\t\t\t\t\t\t\t\tPrivacy Policy\t\t\t\t\t\t\t<\/label>\n\t\t\t\t\t\t<div class=\"elementor-field-subgroup  \"><span class=\"elementor-field-option\"><input type=\"checkbox\" value=\"I agree that any personal data may only be processed in accordance with the Alyors &lt;a href=&quot;\/wp-content\/uploads\/2024\/03\/alyors-privacy-policy.pdf&quot; target=&quot;_blank&quot;&gt;privacy policy&lt;\/a&gt;. You can access the data protection information obligations in accordance with Art. 13 GDPR &lt;a href=&quot;#&quot;&gt;here.&lt;\/a&gt;\" id=\"form-field-privacy_policy-0\" name=\"form_fields[privacy_policy]\"> <label for=\"form-field-privacy_policy-0\">I agree that any personal data may only be processed in accordance with the Alyors <a href=\"\/wp-content\/uploads\/2024\/03\/alyors-privacy-policy.pdf\" target=\"_blank\">privacy policy<\/a>. You can access the data protection information obligations in accordance with Art. 13 GDPR <a href=\"#\">here.<\/a><\/label><\/span><\/div>\t\t\t\t<\/div>\n\t\t\t\t\t\t\t\t<div class=\"elementor-field-type-recaptcha_v3 elementor-field-group elementor-column elementor-field-group-field_416e26b elementor-col-100 recaptcha_v3-bottomleft\">\n\t\t\t\t\t<div class=\"elementor-field\" id=\"form-field-field_416e26b\"><div class=\"elementor-g-recaptcha\" data-sitekey=\"6LfBhoopAAAAAIF86GhwVudVDQIdoJ43GJP9p51Z\" data-type=\"v3\" data-action=\"Form\" data-badge=\"bottomleft\" data-size=\"invisible\"><\/div><\/div>\t\t\t\t<\/div>\n\t\t\t\t\t\t\t\t<div class=\"elementor-field-group elementor-column elementor-field-type-submit elementor-col-100 e-form__buttons\">\n\t\t\t\t\t<button class=\"elementor-button elementor-size-sm\" type=\"submit\" id=\"send-button\">\n\t\t\t\t\t\t<span class=\"elementor-button-content-wrapper\">\n\t\t\t\t\t\t\t\t\t\t\t\t\t\t\t\t\t\t\t\t\t\t<span class=\"elementor-button-text\">Send<\/span>\n\t\t\t\t\t\t\t\t\t\t\t\t\t<\/span>\n\t\t\t\t\t<\/button>\n\t\t\t\t<\/div>\n\t\t\t<\/div>\n\t\t<\/form>\n\t\t\t\t\t\t<\/div>\n\t\t\t\t<\/div>\n\t\t\t\t<\/div>\n\t\t\t\t\t<\/div>\n\t\t\t\t<\/div>\n\t\t<div class=\"elementor-element elementor-element-34d0f9d e-flex e-con-boxed e-con e-parent\" data-id=\"34d0f9d\" data-element_type=\"container\" data-e-type=\"container\">\n\t\t\t\t\t<div class=\"e-con-inner\">\n\t\t\t\t<div class=\"elementor-element elementor-element-58cc409 elementor-widget elementor-widget-html\" data-id=\"58cc409\" data-element_type=\"widget\" data-e-type=\"widget\" data-widget_type=\"html.default\">\n\t\t\t\t<div class=\"elementor-widget-container\">\n\t\t\t\t\t<style>\r\n    .gmaps{display:none;}\r\n<\/style>\r\n<script type=\"text\/javascript\" src=\"https:\/\/code.jquery.com\/jquery.min.js\"><\/script>\r\n<script>\r\n$(document).ready(function(){\r\n    $(\"select\").change(function(){\r\n        $(this).find(\"option:selected\").each(function(){\r\n            if($(this).attr(\"value\")==\"hq\"){\r\n                $(\".gmaps\").not(\".hq\").hide();\r\n                $(\".hq\").show();\r\n            }\r\n            else if($(this).attr(\"value\")==\"usa\"){\r\n                $(\".gmaps\").not(\".usa\").hide();\r\n                $(\".usa\").show();\r\n            }\r\n            else if($(this).attr(\"value\")==\"uk\"){\r\n                $(\".gmaps\").not(\".uk\").hide();\r\n                $(\".uk\").show();\r\n            }\r\n            else if($(this).attr(\"value\")==\"de\"){\r\n                $(\".gmaps\").not(\".de\").hide();\r\n                $(\".de\").show();\r\n            }\r\n            else if($(this).attr(\"value\")==\"nl\"){\r\n                $(\".gmaps\").not(\".nl\").hide();\r\n                $(\".nl\").show();\r\n            }\r\n            else if($(this).attr(\"value\")==\"es\"){\r\n                $(\".gmaps\").not(\".es\").hide();\r\n                $(\".es\").show();\r\n            }\r\n            else if($(this).attr(\"value\")==\"pl\"){\r\n                $(\".gmaps\").not(\".pl\").hide();\r\n                $(\".pl\").show();\r\n            }\r\n            else{\r\n                $(\".hide\").hide();\r\n            }\r\n        });\r\n    }).change();\r\n});\r\n<\/script>\r\n\r\n<select style=\"height:50px;width:300px;padding-right:20px;border-radius:0\">\r\n    <option value=\"hq\">Headquarter Office <\/option>\r\n    <option value=\"usa\">USA<\/option>\r\n    <option value=\"uk\">United Kingdom<\/option>\r\n    <option value=\"de\">Germany<\/option>\r\n    <option value=\"nl\">Netherlands<\/option>\r\n    <option value=\"es\">Estonia<\/option>\r\n    <option value=\"pl\">Poland<\/option>\r\n        <\/select>\t\t\t\t<\/div>\n\t\t\t\t<\/div>\n\t\t\t\t\t<\/div>\n\t\t\t\t<\/div>\n\t\t<div class=\"elementor-element elementor-element-84bfaa6 hq gmaps e-flex e-con-boxed e-con e-parent\" data-id=\"84bfaa6\" data-element_type=\"container\" data-e-type=\"container\">\n\t\t\t\t\t<div class=\"e-con-inner\">\n\t\t\t\t<div class=\"elementor-element elementor-element-e8c5f69 elementor-widget elementor-widget-google_maps\" data-id=\"e8c5f69\" data-element_type=\"widget\" data-e-type=\"widget\" data-widget_type=\"google_maps.default\">\n\t\t\t\t<div class=\"elementor-widget-container\">\n\t\t\t\t\t\t\t<div class=\"elementor-custom-embed\">\n\t\t\t<iframe loading=\"lazy\"\n\t\t\t\t\tsrc=\"https:\/\/maps.google.com\/maps?q=Metrocity%20%C4%B0%C5%9F%20Merkezi&#038;t=m&#038;z=15&#038;output=embed&#038;iwloc=near\"\n\t\t\t\t\ttitle=\"Metrocity \u0130\u015f Merkezi\"\n\t\t\t\t\taria-label=\"Metrocity \u0130\u015f Merkezi\"\n\t\t\t><\/iframe>\n\t\t<\/div>\n\t\t\t\t\t\t<\/div>\n\t\t\t\t<\/div>\n\t\t\t\t\t<\/div>\n\t\t\t\t<\/div>\n\t\t<div class=\"elementor-element elementor-element-283c44c usa gmaps e-flex e-con-boxed e-con e-parent\" data-id=\"283c44c\" data-element_type=\"container\" data-e-type=\"container\">\n\t\t\t\t\t<div class=\"e-con-inner\">\n\t\t\t\t<div class=\"elementor-element elementor-element-3544bda elementor-widget elementor-widget-google_maps\" data-id=\"3544bda\" data-element_type=\"widget\" data-e-type=\"widget\" data-widget_type=\"google_maps.default\">\n\t\t\t\t<div class=\"elementor-widget-container\">\n\t\t\t\t\t\t\t<div class=\"elementor-custom-embed\">\n\t\t\t<iframe loading=\"lazy\"\n\t\t\t\t\tsrc=\"https:\/\/maps.google.com\/maps?q=901%20Mittel%20Drive%2C%20Wood%20Dale%2C%20IL%2C%2060191&#038;t=m&#038;z=15&#038;output=embed&#038;iwloc=near\"\n\t\t\t\t\ttitle=\"901 Mittel Drive, Wood Dale, IL, 60191\"\n\t\t\t\t\taria-label=\"901 Mittel Drive, Wood Dale, IL, 60191\"\n\t\t\t><\/iframe>\n\t\t<\/div>\n\t\t\t\t\t\t<\/div>\n\t\t\t\t<\/div>\n\t\t\t\t\t<\/div>\n\t\t\t\t<\/div>\n\t\t<div class=\"elementor-element elementor-element-dde592a uk gmaps e-flex e-con-boxed e-con e-parent\" data-id=\"dde592a\" data-element_type=\"container\" data-e-type=\"container\">\n\t\t\t\t\t<div class=\"e-con-inner\">\n\t\t\t\t<div class=\"elementor-element elementor-element-0d94c5a elementor-widget elementor-widget-google_maps\" data-id=\"0d94c5a\" data-element_type=\"widget\" data-e-type=\"widget\" data-widget_type=\"google_maps.default\">\n\t\t\t\t<div class=\"elementor-widget-container\">\n\t\t\t\t\t\t\t<div class=\"elementor-custom-embed\">\n\t\t\t<iframe loading=\"lazy\"\n\t\t\t\t\tsrc=\"https:\/\/maps.google.com\/maps?q=27%20Old%20Gloucester%20Street%2C%20London%2C%20WC1N%203AX&#038;t=m&#038;z=15&#038;output=embed&#038;iwloc=near\"\n\t\t\t\t\ttitle=\"27 Old Gloucester Street, London, WC1N 3AX\"\n\t\t\t\t\taria-label=\"27 Old Gloucester Street, London, WC1N 3AX\"\n\t\t\t><\/iframe>\n\t\t<\/div>\n\t\t\t\t\t\t<\/div>\n\t\t\t\t<\/div>\n\t\t\t\t\t<\/div>\n\t\t\t\t<\/div>\n\t\t<div class=\"elementor-element elementor-element-9b385e1 de gmaps e-flex e-con-boxed e-con e-parent\" data-id=\"9b385e1\" data-element_type=\"container\" data-e-type=\"container\">\n\t\t\t\t\t<div class=\"e-con-inner\">\n\t\t\t\t<div class=\"elementor-element elementor-element-75ef2f9 elementor-widget elementor-widget-google_maps\" data-id=\"75ef2f9\" data-element_type=\"widget\" data-e-type=\"widget\" data-widget_type=\"google_maps.default\">\n\t\t\t\t<div class=\"elementor-widget-container\">\n\t\t\t\t\t\t\t<div class=\"elementor-custom-embed\">\n\t\t\t<iframe loading=\"lazy\"\n\t\t\t\t\tsrc=\"https:\/\/maps.google.com\/maps?q=Industriestr-West%203%2063808%20Haibach%20Germany&#038;t=m&#038;z=15&#038;output=embed&#038;iwloc=near\"\n\t\t\t\t\ttitle=\"Industriestr-West 3 63808 Haibach Germany\"\n\t\t\t\t\taria-label=\"Industriestr-West 3 63808 Haibach Germany\"\n\t\t\t><\/iframe>\n\t\t<\/div>\n\t\t\t\t\t\t<\/div>\n\t\t\t\t<\/div>\n\t\t\t\t\t<\/div>\n\t\t\t\t<\/div>\n\t\t<div class=\"elementor-element elementor-element-9fb1c6d nl gmaps e-flex e-con-boxed e-con e-parent\" data-id=\"9fb1c6d\" data-element_type=\"container\" data-e-type=\"container\">\n\t\t\t\t\t<div class=\"e-con-inner\">\n\t\t\t\t<div class=\"elementor-element elementor-element-56d3fb0 elementor-widget elementor-widget-google_maps\" data-id=\"56d3fb0\" data-element_type=\"widget\" data-e-type=\"widget\" data-widget_type=\"google_maps.default\">\n\t\t\t\t<div class=\"elementor-widget-container\">\n\t\t\t\t\t\t\t<div class=\"elementor-custom-embed\">\n\t\t\t<iframe loading=\"lazy\"\n\t\t\t\t\tsrc=\"https:\/\/maps.google.com\/maps?q=Meer%20en%20houtstraat%206%202161%20Amsterdam&#038;t=m&#038;z=15&#038;output=embed&#038;iwloc=near\"\n\t\t\t\t\ttitle=\"Meer en houtstraat 6 2161 Amsterdam\"\n\t\t\t\t\taria-label=\"Meer en houtstraat 6 2161 Amsterdam\"\n\t\t\t><\/iframe>\n\t\t<\/div>\n\t\t\t\t\t\t<\/div>\n\t\t\t\t<\/div>\n\t\t\t\t\t<\/div>\n\t\t\t\t<\/div>\n\t\t<div class=\"elementor-element elementor-element-ca30f8b es gmaps e-flex e-con-boxed e-con e-parent\" data-id=\"ca30f8b\" data-element_type=\"container\" data-e-type=\"container\">\n\t\t\t\t\t<div class=\"e-con-inner\">\n\t\t\t\t<div class=\"elementor-element elementor-element-05efb91 elementor-widget elementor-widget-google_maps\" data-id=\"05efb91\" data-element_type=\"widget\" data-e-type=\"widget\" data-widget_type=\"google_maps.default\">\n\t\t\t\t<div class=\"elementor-widget-container\">\n\t\t\t\t\t\t\t<div class=\"elementor-custom-embed\">\n\t\t\t<iframe loading=\"lazy\"\n\t\t\t\t\tsrc=\"https:\/\/maps.google.com\/maps?q=Harju%20maakond%2C%20Tallinn%2C%20Kesklinna%20linnaosa%2C%20Tornim%C3%A4e%20tn%203%20%2F%2F%205%20%2F%2F%207%2C%2010145&#038;t=m&#038;z=15&#038;output=embed&#038;iwloc=near\"\n\t\t\t\t\ttitle=\"Harju maakond, Tallinn, Kesklinna linnaosa, Tornim\u00e4e tn 3 \/\/ 5 \/\/ 7, 10145\"\n\t\t\t\t\taria-label=\"Harju maakond, Tallinn, Kesklinna linnaosa, Tornim\u00e4e tn 3 \/\/ 5 \/\/ 7, 10145\"\n\t\t\t><\/iframe>\n\t\t<\/div>\n\t\t\t\t\t\t<\/div>\n\t\t\t\t<\/div>\n\t\t\t\t\t<\/div>\n\t\t\t\t<\/div>\n\t\t<div class=\"elementor-element elementor-element-9ddd28e pl gmaps e-flex e-con-boxed e-con e-parent\" data-id=\"9ddd28e\" data-element_type=\"container\" data-e-type=\"container\">\n\t\t\t\t\t<div class=\"e-con-inner\">\n\t\t\t\t<div class=\"elementor-element elementor-element-e912275 elementor-widget elementor-widget-google_maps\" data-id=\"e912275\" data-element_type=\"widget\" data-e-type=\"widget\" data-widget_type=\"google_maps.default\">\n\t\t\t\t<div class=\"elementor-widget-container\">\n\t\t\t\t\t\t\t<div class=\"elementor-custom-embed\">\n\t\t\t<iframe loading=\"lazy\"\n\t\t\t\t\tsrc=\"https:\/\/maps.google.com\/maps?q=ul.%20Z%C5%82ota75A%2F7%2C%2000-819%20Warszawa%20Poland&#038;t=m&#038;z=15&#038;output=embed&#038;iwloc=near\"\n\t\t\t\t\ttitle=\"ul. Z\u0142ota75A\/7, 00-819 Warszawa Poland\"\n\t\t\t\t\taria-label=\"ul. Z\u0142ota75A\/7, 00-819 Warszawa Poland\"\n\t\t\t><\/iframe>\n\t\t<\/div>\n\t\t\t\t\t\t<\/div>\n\t\t\t\t<\/div>\n\t\t\t\t\t<\/div>\n\t\t\t\t<\/div>\n\t\t\t\t<\/div>\n\t\t","protected":false},"excerpt":{"rendered":"<p>Si\u00e8ge Social d&rsquo;Alyors Adresse:Esentepe Mah. B\u00fcy\u00fckdere Cad. No:171 Metrocity \u0130\u015f MerkeziA Blok Kat:6 \u015ei\u015fli\/\u0130stanbul &#8211; TURKEY Branches Internationales \u00c9TATS-UNIS 901 Mittel Drive, Wood Dale, IL, 60191 Royaume-Uni 27 Old Gloucester Street, London, WC1N 3AX Allemagne Industriestr-West 3 63808 Haibach Germany Pays-Bas Meer en houtstraat 6 2161 Amsterdam Estonie Harju maakond, Tallinn, Kesklinna linnaosa,Tornim\u00e4e tn 3 [&hellip;]<\/p>\n","protected":false},"author":1,"featured_media":8510,"parent":0,"menu_order":0,"comment_status":"closed","ping_status":"closed","template":"","meta":{"_acf_changed":false,"inline_featured_image":false,"footnotes":""},"class_list":["post-8509","page","type-page","status-publish","has-post-thumbnail","hentry"],"acf":[],"_links":{"self":[{"href":"https:\/\/www.alyors.com\/fr\/wp-json\/wp\/v2\/pages\/8509","targetHints":{"allow":["GET"]}}],"collection":[{"href":"https:\/\/www.alyors.com\/fr\/wp-json\/wp\/v2\/pages"}],"about":[{"href":"https:\/\/www.alyors.com\/fr\/wp-json\/wp\/v2\/types\/page"}],"author":[{"embeddable":true,"href":"https:\/\/www.alyors.com\/fr\/wp-json\/wp\/v2\/users\/1"}],"replies":[{"embeddable":true,"href":"https:\/\/www.alyors.com\/fr\/wp-json\/wp\/v2\/comments?post=8509"}],"version-history":[{"count":10,"href":"https:\/\/www.alyors.com\/fr\/wp-json\/wp\/v2\/pages\/8509\/revisions"}],"predecessor-version":[{"id":9348,"href":"https:\/\/www.alyors.com\/fr\/wp-json\/wp\/v2\/pages\/8509\/revisions\/9348"}],"wp:featuredmedia":[{"embeddable":true,"href":"https:\/\/www.alyors.com\/fr\/wp-json\/wp\/v2\/media\/8510"}],"wp:attachment":[{"href":"https:\/\/www.alyors.com\/fr\/wp-json\/wp\/v2\/media?parent=8509"}],"curies":[{"name":"wp","href":"https:\/\/api.w.org\/{rel}","templated":true}]}}